{"id":11893,"date":"2025-03-16T19:09:16","date_gmt":"2025-03-16T19:09:16","guid":{"rendered":"https:\/\/teaeye.pl\/?post_type=product&#038;p=11893"},"modified":"2026-03-19T18:12:24","modified_gmt":"2026-03-19T18:12:24","slug":"chahai-350-ml-z-uchwytem","status":"publish","type":"product","link":"https:\/\/teaeye.pl\/uk\/product\/chahai-350-ml-z-uchwytem\/","title":{"rendered":"Chahai 350 ml z uchwytem"},"content":{"rendered":"<p>Ten stylowy chachai o pojemno\u015bci 350 ml to idealny akcesorium do ceremonii herbacianej, \u0142\u0105cz\u0105ce elegancj\u0119 i funkcjonalno\u015b\u0107. Wykonany z wysokiej jako\u015bci szk\u0142a, drewna i metalu, zapewnia doskona\u0142\u0105 jako\u015b\u0107 parzenia herbaty, a tak\u017ce dodaje subtelno\u015bci i ciep\u0142a do Twojej herbacianej praktyki. Wygodna drewniana r\u0105czka sprawia, \u017ce nalewanie herbaty jest komfortowe i bezpieczne, chroni\u0105c przed poparzeniem. Ten chachai b\u0119dzie idealny zar\u00f3wno do parzenia tradycyjnych chi\u0144skich herbat, jak i wsp\u00f3\u0142czesnych gatunk\u00f3w. Jego elegancki design i wysokiej jako\u015bci materia\u0142y sprawi\u0105, \u017ce ka\u017cda ceremonia herbaciana stanie si\u0119 wyj\u0105tkowym do\u015bwiadczeniem, pe\u0142nym harmonii i estetyki.<\/p>\n<p>&nbsp;<\/p>","protected":false},"excerpt":{"rendered":"<p>Stylowy chahai z uchwytem, wykonany ze szk\u0142a, metalu i drewna. Pojemno\u015b\u0107 350 ml, idealny do gongfu cha. Estetyczny i praktyczny \u2013 pozwala wygodnie przelewa\u0107 napar i cieszy\u0107 si\u0119 pe\u0142ni\u0105 ceremonii herbacianej.<\/p>\n<p><a href=\"https:\/\/teaeye.pl\/uk\/product-category\/akcesoria\/naczynia\/chahai\/\" target=\"_blank\" rel=\"noopener\">Chahai w sklepie TeaEye<\/a><br \/>\n<a href=\"https:\/\/en.wikipedia.org\/wiki\/Fairness_cup_(tea)\" target=\"_blank\" rel=\"noopener\">Chahai \u2013 Wikipedia<\/a><\/p>","protected":false},"featured_media":11894,"comment_status":"open","ping_status":"closed","template":"","meta":[],"product_cat":[129,137,130],"product_tag":[],"class_list":{"0":"post-11893","1":"product","2":"type-product","3":"status-publish","4":"has-post-thumbnail","6":"product_cat-akcesoria","7":"product_cat-chahai","8":"product_cat-naczynia","10":"first","11":"instock","12":"shipping-taxable","13":"purchasable","14":"product-type-simple"},"aioseo_notices":[],"_links":{"self":[{"href":"https:\/\/teaeye.pl\/uk\/wp-json\/wp\/v2\/product\/11893","targetHints":{"allow":["GET"]}}],"collection":[{"href":"https:\/\/teaeye.pl\/uk\/wp-json\/wp\/v2\/product"}],"about":[{"href":"https:\/\/teaeye.pl\/uk\/wp-json\/wp\/v2\/types\/product"}],"replies":[{"embeddable":true,"href":"https:\/\/teaeye.pl\/uk\/wp-json\/wp\/v2\/comments?post=11893"}],"version-history":[{"count":7,"href":"https:\/\/teaeye.pl\/uk\/wp-json\/wp\/v2\/product\/11893\/revisions"}],"predecessor-version":[{"id":13846,"href":"https:\/\/teaeye.pl\/uk\/wp-json\/wp\/v2\/product\/11893\/revisions\/13846"}],"wp:featuredmedia":[{"embeddable":true,"href":"https:\/\/teaeye.pl\/uk\/wp-json\/wp\/v2\/media\/11894"}],"wp:attachment":[{"href":"https:\/\/teaeye.pl\/uk\/wp-json\/wp\/v2\/media?parent=11893"}],"wp:term":[{"taxonomy":"product_cat","embeddable":true,"href":"https:\/\/teaeye.pl\/uk\/wp-json\/wp\/v2\/product_cat?post=11893"},{"taxonomy":"product_tag","embeddable":true,"href":"https:\/\/teaeye.pl\/uk\/wp-json\/wp\/v2\/product_tag?post=11893"}],"curies":[{"name":"wp","href":"https:\/\/api.w.org\/{rel}","templated":true}]}}