{"id":11900,"date":"2025-03-16T19:46:40","date_gmt":"2025-03-16T19:46:40","guid":{"rendered":"https:\/\/teaeye.pl\/?post_type=product&#038;p=11900"},"modified":"2026-02-12T02:12:30","modified_gmt":"2026-02-12T02:12:30","slug":"si-ji-chun-thai","status":"publish","type":"product","link":"https:\/\/teaeye.pl\/uk\/product\/si-ji-chun-thai\/","title":{"rendered":"Si Ji Chun Thai Oolong"},"content":{"rendered":"<p data-pm-slice=\"1 1 []\">Si Ji Chun Thai Oolong to lekki, kwiatowy ulung z Tajlandii o kremowym aromacie i miodowo-kwiatowym smaku. Tonizuj\u0105cy i harmonijny wyb\u00f3r na co dzie\u0144.<\/p>\n<p>Ta herbata b\u0119d\u0105ca wynikiem harmonii dawnych tradycji i ekologicznej czysto\u015bci, oferuj\u0105ca bogaty i wielowymiarowy smak, kt\u00f3ry mo\u017cna por\u00f3wna\u0107 do pachn\u0105cego wiosennego kwitnienia. Uprawiana w tajskich g\u00f3rskich regionach, zachowuje wszystkie najlepsze cechy swojego chi\u0144skiego przodka, wzbogacona o \u015bwie\u017co\u015b\u0107 i czysto\u015b\u0107 g\u00f3rskiego powietrza Tajlandii.<\/p>\n<p><a href=\"https:\/\/teaeye.pl\/uk\/product-category\/oolong\/jasny\/\" target=\"_blank\" rel=\"noopener\">Zobacz inne jasne oolongi w TEA EYE<\/a><br \/>\n<a href=\"https:\/\/pl.wikipedia.org\/wiki\/Oolong\" target=\"_blank\" rel=\"noopener\">Dowiedz si\u0119 wi\u0119cej o oolongach na Wikipedii<\/a><\/p>","protected":false},"excerpt":{"rendered":"<p><strong>Si Ji Chun Thai<\/strong> to unikalny oolong uprawiany na g\u00f3rskich plantacjach Tajlandii, oparty na s\u0142ynnym chi\u0144skim kultivarze <strong>Si Ji Chun<\/strong> (\u56db\u5b63\u6625), pochodz\u0105cym z prowincji Fujian. Ta odmiana herbaty jest znana ze swojej zdolno\u015bci do dawania kilku zbior\u00f3w w roku, co sprawia, \u017ce jest dost\u0119pna do picia o ka\u017cdej porze. W tej herbacie doskonale \u0142\u0105cz\u0105 si\u0119 tradycje chi\u0144skiego uprawiania herbaty oraz ekologiczne warunki Tajlandii, gdzie herbata jest uprawiana zgodnie z zasadami rolnictwa organicznego.<\/p>\n<p>Zbierana r\u0119cznie na g\u00f3rskich plantacjach, gdzie o poranku, w mglistym powietrzu, na li\u015bciach zbiera si\u0119 rosa. Taki spos\u00f3b zbioru pozwala zachowa\u0107 maksymaln\u0105 \u015bwie\u017co\u015b\u0107 i aromat li\u015bci herbaty.<\/p>\n<p><strong>\u0410\u0440\u043e\u043c\u0430\u0442 \u0456 \u0441\u043c\u0430\u043a:<\/strong><\/p>\n<ul>\n<li><strong>\u0410\u0440\u043e\u043c\u0430\u0442<\/strong>: Delikatne kwiatowe nuty, przypominaj\u0105ce \u015bwie\u017ce kwiaty i \u0142agodn\u0105 kremowo\u015b\u0107, tworz\u0105 uczucie lekko\u015bci i harmonii.<\/li>\n<li><strong>\u0421\u043c\u0430\u043a<\/strong>: Kwiatowy i \u0142agodny z nutami miodu, kt\u00f3re p\u0142ynnie przechodz\u0105 w umiarkowan\u0105 owocowo-kwiatow\u0105 cierpko\u015b\u0107. W posmaku wyczuwalna jest lekka s\u0142odycz, kt\u00f3ra utrzymuje si\u0119 przez d\u0142ugi czas.<\/li>\n<li><strong>Tekstura<\/strong>: Delikatna i jedwabista, z d\u0142ugim, przyjemnym posmakiem.<\/li>\n<\/ul>\n<p><strong>\u0414\u0456\u044f:<\/strong><\/p>\n<p>Ten oolong ma w\u0142a\u015bciwo\u015bci tonizuj\u0105ce. Pomaga wej\u015b\u0107 w stan gotowo\u015bci do pracy, pobudza, ale nie powoduje nadmiernego pobudzenia. Lekka, uspokajaj\u0105ca cecha herbaty pomaga oczy\u015bci\u0107 my\u015bli i osi\u0105gn\u0105\u0107 wewn\u0119trzn\u0105 harmoni\u0119. Herbata doskonale nadaje si\u0119 do picia rano lub w ci\u0105gu dnia, gdy trzeba zachowa\u0107 koncentracj\u0119 i energi\u0119 bez stresu.<\/p>","protected":false},"featured_media":11901,"comment_status":"open","ping_status":"closed","template":"","meta":[],"product_cat":[176,110,108],"product_tag":[],"class_list":{"0":"post-11900","1":"product","2":"type-product","3":"status-publish","4":"has-post-thumbnail","6":"product_cat-inne-jasny","7":"product_cat-jasny","8":"product_cat-oolong","10":"first","11":"instock","12":"shipping-taxable","13":"purchasable","14":"product-type-variable"},"aioseo_notices":[],"_links":{"self":[{"href":"https:\/\/teaeye.pl\/uk\/wp-json\/wp\/v2\/product\/11900","targetHints":{"allow":["GET"]}}],"collection":[{"href":"https:\/\/teaeye.pl\/uk\/wp-json\/wp\/v2\/product"}],"about":[{"href":"https:\/\/teaeye.pl\/uk\/wp-json\/wp\/v2\/types\/product"}],"replies":[{"embeddable":true,"href":"https:\/\/teaeye.pl\/uk\/wp-json\/wp\/v2\/comments?post=11900"}],"version-history":[{"count":4,"href":"https:\/\/teaeye.pl\/uk\/wp-json\/wp\/v2\/product\/11900\/revisions"}],"predecessor-version":[{"id":13162,"href":"https:\/\/teaeye.pl\/uk\/wp-json\/wp\/v2\/product\/11900\/revisions\/13162"}],"wp:featuredmedia":[{"embeddable":true,"href":"https:\/\/teaeye.pl\/uk\/wp-json\/wp\/v2\/media\/11901"}],"wp:attachment":[{"href":"https:\/\/teaeye.pl\/uk\/wp-json\/wp\/v2\/media?parent=11900"}],"wp:term":[{"taxonomy":"product_cat","embeddable":true,"href":"https:\/\/teaeye.pl\/uk\/wp-json\/wp\/v2\/product_cat?post=11900"},{"taxonomy":"product_tag","embeddable":true,"href":"https:\/\/teaeye.pl\/uk\/wp-json\/wp\/v2\/product_tag?post=11900"}],"curies":[{"name":"wp","href":"https:\/\/api.w.org\/{rel}","templated":true}]}}