{"id":11908,"date":"2025-03-16T19:58:30","date_gmt":"2025-03-16T19:58:30","guid":{"rendered":"https:\/\/teaeye.pl\/?post_type=product&#038;p=11908"},"modified":"2026-01-21T01:06:46","modified_gmt":"2026-01-21T01:06:46","slug":"ruanzhi-thai-oolong","status":"publish","type":"product","link":"https:\/\/teaeye.pl\/uk\/product\/ruanzhi-thai-oolong\/","title":{"rendered":"\u0416\u0443\u0430\u043d\u044c\u0447\u0436\u0438 \u0422\u0430\u0439 \u0423\u043b\u0443\u043d"},"content":{"rendered":"<p>Ruanzhi Thai Oolong \u2013 wysokog\u00f3rska herbata z Tajlandii o kremowo-kwiatowym aromacie i owocowo-jagodowym smaku. Delikatna, orze\u017awiaj\u0105ca i doskona\u0142a do codziennego picia.<\/p>\n<p><a href=\"https:\/\/teaeye.pl\/uk\/product-category\/oolong\/jasny\/\" target=\"_blank\" rel=\"noopener\">Zobacz inne jasne oolongi<\/a><br \/>\n<a href=\"https:\/\/en.wikipedia.org\/wiki\/Oolong\" target=\"_blank\" rel=\"noopener\">Wikipedia: Oolong<\/a><\/p>","protected":false},"excerpt":{"rendered":"<p data-start=\"0\" data-end=\"292\">to unikalny ulun, wyr\u00f3\u017cniaj\u0105cy si\u0119 swoj\u0105 mi\u0119kk\u0105 tekstur\u0105 i wielowymiarowym aromatem. Uprawiany na g\u00f3rskich plantacjach Tajlandii, w rejonie <strong data-start=\"164\" data-end=\"181\">Doi Maesalong<\/strong> \u2013 jednym z najpi\u0119kniejszych zak\u0105tk\u00f3w kraju, znanym ze swoich ekologicznych warunk\u00f3w i tradycji uprawy herbaty.<\/p>\n<h6 data-start=\"294\" data-end=\"316\"><strong data-start=\"298\" data-end=\"316\">\u0410\u0440\u043e\u043c\u0430\u0442 \u0456 \u0441\u043c\u0430\u043a:<\/strong><\/h6>\n<ul data-start=\"317\" data-end=\"739\">\n<li data-start=\"317\" data-end=\"431\"><strong data-start=\"319\" data-end=\"329\">\u0410\u0440\u043e\u043c\u0430\u0442<\/strong>: Delikatny, kremowy i kwiatowy aromat z lekkimi zio\u0142owymi nutami tworzy uczucie \u015bwie\u017co\u015bci i lekko\u015bci.<\/li>\n<li data-start=\"432\" data-end=\"601\"><strong data-start=\"434\" data-end=\"442\">\u0421\u043c\u0430\u043a<\/strong>: Owocowo-jagodowy, z wyra\u017anymi nutami cukierkowymi, kt\u00f3re przechodz\u0105 w s\u0142odki posmak z lekk\u0105 kwaskowato\u015bci\u0105, dodaj\u0105c\u0105 herbacie przyjemnej, orze\u017awiaj\u0105cej nuty.<\/li>\n<li data-start=\"602\" data-end=\"739\"><strong data-start=\"604\" data-end=\"616\">Tekstura<\/strong>: Herbata ma jedwabist\u0105 tekstur\u0119, kt\u00f3ra stopniowo ods\u0142ania wszystkie bogactwa smaku i tworzy d\u0142ugotrwa\u0142y, przyjemny posmak.<\/li>\n<\/ul>\n<h6 data-start=\"741\" data-end=\"759\"><strong data-start=\"745\" data-end=\"759\">\u0414\u0456\u044f:<\/strong><\/h6>\n<p data-start=\"760\" data-end=\"1013\" data-is-last-node=\"\" data-is-only-node=\"\">Herbata ma \u0142agodne dzia\u0142anie tonizuj\u0105ce, wspomaga jasno\u015b\u0107 umys\u0142u i pobudza, nie wywo\u0142uj\u0105c prze\u0142adowania. Jej lekka s\u0142odycz i zio\u0142owe nuty sprawiaj\u0105, \u017ce jest idealna do picia rano lub w ci\u0105gu dnia, gdy potrzebujesz energii i chcesz utrzyma\u0107 koncentracj\u0119.<\/p>","protected":false},"featured_media":11909,"comment_status":"open","ping_status":"closed","template":"","meta":[],"product_cat":[176,110,108],"product_tag":[],"class_list":{"0":"post-11908","1":"product","2":"type-product","3":"status-publish","4":"has-post-thumbnail","6":"product_cat-inne-jasny","7":"product_cat-jasny","8":"product_cat-oolong","10":"first","11":"instock","12":"shipping-taxable","13":"purchasable","14":"product-type-variable"},"aioseo_notices":[],"_links":{"self":[{"href":"https:\/\/teaeye.pl\/uk\/wp-json\/wp\/v2\/product\/11908","targetHints":{"allow":["GET"]}}],"collection":[{"href":"https:\/\/teaeye.pl\/uk\/wp-json\/wp\/v2\/product"}],"about":[{"href":"https:\/\/teaeye.pl\/uk\/wp-json\/wp\/v2\/types\/product"}],"replies":[{"embeddable":true,"href":"https:\/\/teaeye.pl\/uk\/wp-json\/wp\/v2\/comments?post=11908"}],"version-history":[{"count":3,"href":"https:\/\/teaeye.pl\/uk\/wp-json\/wp\/v2\/product\/11908\/revisions"}],"predecessor-version":[{"id":13160,"href":"https:\/\/teaeye.pl\/uk\/wp-json\/wp\/v2\/product\/11908\/revisions\/13160"}],"wp:featuredmedia":[{"embeddable":true,"href":"https:\/\/teaeye.pl\/uk\/wp-json\/wp\/v2\/media\/11909"}],"wp:attachment":[{"href":"https:\/\/teaeye.pl\/uk\/wp-json\/wp\/v2\/media?parent=11908"}],"wp:term":[{"taxonomy":"product_cat","embeddable":true,"href":"https:\/\/teaeye.pl\/uk\/wp-json\/wp\/v2\/product_cat?post=11908"},{"taxonomy":"product_tag","embeddable":true,"href":"https:\/\/teaeye.pl\/uk\/wp-json\/wp\/v2\/product_tag?post=11908"}],"curies":[{"name":"wp","href":"https:\/\/api.w.org\/{rel}","templated":true}]}}