{"id":11915,"date":"2025-03-16T20:08:05","date_gmt":"2025-03-16T20:08:05","guid":{"rendered":"https:\/\/teaeye.pl\/?post_type=product&#038;p=11915"},"modified":"2025-12-01T21:09:16","modified_gmt":"2025-12-01T21:09:16","slug":"dong-ding-oolong","status":"publish","type":"product","link":"https:\/\/teaeye.pl\/uk\/product\/dong-ding-oolong\/","title":{"rendered":"Dong Ding Oolong"},"content":{"rendered":"<p data-start=\"201\" data-end=\"453\"><strong data-start=\"201\" data-end=\"221\">Dong Ding Oolong<\/strong> to klasyczny tajwa\u0144ski oolong z wysokog\u00f3rskich plantacji, znany ze swojej kremowo-orzechowej g\u0142\u0119bi i \u0142agodnego, harmonijnego smaku. Uprawiany na zboczach g\u00f3ry Dong Ding, stanowi esencj\u0119 tradycji tajwa\u0144skiego rzemios\u0142a herbacianego.<\/p>\n<p><a href=\"https:\/\/teaeye.pl\/uk\/product-category\/oolong\/jasny\/\" target=\"_blank\" rel=\"noopener\">Zobacz inne jasne oolongi<\/a><br \/>\n<a href=\"https:\/\/en.wikipedia.org\/wiki\/Dong_Ding\" target=\"_blank\" rel=\"noopener\">Wikipedia: Dong Ding oolong<\/a><\/p>","protected":false},"excerpt":{"rendered":"<p>To jeden z najbardziej oryginalnych oolong\u00f3w Tajwanu, kt\u00f3ry uprawiany jest na zboczach g\u00f3ry <strong>Dong Ding<\/strong> (Zamarzni\u0119ty Szczyt), znanej z idealnych warunk\u00f3w klimatycznych dla uprawy herbaty.<\/p>\n<p><strong>Dong Ding<\/strong> to tradycyjny tajwa\u0144ski oolong, kt\u00f3ry uprawiany jest na wysokog\u00f3rskich plantacjach, gdzie krzewy herbaciane korzystaj\u0105 z \u0142agodnego klimatu i czystego g\u00f3rskiego powietrza. Ten gatunek herbaty jest doskona\u0142ym przyk\u0142adem tego, jak klimat i kultura uprawy herbaty na Tajwanie pozwalaj\u0105 wydoby\u0107 bogactwo smaku i aromatu.<\/p>\n<p><strong>\u0410\u0440\u043e\u043c\u0430\u0442 \u0456 \u0441\u043c\u0430\u043a:<\/strong><\/p>\n<ul>\n<li><strong>\u0410\u0440\u043e\u043c\u0430\u0442<\/strong>: W aromacie wyczuwalne s\u0105 kremowe i orzechowe nuty, kt\u00f3re tworz\u0105 wra\u017cenie ciep\u0142a i przytulno\u015bci.<\/li>\n<li><strong>\u0421\u043c\u0430\u043a<\/strong>: Herbata odkrywa delikatne kwiatowe i miodowe akcenty z mi\u0119kk\u0105 kremowo\u015bci\u0105, przechodz\u0105c w s\u0142odkie posmak, w kt\u00f3rym wyczuwalne s\u0105 lekkie orzechowe akcenty, przypominaj\u0105ce past\u0119 orzechow\u0105.<\/li>\n<li><strong>Tekstura<\/strong>: Herbata ma g\u0142adk\u0105 i bogat\u0105 tekstur\u0119, kt\u00f3ra sprawia, \u017ce jej smak jest przyjemny i d\u0142ugotrwa\u0142y.<\/li>\n<\/ul>\n<p><strong>\u0414\u0456\u044f:<\/strong><\/p>\n<p><strong>To <\/strong>herbata, kt\u00f3ra nie tylko przynosi estetyczne doznania, ale tak\u017ce ma korzystne w\u0142a\u015bciwo\u015bci. Dzia\u0142a lekko tonizuj\u0105co, wspomaga jasno\u015b\u0107 my\u015bli i pobudza, nie wywo\u0142uj\u0105c nadmiernego pobudzenia. Idealna, aby rozpocz\u0105\u0107 dzie\u0144 lub cieszy\u0107 si\u0119 ni\u0105 w ci\u0105gu dnia, zachowuj\u0105c energi\u0119 i koncentracj\u0119.<\/p>","protected":false},"featured_media":11916,"comment_status":"open","ping_status":"closed","template":"","meta":[],"product_cat":[149,110,108,145],"product_tag":[],"class_list":{"0":"post-11915","1":"product","2":"type-product","3":"status-publish","4":"has-post-thumbnail","6":"product_cat-herbata","7":"product_cat-jasny","8":"product_cat-oolong","9":"product_cat-znizki","11":"first","12":"outofstock","13":"sale","14":"shipping-taxable","15":"purchasable","16":"product-type-variable"},"aioseo_notices":[],"_links":{"self":[{"href":"https:\/\/teaeye.pl\/uk\/wp-json\/wp\/v2\/product\/11915","targetHints":{"allow":["GET"]}}],"collection":[{"href":"https:\/\/teaeye.pl\/uk\/wp-json\/wp\/v2\/product"}],"about":[{"href":"https:\/\/teaeye.pl\/uk\/wp-json\/wp\/v2\/types\/product"}],"replies":[{"embeddable":true,"href":"https:\/\/teaeye.pl\/uk\/wp-json\/wp\/v2\/comments?post=11915"}],"version-history":[{"count":2,"href":"https:\/\/teaeye.pl\/uk\/wp-json\/wp\/v2\/product\/11915\/revisions"}],"predecessor-version":[{"id":13158,"href":"https:\/\/teaeye.pl\/uk\/wp-json\/wp\/v2\/product\/11915\/revisions\/13158"}],"wp:featuredmedia":[{"embeddable":true,"href":"https:\/\/teaeye.pl\/uk\/wp-json\/wp\/v2\/media\/11916"}],"wp:attachment":[{"href":"https:\/\/teaeye.pl\/uk\/wp-json\/wp\/v2\/media?parent=11915"}],"wp:term":[{"taxonomy":"product_cat","embeddable":true,"href":"https:\/\/teaeye.pl\/uk\/wp-json\/wp\/v2\/product_cat?post=11915"},{"taxonomy":"product_tag","embeddable":true,"href":"https:\/\/teaeye.pl\/uk\/wp-json\/wp\/v2\/product_tag?post=11915"}],"curies":[{"name":"wp","href":"https:\/\/api.w.org\/{rel}","templated":true}]}}