{"id":11922,"date":"2025-03-16T20:21:06","date_gmt":"2025-03-16T20:21:06","guid":{"rendered":"https:\/\/teaeye.pl\/?post_type=product&#038;p=11922"},"modified":"2025-09-30T16:42:50","modified_gmt":"2025-09-30T16:42:50","slug":"shan-lin-xi-oolong-qing-xin","status":"publish","type":"product","link":"https:\/\/teaeye.pl\/uk\/product\/shan-lin-xi-oolong-qing-xin\/","title":{"rendered":"Shan Lin Xi Oolong (Qing Xin)"},"content":{"rendered":"<p><strong data-start=\"262\" data-end=\"295\">Shan Lin Xi Oolong (Qing Xin)<\/strong> to wysokog\u00f3rski oolong z Tajwanu o niezwykle \u015bwie\u017cym, kwiatowo-owocowym profilu. Uprawiany w malowniczym regionie \u201eStrumienia Sosnowego Lasu\u201d, zachwyca subtelno\u015bci\u0105, czysto\u015bci\u0105 smaku i kwiatow\u0105 g\u0142\u0119bi\u0105. Z ka\u017cdym parzeniem odkrywa nowe niuanse \u2013 idealny do uwa\u017cnego relaksu.<\/p>\n<p><a href=\"https:\/\/teaeye.pl\/uk\/product-category\/oolong\/jasny\/\" target=\"_blank\" rel=\"noopener\">Jasne oolongi \u2013 zobacz wszystkie<\/a><br \/>\n<a href=\"https:\/\/en.wikipedia.org\/wiki\/Taiwanese_oolong\" target=\"_blank\" rel=\"noopener\">Wikipedia: Taiwanese oolong<\/a><\/p>","protected":false},"excerpt":{"rendered":"<p data-start=\"0\" data-end=\"466\"><strong>Shan Lin Xi Oolong (Qing Xin Cultivar)<\/strong> \u2013 to wyj\u0105tkowy oolong z <strong>Tajwanu<\/strong> o wyra\u017anym, kwiatowym charakterze, kt\u00f3ry zas\u0142u\u017cenie nale\u017cy do najwy\u017cszej klasy. Li\u015bcie pochodz\u0105ce z ro\u015bliny <strong data-start=\"171\" data-end=\"183\">Qing Xin<\/strong> uprawiane s\u0105 w jednym z najpi\u0119kniej po\u0142o\u017conych ogrod\u00f3w herbacianych w rejonie <strong data-start=\"262\" data-end=\"277\">Shan Lin Xi<\/strong> (co oznacza &#8222;Strumie\u0144 Sosnowego Lasu&#8221;). Obszar ten charakteryzuje si\u0119 naturaln\u0105 r\u00f3\u017cnorodno\u015bci\u0105 dzikich kwiat\u00f3w, las\u00f3w sosnowych i gaj\u00f3w bambusowych, a tak\u017ce jest rajem dla licznych motyli.<\/p>\n<h6 data-start=\"468\" data-end=\"490\"><strong data-start=\"472\" data-end=\"490\">\u0410\u0440\u043e\u043c\u0430\u0442 \u0456 \u0441\u043c\u0430\u043a:<\/strong><\/h6>\n<ul data-start=\"491\" data-end=\"1087\">\n<li data-start=\"491\" data-end=\"611\"><strong data-start=\"493\" data-end=\"503\">\u0410\u0440\u043e\u043c\u0430\u0442<\/strong>: \u015awie\u017cy, kwiatowy, z nutami tropikalnych owoc\u00f3w i mlecznych akcent\u00f3w, tworz\u0105cy uczucie lekko\u015bci i harmonii.<\/li>\n<li data-start=\"612\" data-end=\"843\"><strong data-start=\"614\" data-end=\"622\">\u0421\u043c\u0430\u043a<\/strong>: \u015awie\u017cy, z wyra\u017anymi kwiatowymi i owocowymi nutami. Z ka\u017cdym kolejnym parzeniem wyra\u017aniej pojawiaj\u0105 si\u0119 akcenty wiosennych kwiat\u00f3w i syrenki, co sprawia, \u017ce herbata staje si\u0119 coraz bardziej interesuj\u0105ca i wielowarstwowa.<\/li>\n<li data-start=\"844\" data-end=\"1087\"><strong data-start=\"846\" data-end=\"858\">Tekstura<\/strong>: Herbata zmienia si\u0119 w miar\u0119 kolejnych parze\u0144, a jej smak staje si\u0119 pe\u0142niejszy, zachowuj\u0105c jednocze\u015bnie lekko\u015b\u0107 i \u015bwie\u017co\u015b\u0107. Po ka\u017cdym parzeniu pozostaje d\u0142ugotrwa\u0142y, kwiatowy posmak z owocow\u0105 s\u0142odycz\u0105 i delikatn\u0105 kwaskowato\u015bci\u0105.<\/li>\n<\/ul>\n<h6 data-start=\"1089\" data-end=\"1107\"><strong data-start=\"1093\" data-end=\"1107\">\u0414\u0456\u044f:<\/strong><\/h6>\n<p data-start=\"1108\" data-end=\"1380\" data-is-last-node=\"\" data-is-only-node=\"\">Ta herbata doskonale uspokaja i poprawia samopoczucie. Dzia\u0142a \u0142agodnie tonizuj\u0105co, wspomaga r\u00f3wnowag\u0119 i jasno\u015b\u0107 umys\u0142u, nie wywo\u0142uj\u0105c nadmiernego pobudzenia. Jest idealna dla tych, kt\u00f3rzy chc\u0105 si\u0119 zrelaksowa\u0107 i cieszy\u0107 chwil\u0105, zachowuj\u0105c jednocze\u015bnie lekko\u015b\u0107 i subtelno\u015b\u0107.<\/p>","protected":false},"featured_media":11923,"comment_status":"open","ping_status":"closed","template":"","meta":[],"product_cat":[149,110,108],"product_tag":[],"class_list":{"0":"post-11922","1":"product","2":"type-product","3":"status-publish","4":"has-post-thumbnail","6":"product_cat-herbata","7":"product_cat-jasny","8":"product_cat-oolong","10":"first","11":"outofstock","12":"shipping-taxable","13":"purchasable","14":"product-type-variable"},"aioseo_notices":[],"_links":{"self":[{"href":"https:\/\/teaeye.pl\/uk\/wp-json\/wp\/v2\/product\/11922","targetHints":{"allow":["GET"]}}],"collection":[{"href":"https:\/\/teaeye.pl\/uk\/wp-json\/wp\/v2\/product"}],"about":[{"href":"https:\/\/teaeye.pl\/uk\/wp-json\/wp\/v2\/types\/product"}],"replies":[{"embeddable":true,"href":"https:\/\/teaeye.pl\/uk\/wp-json\/wp\/v2\/comments?post=11922"}],"version-history":[{"count":2,"href":"https:\/\/teaeye.pl\/uk\/wp-json\/wp\/v2\/product\/11922\/revisions"}],"predecessor-version":[{"id":13157,"href":"https:\/\/teaeye.pl\/uk\/wp-json\/wp\/v2\/product\/11922\/revisions\/13157"}],"wp:featuredmedia":[{"embeddable":true,"href":"https:\/\/teaeye.pl\/uk\/wp-json\/wp\/v2\/media\/11923"}],"wp:attachment":[{"href":"https:\/\/teaeye.pl\/uk\/wp-json\/wp\/v2\/media?parent=11922"}],"wp:term":[{"taxonomy":"product_cat","embeddable":true,"href":"https:\/\/teaeye.pl\/uk\/wp-json\/wp\/v2\/product_cat?post=11922"},{"taxonomy":"product_tag","embeddable":true,"href":"https:\/\/teaeye.pl\/uk\/wp-json\/wp\/v2\/product_tag?post=11922"}],"curies":[{"name":"wp","href":"https:\/\/api.w.org\/{rel}","templated":true}]}}