{"id":11929,"date":"2025-03-16T20:30:11","date_gmt":"2025-03-16T20:30:11","guid":{"rendered":"https:\/\/teaeye.pl\/?post_type=product&#038;p=11929"},"modified":"2026-03-22T19:30:13","modified_gmt":"2026-03-22T19:30:13","slug":"doi-tung-oolong","status":"publish","type":"product","link":"https:\/\/teaeye.pl\/uk\/product\/doi-tung-oolong\/","title":{"rendered":"\u0414\u043e\u0439 \u0422\u0443\u043d\u0433 \u0423\u043b\u0443\u043d"},"content":{"rendered":"<h1>\u0414\u043e\u0439 \u0422\u0443\u043d\u0433 \u0423\u043b\u0443\u043d \u2014 \u0442\u0430\u0439\u0441\u044c\u043a\u0438\u0439 \u0443\u043b\u0443\u043d \u0437 \u043a\u043e\u0440\u043e\u043b\u0456\u0432\u0441\u044c\u043a\u043e\u0433\u043e \u043f\u0440\u043e\u0454\u043a\u0442\u0443 \u0442\u0430 \u043a\u043e\u043b\u0438\u0448\u043d\u0456\u0445 \u043e\u043f\u0456\u0443\u043c\u043d\u0438\u0445 \u043f\u043e\u043b\u0456\u0432<\/h1>\n<p class=\"translation-block\">\u0414\u043e\u0439 \u0422\u0443\u043d\u0433 \u0423\u043b\u0443\u043d \u0416\u0443\u0430\u043d\u044c\u0447\u0436\u0438 #1 \u2014 \u0446\u0435 \u0432\u0438\u0441\u043e\u043a\u043e\u044f\u043a\u0456\u0441\u043d\u0438\u0439 <a href=\"https:\/\/teaeye.pl\/uk\/product-category\/oolong\/jasny\/\" target=\"_self\">\u0443\u043b\u0443\u043d<\/a>, \u0449\u043e \u043f\u043e\u0445\u043e\u0434\u0438\u0442\u044c \u0456\u0437 \u043f\u0456\u0432\u043d\u0456\u0447\u043d\u043e\u0433\u043e \u0422\u0430\u0457\u043b\u0430\u043d\u0434\u0443, \u0437 \u0440\u0435\u0433\u0456\u043e\u043d\u0443, \u0432\u0456\u0434\u043e\u043c\u043e\u0433\u043e \u044f\u043a \u0417\u043e\u043b\u043e\u0442\u0438\u0439 \u0422\u0440\u0438\u043a\u0443\u0442\u043d\u0438\u043a. \u0427\u0430\u0439 \u0432\u0438\u0440\u043e\u0431\u043b\u044f\u0454\u0442\u044c\u0441\u044f \u0432 \u0440\u0430\u043c\u043a\u0430\u0445 \u043a\u043e\u0440\u043e\u043b\u0456\u0432\u0441\u044c\u043a\u043e\u0433\u043e \u043f\u0440\u043e\u0454\u043a\u0442\u0443, \u044f\u043a\u0438\u0439 \u043f\u0435\u0440\u0435\u0442\u0432\u043e\u0440\u0438\u0432 \u043a\u043e\u043b\u0438\u0448\u043d\u0456 \u043e\u043f\u0456\u0443\u043c\u043d\u0456 \u043f\u043e\u043b\u044f \u043d\u0430 \u0441\u0442\u0430\u043bi \u043f\u043b\u0430\u043d\u0442\u0430\u0446\u0456\u0457 \u0447\u0430\u044e \u0442\u0430 \u0456\u043d\u0448\u0438\u0445 \u043a\u0443\u043b\u044c\u0442\u0443\u0440.<\/p>\n<p>\u0426\u0435 \u043d\u0435 \u043f\u0440\u043e\u0441\u0442\u043e \u0447\u0430\u0439 \u2014 \u0446\u0435 \u0442\u0430\u043a\u043e\u0436 \u0456\u0441\u0442\u043e\u0440\u0456\u044f \u0442\u0440\u0430\u043d\u0441\u0444\u043e\u0440\u043c\u0430\u0446\u0456\u0457 \u0442\u0430 \u0441\u0432\u0456\u0434\u043e\u043c\u043e\u0433\u043e \u0432\u0438\u0440\u043e\u0449\u0443\u0432\u0430\u043d\u043d\u044f. \u041e\u0431\u0438\u0440\u0430\u044e\u0447\u0438 \u0414\u043e\u0439 \u0422\u0443\u043d\u0433, \u0432\u0438 \u043e\u0431\u0438\u0440\u0430\u0454\u0442\u0435 \u043f\u0440\u043e\u0434\u0443\u043a\u0442, \u044f\u043a\u0438\u0439 \u043f\u043e\u0454\u0434\u043d\u0443\u0454 \u044f\u043a\u0456\u0441\u0442\u044c, \u0435\u0442\u0438\u043a\u0443 \u0442\u0430 \u0443\u043d\u0456\u043a\u0430\u043b\u044c\u043d\u0438\u0439 \u0445\u0430\u0440\u0430\u043a\u0442\u0435\u0440.<\/p>\n<p><a href=\"https:\/\/teaeye.pl\/wp-content\/uploads\/2025\/03\/Doi-Tung2.jpg\"><img fetchpriority=\"high\" decoding=\"async\" class=\"alignnone wp-image-11931\" src=\"https:\/\/teaeye.pl\/wp-content\/uploads\/2025\/03\/Doi-Tung2-300x219.jpg\" alt=\"\u0414\u043e\u0439 \u0422\u0443\u043d\u0433 \u0423\u043b\u0443\u043d\" width=\"558\" height=\"407\" srcset=\"https:\/\/teaeye.pl\/wp-content\/uploads\/2025\/03\/Doi-Tung2-300x219.jpg 300w, https:\/\/teaeye.pl\/wp-content\/uploads\/2025\/03\/Doi-Tung2-1024x748.jpg 1024w, https:\/\/teaeye.pl\/wp-content\/uploads\/2025\/03\/Doi-Tung2-768x561.jpg 768w, https:\/\/teaeye.pl\/wp-content\/uploads\/2025\/03\/Doi-Tung2-600x438.jpg 600w, https:\/\/teaeye.pl\/wp-content\/uploads\/2025\/03\/Doi-Tung2-850x621.jpg 850w, https:\/\/teaeye.pl\/wp-content\/uploads\/2025\/03\/Doi-Tung2.jpg 1170w\" sizes=\"(max-width: 558px) 100vw, 558px\" \/><\/a><\/p>\n<h2>\u041f\u043e\u0445\u043e\u0434\u0436\u0435\u043d\u043d\u044f, \u043a\u0443\u043b\u044c\u0442\u0438\u0432\u0430\u0440 \u0456 \u0443\u043d\u0456\u043a\u0430\u043b\u044c\u043d\u0438\u0439 \u0445\u0430\u0440\u0430\u043a\u0442\u0435\u0440<\/h2>\n<p class=\"translation-block\">\u0427\u0430\u0439 \u0441\u0442\u0432\u043e\u0440\u044e\u0454\u0442\u044c\u0441\u044f \u0437 \u0441\u0443\u0447\u0430\u0441\u043d\u043e\u0433\u043e \u043a\u0443\u043b\u044c\u0442\u0438\u0432\u0430\u0440\u0443 <strong>Ruan Zhi Population #1<\/strong>, \u044f\u043a\u0438\u0439 \u043f\u043e\u0454\u0434\u043d\u0443\u0454 \u0440\u0438\u0441\u0438 \u0434\u0432\u043e\u0445 \u0432\u0456\u0434\u043e\u043c\u0438\u0445 \u0441\u043e\u0440\u0442\u0456\u0432: <a href=\"https:\/\/en.wikipedia.org\/wiki\/Tieguanyin\" target=\"_blank\" rel=\"noopener noreferrer\">\u0422\u0435 \u0413\u0443\u0430\u043d\u044c \u0406\u043d\u044c<\/a> \u0442\u0430 \u0416\u0443\u0430\u043d\u044c\u0447\u0436\u0438. \u0417\u0430\u0432\u0434\u044f\u043a\u0438 \u0446\u044c\u043e\u043c\u0443 \u0444\u043e\u0440\u043c\u0443\u0454\u0442\u044c\u0441\u044f \u0441\u043c\u0430\u043a\u043e\u0432\u0438\u0439 \u043f\u0440\u043e\u0444\u0456\u043b\u044c, \u0449\u043e \u043f\u043e\u0454\u0434\u043d\u0443\u0454 \u043a\u0432\u0456\u0442\u043a\u043e\u0432\u0443 \u043b\u0435\u0433\u043a\u0456\u0441\u0442\u044c \u0456\u0437 \u0433\u043b\u0438\u0431\u0438\u043d\u043e\u044e \u0442\u0430 \u043a\u0440\u0435\u043c\u043e\u0432\u043e\u044e \u0442\u0435\u043a\u0441\u0442\u0443\u0440\u043e\u044e.<\/p>\n<p>\u0420\u0435\u0433\u0456\u043e\u043d \u0414\u043e\u0439 \u0422\u0443\u043d\u0433 \u0440\u043e\u0437\u0442\u0430\u0448\u043e\u0432\u0430\u043d\u0438\u0439 \u0443 \u0442\u0430\u043a \u0437\u0432\u0430\u043d\u043e\u043c\u0443 \u0417\u043e\u043b\u043e\u0442\u043e\u043c\u0443 \u0422\u0440\u0438\u043a\u0443\u0442\u043d\u0438\u043a\u0443 \u2014 \u043d\u0430 \u0441\u0442\u0438\u043a\u0443 \u0422\u0430\u0457\u043b\u0430\u043d\u0434\u0443, \u0411\u0456\u0440\u043c\u0438 \u0442\u0430 \u041a\u0438\u0442\u0430\u044e. \u0420\u0430\u043d\u0456\u0448\u0435 \u0432\u0456\u043d \u0431\u0443\u0432 \u0432\u0456\u0434\u043e\u043c\u0438\u0439 \u0432\u0438\u0440\u043e\u0449\u0443\u0432\u0430\u043d\u043d\u044f\u043c \u043e\u043f\u0456\u0443\u043c\u0443, \u0441\u044c\u043e\u0433\u043e\u0434\u043d\u0456 \u0436 \u0454 \u043f\u0440\u0438\u043a\u043b\u0430\u0434\u043e\u043c \u0443\u0441\u043f\u0456\u0448\u043d\u043e\u0457 \u0442\u0440\u0430\u043d\u0441\u0444\u043e\u0440\u043c\u0430\u0446\u0456\u0457 \u0443 \u043d\u0430\u043f\u0440\u044f\u043c\u043a\u0443 \u0432\u0438\u0440\u043e\u0431\u043d\u0438\u0446\u0442\u0432\u0430 \u0432\u0438\u0441\u043e\u043a\u043e\u044f\u043a\u0456\u0441\u043d\u043e\u0433\u043e \u0447\u0430\u044e.<\/p>\n<p class=\"translation-block\">\u042f\u043a\u0449\u043e \u0432\u0430\u0441 \u0446\u0456\u043a\u0430\u0432\u043b\u044f\u0442\u044c \u043f\u043e\u0434\u0456\u0431\u043d\u0456 \u0441\u043c\u0430\u043a\u043e\u0432\u0456 \u043f\u0440\u043e\u0444\u0456\u043b\u0456, \u0437\u0432\u0435\u0440\u043d\u0456\u0442\u044c \u0443\u0432\u0430\u0433\u0443 \u0442\u0430\u043a\u043e\u0436 \u043d\u0430 <a href=\"https:\/\/teaeye.pl\/uk\/product-category\/oolong\/jasny\/\" target=\"_self\">\u0441\u0432\u0456\u0442\u043b\u0456 \u0443\u043b\u0443\u043d\u0438<\/a> \u0442\u0430 \u043a\u043b\u0430\u0441\u0438\u0447\u043d\u0456 \u0447\u0430\u0457, \u043d\u0430\u0442\u0445\u043d\u0435\u043d\u043d\u0456 \u0441\u0442\u0438\u043b\u0435\u043c \u0422\u0435 \u0413\u0443\u0430\u043d\u044c \u0406\u043d\u044c.<\/p>\n<h2>\u0414\u043e\u0439 \u0422\u0443\u043d\u0433 \u0423\u043b\u0443\u043d \u2014 \u0441\u043c\u0430\u043a, \u0430\u0440\u043e\u043c\u0430\u0442, \u0434\u0456\u044f \u0442\u0430 \u0437\u0430\u0432\u0430\u0440\u044e\u0432\u0430\u043d\u043d\u044f<\/h2>\n<p class=\"translation-block\"><strong>\u0410\u0440\u043e\u043c\u0430\u0442<\/strong> \u0446\u044c\u043e\u0433\u043e \u0447\u0430\u044e \u0442\u0435\u043f\u043b\u0438\u0439 \u0456 \u043f\u0440\u0438\u0454\u043c\u043d\u043e \u043e\u0433\u043e\u0440\u0442\u0430\u044e\u0447\u0438\u0439 \u2014 \u0434\u043e\u043c\u0456\u043d\u0443\u044e\u0442\u044c \u043d\u043e\u0442\u0438 \u043c\u0435\u0434\u0443 \u0442\u0430 \u0444\u0440\u0443\u043a\u0442\u0456\u0432, \u0434\u043e\u043f\u043e\u0432\u043d\u0435\u043d\u0456 \u043b\u0435\u0433\u043a\u0438\u043c\u0438 \u0432\u0456\u0434\u0442\u0456\u043d\u043a\u0430\u043c\u0438 \u0432\u0438\u043f\u0456\u0447\u043a\u0438.<\/p>\n<p><strong>\u0421\u043c\u0430\u043a \u0456 \u0430\u0440\u043e\u043c\u0430\u0442:<\/strong><br \/>\n\ud83c\udf6f \u043c\u0435\u0434\u043e\u0432\u0430 \u0441\u043e\u043b\u043e\u0434\u043a\u0456\u0441\u0442\u044c<br \/>\n\ud83c\udf51 \u0444\u0440\u0443\u043a\u0442\u0438 \u0442\u0430 \u043b\u0435\u0433\u043a\u0430 \u0441\u043e\u043a\u043e\u0432\u0438\u0442\u0456\u0441\u0442\u044c<br \/>\n\ud83e\udd50 \u043d\u043e\u0442\u043a\u0438 \u0432\u0438\u043f\u0456\u0447\u043a\u0438 \u0442\u0430 \u0434\u0435\u043b\u0456\u043a\u0430\u0442\u043d\u0430 \u043a\u0440\u0435\u043c\u043e\u0432\u0456\u0441\u0442\u044c<br \/>\n\ud83c\udf3f \u043c\u2019\u044f\u043a\u0438\u0439, \u0433\u0430\u0440\u043c\u043e\u043d\u0456\u0439\u043d\u0438\u0439 \u043f\u0456\u0441\u043b\u044f\u0441\u043c\u0430\u043a<\/p>\n<p>\u0421\u043c\u0430\u043a \u0440\u043e\u0437\u043a\u0440\u0438\u0432\u0430\u0454\u0442\u044c\u0441\u044f \u043f\u043e\u0441\u0442\u0443\u043f\u043e\u0432\u043e, \u0441\u0442\u0432\u043e\u0440\u044e\u044e\u0447\u0438 \u0432\u0456\u0434\u0447\u0443\u0442\u0442\u044f \u043c\u2019\u044f\u043a\u043e\u0441\u0442\u0456 \u0442\u0430 \u043a\u043e\u043c\u0444\u043e\u0440\u0442\u0443. \u0426\u0435 \u0434\u0443\u0436\u0435 \u0437\u0431\u0430\u043b\u0430\u043d\u0441\u043e\u0432\u0430\u043d\u0438\u0439 \u0447\u0430\u0439, \u0431\u0435\u0437 \u0440\u0456\u0437\u043a\u043e\u0457 \u0433\u0456\u0440\u043a\u043e\u0442\u0438, \u0456\u0434\u0435\u0430\u043b\u044c\u043d\u0438\u0439 \u0434\u043b\u044f \u0449\u043e\u0434\u0435\u043d\u043d\u043e\u0433\u043e \u043f\u0438\u0442\u0442\u044f.<\/p>\n<p class=\"translation-block\"><strong>\u0414\u0456\u044f<\/strong> \u043c\u2019\u044f\u043a\u043e \u0442\u043e\u043d\u0456\u0437\u0443\u0454 \u2014 \u0447\u0430\u0439 \u0437\u0456\u0433\u0440\u0456\u0432\u0430\u0454, \u0437\u0430\u0441\u043f\u043e\u043a\u043e\u044e\u0454 \u0442\u0430 \u0434\u043e\u043f\u043e\u043c\u0430\u0433\u0430\u0454 \u0437\u0431\u0435\u0440\u0456\u0433\u0430\u0442\u0438 \u044f\u0441\u043d\u0456\u0441\u0442\u044c \u0434\u0443\u043c\u043e\u043a. \u0406\u0434\u0435\u0430\u043b\u044c\u043d\u043e \u043f\u0456\u0434\u0445\u043e\u0434\u0438\u0442\u044c \u044f\u043a \u0434\u043b\u044f \u0441\u043f\u043e\u043a\u0456\u0439\u043d\u043e\u0433\u043e \u0440\u0430\u043d\u043a\u0443, \u0442\u0430\u043a \u0456 \u0434\u043b\u044f \u0440\u043e\u0437\u0441\u043b\u0430\u0431\u043b\u0435\u043d\u043e\u0433\u043e \u043f\u0456\u0441\u043b\u044f\u043e\u0431\u0456\u0434\u043d\u044c\u043e\u0433\u043e \u0447\u0430\u0441\u0443.<\/p>\n<p class=\"translation-block\">\u041d\u0430\u0439\u043a\u0440\u0430\u0449\u0435 \u0437\u0430\u0432\u0430\u0440\u044e\u0432\u0430\u0442\u0438 \u0457\u0457 \u043c\u0435\u0442\u043e\u0434\u043e\u043c <a href=\"https:\/\/en.wikipedia.org\/wiki\/Gongfu_tea\" target=\"_blank\" rel=\"noopener noreferrer\">\u0433\u0443\u043d\u0444\u0443 \u0447\u0430<\/a>, \u044f\u043a\u0438\u0439 \u0434\u043e\u0437\u0432\u043e\u043b\u044f\u0454 \u043f\u043e\u0432\u043d\u0456\u0441\u0442\u044e \u0440\u043e\u0437\u043a\u0440\u0438\u0442\u0438 \u0457\u0457 \u0441\u043c\u0430\u043a\u043e\u0432\u0438\u0439 \u043f\u043e\u0442\u0435\u043d\u0446\u0456\u0430\u043b.<\/p>\n<p class=\"translation-block\"><strong>Parzenie:<\/strong><br>\r\n\u2013 5 g na 100\u2013150 ml<br>\r\n\u2013 temperatura: 85\u201390\u00b0C<br>\r\n\u2013 pierwsze parzenia: 10\u201320 sekund<br>\r\n\u2013 kolejne stopniowo wyd\u0142u\u017ca\u0107<\/p>\n<p class=\"translation-block\">\u0414\u043e\u0439 \u0422\u0443\u043d\u0433 \u0423\u043b\u0443\u043d \u2014 \u0446\u0435 \u0447\u0443\u0434\u043e\u0432\u0438\u0439 \u0432\u0438\u0431\u0456\u0440 \u0434\u043b\u044f \u0442\u0438\u0445, \u0445\u0442\u043e \u0445\u043e\u0447\u0435 <strong>\u043a\u0443\u043f\u0438\u0442\u0438 \u043a\u0438\u0442\u0430\u0439\u0441\u044c\u043a\u0438\u0439 (\u0456 \u0442\u0430\u0439\u0441\u044c\u043a\u0438\u0439) \u0447\u0430\u0439 \u0443 \u041f\u043e\u043b\u044c\u0449\u0456<\/strong> \u0442\u0430 \u0432\u0456\u0434\u043a\u0440\u0438\u0442\u0438 \u0441\u0443\u0447\u0430\u0441\u043d\u0456 \u0456\u043d\u0442\u0435\u0440\u043f\u0440\u0435\u0442\u0430\u0446\u0456\u0457 \u043a\u043b\u0430\u0441\u0438\u0447\u043d\u0438\u0445 \u0443\u043b\u0443\u043d\u0456\u0432.<\/p>","protected":false},"excerpt":{"rendered":"<p class=\"translation-block\">\u0414\u043e\u0439 \u0422\u0443\u043d\u0433 \u0423\u043b\u0443\u043d \u2014 \u0446\u0435 \u0443\u043d\u0456\u043a\u0430\u043b\u044c\u043d\u0438\u0439 \u0442\u0430\u0439\u0441\u044c\u043a\u0438\u0439 \u0443\u043b\u0443\u043d, \u0441\u0442\u0432\u043e\u0440\u0435\u043d\u0438\u0439 \u0448\u043b\u044f\u0445\u043e\u043c \u043f\u043e\u0454\u0434\u043d\u0430\u043d\u043d\u044f \u043a\u0443\u043b\u044c\u0442\u0438\u0432\u0430\u0440\u0456\u0432 <strong data-start=\"398\" data-end=\"424\">\u0422\u0435 \u0413\u0443\u0430\u043d\u044c \u0406\u043d\u044c \u0456 \u0416\u0443\u0430\u043d\u044c\u0447\u0436\u0438<\/strong>. \u0412\u0438\u0440\u043e\u0449\u0443\u0454\u0442\u044c\u0441\u044f \u0432 \u0440\u0435\u0433\u0456\u043e\u043d\u0456 \u0417\u043e\u043b\u043e\u0442\u043e\u0433\u043e \u0422\u0440\u0438\u043a\u0443\u0442\u043d\u0438\u043a\u0430 \u043d\u0430 \u043a\u043e\u043b\u0438\u0448\u043d\u0456\u0445 \u043e\u043f\u0456\u0443\u043c\u043d\u0438\u0445 \u043f\u043e\u043b\u044f\u0445 \u0443 \u043c\u0435\u0436\u0430\u0445 \u043a\u043e\u0440\u043e\u043b\u0456\u0432\u0441\u044c\u043a\u043e\u0433\u043e \u043f\u0440\u043e\u0454\u043a\u0442\u0443, \u0432\u0456\u043d \u0441\u0438\u043c\u0432\u043e\u043b\u0456\u0437\u0443\u0454 \u0442\u0440\u0430\u043d\u0441\u0444\u043e\u0440\u043c\u0430\u0446\u0456\u044e \u0442\u0430 \u0433\u0430\u0440\u043c\u043e\u043d\u0456\u044e. \u0425\u0430\u0440\u0430\u043a\u0442\u0435\u0440\u0438\u0437\u0443\u0454\u0442\u044c\u0441\u044f \u043c\u0435\u0434\u043e\u0432\u043e-\u0444\u0440\u0443\u043a\u0442\u043e\u0432\u0438\u043c \u0430\u0440\u043e\u043c\u0430\u0442\u043e\u043c \u0456 \u043c\u2019\u044f\u043a\u0438\u043c, \u0433\u043b\u0438\u0431\u043e\u043a\u0438\u043c \u0441\u043c\u0430\u043a\u043e\u043c.<\/p>","protected":false},"featured_media":11930,"comment_status":"open","ping_status":"closed","template":"","meta":[],"product_cat":[112,149,172,108],"product_tag":[],"class_list":{"0":"post-11929","1":"product","2":"type-product","3":"status-publish","4":"has-post-thumbnail","6":"product_cat-ciemny","7":"product_cat-herbata","8":"product_cat-oolong-ciemny-oolong","9":"product_cat-oolong","11":"first","12":"instock","13":"shipping-taxable","14":"purchasable","15":"product-type-variable"},"aioseo_notices":[],"_links":{"self":[{"href":"https:\/\/teaeye.pl\/uk\/wp-json\/wp\/v2\/product\/11929","targetHints":{"allow":["GET"]}}],"collection":[{"href":"https:\/\/teaeye.pl\/uk\/wp-json\/wp\/v2\/product"}],"about":[{"href":"https:\/\/teaeye.pl\/uk\/wp-json\/wp\/v2\/types\/product"}],"replies":[{"embeddable":true,"href":"https:\/\/teaeye.pl\/uk\/wp-json\/wp\/v2\/comments?post=11929"}],"version-history":[{"count":4,"href":"https:\/\/teaeye.pl\/uk\/wp-json\/wp\/v2\/product\/11929\/revisions"}],"predecessor-version":[{"id":18215,"href":"https:\/\/teaeye.pl\/uk\/wp-json\/wp\/v2\/product\/11929\/revisions\/18215"}],"wp:featuredmedia":[{"embeddable":true,"href":"https:\/\/teaeye.pl\/uk\/wp-json\/wp\/v2\/media\/11930"}],"wp:attachment":[{"href":"https:\/\/teaeye.pl\/uk\/wp-json\/wp\/v2\/media?parent=11929"}],"wp:term":[{"taxonomy":"product_cat","embeddable":true,"href":"https:\/\/teaeye.pl\/uk\/wp-json\/wp\/v2\/product_cat?post=11929"},{"taxonomy":"product_tag","embeddable":true,"href":"https:\/\/teaeye.pl\/uk\/wp-json\/wp\/v2\/product_tag?post=11929"}],"curies":[{"name":"wp","href":"https:\/\/api.w.org\/{rel}","templated":true}]}}