{"id":11945,"date":"2025-03-16T21:01:01","date_gmt":"2025-03-16T21:01:01","guid":{"rendered":"https:\/\/teaeye.pl\/?post_type=product&#038;p=11945"},"modified":"2026-01-22T13:21:18","modified_gmt":"2026-01-22T13:21:18","slug":"lao-liu-bao-guangxi","status":"publish","type":"product","link":"https:\/\/teaeye.pl\/uk\/product\/lao-liu-bao-guangxi\/","title":{"rendered":"\u041b\u0430\u043e \u041b\u044e \u0411\u0430\u043e, \u0413\u0443\u0430\u043d\u0441\u0456"},"content":{"rendered":"<p data-start=\"121\" data-end=\"486\">\u0426\u0435\u0439 \u043e\u0441\u043e\u0431\u043b\u0438\u0432\u0438\u0439 \u0456 \u0440\u0456\u0434\u043a\u0456\u0441\u043d\u0438\u0439 \u0447\u0430\u0439 \u0441\u0442\u0432\u043e\u0440\u0435\u043d\u0438\u0439 \u0443 \u0440\u0435\u0437\u0443\u043b\u044c\u0442\u0430\u0442\u0456 \u043d\u0435\u0442\u0438\u043f\u043e\u0432\u043e\u0433\u043e \u0435\u043a\u0441\u043f\u0435\u0440\u0438\u043c\u0435\u043d\u0442\u0443: \u0437\u0430\u043c\u0456\u0441\u0442\u044c \u0442\u0440\u0430\u0434\u0438\u0446\u0456\u0439\u043d\u043e\u0457 \u0442\u0435\u0445\u043d\u043e\u043b\u043e\u0433\u0456\u0457 \u041b\u044e \u0411\u0430\u043e \u0439\u043e\u0433\u043e \u0432\u0438\u0433\u043e\u0442\u043e\u0432\u0438\u043b\u0438 \u043d\u0430 \u043e\u0441\u043d\u043e\u0432\u0456 \u0447\u043e\u0440\u043d\u043e\u0433\u043e \u0447\u0430\u044e \u0442\u0430 \u0432\u0438\u0442\u0440\u0438\u043c\u0443\u0432\u0430\u043b\u0438 \u043f\u0440\u043e\u0442\u044f\u0433\u043e\u043c 7 \u0440\u043e\u043a\u0456\u0432. \u041f\u043e\u0434\u0456\u0431\u043d\u043e \u0434\u043e \u0432\u0438\u043d, \u0449\u043e \u0441\u0442\u0430\u0440\u0456\u044e\u0442\u044c \u0443 \u0431\u043e\u0447\u043a\u0430\u0445, \u0446\u0435\u0439 \u0447\u0430\u0439 \u0434\u043e\u0437\u0440\u0456\u0432\u0430\u0432 \u0443 \u0432\u0435\u043b\u0438\u043a\u0438\u0445 \u0434\u0435\u0440\u0435\u0432\u2019\u044f\u043d\u0438\u0445 \u044f\u0449\u0438\u043a\u0430\u0445 \u0456\u0437 \u0442\u0440\u043e\u043f\u0456\u0447\u043d\u043e\u0457 \u0434\u0435\u0440\u0435\u0432\u0438\u043d\u0438, \u0449\u043e \u043d\u0430\u0434\u0430\u043b\u043e \u0439\u043e\u043c\u0443 \u0431\u0430\u0433\u0430\u0442\u043e\u0448\u0430\u0440\u043e\u0432\u0438\u0439, \u043d\u0430\u0441\u0438\u0447\u0435\u043d\u0438\u0439 \u0441\u043c\u0430\u043a \u0456 \u0430\u0440\u043e\u043c\u0430\u0442.<\/p>\n<p data-start=\"488\" data-end=\"1056\"><strong data-start=\"488\" data-end=\"506\">\u0410\u0440\u043e\u043c\u0430\u0442 \u0456 \u0441\u043c\u0430\u043a:<\/strong><br data-start=\"506\" data-end=\"509\" \/>\ud83d\udd39 <strong data-start=\"512\" data-end=\"530\">Pierwszy napar<\/strong>: W aromacie wyczuwalne s\u0105 nuty buraka, w smaku pojawia si\u0119 delikatna buraczana s\u0142odycz i lekka goryczka.<br data-start=\"635\" data-end=\"638\" \/>\ud83d\udd39 <strong data-start=\"641\" data-end=\"659\">Kolejne napary<\/strong>: Buraczane akcenty ust\u0119puj\u0105 miejsca wyrazistej drzewno\u015bci, nutom ciemnych li\u015bci tytoniu i d\u0119bowych beczek.<br data-start=\"766\" data-end=\"769\" \/>\ud83d\udd39 <strong data-start=\"772\" data-end=\"783\">W smaku<\/strong>: Ziemiste tony \u0142\u0105cz\u0105 si\u0119 z lekk\u0105 s\u0142odycz\u0105 i drzewn\u0105 cierpko\u015bci\u0105, a w posmaku pojawiaj\u0105 si\u0119 akcenty tytoniu papierosowego i alkoholu.<br data-start=\"916\" data-end=\"919\" data-is-only-node=\"\" \/>\ud83d\udd39 <strong data-start=\"922\" data-end=\"943\">P\u00f3\u017aniejsze napary<\/strong>: Herbata nadal si\u0119 zmienia \u2013 w posmaku mo\u017cna wyczu\u0107 subtelny mentolowy ch\u0142\u00f3d, kt\u00f3ry dodaje napojowi \u015bwie\u017co\u015bci.<\/p>\n<p data-start=\"1058\" data-end=\"1260\" class=\"translation-block\"><strong>\u0414\u0456\u044f:<\/strong><br>\n\u0426\u0435\u0439 \u0447\u0430\u0439 \u043c\u0430\u0454 \u0433\u043b\u0438\u0431\u043e\u043a\u0438\u0439 \u0437\u0456\u0433\u0440\u0456\u0432\u0430\u044e\u0447\u0438\u0439 \u0435\u0444\u0435\u043a\u0442, \u0434\u0430\u0440\u0443\u0454 \u0432\u0456\u0434\u0447\u0443\u0442\u0442\u044f \u0441\u043f\u043e\u043a\u043e\u044e \u0442\u0430 \u0437\u043e\u0441\u0435\u0440\u0435\u0434\u0436\u0435\u043d\u043e\u0441\u0442\u0456. \u0406\u0434\u0435\u0430\u043b\u044c\u043d\u0438\u0439 \u0434\u043b\u044f \u043f\u043e\u0432\u0456\u043b\u044c\u043d\u043e\u0457 \u0434\u0435\u0433\u0443\u0441\u0442\u0430\u0446\u0456\u0457, \u0434\u043e\u0437\u0432\u043e\u043b\u044f\u0454 \u043e\u0446\u0456\u043d\u0438\u0442\u0438 \u0439\u043e\u0433\u043e \u0441\u043a\u043b\u0430\u0434\u043d\u0456\u0441\u0442\u044c \u0442\u0430 \u0435\u0432\u043e\u043b\u044e\u0446\u0456\u044e \u0441\u043c\u0430\u043a\u0443 \u0437 \u043a\u043e\u0436\u043d\u0438\u043c \u043d\u0430\u0441\u0442\u0443\u043f\u043d\u0438\u043c \u043d\u0430\u0441\u0442\u043e\u0454\u043c.<\/p>\n<h6 data-start=\"49\" data-end=\"101\"><strong data-start=\"54\" data-end=\"99\"><br \/>\n\u041c\u0435\u0442\u043e\u0434 \u0413\u0443\u043d\u0444\u0443 \u0427\u0430 (\u0431\u0430\u0433\u0430\u0442\u043e\u0440\u0430\u0437\u043e\u0432\u0435 \u0437\u0430\u0432\u0430\u0440\u044e\u0432\u0430\u043d\u043d\u044f)<\/strong><\/h6>\n<ul data-start=\"102\" data-end=\"481\">\n<li data-start=\"102\" data-end=\"167\" class=\"translation-block\"><strong>\u041f\u043e\u0441\u0443\u0434<\/strong>: \u0447\u0430\u0439\u043d\u0438\u0447\u043e\u043a\/\u0433\u0430\u0439\u0432\u0430\u043d\u044c, 5\u20137 \u0433 \u0447\u0430\u044e \u043d\u0430 150 \u043c\u043b \u0432\u043e\u0434\u0438<\/li>\n<li data-start=\"168\" data-end=\"202\" class=\"translation-block\"><strong>\u0422\u0435\u043c\u043f\u0435\u0440\u0430\u0442\u0443\u0440\u0430 \u0432\u043e\u0434\u0438<\/strong>: 95\u2013100\u00b0C<\/li>\n<li data-start=\"203\" data-end=\"281\" class=\"translation-block\"><strong>\u041f\u0435\u0440\u0448\u0435 \u0437\u0430\u0432\u0430\u0440\u044e\u0432\u0430\u043d\u043d\u044f<\/strong>: \u043a\u043e\u0440\u043e\u0442\u043a\u0435 \u043f\u0440\u043e\u043c\u0438\u0432\u0430\u043d\u043d\u044f \u0447\u0430\u044e \u043e\u043a\u0440\u043e\u043f\u043e\u043c (3\u20135 \u0441\u0435\u043a\u0443\u043d\u0434)<\/li>\n<li data-start=\"282\" data-end=\"424\"><strong data-start=\"284\" data-end=\"301\">\u0427\u0430\u0441 \u0437\u0430\u0432\u0430\u0440\u044e\u0432\u0430\u043d\u043d\u044f<\/strong>:\n<ul data-start=\"307\" data-end=\"424\">\n<li data-start=\"307\" data-end=\"335\">\n<ol data-start=\"309\" data-end=\"335\">\n<li data-start=\"309\" data-end=\"335\">\u0437\u0430\u0432\u0430\u0440\u044e\u0432\u0430\u043d\u043d\u044f: 5\u201310 \u0441\u0435\u043a\u0443\u043d\u0434<\/li>\n<\/ol>\n<\/li>\n<li data-start=\"338\" data-end=\"367\">\n<ol start=\"2\" data-start=\"340\" data-end=\"367\">\n<li data-start=\"340\" data-end=\"367\">\u0437\u0430\u0432\u0430\u0440\u044e\u0432\u0430\u043d\u043d\u044f: 10\u201315 \u0441\u0435\u043a\u0443\u043d\u0434<\/li>\n<\/ol>\n<\/li>\n<li data-start=\"370\" data-end=\"424\">\u041d\u0430\u0441\u0442\u0443\u043f\u043d\u0456 \u0437\u0430\u0432\u0430\u0440\u044e\u0432\u0430\u043d\u043d\u044f: \u043f\u043e\u0441\u0442\u0443\u043f\u043e\u0432\u043e \u0437\u0431\u0456\u043b\u044c\u0448\u0443\u0432\u0430\u0442\u0438 \u043d\u0430 5\u201310 \u0441\u0435\u043a\u0443\u043d\u0434<\/li>\n<\/ul>\n<\/li>\n<li data-start=\"425\" data-end=\"481\" class=\"translation-block\"><strong>\u041a\u0456\u043b\u044c\u043a\u0456\u0441\u0442\u044c \u0437\u0430\u0432\u0430\u0440\u044e\u0432\u0430\u043d\u044c<\/strong>: 8\u201312, \u0437\u0430\u043b\u0435\u0436\u043d\u043e \u0432\u0456\u0434 \u0443\u043f\u043e\u0434\u043e\u0431\u0430\u043d\u044c<\/li>\n<\/ul>\n<p data-start=\"483\" data-end=\"659\">\u0427\u0430\u0439 \u0437\u043c\u0456\u043d\u044e\u0454\u0442\u044c\u0441\u044f \u0437 \u043a\u043e\u0436\u043d\u0438\u043c \u043d\u0430\u0441\u0442\u0443\u043f\u043d\u0438\u043c \u0437\u0430\u0432\u0430\u0440\u044e\u0432\u0430\u043d\u043d\u044f\u043c \u2013 \u0441\u043f\u043e\u0447\u0430\u0442\u043a\u0443 \u0434\u043e\u043c\u0456\u043d\u0443\u044e\u0442\u044c \u0434\u0435\u0440\u0435\u0432\u043d\u0456, \u0437\u0435\u043c\u043b\u0438\u0441\u0442\u0456 \u0442\u0430 \u0442\u044e\u0442\u044e\u043d\u043e\u0432\u0456 \u043d\u043e\u0442\u0438, \u043f\u0456\u0437\u043d\u0456\u0448\u0435 \u0437\u2019\u044f\u0432\u043b\u044f\u0454\u0442\u044c\u0441\u044f \u043d\u0456\u0436\u043d\u0430 \u0441\u043e\u043b\u043e\u0434\u043a\u0456\u0441\u0442\u044c \u0456 \u0442\u043e\u043d\u043a\u0430 \u043c\u0435\u043d\u0442\u043e\u043b\u043e\u0432\u0430 \u0441\u0432\u0456\u0436\u0456\u0441\u0442\u044c.<\/p>\n<hr data-start=\"661\" data-end=\"664\" \/>\n<h6 data-start=\"666\" data-end=\"714\"><strong data-start=\"671\" data-end=\"712\">\u0417\u0430\u0432\u0430\u0440\u044e\u0432\u0430\u043d\u043d\u044f \u043a\u043b\u0430\u0441\u0438\u0447\u043d\u0438\u043c \u043c\u0435\u0442\u043e\u0434\u043e\u043c (\u043d\u0430\u0441\u0442\u043e\u044f\u0432\u0430\u043d\u043d\u044f)<\/strong><\/h6>\n<ul data-start=\"715\" data-end=\"905\">\n<li data-start=\"715\" data-end=\"777\"><strong data-start=\"717\" data-end=\"729\">Naczynie<\/strong>: czajnik\/termos, 3\u20135 g herbaty na 250 ml wody<\/li>\n<li data-start=\"778\" data-end=\"812\" class=\"translation-block\"><strong>\u0422\u0435\u043c\u043f\u0435\u0440\u0430\u0442\u0443\u0440\u0430 \u0432\u043e\u0434\u0438<\/strong>: 95\u2013100\u00b0C<\/li>\n<li data-start=\"813\" data-end=\"845\"><strong data-start=\"815\" data-end=\"832\">\u0427\u0430\u0441 \u0437\u0430\u0432\u0430\u0440\u044e\u0432\u0430\u043d\u043d\u044f<\/strong>: 3\u20135 minut<\/li>\n<li data-start=\"846\" data-end=\"905\"><strong data-start=\"848\" data-end=\"865\">\u041a\u0456\u043b\u044c\u043a\u0456\u0441\u0442\u044c \u0437\u0430\u0432\u0430\u0440\u044e\u0432\u0430\u043d\u044c<\/strong>: 2\u20133 (drugie parzenie mo\u017cna wyd\u0142u\u017cy\u0107)<\/li>\n<\/ul>\n<p><a href=\"https:\/\/teaeye.pl\/uk\/product-category\/czarna-herbata\/\" target=\"_blank\" rel=\"noopener\">Czarna herbata \u2013 wszystkie produkty<\/a><br \/>\n<a href=\"https:\/\/en.wikipedia.org\/wiki\/Liu_Bao_tea\" target=\"_blank\" rel=\"noopener\">Wikipedia: Liu Bao tea<\/a><\/p>","protected":false},"excerpt":{"rendered":"<p data-start=\"121\" data-end=\"486\">\u041b\u0430\u043e \u041b\u044e \u0411\u0430\u043e \u0437 \u0413\u0443\u0430\u043d\u0441\u0456 \u2014 \u0446\u0435 \u0443\u043d\u0456\u043a\u0430\u043b\u044c\u043d\u0438\u0439 \u0447\u043e\u0440\u043d\u0438\u0439 \u0447\u0430\u0439, \u0441\u0442\u0432\u043e\u0440\u0435\u043d\u0438\u0439 \u0443 \u0440\u0435\u0437\u0443\u043b\u044c\u0442\u0430\u0442\u0456 \u0435\u043a\u0441\u043f\u0435\u0440\u0438\u043c\u0435\u043d\u0442\u0430\u043b\u044c\u043d\u043e\u0433\u043e \u043f\u0440\u043e\u0446\u0435\u0441\u0443, \u043d\u0430\u0442\u0445\u043d\u0435\u043d\u043d\u043e\u0433\u043e \u0442\u0440\u0430\u0434\u0438\u0446\u0456\u0454\u044e \u041b\u044e \u0411\u0430\u043e. \u0417\u0430\u043c\u0456\u0441\u0442\u044c \u0442\u0438\u043f\u043e\u0432\u043e\u0457 \u0444\u0435\u0440\u043c\u0435\u043d\u0442\u0430\u0446\u0456\u0457 \u043b\u0438\u0441\u0442\u044f \u041b\u044e \u0411\u0430\u043e \u0432\u0438\u043a\u043e\u0440\u0438\u0441\u0442\u0430\u043b\u0438 \u043e\u0441\u043d\u043e\u0432\u0443 \u0447\u043e\u0440\u043d\u043e\u0433\u043e \u0447\u0430\u044e, \u044f\u043a\u0443 \u043f\u043e\u0442\u0456\u043c \u043f\u0440\u043e\u0442\u044f\u0433\u043e\u043c 7 \u0440\u043e\u043a\u0456\u0432 \u0432\u0438\u0442\u0440\u0438\u043c\u0443\u0432\u0430\u043b\u0438 \u0443 \u0432\u0435\u043b\u0438\u043a\u0438\u0445 \u0434\u0435\u0440\u0435\u0432\u2019\u044f\u043d\u0438\u0445 \u044f\u0449\u0438\u043a\u0430\u0445 \u0456\u0437 \u0442\u0440\u043e\u043f\u0456\u0447\u043d\u043e\u0457 \u0434\u0435\u0440\u0435\u0432\u0438\u043d\u0438. \u0426\u0435\u0439 \u0443\u043d\u0456\u043a\u0430\u043b\u044c\u043d\u0438\u0439 \u043f\u0440\u043e\u0446\u0435\u0441 \u043d\u0430\u0434\u0430\u0432 \u043d\u0430\u0441\u0442\u043e\u044e \u0431\u0430\u0433\u0430\u0442\u043e\u0448\u0430\u0440\u043e\u0432\u0438\u0439 \u0441\u043c\u0430\u043a \u2014 \u0432\u0456\u0434 \u0441\u043e\u043b\u043e\u0434\u043a\u0438\u0445 \u043d\u043e\u0442 \u0431\u0443\u0440\u044f\u043a\u0430 \u0442\u0430 \u043b\u0435\u0433\u043a\u043e\u0457 \u0433\u0456\u0440\u043a\u0443\u0432\u0430\u0442\u043e\u0441\u0442\u0456, \u0447\u0435\u0440\u0435\u0437 \u0430\u0440\u043e\u043c\u0430\u0442\u0438 \u0434\u0443\u0431\u043e\u0432\u0438\u0445 \u0431\u043e\u0447\u043e\u043a \u0456 \u0442\u044e\u0442\u044e\u043d\u0443, \u0430\u0436 \u0434\u043e \u043e\u0441\u0432\u0456\u0436\u0430\u044e\u0447\u043e\u0433\u043e \u043c\u0435\u043d\u0442\u043e\u043b\u043e\u0432\u043e\u0433\u043e \u043f\u0456\u0441\u043b\u044f\u0441\u043c\u0430\u043a\u0443. \u0427\u0430\u0439 \u043c\u0430\u0454 \u0437\u0456\u0433\u0440\u0456\u0432\u0430\u044e\u0447\u0443 \u0434\u0456\u044e, \u0437\u0430\u0441\u043f\u043e\u043a\u043e\u044e\u0454 \u0442\u0430 \u0441\u043f\u0440\u0438\u044f\u0454 \u043a\u043e\u043d\u0446\u0435\u043d\u0442\u0440\u0430\u0446\u0456\u0457, \u0456\u0434\u0435\u0430\u043b\u044c\u043d\u043e \u043f\u0456\u0434\u0445\u043e\u0434\u0438\u0442\u044c \u0434\u043b\u044f \u043f\u043e\u0432\u0456\u043b\u044c\u043d\u043e\u0457 \u0434\u0435\u0433\u0443\u0441\u0442\u0430\u0446\u0456\u0457 \u0442\u0430 \u043e\u0446\u0456\u043d\u043a\u0438 \u0439\u043e\u0433\u043e \u0435\u0432\u043e\u043b\u044e\u0446\u0456\u0457 \u0432 \u043d\u0430\u0441\u0442\u0443\u043f\u043d\u0438\u0445 \u043d\u0430\u0441\u0442\u043e\u044e\u0432\u0430\u043d\u043d\u044f\u0445.<\/p>","protected":false},"featured_media":11946,"comment_status":"open","ping_status":"closed","template":"","meta":[],"product_cat":[116],"product_tag":[],"class_list":{"0":"post-11945","1":"product","2":"type-product","3":"status-publish","4":"has-post-thumbnail","6":"product_cat-czarna-herbata","8":"first","9":"outofstock","10":"shipping-taxable","11":"purchasable","12":"product-type-variable"},"aioseo_notices":[],"_links":{"self":[{"href":"https:\/\/teaeye.pl\/uk\/wp-json\/wp\/v2\/product\/11945","targetHints":{"allow":["GET"]}}],"collection":[{"href":"https:\/\/teaeye.pl\/uk\/wp-json\/wp\/v2\/product"}],"about":[{"href":"https:\/\/teaeye.pl\/uk\/wp-json\/wp\/v2\/types\/product"}],"replies":[{"embeddable":true,"href":"https:\/\/teaeye.pl\/uk\/wp-json\/wp\/v2\/comments?post=11945"}],"version-history":[{"count":4,"href":"https:\/\/teaeye.pl\/uk\/wp-json\/wp\/v2\/product\/11945\/revisions"}],"predecessor-version":[{"id":14091,"href":"https:\/\/teaeye.pl\/uk\/wp-json\/wp\/v2\/product\/11945\/revisions\/14091"}],"wp:featuredmedia":[{"embeddable":true,"href":"https:\/\/teaeye.pl\/uk\/wp-json\/wp\/v2\/media\/11946"}],"wp:attachment":[{"href":"https:\/\/teaeye.pl\/uk\/wp-json\/wp\/v2\/media?parent=11945"}],"wp:term":[{"taxonomy":"product_cat","embeddable":true,"href":"https:\/\/teaeye.pl\/uk\/wp-json\/wp\/v2\/product_cat?post=11945"},{"taxonomy":"product_tag","embeddable":true,"href":"https:\/\/teaeye.pl\/uk\/wp-json\/wp\/v2\/product_tag?post=11945"}],"curies":[{"name":"wp","href":"https:\/\/api.w.org\/{rel}","templated":true}]}}