{"id":11954,"date":"2025-03-18T14:11:44","date_gmt":"2025-03-18T14:11:44","guid":{"rendered":"https:\/\/teaeye.pl\/?post_type=product&#038;p=11954"},"modified":"2025-08-12T14:33:17","modified_gmt":"2025-08-12T14:33:17","slug":"kubek-termiczny-do-zaparzania-350ml-2","status":"publish","type":"product","link":"https:\/\/teaeye.pl\/uk\/product\/kubek-termiczny-do-zaparzania-350ml-2\/","title":{"rendered":"\u0422\u0435\u0440\u043c\u043e\u043a\u0440\u0443\u0436\u043a\u0430 \u0434\u043b\u044f \u0437\u0430\u0432\u0430\u0440\u044e\u0432\u0430\u043d\u043d\u044f 350\u043c\u043b"},"content":{"rendered":"<p data-start=\"31\" data-end=\"64\"><strong data-start=\"31\" data-end=\"64\">Jak parzy\u0107 herbat\u0119 w butelce?<\/strong><\/p>\n<p data-start=\"66\" data-end=\"113\"><strong data-start=\"66\" data-end=\"111\">Metoda &#8222;W ruchu&#8221; (pijemy z du\u017cej butelki)<\/strong><\/p>\n<ol data-start=\"114\" data-end=\"701\">\n<li data-start=\"114\" data-end=\"163\">Wsyp herbat\u0119 do ma\u0142ej kolby i zamocuj sitko.<\/li>\n<li data-start=\"164\" data-end=\"275\">Nape\u0142nij du\u017c\u0105 butelk\u0119 wod\u0105, pozostawiaj\u0105c troch\u0119 miejsca u g\u00f3ry, i zakr\u0119\u0107 na niej pozosta\u0142\u0105 cz\u0119\u015b\u0107 butelki.<\/li>\n<li data-start=\"276\" data-end=\"540\">Odwr\u00f3\u0107 butelk\u0119 i pozw\u00f3l herbacie zaparzy\u0107 si\u0119 przez odpowiedni czas: kilka sekund przy parzeniu przez przelew lub kilka minut przy parzeniu na parzenie. Je\u015bli herbata nie boi si\u0119 nadmiernego ekstrakcji lub u\u017cywasz zimnej wody, mo\u017cesz zostawi\u0107 na kilka godzin.<\/li>\n<li data-start=\"541\" data-end=\"628\">Odwr\u00f3\u0107 butelk\u0119 z powrotem i poczekaj, a\u017c ca\u0142y napar przeleje si\u0119 do du\u017cej butelki.<\/li>\n<li data-start=\"629\" data-end=\"701\">Odetnij ma\u0142\u0105 kolb\u0119 z sitkiem. Herbata gotowa! Mo\u017cna pi\u0107 na bie\u017c\u0105co.<\/li>\n<\/ol>\n<p data-start=\"703\" data-end=\"781\"><strong data-start=\"703\" data-end=\"779\">Metoda &#8222;W spokoju&#8221; (pijemy z ma\u0142ej fili\u017canki), parzenie przez zaparzanie<\/strong><\/p>\n<ol data-start=\"782\" data-end=\"976\">\n<li data-start=\"782\" data-end=\"828\">Wsyp herbat\u0119 do du\u017cej kolby i zalej wod\u0105.<\/li>\n<li data-start=\"829\" data-end=\"904\">Zakr\u0119\u0107 sitko i poczekaj, a\u017c herbata si\u0119 zaparzy przez odpowiedni czas.<\/li>\n<li data-start=\"905\" data-end=\"976\">Herbata gotowa! Przelej j\u0105 do ma\u0142ej fili\u017canki i ciesz si\u0119 smakiem.<\/li>\n<\/ol>\n<p data-start=\"978\" data-end=\"1053\"><strong data-start=\"978\" data-end=\"1051\">Metoda &#8222;W spokoju&#8221; (pijemy z ma\u0142ej fili\u017canki), parzenie przez przelew<\/strong><\/p>\n<ol data-start=\"1054\" data-end=\"1445\">\n<li data-start=\"1054\" data-end=\"1103\">Wsyp herbat\u0119 do du\u017cej kolby i zamocuj sitko.<\/li>\n<li data-start=\"1104\" data-end=\"1206\">Nape\u0142nij ma\u0142\u0105 kolb\u0119 wod\u0105, nie wype\u0142niaj\u0105c jej do ko\u0144ca, i zakr\u0119\u0107 na niej pozosta\u0142\u0105 cz\u0119\u015b\u0107 butelki.<\/li>\n<li data-start=\"1207\" data-end=\"1280\">Odwr\u00f3\u0107 butelk\u0119 i pozw\u00f3l herbacie zaparzy\u0107 si\u0119 przez oko\u0142o 10 sekund.<\/li>\n<li data-start=\"1281\" data-end=\"1366\">Odwr\u00f3\u0107 butelk\u0119 z powrotem i poczekaj, a\u017c ca\u0142y napar przeleje si\u0119 do ma\u0142ej kolby.<\/li>\n<li data-start=\"1367\" data-end=\"1445\">Odetnij du\u017c\u0105 kolb\u0119 z sitkiem. Tw\u00f3j pierwszy przelew jest gotowy, mo\u017cna pi\u0107!<\/li>\n<\/ol>","protected":false},"excerpt":{"rendered":"<p>Wewn\u0105trz znajduje si\u0119 stalowe sitko, kt\u00f3re pozwala wodzie r\u00f3wnomiernie przep\u0142ywa\u0107 przez li\u015bcie herbaty, gwarantuj\u0105c bogaty nap\u00f3j. Wygodny kszta\u0142t sprawia, \u017ce idealnie le\u017cy w d\u0142oni, zapewniaj\u0105c komfortowe u\u017cytkowanie. Urz\u0105dzenie posiada pojemnik, kt\u00f3ry s\u0142u\u017cy do zaparzania napoju, ale mo\u017cna go r\u00f3wnie\u017c u\u017cywa\u0107 jako czarki do picia.<\/p>\n<p><strong>Poni\u017cej w opisie znajduje si\u0119 instrukcja, jak korzysta\u0107 z butelki.\u00a0<\/strong><\/p>","protected":false},"featured_media":11955,"comment_status":"open","ping_status":"closed","template":"","meta":[],"product_cat":[129,151,130,139],"product_tag":[],"class_list":{"0":"post-11954","1":"product","2":"type-product","3":"status-publish","4":"has-post-thumbnail","6":"product_cat-akcesoria","7":"product_cat-bez-ceregieli","8":"product_cat-naczynia","9":"product_cat-termosy","11":"first","12":"outofstock","13":"shipping-taxable","14":"purchasable","15":"product-type-simple"},"aioseo_notices":[],"_links":{"self":[{"href":"https:\/\/teaeye.pl\/uk\/wp-json\/wp\/v2\/product\/11954","targetHints":{"allow":["GET"]}}],"collection":[{"href":"https:\/\/teaeye.pl\/uk\/wp-json\/wp\/v2\/product"}],"about":[{"href":"https:\/\/teaeye.pl\/uk\/wp-json\/wp\/v2\/types\/product"}],"replies":[{"embeddable":true,"href":"https:\/\/teaeye.pl\/uk\/wp-json\/wp\/v2\/comments?post=11954"}],"version-history":[{"count":1,"href":"https:\/\/teaeye.pl\/uk\/wp-json\/wp\/v2\/product\/11954\/revisions"}],"predecessor-version":[{"id":11956,"href":"https:\/\/teaeye.pl\/uk\/wp-json\/wp\/v2\/product\/11954\/revisions\/11956"}],"wp:featuredmedia":[{"embeddable":true,"href":"https:\/\/teaeye.pl\/uk\/wp-json\/wp\/v2\/media\/11955"}],"wp:attachment":[{"href":"https:\/\/teaeye.pl\/uk\/wp-json\/wp\/v2\/media?parent=11954"}],"wp:term":[{"taxonomy":"product_cat","embeddable":true,"href":"https:\/\/teaeye.pl\/uk\/wp-json\/wp\/v2\/product_cat?post=11954"},{"taxonomy":"product_tag","embeddable":true,"href":"https:\/\/teaeye.pl\/uk\/wp-json\/wp\/v2\/product_tag?post=11954"}],"curies":[{"name":"wp","href":"https:\/\/api.w.org\/{rel}","templated":true}]}}