{"id":12029,"date":"2025-04-11T19:58:54","date_gmt":"2025-04-11T19:58:54","guid":{"rendered":"https:\/\/teaeye.pl\/?post_type=product&#038;p=12029"},"modified":"2025-11-08T12:16:15","modified_gmt":"2025-11-08T12:16:15","slug":"ya-shi-xiang-xuan","status":"publish","type":"product","link":"https:\/\/teaeye.pl\/uk\/product\/ya-shi-xiang-xuan\/","title":{"rendered":"\u042f \u0428\u0438 \u0421\u044f\u043d \u0421\u044e\u0430\u043d\u044c"},"content":{"rendered":"<p><strong data-start=\"227\" data-end=\"248\">\u042f \u0428\u0438 \u0421\u044f\u043d \u0421\u044e\u0430\u043d\u044c<\/strong> to wyrafinowany dancong o subtelnym aromacie kwiat\u00f3w, jag\u00f3d i przypraw. Bursztynowo-r\u00f3\u017cowy napar zachwyca g\u0142\u0119bi\u0105, oleisto\u015bci\u0105 i harmoni\u0105. Herbata dla uwa\u017cnych \u2013 rozwija si\u0119 powoli, warstwowo, oferuj\u0105c d\u0142ugi i \u015bwie\u017cy posmak. Doskona\u0142a na spokojne sesje herbaciane.<\/p>\n<p><a href=\"https:\/\/teaeye.pl\/uk\/product-category\/oolong\/ciemny\/\" target=\"_blank\" rel=\"noopener\">Ciemne oolongi \u2013 pe\u0142na kategoria<\/a><br \/>\n<a href=\"https:\/\/en.wikipedia.org\/wiki\/Dancong_tea\" target=\"_blank\" rel=\"noopener\">Wikipedia: Dancong tea<\/a><\/p>","protected":false},"excerpt":{"rendered":"<p><strong>\u042f \u0428\u0438 \u0421\u044f\u043d \u0421\u044e\u0430\u043d\u044c<\/strong> to herbata idealna na niespieszne sesje herbaciane, kiedy liczy si\u0119 ka\u017cda chwila. To wybitny dancong, kt\u00f3ry rozwija si\u0119 we w\u0142asnym tempie i nie znosi po\u015bpiechu. Wszystko w niej \u2014 od aromatu po posmak \u2014 jest zr\u00f3wnowa\u017cone i harmonijne.<\/p>\n<p>Aromat jest lekki i subtelny \u2014 kwiatowe i jagodowe nuty przeplataj\u0105 si\u0119 z delikatnym akcentem przypraw. Napar jest klarowny i intensywny, z bursztynowo-r\u00f3\u017cowymi odcieniami, szczeg\u00f3lnie wyra\u017anymi w pierwszych zalaniach.<\/p>\n<p>Smak jest bogaty, oleisty i g\u0142\u0119boki. Lekka cierpko\u015b\u0107 r\u00f3wnowa\u017cy si\u0119 ze s\u0142odycz\u0105 i \u0142agodnymi nutami. Z czasem pojawiaj\u0105 si\u0119 kolejne warstwy smaku \u2014 przyprawy, owoce le\u015bne, akcenty drzewne. Posmak jest d\u0142ugi, z lekk\u0105 kwaskowato\u015bci\u0105 i \u015bwie\u017co\u015bci\u0105.<\/p>\n<p><strong>\u042f \u0428\u0438 \u0421\u044f\u043d \u0421\u044e\u0430\u043d\u044c<\/strong> wymaga uwagi przy parzeniu, aby w pe\u0142ni ukaza\u0107 swoje walory. To nie jest herbata na szybko \u2014 ale dla tych, kt\u00f3rzy gotowi s\u0105 po\u015bwi\u0119ci\u0107 jej troch\u0119 czasu, stanie si\u0119 wspania\u0142ym przyk\u0142adem wysokiej klasy ulunga z Guangdongu.<\/p>","protected":false},"featured_media":12030,"comment_status":"open","ping_status":"closed","template":"","meta":[],"product_cat":[112,171,149,108],"product_tag":[],"class_list":{"0":"post-12029","1":"product","2":"type-product","3":"status-publish","4":"has-post-thumbnail","6":"product_cat-ciemny","7":"product_cat-dancong","8":"product_cat-herbata","9":"product_cat-oolong","11":"first","12":"outofstock","13":"shipping-taxable","14":"purchasable","15":"product-type-variable"},"aioseo_notices":[],"_links":{"self":[{"href":"https:\/\/teaeye.pl\/uk\/wp-json\/wp\/v2\/product\/12029","targetHints":{"allow":["GET"]}}],"collection":[{"href":"https:\/\/teaeye.pl\/uk\/wp-json\/wp\/v2\/product"}],"about":[{"href":"https:\/\/teaeye.pl\/uk\/wp-json\/wp\/v2\/types\/product"}],"replies":[{"embeddable":true,"href":"https:\/\/teaeye.pl\/uk\/wp-json\/wp\/v2\/comments?post=12029"}],"version-history":[{"count":2,"href":"https:\/\/teaeye.pl\/uk\/wp-json\/wp\/v2\/product\/12029\/revisions"}],"predecessor-version":[{"id":13145,"href":"https:\/\/teaeye.pl\/uk\/wp-json\/wp\/v2\/product\/12029\/revisions\/13145"}],"wp:featuredmedia":[{"embeddable":true,"href":"https:\/\/teaeye.pl\/uk\/wp-json\/wp\/v2\/media\/12030"}],"wp:attachment":[{"href":"https:\/\/teaeye.pl\/uk\/wp-json\/wp\/v2\/media?parent=12029"}],"wp:term":[{"taxonomy":"product_cat","embeddable":true,"href":"https:\/\/teaeye.pl\/uk\/wp-json\/wp\/v2\/product_cat?post=12029"},{"taxonomy":"product_tag","embeddable":true,"href":"https:\/\/teaeye.pl\/uk\/wp-json\/wp\/v2\/product_tag?post=12029"}],"curies":[{"name":"wp","href":"https:\/\/api.w.org\/{rel}","templated":true}]}}