{"id":12151,"date":"2025-04-28T15:16:46","date_gmt":"2025-04-28T15:16:46","guid":{"rendered":"https:\/\/teaeye.pl\/?post_type=product&#038;p=12151"},"modified":"2025-06-24T08:11:18","modified_gmt":"2025-06-24T08:11:18","slug":"shou-mei-puszka-80g","status":"publish","type":"product","link":"https:\/\/teaeye.pl\/uk\/product\/shou-mei-puszka-80g\/","title":{"rendered":"Shou Mei Puszka 80g"},"content":{"rendered":"<p>Shou Mei to delikatna bia\u0142a herbata o s\u0142odkim, miodowym smaku i kwiatowo-owocowym aromacie. Jasny bursztynowy napar dzia\u0142a koj\u0105co i relaksuj\u0105co. Idealna dla mi\u0142o\u015bnik\u00f3w subtelnych, wyrafinowanych herbat.<\/p>","protected":false},"excerpt":{"rendered":"<p>&#8222;Shou Mei&#8221; to wyrafinowana bia\u0142a herbata, kt\u00f3ra zachwyca \u015bwie\u017cym i kwiatowym aromatem z delikatnymi owocowymi nutami. Smak &#8222;Shou Mei&#8221; jest \u0142agodny i s\u0142odki, z subtelnymi akcentami miodu oraz d\u0142ugim, delikatnym posmakiem.<\/p>\n<p>Li\u015bcie herbaty s\u0105 du\u017ce, cienkie i nie do ko\u0144ca rozwini\u0119te, co nadaje jej szczeg\u00f3ln\u0105 lekko\u015b\u0107 i wyrafinowanie. Posiadaj\u0105 charakterystyczny s\u0142odkawy aromat, kt\u00f3ry podczas parzenia ujawnia bogaty i intensywny napar. Kolor naparu waha si\u0119 od jasnego bursztynowego do bladozielonego, tworz\u0105c przyjemny efekt wizualny.<\/p>\n<p>Ta herbata nie tylko cieszy smakiem, ale r\u00f3wnie\u017c przynosi pozytywny wp\u0142yw na organizm. Wspomaga relaksacj\u0119, uspokaja i dodaje energii, \u0142agodnie podnosz\u0105c og\u00f3lny tonus organizmu.<\/p>\n<p>&#8222;Shou Mei&#8221; nadaje si\u0119 na ka\u017cd\u0105 por\u0119 dnia i b\u0119dzie doskona\u0142ym wyborem dla tych, kt\u00f3rzy szukaj\u0105 delikatnej i wyrafinowanej bia\u0142ej herbaty. Dzi\u0119ki swojej subtelno\u015bci i delikatnemu smakowi, mo\u017ce sta\u0107 si\u0119 prawdziwym rytua\u0142em dla mi\u0142o\u015bnik\u00f3w herbaty, wymagaj\u0105cym uwagi i pewnego do\u015bwiadczenia w parzeniu, aby w pe\u0142ni ujawni\u0107 sw\u00f3j potencja\u0142.<\/p>","protected":false},"featured_media":12152,"comment_status":"open","ping_status":"closed","template":"","meta":[],"product_cat":[118],"product_tag":[],"class_list":{"0":"post-12151","1":"product","2":"type-product","3":"status-publish","4":"has-post-thumbnail","6":"product_cat-biala-herbata","8":"first","9":"outofstock","10":"shipping-taxable","11":"purchasable","12":"product-type-simple"},"aioseo_notices":[],"_links":{"self":[{"href":"https:\/\/teaeye.pl\/uk\/wp-json\/wp\/v2\/product\/12151","targetHints":{"allow":["GET"]}}],"collection":[{"href":"https:\/\/teaeye.pl\/uk\/wp-json\/wp\/v2\/product"}],"about":[{"href":"https:\/\/teaeye.pl\/uk\/wp-json\/wp\/v2\/types\/product"}],"replies":[{"embeddable":true,"href":"https:\/\/teaeye.pl\/uk\/wp-json\/wp\/v2\/comments?post=12151"}],"version-history":[{"count":3,"href":"https:\/\/teaeye.pl\/uk\/wp-json\/wp\/v2\/product\/12151\/revisions"}],"predecessor-version":[{"id":13251,"href":"https:\/\/teaeye.pl\/uk\/wp-json\/wp\/v2\/product\/12151\/revisions\/13251"}],"wp:featuredmedia":[{"embeddable":true,"href":"https:\/\/teaeye.pl\/uk\/wp-json\/wp\/v2\/media\/12152"}],"wp:attachment":[{"href":"https:\/\/teaeye.pl\/uk\/wp-json\/wp\/v2\/media?parent=12151"}],"wp:term":[{"taxonomy":"product_cat","embeddable":true,"href":"https:\/\/teaeye.pl\/uk\/wp-json\/wp\/v2\/product_cat?post=12151"},{"taxonomy":"product_tag","embeddable":true,"href":"https:\/\/teaeye.pl\/uk\/wp-json\/wp\/v2\/product_tag?post=12151"}],"curies":[{"name":"wp","href":"https:\/\/api.w.org\/{rel}","templated":true}]}}