{"id":12160,"date":"2025-05-01T12:47:45","date_gmt":"2025-05-01T12:47:45","guid":{"rendered":"https:\/\/teaeye.pl\/?post_type=product&#038;p=12160"},"modified":"2026-04-11T05:27:38","modified_gmt":"2026-04-11T05:27:38","slug":"osmanthus-oolong","status":"publish","type":"product","link":"https:\/\/teaeye.pl\/uk\/product\/osmanthus-oolong\/","title":{"rendered":"\u041e\u0441\u043c\u0430\u043d\u0442\u0443\u0441 \u0443\u043b\u0443\u043d"},"content":{"rendered":"<p>Subtelny <strong data-start=\"232\" data-end=\"268\">jasny oolong z kwiatem osmantusa<\/strong>, w kt\u00f3rym naturalna kwiatowa s\u0142odycz nie dominuje, lecz pi\u0119knie uzupe\u0142nia herbat\u0119. Delikatny, lekki i harmonijny napar \u2013 idealny dla tych, kt\u00f3rzy szukaj\u0105 smaku bez przesady i sztuczno\u015bci.<\/p>\n<p><a href=\"https:\/\/teaeye.pl\/uk\/product-category\/oolong\/jasny\/\" target=\"_blank\" rel=\"noopener\">Jasny oolong \u2013 pe\u0142na oferta<\/a><br \/>\n<a href=\"https:\/\/en.wikipedia.org\/wiki\/Osmanthus\" target=\"_blank\" rel=\"noopener\">Wikipedia: Osmanthus<\/a><\/p>","protected":false},"excerpt":{"rendered":"<p>To aromatyzowana, jasna odmiana oolonga o subtelnym i naturalnym charakterze. Kwiaty osmantusa delikatnie podkre\u015blaj\u0105 smak herbaty \u2014 nie dominuj\u0105, lecz uzupe\u0142niaj\u0105 go, wydobywaj\u0105c naturaln\u0105 kwiatow\u0105 s\u0142odycz. Lekka, orze\u017awiaj\u0105ca i bardzo pijalna herbata dla tych, kt\u00f3rzy szukaj\u0105 harmonii i r\u00f3wnowagi bez przesadnej aromatyzacji.<\/p>","protected":false},"featured_media":12161,"comment_status":"open","ping_status":"closed","template":"","meta":[],"product_cat":[144,149,108],"product_tag":[],"class_list":{"0":"post-12160","1":"product","2":"type-product","3":"status-publish","4":"has-post-thumbnail","6":"product_cat-aromatyzowane","7":"product_cat-herbata","8":"product_cat-oolong","10":"first","11":"instock","12":"shipping-taxable","13":"purchasable","14":"product-type-variable"},"aioseo_notices":[],"_links":{"self":[{"href":"https:\/\/teaeye.pl\/uk\/wp-json\/wp\/v2\/product\/12160","targetHints":{"allow":["GET"]}}],"collection":[{"href":"https:\/\/teaeye.pl\/uk\/wp-json\/wp\/v2\/product"}],"about":[{"href":"https:\/\/teaeye.pl\/uk\/wp-json\/wp\/v2\/types\/product"}],"replies":[{"embeddable":true,"href":"https:\/\/teaeye.pl\/uk\/wp-json\/wp\/v2\/comments?post=12160"}],"version-history":[{"count":3,"href":"https:\/\/teaeye.pl\/uk\/wp-json\/wp\/v2\/product\/12160\/revisions"}],"predecessor-version":[{"id":13935,"href":"https:\/\/teaeye.pl\/uk\/wp-json\/wp\/v2\/product\/12160\/revisions\/13935"}],"wp:featuredmedia":[{"embeddable":true,"href":"https:\/\/teaeye.pl\/uk\/wp-json\/wp\/v2\/media\/12161"}],"wp:attachment":[{"href":"https:\/\/teaeye.pl\/uk\/wp-json\/wp\/v2\/media?parent=12160"}],"wp:term":[{"taxonomy":"product_cat","embeddable":true,"href":"https:\/\/teaeye.pl\/uk\/wp-json\/wp\/v2\/product_cat?post=12160"},{"taxonomy":"product_tag","embeddable":true,"href":"https:\/\/teaeye.pl\/uk\/wp-json\/wp\/v2\/product_tag?post=12160"}],"curies":[{"name":"wp","href":"https:\/\/api.w.org\/{rel}","templated":true}]}}