{"id":12232,"date":"2025-05-01T13:25:56","date_gmt":"2025-05-01T13:25:56","guid":{"rendered":"https:\/\/teaeye.pl\/?post_type=product&#038;p=12232"},"modified":"2026-02-10T14:34:31","modified_gmt":"2026-02-10T14:34:31","slug":"long-jing-z-mei-jia-wu-ming-qian-wiosna-2025","status":"publish","type":"product","link":"https:\/\/teaeye.pl\/uk\/product\/long-jing-z-mei-jia-wu-ming-qian-wiosna-2025\/","title":{"rendered":"\u041b\u0443\u043d \u0426\u0437\u0438\u043d (\u041c\u0435\u0439 \u0426\u0437\u044f \u0423, \u0432\u0435\u0441\u043d\u0430 2025)"},"content":{"rendered":"<h1>\u041b\u0443\u043d \u0426\u0437\u0438\u043d (\u041c\u0435\u0439 \u0426\u0437\u044f \u0423, \u0432\u0435\u0441\u043d\u0430 2025) \u2013 \u043a\u043b\u0430\u0441\u0438\u043a\u0430 \u0437\u0435\u043b\u0435\u043d\u043e\u0433\u043e \u0447\u0430\u044e \u0437 \u0441\u0435\u0440\u0446\u044f \u0421\u0456\u0445\u0443<\/h1>\n<p><b>Long Jing<\/b>, \u0432\u0456\u0434\u043e\u043c\u0438\u0439 \u0443 \u0432\u0441\u044c\u043e\u043c\u0443 \u0441\u0432\u0456\u0442\u0456 \u044f\u043a \u00ab\u041a\u0440\u0438\u043d\u0438\u0446\u044f \u0414\u0440\u0430\u043a\u043e\u043d\u0430\u00bb, \u0454 \u043e\u0434\u043d\u0438\u043c \u0437 \u043d\u0430\u0439\u0432\u0456\u0434\u043e\u043c\u0456\u0448\u0438\u0445 \u0456 \u043d\u0430\u0439\u0446\u0456\u043d\u043d\u0456\u0448\u0438\u0445 \u0437\u0435\u043b\u0435\u043d\u0438\u0445 \u0447\u0430\u0457\u0432 \u041a\u0438\u0442\u0430\u044e. \u0419\u043e\u0433\u043e \u0456\u0441\u0442\u043e\u0440\u0456\u044f \u0441\u044f\u0433\u0430\u0454 \u043f\u043e\u043d\u0430\u0434 \u0442\u0438\u0441\u044f\u0447\u0456 \u0440\u043e\u043a\u0456\u0432, \u0430 \u0437\u0430 \u0447\u0430\u0441\u0456\u0432 \u0434\u0438\u043d\u0430\u0441\u0442\u0456\u0457 \u0426\u0456\u043d \u0446\u0435\u0439 \u0447\u0430\u0439 \u0431\u0443\u0432 \u0432\u0438\u0437\u043d\u0430\u043d\u0438\u0439 \u00ab\u0456\u043c\u043f\u0435\u0440\u0430\u0442\u043e\u0440\u0441\u044c\u043a\u0438\u043c \u0447\u0430\u0454\u043c\u00bb. \u041f\u043e\u0445\u043e\u0434\u0438\u0442\u044c \u0437 \u043e\u043a\u043e\u043b\u0438\u0446\u044c <a href=\"https:\/\/pl.wikipedia.org\/wiki\/Xihu\">\u0417\u0430\u0445\u0456\u0434\u043d\u043e\u0433\u043e \u041e\u0437\u0435\u0440\u0430 (\u0421\u0456\u0445\u0443)<\/a> \u0443 \u043f\u0440\u043e\u0432\u0456\u043d\u0446\u0456\u0457 \u0427\u0436\u0435\u0446\u0437\u044f\u043d \u2013 \u043c\u0456\u0441\u0446\u044f, \u0434\u0435 \u043f\u0440\u0438\u0440\u043e\u0434\u0430, \u0442\u0440\u0430\u0434\u0438\u0446\u0456\u044f \u0456 \u0447\u0430\u0439\u043d\u0435 \u0440\u0435\u043c\u0435\u0441\u043b\u043e \u0441\u0442\u0432\u043e\u0440\u044e\u044e\u0442\u044c \u043d\u0435\u043f\u043e\u0432\u0442\u043e\u0440\u043d\u0443 \u0433\u0430\u0440\u043c\u043e\u043d\u0456\u044e.<\/p>\n<p>\u041f\u0440\u0435\u0434\u0441\u0442\u0430\u0432\u043b\u0435\u043d\u0438\u0439 \u0442\u0443\u0442 \u041b\u0443\u043d \u0426\u0437\u0438\u043d \u0431\u0443\u0432 \u0437\u0456\u0431\u0440\u0430\u043d\u0438\u0439 \u043d\u0430\u0432\u0435\u0441\u043d\u0456 2025 \u0440\u043e\u043a\u0443 \u0432 \u043c\u0430\u043b\u044c\u043e\u0432\u043d\u0438\u0447\u043e\u043c\u0443 \u0441\u0435\u043b\u0456 <b>\u041c\u0435\u0439 \u0426\u0437\u044f \u0423<\/b>, \u044f\u043a\u0443 \u0432\u0432\u0430\u0436\u0430\u044e\u0442\u044c \u043e\u0434\u043d\u0438\u043c \u0456\u0437 \u043d\u0430\u0439\u0432\u0430\u0436\u043b\u0438\u0432\u0456\u0448\u0438\u0445 \u0456\u0441\u0442\u043e\u0440\u0438\u0447\u043d\u0438\u0445 \u0434\u0436\u0435\u0440\u0435\u043b \u0446\u044c\u043e\u0433\u043e \u0447\u0430\u044e. \u0421\u0430\u043c\u0435 \u0437 \u041c\u0435\u0439 \u0426\u0437\u044f \u0423 \u043f\u0440\u043e\u0442\u044f\u0433\u043e\u043c \u043f\u043e\u043a\u043e\u043b\u0456\u043d\u044c \u043f\u043e\u0445\u043e\u0434\u0438\u043b\u0438 \u043d\u0430\u0439\u043a\u0440\u0430\u0449\u0456 \u043f\u0430\u0440\u0442\u0456\u0457 \u041b\u0443\u043d \u0426\u0437\u0438\u043d\u0430, \u0449\u043e \u043f\u043e\u0441\u0442\u0430\u0447\u0430\u043b\u0438\u0441\u044f \u0434\u043e \u041f\u0435\u043a\u0456\u043d\u0430. \u0426\u0435\u0439 \u0447\u0430\u0439 \u0431\u0435\u0440\u0435 \u0441\u0432\u0456\u0439 \u043f\u043e\u0447\u0430\u0442\u043e\u043a \u0437 \u043f\u0435\u0440\u0456\u043e\u0434\u0443 <b>\u041c\u0456\u043d \u0426\u044f\u043d\u044c<\/b> \u2013 \u0442\u043e\u0431\u0442\u043e \u0437\u0456\u0431\u0440\u0430\u043d\u0430 \u043f\u0435\u0440\u0435\u0434 \u0421\u0432\u044f\u0442\u043e\u043c \u0426\u0456\u043d\u043c\u0456\u043d (4 \u043a\u0432\u0456\u0442\u043d\u044f). \u0417\u0430\u0432\u0434\u044f\u043a\u0438 \u0446\u044c\u043e\u043c\u0443 \u043b\u0438\u0441\u0442\u044f \u0454 \u043c\u043e\u043b\u043e\u0434\u0438\u043c, \u0431\u0430\u0433\u0430\u0442\u0438\u043c \u043d\u0430 \u043f\u043e\u0436\u0438\u0432\u043d\u0456 \u0440\u0435\u0447\u043e\u0432\u0438\u043d\u0438 \u0439 \u0434\u0435\u043b\u0456\u043a\u0430\u0442\u043d\u0438\u043c \u043d\u0430 \u0441\u043c\u0430\u043a, \u0430 \u0432\u043e\u0434\u043d\u043e\u0447\u0430\u0441 \u043d\u0435\u0441\u0435 \u0432 \u0441\u043e\u0431\u0456 \u0456\u043d\u0442\u0435\u043d\u0441\u0438\u0432\u043d\u0456\u0441\u0442\u044c \u0432\u0435\u0441\u043d\u044f\u043d\u043e\u0457 \u0435\u043d\u0435\u0440\u0433\u0456\u0457.<\/p>\n<p><a href=\"https:\/\/teaeye.pl\/wp-content\/uploads\/2025\/05\/longjing-mingjian1.jpg\"><img fetchpriority=\"high\" decoding=\"async\" class=\"alignnone wp-image-12233\" src=\"https:\/\/teaeye.pl\/wp-content\/uploads\/2025\/05\/longjing-mingjian1-300x219.jpg\" alt=\"Long Jing\" width=\"552\" height=\"403\" srcset=\"https:\/\/teaeye.pl\/wp-content\/uploads\/2025\/05\/longjing-mingjian1-300x219.jpg 300w, https:\/\/teaeye.pl\/wp-content\/uploads\/2025\/05\/longjing-mingjian1-1024x748.jpg 1024w, https:\/\/teaeye.pl\/wp-content\/uploads\/2025\/05\/longjing-mingjian1-768x561.jpg 768w, https:\/\/teaeye.pl\/wp-content\/uploads\/2025\/05\/longjing-mingjian1-600x438.jpg 600w, https:\/\/teaeye.pl\/wp-content\/uploads\/2025\/05\/longjing-mingjian1-850x621.jpg 850w, https:\/\/teaeye.pl\/wp-content\/uploads\/2025\/05\/longjing-mingjian1.jpg 1170w\" sizes=\"(max-width: 552px) 100vw, 552px\" \/><\/a><\/p>\n<h2>\u0423\u043d\u0456\u043a\u0430\u043b\u044c\u043d\u0438\u0439 \u0445\u0430\u0440\u0430\u043a\u0442\u0435\u0440 \u041b\u0443\u043d \u0426\u0437\u0438\u043d \u0456\u0437 \u041c\u0435\u0439 \u0426\u0437\u044f \u0423<\/h2>\n<p>\u041a\u043e\u0436\u0435\u043d \u043b\u0438\u0441\u0442\u043e\u0447\u043e\u043a \u0446\u044c\u043e\u0433\u043e \u041b\u0443\u043d \u0426\u0437\u0438\u043d\u0430 \u0441\u043a\u043b\u0430\u0434\u0430\u0454\u0442\u044c\u0441\u044f \u0437 \u043e\u0434\u043d\u0456\u0454\u0457 \u0431\u0440\u0443\u043d\u044c\u043a\u0438 \u0442\u0430 \u0434\u0432\u043e\u0445 \u043c\u043e\u043b\u043e\u0434\u0438\u0445 \u043b\u0438\u0441\u0442\u043a\u0456\u0432 \u2013 \u043f\u0440\u043e\u043f\u043e\u0440\u0446\u0456\u0457, \u044f\u043a\u0443 \u0432\u0432\u0430\u0436\u0430\u044e\u0442\u044c \u0456\u0434\u0435\u0430\u043b\u044c\u043d\u043e\u044e \u0434\u043b\u044f \u0437\u0431\u0435\u0440\u0435\u0436\u0435\u043d\u043d\u044f \u0431\u0430\u043b\u0430\u043d\u0441\u0443 \u0441\u043c\u0430\u043a\u0443. \u0422\u0430\u043a\u0438\u0439 \u0437\u0431\u0456\u0440 \u0440\u043e\u0431\u0438\u0442\u044c \u0447\u0430\u0439 \u0442\u0440\u043e\u0445\u0438 \u043f\u043e\u0432\u043d\u0456\u0448\u0438\u043c \u0456 \u0456\u043d\u0442\u0435\u043d\u0441\u0438\u0432\u043d\u0456\u0448\u0438\u043c, \u043d\u0456\u0436 \u043d\u0430\u0439\u0440\u0430\u043d\u0456\u0448\u0456 \u0447\u0430\u0457 \u043b\u0438\u0448\u0435 \u0437 \u0431\u0440\u0443\u043d\u044c\u043e\u043a, \u0430\u043b\u0435 \u0432\u043e\u0434\u043d\u043e\u0447\u0430\u0441 \u0432\u0456\u043d \u0437\u0431\u0435\u0440\u0456\u0433\u0430\u0454 \u0442\u043e\u043d\u043a\u0456\u0441\u0442\u044c \u0456 \u0441\u0432\u0456\u0436\u0456\u0441\u0442\u044c. \u0426\u0435 \u0434\u0430\u0454 \u0443\u043d\u0456\u043a\u0430\u043b\u044c\u043d\u0435 \u043f\u043e\u0454\u0434\u043d\u0430\u043d\u043d\u044f \u043b\u0435\u0433\u043a\u043e\u0441\u0442\u0456 \u0437 \u0433\u043b\u0438\u0431\u043e\u043a\u0438\u043c, \u0437\u0456\u0433\u0440\u0456\u0432\u0430\u044e\u0447\u0438\u043c \u0445\u0430\u0440\u0430\u043a\u0442\u0435\u0440\u043e\u043c.<\/p>\n<p><b>\u0410\u0440\u043e\u043c\u0430\u0442<\/b> \u0410\u0440\u043e\u043c\u0430\u0442 \u0441\u0443\u0445\u043e\u0433\u043e \u043b\u0438\u0441\u0442\u044f \u2013 \u0446\u0435 \u043f\u043e\u0454\u0434\u043d\u0430\u043d\u043d\u044f \u0441\u0432\u0456\u0436\u0438\u0445 \u043a\u0432\u0456\u0442\u0456\u0432, \u0442\u043e\u043d\u043a\u043e\u0457 \u0441\u043e\u043b\u043e\u0434\u043a\u043e\u0441\u0442\u0456 \u043d\u0430\u0441\u0456\u043d\u043d\u044f \u0442\u0430 \u0445\u0430\u0440\u0430\u043a\u0442\u0435\u0440\u043d\u0438\u0445 \u043d\u043e\u0442 \u043e\u0431\u0441\u043c\u0430\u0436\u0435\u043d\u043d\u044f \u043d\u0430 \u0432\u043e\u043a\u0443, \u0449\u043e \u0432\u0438\u043d\u0438\u043a\u0430\u044e\u0442\u044c \u043f\u0456\u0434 \u0447\u0430\u0441 \u0440\u0443\u0447\u043d\u043e\u0433\u043e \u0434\u043e\u0432\u0435\u0434\u0435\u043d\u043d\u044f \u0447\u0430\u044e.<br \/>\n<b>\u0421\u043c\u0430\u043a<\/b> \u0410\u0440\u043e\u043c\u0430\u0442 \u043d\u0430\u0441\u0442\u043e\u044e \u0431\u0430\u0433\u0430\u0442\u043e\u0448\u0430\u0440\u043e\u0432\u0438\u0439 \u2013 \u0443 \u043d\u044c\u043e\u043c\u0443 \u0434\u043e\u043c\u0456\u043d\u0443\u044e\u0442\u044c \u043d\u043e\u0442\u0438 \u043f\u0435\u0447\u0435\u043d\u0438\u0445 \u0433\u043e\u0440\u0456\u0445\u0456\u0432, \u0441\u0432\u0456\u0436\u043e\u0433\u043e \u0441\u0435\u0437\u0430\u043c\u0443 \u0442\u0430 \u0442\u0435\u043f\u043b\u0430 \u0432\u0435\u0440\u0448\u043a\u043e\u0432\u0456\u0441\u0442\u044c. \u041d\u0430 \u0442\u043b\u0456 \u0437\u2019\u044f\u0432\u043b\u044f\u0454\u0442\u044c\u0441\u044f \u0434\u0435\u043b\u0456\u043a\u0430\u0442\u043d\u0430, \u0440\u043e\u0441\u043b\u0438\u043d\u043d\u0430 \u0441\u0432\u0456\u0436\u0456\u0441\u0442\u044c \u0456 \u0441\u043e\u043b\u043e\u0434\u043a\u0456\u0441\u0442\u044c \u0432\u0435\u0441\u043d\u044f\u043d\u043e\u0433\u043e \u043b\u0443\u0433\u0443.<br \/>\n<b>\u041f\u0456\u0441\u043b\u044f\u0441\u043c\u0430\u043a<\/b> \u0417\u0430\u043b\u0438\u0448\u0430\u0454\u0442\u044c\u0441\u044f \u043c\u2019\u044f\u043a\u0438\u043c, \u0433\u043b\u0438\u0431\u043e\u043a\u0438\u043c \u0456 \u043f\u0440\u0438\u0454\u043c\u043d\u043e \u0437\u0432\u043e\u043b\u043e\u0436\u0443\u044e\u0447\u0438\u043c, \u0437\u0430\u0432\u0434\u044f\u043a\u0438 \u0447\u043e\u043c\u0443 \u043a\u043e\u0436\u0435\u043d \u043a\u043e\u0432\u0442\u043e\u043a \u0437\u0430\u043f\u0440\u043e\u0448\u0443\u0454 \u0434\u043e \u043d\u0430\u0441\u0442\u0443\u043f\u043d\u043e\u0433\u043e.<br \/>\n<b>\u041a\u043e\u043b\u0456\u0440 \u043d\u0430\u0441\u0442\u043e\u044e<\/b> \u0446\u0435 \u043f\u0440\u043e\u0437\u043e\u0440\u0438\u0439 \u0436\u043e\u0432\u0442\u043e-\u0437\u0435\u043b\u0435\u043d\u0438\u0439 \u0432\u0456\u0434\u0442\u0456\u043d\u043e\u043a \u2013 \u0432\u0456\u0437\u0443\u0430\u043b\u044c\u043d\u0435 \u0432\u0456\u0434\u043e\u0431\u0440\u0430\u0436\u0435\u043d\u043d\u044f \u0432\u0435\u0441\u043d\u044f\u043d\u043e\u0457 \u0435\u043d\u0435\u0440\u0433\u0456\u0457 \u0442\u0430 \u043c\u043e\u043b\u043e\u0434\u043e\u0441\u0442\u0456 \u043b\u0438\u0441\u0442\u044f.<\/p>\n<p>\u0417\u0430\u0432\u0434\u044f\u043a\u0438 \u0443\u043d\u0456\u043a\u0430\u043b\u044c\u043d\u043e\u043c\u0443 \u0442\u0435\u0440\u0440\u0443\u0430\u0440\u0443 \u041c\u0435\u0439 \u0426\u0437\u044f \u0423 \u0446\u0435\u0439 \u0447\u0430\u0439 \u043c\u0430\u0454 \u0431\u0456\u043b\u044c\u0448 \u0432\u0438\u0440\u0430\u0437\u043d\u0456 \u0433\u043e\u0440\u0456\u0445\u043e\u0432\u0456 \u0430\u043a\u0446\u0435\u043d\u0442\u0438, \u043d\u0456\u0436 \u0434\u0435\u044f\u043a\u0456 \u0456\u043d\u0448\u0456 \u041b\u0443\u043d \u0426\u0437\u0438\u043d\u0438, \u0456 \u0432\u043e\u0434\u043d\u043e\u0447\u0430\u0441 \u0437\u0431\u0435\u0440\u0456\u0433\u0430\u0454 \u0432\u0438\u0448\u0443\u043a\u0430\u043d\u0443 \u043b\u0435\u0433\u043a\u0456\u0441\u0442\u044c, \u0449\u043e \u0440\u043e\u0431\u0438\u0442\u044c \u0439\u043e\u0433\u043e \u0456\u0434\u0435\u0430\u043b\u044c\u043d\u0438\u043c \u0432\u0438\u0431\u043e\u0440\u043e\u043c \u044f\u043a \u0434\u043b\u044f \u0437\u043d\u0430\u0432\u0446\u0456\u0432, \u0442\u0430\u043a \u0456 \u0434\u043b\u044f \u0442\u0438\u0445, \u0445\u0442\u043e \u043b\u0438\u0448\u0435 \u043f\u043e\u0447\u0438\u043d\u0430\u0454 \u0441\u0432\u043e\u044e \u043f\u043e\u0434\u043e\u0440\u043e\u0436 \u0443 \u0441\u0432\u0456\u0442 \u0432\u0438\u0441\u043e\u043a\u043e\u044f\u043a\u0456\u0441\u043d\u043e\u0433\u043e \u0447\u0430\u044e.<\/p>\n<p><a href=\"https:\/\/teaeye.pl\/wp-content\/uploads\/2025\/05\/longjing-mingjian2.jpg\"><img decoding=\"async\" class=\"alignnone wp-image-12234\" src=\"https:\/\/teaeye.pl\/wp-content\/uploads\/2025\/05\/longjing-mingjian2-300x219.jpg\" alt=\"Long Jing\" width=\"551\" height=\"402\" srcset=\"https:\/\/teaeye.pl\/wp-content\/uploads\/2025\/05\/longjing-mingjian2-300x219.jpg 300w, https:\/\/teaeye.pl\/wp-content\/uploads\/2025\/05\/longjing-mingjian2-1024x748.jpg 1024w, https:\/\/teaeye.pl\/wp-content\/uploads\/2025\/05\/longjing-mingjian2-768x561.jpg 768w, https:\/\/teaeye.pl\/wp-content\/uploads\/2025\/05\/longjing-mingjian2-600x438.jpg 600w, https:\/\/teaeye.pl\/wp-content\/uploads\/2025\/05\/longjing-mingjian2-850x621.jpg 850w, https:\/\/teaeye.pl\/wp-content\/uploads\/2025\/05\/longjing-mingjian2.jpg 1170w\" sizes=\"(max-width: 551px) 100vw, 551px\" \/><\/a><\/p>\n<h2>\u0412\u043f\u043b\u0438\u0432 \u043d\u0430 \u0442\u0456\u043b\u043e \u0442\u0430 \u0440\u043e\u0437\u0443\u043c \ud83c\udf31\u2728<\/h2>\n<p>\u041b\u0443\u043d \u0426\u0437\u0438\u043d \u2013 \u0446\u0435 \u043d\u0435 \u043b\u0438\u0448\u0435 \u0441\u043c\u0430\u043a \u0456 \u0430\u0440\u043e\u043c\u0430\u0442, \u0430\u043b\u0435 \u0439 \u0432\u043f\u043b\u0438\u0432 \u043d\u0430 \u0441\u0430\u043c\u043e\u043f\u043e\u0447\u0443\u0442\u0442\u044f. \u0417\u0430\u0432\u0434\u044f\u043a\u0438 \u0432\u0438\u0441\u043e\u043a\u043e\u043c\u0443 \u0432\u043c\u0456\u0441\u0442\u0443 \u0430\u043c\u0456\u043d\u043e\u043a\u0438\u0441\u043b\u043e\u0442 (\u043e\u0441\u043e\u0431\u043b\u0438\u0432\u043e L-\u0442\u0435\u0430\u043d\u0456\u043d\u0443) \u0446\u0435\u0439 \u0447\u0430\u0439 \u0434\u0456\u0454 \u043c\u2019\u044f\u043a\u043e \u0442\u043e\u043d\u0456\u0437\u0443\u044e\u0447\u0435, \u0431\u0435\u0437 \u0435\u0444\u0435\u043a\u0442\u0443 \u043d\u0430\u0434\u043c\u0456\u0440\u043d\u043e\u0457 \u043d\u0430\u043f\u0440\u0443\u0433\u0438. \u0412\u0456\u043d \u0437\u0430\u0441\u043f\u043e\u043a\u043e\u044e\u0454 \u0440\u043e\u0437\u0443\u043c, \u0441\u043f\u0440\u0438\u044f\u0454 \u043a\u043e\u043d\u0446\u0435\u043d\u0442\u0440\u0430\u0446\u0456\u0457 \u0439 \u0432\u043e\u0434\u043d\u043e\u0447\u0430\u0441 \u0434\u0430\u0440\u0443\u0454 \u0432\u0456\u0434\u0447\u0443\u0442\u0442\u044f \u0441\u0432\u0456\u0436\u043e\u0441\u0442\u0456 \u0442\u0430 \u043b\u0435\u0433\u043a\u043e\u0441\u0442\u0456 \u0432 \u0442\u0456\u043b\u0456. \u0426\u0435 \u0456\u0434\u0435\u0430\u043b\u044c\u043d\u0438\u0439 \u043d\u0430\u043f\u0456\u0439 \u044f\u043a \u0434\u043b\u044f \u0440\u043e\u0431\u043e\u0442\u0438, \u0442\u0430\u043a \u0456 \u0434\u043b\u044f \u0441\u043f\u043e\u043a\u0456\u0439\u043d\u043e\u0433\u043e \u043f\u0456\u0441\u043b\u044f\u043e\u0431\u0456\u0434\u043d\u044c\u043e\u0433\u043e \u0432\u0456\u0434\u043f\u043e\u0447\u0438\u043d\u043a\u0443.<\/p>\n<h2>\u042f\u043a \u0437\u0430\u0432\u0430\u0440\u044e\u0432\u0430\u0442\u0438 \u041b\u0443\u043d \u0426\u0437\u0438\u043d<\/h2>\n<p>Aby w pe\u0142ni doceni\u0107 subtelno\u015b\u0107 tej herbaty, najlepiej u\u017cywa\u0107 wody o temperaturze <b>75\u201380\u00b0C<\/b>. \u0423 \u0437\u0430\u043d\u0430\u0434\u0442\u043e \u0433\u0430\u0440\u044f\u0447\u0456\u0439 \u0432\u043e\u0434\u0456 \u043d\u0456\u0436\u043d\u0435 \u043b\u0438\u0441\u0442\u044f \u043c\u043e\u0436\u0435 \u0432\u0442\u0440\u0430\u0442\u0438\u0442\u0438 \u0441\u0432\u043e\u044e \u0441\u043e\u043b\u043e\u0434\u043a\u0456\u0441\u0442\u044c \u0456 \u043d\u0430\u0431\u0443\u0442\u0438 \u0433\u0456\u0440\u043a\u043e\u0442\u0438.<\/p>\n<ul>\n<li><b>\u041a\u043b\u0430\u0441\u0438\u0447\u043d\u0438\u0439 \u043c\u0435\u0442\u043e\u0434:<\/b> 5 \u0433 \u043d\u0430 500 \u043c\u043b, \u0437\u0430\u0432\u0430\u0440\u044e\u0432\u0430\u043d\u043d\u044f 2\u20133 \u0445\u0432\u0438\u043b\u0438\u043d\u0438 \u0432 \u0447\u0430\u0439\u043d\u0438\u043a\u0443 \u0430\u0431\u043e \u0441\u043a\u043b\u044f\u043d\u0446\u0456.<\/li>\n<li><b>\u041c\u0435\u0442\u043e\u0434 \u0433\u0443\u043d\u0444\u0443:<\/b> 7 \u0433 \u043d\u0430 120 \u043c\u043b, \u043a\u043e\u0440\u043e\u0442\u043a\u0456 \u0437\u0430\u0432\u0430\u0440\u044e\u0432\u0430\u043d\u043d\u044f (15\u201320 \u0441\u0435\u043a\u0443\u043d\u0434), \u0434\u043e 4\u20135 \u043f\u043e\u0432\u0442\u043e\u0440\u0456\u0432.<\/li>\n<li><b>\u041c\u0435\u0442\u043e\u0434 \u00ab\u0434\u0456\u0434\u0443\u0441\u0435\u0432\u0438\u0439 \u0441\u0442\u0438\u043b\u044c\u00bb:<\/b> \u043a\u0456\u043b\u044c\u043a\u0430 \u0433\u0440\u0430\u043c\u0456\u0432 \u043b\u0438\u0441\u0442\u044f \u0431\u0435\u0437\u043f\u043e\u0441\u0435\u0440\u0435\u0434\u043d\u044c\u043e \u0443 \u0432\u0438\u0441\u043e\u043a\u0456\u0439 \u0441\u043a\u043b\u044f\u043d\u0446\u0456, \u043f\u043e\u0441\u0442\u0443\u043f\u043e\u0432\u043e \u0437\u0430\u043b\u0438\u0432\u0430\u0454\u0442\u044c\u0441\u044f \u0433\u0430\u0440\u044f\u0447\u043e\u044e \u0432\u043e\u0434\u043e\u044e \u2013 \u0441\u043f\u043e\u0441\u0456\u0431, \u043f\u043e\u043f\u0443\u043b\u044f\u0440\u043d\u0438\u0439 \u0443 \u0441\u0430\u043c\u0438\u0445 \u041a\u0438\u0442\u0430\u0457.<\/li>\n<\/ul>\n<p>\u0417\u0430\u0432\u0434\u044f\u043a\u0438 \u0441\u0432\u043e\u0457\u0439 \u0434\u0435\u043b\u0456\u043a\u0430\u0442\u043d\u043e\u0441\u0442\u0456 \u041b\u0443\u043d \u0426\u0437\u0438\u043d \u2013 \u0446\u0435 \u0447\u0430\u0439, \u044f\u043a\u0438\u0439 \u0432\u0430\u0436\u043a\u043e \u00ab\u0437\u0456\u043f\u0441\u0443\u0432\u0430\u0442\u0438\u00bb. \u041d\u0430\u0432\u0456\u0442\u044c \u043f\u0440\u0438 \u0434\u043e\u0432\u0448\u043e\u043c\u0443 \u0437\u0430\u0432\u0430\u0440\u044e\u0432\u0430\u043d\u043d\u0456 \u043d\u0430\u0441\u0442\u0456\u0439 \u0437\u0430\u043b\u0438\u0448\u0430\u0454\u0442\u044c\u0441\u044f \u043c\u2019\u044f\u043a\u0438\u043c \u0456 \u0433\u0430\u0440\u043c\u043e\u043d\u0456\u0439\u043d\u0438\u043c. \u0426\u0435 \u0440\u043e\u0431\u0438\u0442\u044c \u0439\u043e\u0433\u043e \u0447\u0443\u0434\u043e\u0432\u0438\u043c \u0432\u0438\u0431\u043e\u0440\u043e\u043c \u0456 \u0434\u043b\u044f \u0442\u0438\u0445, \u0445\u0442\u043e \u043f\u2019\u0454 \u0437\u0435\u043b\u0435\u043d\u0438\u0439 \u0447\u0430\u0439 \u0449\u043e\u0434\u043d\u044f \u0442\u0430 \u0446\u0456\u043d\u0443\u0454 \u043f\u0440\u0438\u0440\u043e\u0434\u043d\u0443 \u043f\u0440\u043e\u0441\u0442\u043e\u0442\u0443 \u043f\u0440\u0438\u0433\u043e\u0442\u0443\u0432\u0430\u043d\u043d\u044f.<\/p>\n<h2>\u0427\u043e\u043c\u0443 \u0432\u0430\u0440\u0442\u043e \u043e\u0431\u0440\u0430\u0442\u0438 \u041b\u0443\u043d \u0426\u0437\u0438\u043d \u041c\u0435\u0439 \u0426\u0437\u044f \u0423 2025?<\/h2>\n<p>\u0426\u0435\u0439 \u0447\u0430\u0439 \u043f\u043e\u0454\u0434\u043d\u0443\u0454 \u0432 \u0441\u043e\u0431\u0456 \u043f\u0440\u0435\u0441\u0442\u0438\u0436 \u043b\u0435\u0433\u0435\u043d\u0434\u0430\u0440\u043d\u043e\u0457 \u043d\u0430\u0437\u0432\u0438, \u0441\u0432\u0456\u0436\u0456\u0441\u0442\u044c \u043c\u043e\u043b\u043e\u0434\u043e\u0433\u043e \u043b\u0438\u0441\u0442\u044f \u0432\u0435\u0441\u043d\u0438 2025 \u0440\u043e\u043a\u0443 \u0442\u0430 \u0430\u0432\u0442\u0435\u043d\u0442\u0438\u0447\u043d\u0438\u0439 \u0442\u0435\u0440\u0440\u0443\u0430\u0440 \u041c\u0435\u0439 \u0426\u0437\u044f \u0423. \u0426\u0435 \u043e\u0431\u043c\u0435\u0436\u0435\u043d\u0430 \u043d\u0430\u0433\u043e\u0434\u0430 \u0441\u043f\u0440\u043e\u0431\u0443\u0432\u0430\u0442\u0438 \u043d\u0430\u0441\u0442\u0456\u0439, \u044f\u043a\u0438\u0439 \u043f\u0440\u043e\u0442\u044f\u0433\u043e\u043c \u0441\u0442\u043e\u043b\u0456\u0442\u044c \u0437\u0430\u0445\u043e\u043f\u043b\u044e\u0432\u0430\u0432 \u0456\u043c\u043f\u0435\u0440\u0430\u0442\u043e\u0440\u0456\u0432, \u043f\u043e\u0435\u0442\u0456\u0432 \u0456 \u043c\u0438\u0442\u0446\u0456\u0432. \u0421\u044c\u043e\u0433\u043e\u0434\u043d\u0456 \u0442\u0438 \u043c\u043e\u0436\u0435\u0448 \u0432\u0456\u0434\u043a\u0440\u0438\u0442\u0438 \u0439\u043e\u0433\u043e \u0443 \u0432\u043b\u0430\u0441\u043d\u0456\u0439 \u0447\u0430\u0448\u0446\u0456 \u2013 \u0431\u0435\u0437 \u043f\u043e\u0442\u0440\u0435\u0431\u0438 \u043f\u043e\u0434\u043e\u0440\u043e\u0436\u0443\u0432\u0430\u0442\u0438 \u0434\u043e \u041a\u0438\u0442\u0430\u044e.<\/p>\n<p>\u041f\u0435\u0440\u0435\u0433\u043b\u044f\u043d\u044c \u0442\u0430\u043a\u043e\u0436 \u0456\u043d\u0448\u0456 <a href=\"https:\/\/teaeye.pl\/uk\/product-category\/zielona-herbata\/\">\u0437\u0435\u043b\u0435\u043d\u0438\u0445 \u0447\u0430\u0457\u0432<\/a> \u0434\u043e\u0441\u0442\u0443\u043f\u043d\u0456 \u0432 \u043d\u0430\u0448\u043e\u043c\u0443 \u043c\u0430\u0433\u0430\u0437\u0438\u043d\u0456 \u0439 \u0432\u0456\u0434\u043a\u0440\u0438\u0439 \u0434\u043b\u044f \u0441\u0435\u0431\u0435 \u043f\u043e\u0432\u043d\u043e\u0442\u0443 \u0441\u043c\u0430\u043a\u0456\u0432 \u043a\u0438\u0442\u0430\u0439\u0441\u044c\u043a\u043e\u0457 \u0442\u0440\u0430\u0434\u0438\u0446\u0456\u0457.<\/p>","protected":false},"excerpt":{"rendered":"<p class=\"\" data-start=\"83\" data-end=\"427\">\u041b\u0443\u043d \u0426\u0437\u0438\u043d \u0437 \u041c\u0435\u0439 \u0426\u0437\u044f \u0423 (\u0432\u0435\u0441\u043d\u0430 2025) \u2014 \u0446\u0435 \u043e\u0434\u0438\u043d \u0437 \u043d\u0430\u0439\u0448\u043b\u044f\u0445\u0435\u0442\u043d\u0456\u0448\u0438\u0445 \u0437\u0435\u043b\u0435\u043d\u0438\u0445 \u0447\u0430\u0457\u0432 \u0437 \u0440\u0435\u0433\u0456\u043e\u043d\u0443 \u0421\u0456\u0445\u0443. \u0417\u0456\u0431\u0440\u0430\u043d\u0438\u0439 \u0434\u043e \u0426\u0456\u043d\u043c\u0456\u043d\u0430, \u0434\u0430\u0454 \u043d\u0456\u0436\u043d\u0438\u0439 \u043d\u0430\u0441\u0442\u0456\u0439 \u0437 \u0433\u043e\u0440\u0456\u0445\u043e\u0432\u043e-\u0441\u0435\u0437\u0430\u043c\u043e\u0432\u0438\u043c \u0441\u043c\u0430\u043a\u043e\u043c, \u0437 \u043d\u043e\u0442\u043e\u044e \u043a\u0432\u0456\u0442\u0456\u0432 \u0456 \u043a\u0440\u0435\u043c\u043e\u0432\u043e\u0457 \u0441\u043e\u043b\u043e\u0434\u043a\u043e\u0441\u0442\u0456. \u0410\u0440\u043e\u043c\u0430\u0442 \u043d\u0430\u0433\u0430\u0434\u0443\u0454 \u043e\u0431\u0441\u043c\u0430\u0436\u0443\u0432\u0430\u043d\u043d\u044f \u0443 \u0432\u043e\u043a\u043e\u0432\u0456 \u0442\u0430 \u0441\u0432\u0456\u0436\u0456 \u0432\u0435\u0441\u043d\u044f\u043d\u0456 \u0441\u0430\u0434\u0438. \u0427\u0430\u0439 \u0434\u0456\u0454 \u0433\u0430\u0440\u043c\u043e\u043d\u0456\u0437\u0443\u044e\u0447\u0435 \u2014 \u043c\u2019\u044f\u043a\u043e \u0431\u0430\u0434\u044c\u043e\u0440\u0438\u0442\u044c, \u0437\u0430\u0441\u043f\u043e\u043a\u043e\u044e\u0454 \u0440\u043e\u0437\u0443\u043c \u0456 \u0434\u043e\u0434\u0430\u0454 \u043b\u0435\u0433\u043a\u043e\u0441\u0442\u0456 \u043d\u0430 \u0432\u0435\u0441\u044c \u0434\u0435\u043d\u044c.<\/p>","protected":false},"featured_media":12233,"comment_status":"open","ping_status":"closed","template":"","meta":[],"product_cat":[114],"product_tag":[],"class_list":{"0":"post-12232","1":"product","2":"type-product","3":"status-publish","4":"has-post-thumbnail","6":"product_cat-zielona-herbata","8":"first","9":"outofstock","10":"shipping-taxable","11":"purchasable","12":"product-type-variable"},"aioseo_notices":[],"_links":{"self":[{"href":"https:\/\/teaeye.pl\/uk\/wp-json\/wp\/v2\/product\/12232","targetHints":{"allow":["GET"]}}],"collection":[{"href":"https:\/\/teaeye.pl\/uk\/wp-json\/wp\/v2\/product"}],"about":[{"href":"https:\/\/teaeye.pl\/uk\/wp-json\/wp\/v2\/types\/product"}],"replies":[{"embeddable":true,"href":"https:\/\/teaeye.pl\/uk\/wp-json\/wp\/v2\/comments?post=12232"}],"version-history":[{"count":6,"href":"https:\/\/teaeye.pl\/uk\/wp-json\/wp\/v2\/product\/12232\/revisions"}],"predecessor-version":[{"id":15325,"href":"https:\/\/teaeye.pl\/uk\/wp-json\/wp\/v2\/product\/12232\/revisions\/15325"}],"wp:featuredmedia":[{"embeddable":true,"href":"https:\/\/teaeye.pl\/uk\/wp-json\/wp\/v2\/media\/12233"}],"wp:attachment":[{"href":"https:\/\/teaeye.pl\/uk\/wp-json\/wp\/v2\/media?parent=12232"}],"wp:term":[{"taxonomy":"product_cat","embeddable":true,"href":"https:\/\/teaeye.pl\/uk\/wp-json\/wp\/v2\/product_cat?post=12232"},{"taxonomy":"product_tag","embeddable":true,"href":"https:\/\/teaeye.pl\/uk\/wp-json\/wp\/v2\/product_tag?post=12232"}],"curies":[{"name":"wp","href":"https:\/\/api.w.org\/{rel}","templated":true}]}}