{"id":12408,"date":"2025-05-11T15:29:48","date_gmt":"2025-05-11T15:29:48","guid":{"rendered":"https:\/\/teaeye.pl\/?post_type=product&#038;p=12408"},"modified":"2025-12-07T18:14:55","modified_gmt":"2025-12-07T18:14:55","slug":"zestaw-prezentowy-jin-mu-dan-zlota-piwonia-96-g","status":"publish","type":"product","link":"https:\/\/teaeye.pl\/uk\/product\/zestaw-prezentowy-jin-mu-dan-zlota-piwonia-96-g\/","title":{"rendered":"Zestaw prezentowy: &#8222;Jin Mu Dan \u2014 Z\u0142ota Piwonia\u201d 96 g"},"content":{"rendered":"<p>Ekskluzywny oolong z Wuyi. Waniliowo-drewniany aromat i aksamitny smak w eleganckim, zielonym pude\u0142ku. Herbata idealna na prezent.<\/p>","protected":false},"excerpt":{"rendered":"<p data-start=\"272\" data-end=\"635\"><strong data-start=\"272\" data-end=\"292\">Jin Mu Dan (\u91d1\u7261\u4e39)<\/strong>, czyli \u201eZ\u0142ota Piwonia\u201d, to rzadki i wyrafinowany skalny oolong z g\u00f3r Wuyi w prowincji Fujian. W chi\u0144skiej kulturze piwonia symbolizuje bogactwo, elegancj\u0119 i szcz\u0119\u015bcie \u2013 i w\u0142a\u015bnie taki charakter ma ten wyj\u0105tkowy napar. Jin Mu Dan to nieprzypadkowy wyb\u00f3r, lecz herbata dla znawc\u00f3w \u2013 wyraz dobrego gustu i wysublimowanego podej\u015bcia do prezent\u00f3w.<\/p>\n<p data-start=\"637\" data-end=\"942\">Herbata powsta\u0142a z krzy\u017c\u00f3wki legendarnego <strong data-start=\"679\" data-end=\"694\">\u0414\u0430 \u0425\u0443\u043d \u041f\u0430\u043e<\/strong> i odmiany <strong data-start=\"705\" data-end=\"723\">Huang Guan Yin<\/strong>, co daje jej niezwyk\u0142\u0105 g\u0142\u0119bi\u0119 smaku: <strong data-start=\"761\" data-end=\"791\">waniliowo-karmelowy aromat<\/strong>, \u015bwie\u017co\u015b\u0107 i subtelno\u015b\u0107, a jednocze\u015bnie wyrazisty \u201eskalny smak\u201d (<em data-start=\"856\" data-end=\"865\">yan yun<\/em>). Jin Mu Dan jest rzadko spotykana i dost\u0119pna tylko w limitowanych partiach.<\/p>\n<p data-start=\"944\" data-end=\"1224\">W zestawie znajduje si\u0119 96 g herbaty (8 saszetek po 12 g), idealnych do sesyjnego parzenia w gaiwanie lub czajniczku. Zielone hermetyczne saszetki umieszczone s\u0105 w eleganckim pude\u0142ku o luksusowym wyko\u0144czeniu i z\u0142otych t\u0142oczeniach \u2013 ca\u0142o\u015b\u0107 prezentuje si\u0119 lepiej ni\u017c butelka whisky.<\/p>\n<p data-start=\"1226\" data-end=\"1392\">Zobacz tak\u017ce nasz\u0105 ofert\u0119 innych <a class=\"cursor-pointer\" target=\"_new\" rel=\"noopener\" data-start=\"1259\" data-end=\"1336\">ciemnych oolong\u00f3w z Wuyi<\/a>, je\u015bli cenisz g\u0142\u0119bi\u0119, jako\u015b\u0107 i aromaty skalnych herbat.<\/p>\n<p data-start=\"1394\" data-end=\"1518\">Wi\u0119cej o Jin Mu Dan i herbacie skalnej przeczytasz na <a class=\"\" href=\"https:\/\/en.wikipedia.org\/wiki\/Wuyi_tea\" target=\"_new\" rel=\"noopener\" data-start=\"1448\" data-end=\"1517\">Wikipedii (EN): Wuyi oolong<\/a>.<\/p>","protected":false},"featured_media":12409,"comment_status":"open","ping_status":"closed","template":"","meta":[],"product_cat":[112,149,108,134],"product_tag":[],"class_list":{"0":"post-12408","1":"product","2":"type-product","3":"status-publish","4":"has-post-thumbnail","6":"product_cat-ciemny","7":"product_cat-herbata","8":"product_cat-oolong","9":"product_cat-zestawy","11":"first","12":"outofstock","13":"shipping-taxable","14":"purchasable","15":"product-type-simple"},"aioseo_notices":[],"_links":{"self":[{"href":"https:\/\/teaeye.pl\/uk\/wp-json\/wp\/v2\/product\/12408","targetHints":{"allow":["GET"]}}],"collection":[{"href":"https:\/\/teaeye.pl\/uk\/wp-json\/wp\/v2\/product"}],"about":[{"href":"https:\/\/teaeye.pl\/uk\/wp-json\/wp\/v2\/types\/product"}],"replies":[{"embeddable":true,"href":"https:\/\/teaeye.pl\/uk\/wp-json\/wp\/v2\/comments?post=12408"}],"version-history":[{"count":5,"href":"https:\/\/teaeye.pl\/uk\/wp-json\/wp\/v2\/product\/12408\/revisions"}],"predecessor-version":[{"id":13079,"href":"https:\/\/teaeye.pl\/uk\/wp-json\/wp\/v2\/product\/12408\/revisions\/13079"}],"wp:featuredmedia":[{"embeddable":true,"href":"https:\/\/teaeye.pl\/uk\/wp-json\/wp\/v2\/media\/12409"}],"wp:attachment":[{"href":"https:\/\/teaeye.pl\/uk\/wp-json\/wp\/v2\/media?parent=12408"}],"wp:term":[{"taxonomy":"product_cat","embeddable":true,"href":"https:\/\/teaeye.pl\/uk\/wp-json\/wp\/v2\/product_cat?post=12408"},{"taxonomy":"product_tag","embeddable":true,"href":"https:\/\/teaeye.pl\/uk\/wp-json\/wp\/v2\/product_tag?post=12408"}],"curies":[{"name":"wp","href":"https:\/\/api.w.org\/{rel}","templated":true}]}}