{"id":12419,"date":"2025-05-11T16:00:20","date_gmt":"2025-05-11T16:00:20","guid":{"rendered":"https:\/\/teaeye.pl\/?post_type=product&#038;p=12419"},"modified":"2025-12-29T18:11:56","modified_gmt":"2025-12-29T18:11:56","slug":"zestaw-prezentowy-oolong-da-hong-pao-wielkie-czerwone-szaty-96-g","status":"publish","type":"product","link":"https:\/\/teaeye.pl\/uk\/product\/zestaw-prezentowy-oolong-da-hong-pao-wielkie-czerwone-szaty-96-g\/","title":{"rendered":"Zestaw prezentowy: \u201eDa Hong Pao\u201d 96 g"},"content":{"rendered":"<p>Legendarna herbata skalna z Wuyi \u2013 Da Hong Pao. G\u0142\u0119boki smak, luksusowa forma. Idealna na prezent i wyj\u0105tkowe okazje.<\/p>","protected":false},"excerpt":{"rendered":"<p data-start=\"307\" data-end=\"652\"><strong data-start=\"307\" data-end=\"328\">Da Hong Pao (\u5927\u7ea2\u888d)<\/strong> \u2013 legendarna herbata skalna z Wuyi Shan w prowincji Fujian. Jej nazwa oznacza \u201eWielkie Czerwone Szaty\u201d i symbolizuje majestat, si\u0142\u0119 oraz g\u0142\u0119boko zakorzenion\u0105 tradycj\u0119 chi\u0144skiej kultury herbacianej. Uwa\u017cana za jedn\u0105 z najcenniejszych herbat oolong, od wiek\u00f3w by\u0142a zarezerwowana dla cesarskiego dworu i najwa\u017cniejszych go\u015bci.<\/p>\n<p data-start=\"654\" data-end=\"960\">Ten wyj\u0105tkowy zestaw prezentowy zawiera 96 g herbaty w 12 indywidualnych saszetkach po 8 g, ka\u017cda zapakowana w grube, czerwone, hermetyczne torebki premium. Ca\u0142o\u015b\u0107 umieszczona jest w eleganckim pude\u0142ku z t\u0142oczonymi z\u0142otymi akcentami \u2013 idealnym na wa\u017cne okazje. Zast\u0105pi alkohol, zostanie zapami\u0119tany d\u0142u\u017cej.<\/p>\n<p data-start=\"962\" data-end=\"1187\"><strong data-start=\"962\" data-end=\"982\">Smak Da Hong Pao<\/strong> to intensywne doznania z nutami pra\u017conych ziaren, przypraw, drewna i delikatn\u0105 dymno\u015bci\u0105. Napar daje uczucie ciep\u0142a, skupienia i wewn\u0119trznej mocy \u2013 to herbata o wyrazistym charakterze, polecana koneserom.<\/p>\n<p data-start=\"1189\" data-end=\"1331\">\u041f\u0435\u0440\u0435\u0433\u043b\u044f\u043d\u044c \u0442\u0430\u043a\u043e\u0436 \u0456\u043d\u0448\u0456 <a class=\"cursor-pointer\" target=\"_new\" rel=\"noopener\" data-start=\"1209\" data-end=\"1288\">ciemne oolongi z Wuyi Shan<\/a>, je\u015bli cenisz herbaty z g\u0142\u0119bi\u0105 i histori\u0105.<\/p>\n<p data-start=\"1333\" data-end=\"1438\">Wi\u0119cej o herbacie Da Hong Pao przeczytasz na <a class=\"\" href=\"https:\/\/en.wikipedia.org\/wiki\/Da_Hong_Pao\" target=\"_new\" rel=\"noopener\" data-start=\"1378\" data-end=\"1437\">Wikipedii (EN)<\/a>.<\/p>","protected":false},"featured_media":12424,"comment_status":"open","ping_status":"closed","template":"","meta":[],"product_cat":[112,149,108,170,134,145],"product_tag":[],"class_list":{"0":"post-12419","1":"product","2":"type-product","3":"status-publish","4":"has-post-thumbnail","6":"product_cat-ciemny","7":"product_cat-herbata","8":"product_cat-oolong","9":"product_cat-oolong-ciemny","10":"product_cat-zestawy","11":"product_cat-znizki","13":"first","14":"outofstock","15":"sale","16":"shipping-taxable","17":"purchasable","18":"product-type-simple"},"aioseo_notices":[],"_links":{"self":[{"href":"https:\/\/teaeye.pl\/uk\/wp-json\/wp\/v2\/product\/12419","targetHints":{"allow":["GET"]}}],"collection":[{"href":"https:\/\/teaeye.pl\/uk\/wp-json\/wp\/v2\/product"}],"about":[{"href":"https:\/\/teaeye.pl\/uk\/wp-json\/wp\/v2\/types\/product"}],"replies":[{"embeddable":true,"href":"https:\/\/teaeye.pl\/uk\/wp-json\/wp\/v2\/comments?post=12419"}],"version-history":[{"count":3,"href":"https:\/\/teaeye.pl\/uk\/wp-json\/wp\/v2\/product\/12419\/revisions"}],"predecessor-version":[{"id":13075,"href":"https:\/\/teaeye.pl\/uk\/wp-json\/wp\/v2\/product\/12419\/revisions\/13075"}],"wp:featuredmedia":[{"embeddable":true,"href":"https:\/\/teaeye.pl\/uk\/wp-json\/wp\/v2\/media\/12424"}],"wp:attachment":[{"href":"https:\/\/teaeye.pl\/uk\/wp-json\/wp\/v2\/media?parent=12419"}],"wp:term":[{"taxonomy":"product_cat","embeddable":true,"href":"https:\/\/teaeye.pl\/uk\/wp-json\/wp\/v2\/product_cat?post=12419"},{"taxonomy":"product_tag","embeddable":true,"href":"https:\/\/teaeye.pl\/uk\/wp-json\/wp\/v2\/product_tag?post=12419"}],"curies":[{"name":"wp","href":"https:\/\/api.w.org\/{rel}","templated":true}]}}