{"id":12459,"date":"2025-05-12T09:24:49","date_gmt":"2025-05-12T09:24:49","guid":{"rendered":"https:\/\/teaeye.pl\/?post_type=product&#038;p=12459"},"modified":"2026-03-31T17:03:20","modified_gmt":"2026-03-31T17:03:20","slug":"czarna-herbata-z-osmantusem-20-torebek","status":"publish","type":"product","link":"https:\/\/teaeye.pl\/uk\/product\/czarna-herbata-z-osmantusem-20-torebek\/","title":{"rendered":"\u0427\u043e\u0440\u043d\u0438\u0439 \u0447\u0430\u0439 \u0437 \u043e\u0441\u043c\u0430\u043d\u0442\u0443\u0441\u043e\u043c - 20 \u043f\u0430\u043a\u0435\u0442\u0438\u043a\u0456\u0432"},"content":{"rendered":"<p>Aromatyczna czarna herbata z osmantusem o ciep\u0142ym, kwiatowym zapachu i delikatnej owocowej nucie. Idealna na spokojne popo\u0142udnie.<\/p>","protected":false},"excerpt":{"rendered":"<p data-start=\"356\" data-end=\"752\"><strong data-start=\"356\" data-end=\"407\">Aromatyczna czarna herbata z kwiatami osmantusa<\/strong> to wyj\u0105tkowe po\u0142\u0105czenie tradycji i smaku. W chi\u0144skiej kulturze osmantus (\u6842\u82b1, <em data-start=\"485\" data-end=\"493\">gu\u00echu\u0101<\/em>) jest symbolem harmonii i elegancji, a jego s\u0142odki, kwiatowy zapach sprawia, \u017ce ka\u017cda fili\u017canka tej herbaty staje si\u0119 wyj\u0105tkowym do\u015bwiadczeniem. Czarna herbata zapewnia g\u0142\u0119boki, bogaty smak z subteln\u0105 nut\u0105 owocow\u0105, kt\u00f3ra doskonale komponuje si\u0119 z osmantusem.<\/p>\n<p data-start=\"754\" data-end=\"1033\">Ta mieszanka \u015bwietnie sprawdzi si\u0119 jako popo\u0142udniowy napar lub wieczorny rytua\u0142 relaksu. Je\u015bli lubisz klasyczne czarne herbaty, zajrzyj tak\u017ce do naszej <a class=\"cursor-pointer\" target=\"_new\" rel=\"noopener\" data-start=\"906\" data-end=\"986\">kolekcji czarnych herbat<\/a>, gdzie znajdziesz inne aromatyczne propozycje.<\/p>\n<p data-start=\"1035\" data-end=\"1164\">Herbata zosta\u0142a zapakowana w wygodne torebki \u2013 ka\u017cda o masie 3 g, dzi\u0119ki czemu przygotowanie naparu jest szybkie i bezproblemowe.<\/p>\n<p data-start=\"1166\" data-end=\"1307\">Dowiedz si\u0119 wi\u0119cej o tradycyjnym zastosowaniu osmantusa w Chinach, odwiedzaj\u0105c <a class=\"\" href=\"https:\/\/en.wikipedia.org\/wiki\/Osmanthus_fragrans\" target=\"_new\" rel=\"noopener\" data-start=\"1245\" data-end=\"1306\">t\u0119 stron\u0119<\/a>.<\/p>","protected":false},"featured_media":12461,"comment_status":"open","ping_status":"closed","template":"","meta":[],"product_cat":[151,149],"product_tag":[],"class_list":{"0":"post-12459","1":"product","2":"type-product","3":"status-publish","4":"has-post-thumbnail","6":"product_cat-bez-ceregieli","7":"product_cat-herbata","9":"first","10":"instock","11":"shipping-taxable","12":"purchasable","13":"product-type-simple"},"aioseo_notices":[],"_links":{"self":[{"href":"https:\/\/teaeye.pl\/uk\/wp-json\/wp\/v2\/product\/12459","targetHints":{"allow":["GET"]}}],"collection":[{"href":"https:\/\/teaeye.pl\/uk\/wp-json\/wp\/v2\/product"}],"about":[{"href":"https:\/\/teaeye.pl\/uk\/wp-json\/wp\/v2\/types\/product"}],"replies":[{"embeddable":true,"href":"https:\/\/teaeye.pl\/uk\/wp-json\/wp\/v2\/comments?post=12459"}],"version-history":[{"count":4,"href":"https:\/\/teaeye.pl\/uk\/wp-json\/wp\/v2\/product\/12459\/revisions"}],"predecessor-version":[{"id":13072,"href":"https:\/\/teaeye.pl\/uk\/wp-json\/wp\/v2\/product\/12459\/revisions\/13072"}],"wp:featuredmedia":[{"embeddable":true,"href":"https:\/\/teaeye.pl\/uk\/wp-json\/wp\/v2\/media\/12461"}],"wp:attachment":[{"href":"https:\/\/teaeye.pl\/uk\/wp-json\/wp\/v2\/media?parent=12459"}],"wp:term":[{"taxonomy":"product_cat","embeddable":true,"href":"https:\/\/teaeye.pl\/uk\/wp-json\/wp\/v2\/product_cat?post=12459"},{"taxonomy":"product_tag","embeddable":true,"href":"https:\/\/teaeye.pl\/uk\/wp-json\/wp\/v2\/product_tag?post=12459"}],"curies":[{"name":"wp","href":"https:\/\/api.w.org\/{rel}","templated":true}]}}