{"id":12462,"date":"2025-05-12T09:26:24","date_gmt":"2025-05-12T09:26:24","guid":{"rendered":"https:\/\/teaeye.pl\/?post_type=product&#038;p=12462"},"modified":"2025-08-10T14:11:51","modified_gmt":"2025-08-10T14:11:51","slug":"herbata-gryczana-20-torebek","status":"publish","type":"product","link":"https:\/\/teaeye.pl\/uk\/product\/herbata-gryczana-20-torebek\/","title":{"rendered":"\u0413\u0440\u0435\u0447\u0430\u043d\u0438\u0439 \u0447\u0430\u0439 - 20 \u043f\u0430\u043a\u0435\u0442\u0438\u043a\u0456\u0432"},"content":{"rendered":"<p>\u0421\u043c\u0430\u0436\u0435\u043d\u0438\u0439 \u0433\u0440\u0435\u0447\u0430\u043d\u0438\u0439 \u0447\u0430\u0439 \u0443 \u043f\u0430\u043a\u0435\u0442\u0438\u043a\u0430\u0445. \u041c\u2019\u044f\u043a\u0438\u0439, \u0433\u043e\u0440\u0456\u0445\u043e\u0432\u0438\u0439 \u0456 \u043f\u043e\u0432\u043d\u0456\u0441\u0442\u044e \u0431\u0435\u0437 \u043a\u043e\u0444\u0435\u0457\u043d\u0443. \u0406\u0434\u0435\u0430\u043b\u044c\u043d\u0438\u0439 \u0434\u043b\u044f \u0449\u043e\u0434\u0435\u043d\u043d\u043e\u0433\u043e \u0432\u0436\u0438\u0432\u0430\u043d\u043d\u044f, \u043d\u0430\u0432\u0456\u0442\u044c \u0443\u0432\u0435\u0447\u0435\u0440\u0456.<\/p>\n<p><strong data-start=\"1305\" data-end=\"1314\">Sk\u0142ad<\/strong>: pra\u017cona gryka<br data-start=\"1329\" data-end=\"1332\" \/><strong data-start=\"1332\" data-end=\"1341\">\u0424\u043e\u0440\u043c\u0430<\/strong>: 20 torebek po 3 g<br data-start=\"1360\" data-end=\"1363\" \/><strong data-start=\"1363\" data-end=\"1377\">Masa netto<\/strong>: 60 g<\/p>","protected":false},"excerpt":{"rendered":"<p class=\"\" data-start=\"1028\" data-end=\"1303\">Zdrowa i pachn\u0105ca herbata z pra\u017conej gryki tatarskiej (kucha). Nie zawiera kofeiny i charakteryzuje si\u0119 delikatnym, zbo\u017cowo-orzechowym smakiem z lekk\u0105 s\u0142odycz\u0105. Znana z prozdrowotnych w\u0142a\u015bciwo\u015bci: wspiera trawienie, stabilizuje poziom cukru we krwi i dzia\u0142a antyoksydacyjnie.<\/p>\n<p class=\"\" data-start=\"1305\" data-end=\"1383\"><strong data-start=\"1305\" data-end=\"1314\">Sk\u0142ad<\/strong>: pra\u017cona gryka<br data-start=\"1329\" data-end=\"1332\" \/><strong data-start=\"1332\" data-end=\"1341\">\u0424\u043e\u0440\u043c\u0430<\/strong>: 20 torebek po 3 g<br data-start=\"1360\" data-end=\"1363\" \/><strong data-start=\"1363\" data-end=\"1377\">Masa netto<\/strong>: 60 g<\/p>","protected":false},"featured_media":12467,"comment_status":"open","ping_status":"closed","template":"","meta":[],"product_cat":[151,149,124],"product_tag":[],"class_list":{"0":"post-12462","1":"product","2":"type-product","3":"status-publish","4":"has-post-thumbnail","6":"product_cat-bez-ceregieli","7":"product_cat-herbata","8":"product_cat-herbata-ziolowa","10":"first","11":"outofstock","12":"shipping-taxable","13":"purchasable","14":"product-type-simple"},"aioseo_notices":[],"_links":{"self":[{"href":"https:\/\/teaeye.pl\/uk\/wp-json\/wp\/v2\/product\/12462","targetHints":{"allow":["GET"]}}],"collection":[{"href":"https:\/\/teaeye.pl\/uk\/wp-json\/wp\/v2\/product"}],"about":[{"href":"https:\/\/teaeye.pl\/uk\/wp-json\/wp\/v2\/types\/product"}],"replies":[{"embeddable":true,"href":"https:\/\/teaeye.pl\/uk\/wp-json\/wp\/v2\/comments?post=12462"}],"version-history":[{"count":4,"href":"https:\/\/teaeye.pl\/uk\/wp-json\/wp\/v2\/product\/12462\/revisions"}],"predecessor-version":[{"id":12466,"href":"https:\/\/teaeye.pl\/uk\/wp-json\/wp\/v2\/product\/12462\/revisions\/12466"}],"wp:featuredmedia":[{"embeddable":true,"href":"https:\/\/teaeye.pl\/uk\/wp-json\/wp\/v2\/media\/12467"}],"wp:attachment":[{"href":"https:\/\/teaeye.pl\/uk\/wp-json\/wp\/v2\/media?parent=12462"}],"wp:term":[{"taxonomy":"product_cat","embeddable":true,"href":"https:\/\/teaeye.pl\/uk\/wp-json\/wp\/v2\/product_cat?post=12462"},{"taxonomy":"product_tag","embeddable":true,"href":"https:\/\/teaeye.pl\/uk\/wp-json\/wp\/v2\/product_tag?post=12462"}],"curies":[{"name":"wp","href":"https:\/\/api.w.org\/{rel}","templated":true}]}}