{"id":12654,"date":"2025-05-20T18:13:33","date_gmt":"2025-05-20T18:13:33","guid":{"rendered":"https:\/\/teaeye.pl\/?post_type=product&#038;p=12654"},"modified":"2026-03-04T19:42:38","modified_gmt":"2026-03-04T19:42:38","slug":"figurka-do-herbaty-zielony-wol-glina","status":"publish","type":"product","link":"https:\/\/teaeye.pl\/uk\/product\/figurka-do-herbaty-zielony-wol-glina\/","title":{"rendered":"\u0427\u0430\u0439\u043d\u0430 \u0444\u0456\u0433\u0443\u0440\u043a\u0430 - \u0433\u043b\u0438\u043d\u0430 \"\u0417\u0435\u043b\u0435\u043d\u0438\u0439 \u0431\u0438\u043a\""},"content":{"rendered":"<p>R\u0119cznie wykonana figurka z gliny przedstawiaj\u0105ca \u201eZielonego Wo\u0142a\u201d \u2013 symbol wytrwa\u0142o\u015bci i si\u0142y w chi\u0144skiej kulturze herbacianej. Idealna do polewania herbat\u0105 podczas ceremonii gongfu cha.<\/p>","protected":false},"excerpt":{"rendered":"<p class=\"\" data-start=\"193\" data-end=\"211\"><strong data-start=\"193\" data-end=\"211\">Opis produktu:<\/strong><\/p>\n<p class=\"\" data-start=\"213\" data-end=\"538\">Urocza i symboliczna figurka do herbaty \u201eZielony W\u00f3\u0142\u201d to nie tylko ozdoba Twojego herbacianego k\u0105cika, ale tak\u017ce wierny towarzysz podczas ceremonii parzenia herbaty. Wykonana z naturalnej gliny, nawi\u0105zuje do cech takich jak si\u0142a, spok\u00f3j i determinacja \u2014 dok\u0142adnie tych, kt\u00f3re odnajdujemy w fili\u017cance dobrej chi\u0144skiej herbaty.<\/p>\n<p class=\"\" data-start=\"540\" data-end=\"759\">Ta figurka wo\u0142u inspirowana jest tradycyjnym chi\u0144skim stylem i doskonale nadaje si\u0119 zar\u00f3wno dla kolekcjoner\u00f3w, jak i mi\u0142o\u015bnik\u00f3w estetyki gongfu cha. Ma\u0142y, z\u0142otawy akcent na grzbiecie dodaje jej elegancji i wyj\u0105tkowo\u015bci.<\/p>\n<p class=\"\" data-start=\"761\" data-end=\"773\"><strong data-start=\"761\" data-end=\"773\">\u0420\u043e\u0437\u043c\u0456\u0440\u0438:<\/strong><\/p>\n<ul data-start=\"774\" data-end=\"828\">\n<li class=\"\" data-start=\"774\" data-end=\"791\">\n<p class=\"\" data-start=\"776\" data-end=\"791\">D\u0142ugo\u015b\u0107: 8 cm<\/p>\n<\/li>\n<li class=\"\" data-start=\"792\" data-end=\"810\">\n<p class=\"\" data-start=\"794\" data-end=\"810\">Wysoko\u015b\u0107: 5 cm<\/p>\n<\/li>\n<li class=\"\" data-start=\"811\" data-end=\"828\">\n<p class=\"\" data-start=\"813\" data-end=\"828\">Szeroko\u015b\u0107: 4 cm<\/p>\n<\/li>\n<\/ul>\n<p class=\"\" data-start=\"830\" data-end=\"849\"><strong data-start=\"830\" data-end=\"843\">\u041c\u0430\u0442\u0435\u0440\u0456\u0430\u043b\u044c\u043d\u0438\u0439:<\/strong> \u0433\u043b\u0438\u043d\u0430<\/p>\n<p class=\"\" data-start=\"851\" data-end=\"883\"><strong data-start=\"851\" data-end=\"861\">\u041a\u043e\u043b\u0456\u0440:<\/strong> ciemnozielony, matowy<\/p>\n<p class=\"\" data-start=\"885\" data-end=\"906\"><strong data-start=\"885\" data-end=\"906\">\u041e\u0441\u043e\u0431\u043b\u0438\u0432\u0456 \u0440\u0438\u0441\u0438:<\/strong><\/p>\n<ul data-start=\"907\" data-end=\"1052\">\n<li class=\"\" data-start=\"907\" data-end=\"925\">\n<p class=\"\" data-start=\"909\" data-end=\"925\">R\u0119czne wykonanie<\/p>\n<\/li>\n<li class=\"\" data-start=\"926\" data-end=\"996\">\n<p class=\"\" data-start=\"928\" data-end=\"996\">\u015awietnie komponuje si\u0119 z czajniczkami z Yixingu i innymi akcesoriami<\/p>\n<\/li>\n<li class=\"\" data-start=\"997\" data-end=\"1052\">\n<p class=\"\" data-start=\"999\" data-end=\"1052\">\u0406\u0434\u0435\u0430\u043b\u044c\u043d\u043e \u043f\u0456\u0434\u0445\u043e\u0434\u0438\u0442\u044c \u044f\u043a \u0444\u0456\u0433\u0443\u0440\u043a\u0430 \u0434\u043b\u044f \u0440\u043e\u0437\u043b\u0438\u0432\u0430\u043d\u043d\u044f \u0447\u0430\u044e (\u0447\u0430-\u0447\u0430\u043d\u0433)<\/p>\n<\/li>\n<\/ul>\n<p class=\"\" data-start=\"1054\" data-end=\"1310\"><strong data-start=\"1054\" data-end=\"1083\">Po co figurka do herbaty?<\/strong><br data-start=\"1083\" data-end=\"1086\" \/>W chi\u0144skiej kulturze herbacianej figurki, czyli <strong data-start=\"1134\" data-end=\"1147\">cha chong<\/strong> (\u8336\u5ba0), symbolizuj\u0105 szcz\u0119\u015bcie, dobrobyt i wprowadzaj\u0105 element zabawy oraz szacunku do tradycji. &#8222;O\u017cywaj\u0105&#8221; pod wp\u0142ywem herbaty, kt\u00f3r\u0105 polewa si\u0119 je podczas parzenia.<\/p>","protected":false},"featured_media":12655,"comment_status":"open","ping_status":"closed","template":"","meta":[],"product_cat":[129,132],"product_tag":[],"class_list":{"0":"post-12654","1":"product","2":"type-product","3":"status-publish","4":"has-post-thumbnail","6":"product_cat-akcesoria","7":"product_cat-figurki","9":"first","10":"outofstock","11":"shipping-taxable","12":"purchasable","13":"product-type-simple"},"aioseo_notices":[],"_links":{"self":[{"href":"https:\/\/teaeye.pl\/uk\/wp-json\/wp\/v2\/product\/12654","targetHints":{"allow":["GET"]}}],"collection":[{"href":"https:\/\/teaeye.pl\/uk\/wp-json\/wp\/v2\/product"}],"about":[{"href":"https:\/\/teaeye.pl\/uk\/wp-json\/wp\/v2\/types\/product"}],"replies":[{"embeddable":true,"href":"https:\/\/teaeye.pl\/uk\/wp-json\/wp\/v2\/comments?post=12654"}],"version-history":[{"count":1,"href":"https:\/\/teaeye.pl\/uk\/wp-json\/wp\/v2\/product\/12654\/revisions"}],"predecessor-version":[{"id":12657,"href":"https:\/\/teaeye.pl\/uk\/wp-json\/wp\/v2\/product\/12654\/revisions\/12657"}],"wp:featuredmedia":[{"embeddable":true,"href":"https:\/\/teaeye.pl\/uk\/wp-json\/wp\/v2\/media\/12655"}],"wp:attachment":[{"href":"https:\/\/teaeye.pl\/uk\/wp-json\/wp\/v2\/media?parent=12654"}],"wp:term":[{"taxonomy":"product_cat","embeddable":true,"href":"https:\/\/teaeye.pl\/uk\/wp-json\/wp\/v2\/product_cat?post=12654"},{"taxonomy":"product_tag","embeddable":true,"href":"https:\/\/teaeye.pl\/uk\/wp-json\/wp\/v2\/product_tag?post=12654"}],"curies":[{"name":"wp","href":"https:\/\/api.w.org\/{rel}","templated":true}]}}