{"id":12667,"date":"2025-05-20T18:29:30","date_gmt":"2025-05-20T18:29:30","guid":{"rendered":"https:\/\/teaeye.pl\/?post_type=product&#038;p=12667"},"modified":"2026-03-13T14:18:16","modified_gmt":"2026-03-13T14:18:16","slug":"figurka-do-herbaty-zloty-bawol-glina","status":"publish","type":"product","link":"https:\/\/teaeye.pl\/uk\/product\/figurka-do-herbaty-zloty-bawol-glina\/","title":{"rendered":"\u0427\u0430\u0439\u043d\u0430 \u0444\u0456\u0433\u0443\u0440\u043a\u0430 \u00ab\u0417\u043e\u043b\u043e\u0442\u0438\u0439 \u0411\u0438\u043a\u00bb (\u0433\u043b\u0438\u043d\u0430)"},"content":{"rendered":"<h1>\u0427\u0430\u0439\u043d\u0430 \u0444\u0456\u0433\u0443\u0440\u043a\u0430 \u2013 \u00ab\u0417\u043e\u043b\u043e\u0442\u0438\u0439 \u0411\u0443\u0439\u0432\u0456\u043b\u00bb \u0437 \u0433\u043b\u0438\u043d\u0438<\/h1>\n<p>\u0427\u0430\u0439\u043d\u0430 \u0444\u0456\u0433\u0443\u0440\u043a\u0430 \u00ab\u0417\u043e\u043b\u043e\u0442\u0438\u0439 \u0411\u0443\u0439\u0432\u0456\u043b\u00bb \u2014 \u0446\u0435 \u043e\u0441\u043e\u0431\u043b\u0438\u0432\u0435 \u0447\u0430\u0439\u043d\u0435 \u0437\u0432\u0456\u0440\u044f\u0442\u043a\u043e (\u8336\u5ba0 \u2013 \u0447\u0430 \u0447\u043e\u043d), \u044f\u043a\u0435 \u043f\u0440\u0438\u043d\u043e\u0441\u0438\u0442\u044c \u0443 \u0446\u0435\u0440\u0435\u043c\u043e\u043d\u0456\u044e \u0433\u0443\u043d\u0444\u0443 \u0447\u0430 \u043f\u043e\u0437\u0438\u0442\u0438\u0432\u043d\u0443 \u0435\u043d\u0435\u0440\u0433\u0456\u044e \u0442\u0430 \u0441\u0432\u0456\u0442\u043b\u043e. \u0412\u0438\u0433\u043e\u0442\u043e\u0432\u043b\u0435\u043d\u0430 \u0432\u0440\u0443\u0447\u043d\u0443 \u0437 \u043d\u0430\u0442\u0443\u0440\u0430\u043b\u044c\u043d\u043e\u0457 \u0433\u043b\u0438\u043d\u0438 \u0443 \u0442\u0435\u043f\u043b\u043e\u043c\u0443, \u0437\u043e\u043b\u043e\u0442\u0430\u0432\u043e-\u0436\u043e\u0432\u0442\u043e\u043c\u0443 \u0432\u0456\u0434\u0442\u0456\u043d\u043a\u0443, \u0432\u043e\u043d\u0430 \u0432\u0438\u0440\u0456\u0437\u043d\u044f\u0454\u0442\u044c\u0441\u044f \u043e\u043f\u0442\u0438\u043c\u0456\u0441\u0442\u0438\u0447\u043d\u0438\u043c \u0432\u0438\u0433\u043b\u044f\u0434\u043e\u043c \u0456 \u043f\u0440\u043e\u043c\u043e\u0432\u0438\u0441\u0442\u043e\u044e \u0441\u0438\u043c\u0432\u043e\u043b\u0456\u043a\u043e\u044e. \u041f\u043e\u0437\u0438\u0446\u0456\u044f \u0441\u0438\u0434\u044f\u0447\u043e\u0433\u043e \u0431\u0443\u0439\u0432\u043e\u043b\u0430 \u0442\u0430 \u0432\u0438\u0440\u0430\u0437\u043d\u0456 \u043e\u0447\u0456 \u0441\u0442\u0432\u043e\u0440\u044e\u044e\u0442\u044c \u0432\u0440\u0430\u0436\u0435\u043d\u043d\u044f, \u043d\u0456\u0431\u0438 \u0444\u0456\u0433\u0443\u0440\u043a\u0430 \u0442\u0435\u0440\u043f\u043b\u044f\u0447\u0435 \u0447\u0435\u043a\u0430\u0454 \u043d\u0430 \u043f\u043e\u0440\u0446\u0456\u044e \u0430\u0440\u043e\u043c\u0430\u0442\u043d\u043e\u0433\u043e \u043d\u0430\u0441\u0442\u043e\u044e.<\/p>\n<p>\u0423 \u043a\u0438\u0442\u0430\u0439\u0441\u044c\u043a\u0456\u0439 \u043a\u0443\u043b\u044c\u0442\u0443\u0440\u0456 \u0436\u043e\u0432\u0442\u0438\u0439 \u043a\u043e\u043b\u0456\u0440 \u0437\u0434\u0430\u0432\u043d\u0430 \u043e\u0437\u043d\u0430\u0447\u0430\u0432 \u0434\u043e\u0431\u0440\u043e\u0431\u0443\u0442, \u0449\u0430\u0441\u0442\u044f \u0442\u0430 \u0436\u0438\u0442\u0442\u0454\u0432\u0443 \u0441\u0438\u043b\u0443. \u0421\u0430\u043c\u0435 \u0442\u043e\u043c\u0443 \u00ab\u0417\u043e\u043b\u043e\u0442\u0438\u0439 \u0411\u0443\u0439\u0432\u0456\u043b\u00bb \u0447\u0443\u0434\u043e\u0432\u043e \u043f\u0456\u0434\u0445\u043e\u0434\u0438\u0442\u044c \u044f\u043a \u0442\u0430\u043b\u0456\u0441\u043c\u0430\u043d \u043d\u0430 \u0447\u0430\u0439\u043d\u043e\u043c\u0443 \u0441\u0442\u043e\u043b\u0456 \u2014 \u043d\u0430\u0433\u0430\u0434\u0443\u044e\u0447\u0438 \u043f\u0440\u043e \u0433\u0430\u0440\u043c\u043e\u043d\u0456\u044e, \u0441\u0442\u0430\u0431\u0456\u043b\u044c\u043d\u0456\u0441\u0442\u044c \u0456 \u0440\u0430\u0434\u0456\u0441\u0442\u044c, \u044f\u043a\u0443 \u0434\u0430\u0440\u0443\u0454 \u0447\u0430\u0439. \u0426\u0435 \u0444\u0456\u0433\u0443\u0440\u043a\u0430, \u0449\u043e \u043f\u0440\u0438\u0432\u043d\u043e\u0441\u0438\u0442\u044c \u0443 \u0440\u0438\u0442\u0443\u0430\u043b \u043d\u0435 \u043b\u0438\u0448\u0435 \u0432\u0456\u0437\u0443\u0430\u043b\u044c\u043d\u0443 \u043a\u0440\u0430\u0441\u0443, \u0430 \u0439 \u0433\u043b\u0438\u0431\u0448\u0438\u0439 \u0437\u043c\u0456\u0441\u0442.<\/p>\n<p><a href=\"https:\/\/teaeye.pl\/wp-content\/uploads\/2025\/05\/bullyellow1.jpg\"><img fetchpriority=\"high\" decoding=\"async\" class=\"alignnone  wp-image-12668\" src=\"https:\/\/teaeye.pl\/wp-content\/uploads\/2025\/05\/bullyellow1-300x219.jpg\" alt=\"\u0427\u0430\u0439\u043d\u0430 \u0444\u0456\u0433\u0443\u0440\u043a\u0430\" width=\"551\" height=\"402\" srcset=\"https:\/\/teaeye.pl\/wp-content\/uploads\/2025\/05\/bullyellow1-300x219.jpg 300w, https:\/\/teaeye.pl\/wp-content\/uploads\/2025\/05\/bullyellow1-1024x748.jpg 1024w, https:\/\/teaeye.pl\/wp-content\/uploads\/2025\/05\/bullyellow1-768x561.jpg 768w, https:\/\/teaeye.pl\/wp-content\/uploads\/2025\/05\/bullyellow1-1536x1122.jpg 1536w, https:\/\/teaeye.pl\/wp-content\/uploads\/2025\/05\/bullyellow1-16x12.jpg 16w, https:\/\/teaeye.pl\/wp-content\/uploads\/2025\/05\/bullyellow1-600x438.jpg 600w, https:\/\/teaeye.pl\/wp-content\/uploads\/2025\/05\/bullyellow1-850x621.jpg 850w, https:\/\/teaeye.pl\/wp-content\/uploads\/2025\/05\/bullyellow1.jpg 1920w\" sizes=\"(max-width: 551px) 100vw, 551px\" \/><\/a><\/p>\n<h2>\u0417\u043d\u0430\u0447\u0435\u043d\u043d\u044f \u0417\u043e\u043b\u043e\u0442\u043e\u0433\u043e \u0411\u0443\u0439\u0432\u043e\u043b\u0430<\/h2>\n<p>\u0411\u0443\u0439\u0432\u0456\u043b \u0443 \u043a\u0438\u0442\u0430\u0439\u0441\u044c\u043a\u0456\u0439 \u0442\u0440\u0430\u0434\u0438\u0446\u0456\u0457 \u0441\u0438\u043c\u0432\u043e\u043b\u0456\u0437\u0443\u0454 \u0442\u0435\u0440\u043f\u0456\u043d\u043d\u044f, \u043d\u0430\u043f\u043e\u043b\u0435\u0433\u043b\u0438\u0432\u0456\u0441\u0442\u044c \u0456 \u0433\u0430\u0440\u043c\u043e\u043d\u0456\u044e \u0437 \u043f\u0440\u0438\u0440\u043e\u0434\u043e\u044e. \u0423 \u00ab\u0417\u043e\u043b\u043e\u0442\u0456\u0439\u00bb \u0432\u0435\u0440\u0441\u0456\u0457 \u0432\u0456\u043d \u0434\u043e\u0434\u0430\u0442\u043a\u043e\u0432\u043e \u043d\u0430\u0431\u0443\u0432\u0430\u0454 \u0437\u043d\u0430\u0447\u0435\u043d\u043d\u044f \u0442\u0430\u043b\u0456\u0441\u043c\u0430\u043d\u0430 \u0434\u043e\u0431\u0440\u043e\u0431\u0443\u0442\u0443 \u0439 \u043e\u043f\u0442\u0438\u043c\u0456\u0437\u043c\u0443. \u0419\u043e\u0433\u043e \u043f\u0440\u0438\u0441\u0443\u0442\u043d\u0456\u0441\u0442\u044c \u043f\u0456\u0434 \u0447\u0430\u0441 \u0446\u0435\u0440\u0435\u043c\u043e\u043d\u0456\u0457 \u0433\u0443\u043d\u0444\u0443 \u0447\u0430 \u0441\u043f\u0440\u0438\u044f\u0454 \u0430\u0442\u043c\u043e\u0441\u0444\u0435\u0440\u0456 \u0441\u043f\u043e\u043a\u043e\u044e \u0442\u0430 \u0437\u043e\u0441\u0435\u0440\u0435\u0434\u0436\u0435\u043d\u043e\u0441\u0442\u0456, \u0430 \u0437\u043e\u043b\u043e\u0442\u0430\u0432\u0438\u0439 \u043a\u043e\u043b\u0456\u0440 \u043f\u0456\u0434\u043a\u0440\u0435\u0441\u043b\u044e\u0454 \u0441\u0432\u0456\u0442\u043b\u0443, \u043f\u043e\u0437\u0438\u0442\u0438\u0432\u043d\u0443 \u0441\u0442\u043e\u0440\u043e\u043d\u0443 \u0436\u0438\u0442\u0442\u044f.<\/p>\n<p>\u041f\u043e\u043b\u0438\u0432\u0430\u044e\u0447\u0438 \u0444\u0456\u0433\u0443\u0440\u043a\u0443 \u043f\u0435\u0440\u0448\u0438\u043c \u043d\u0430\u0441\u0442\u043e\u0454\u043c \u0448\u0443 \u043f\u0443\u0435\u0440\u0443, \u0443\u043b\u0443\u043d\u0456\u0432 \u0447\u0438 \u0447\u0430\u044e <a href=\"https:\/\/teaeye.pl\/uk\/product-category\/gaba-herbata\/\">\u0433\u0430\u0431\u0430<\/a>, nadajesz jej energii i \u201eo\u017cywiasz\u201d j\u0105 zgodnie z chi\u0144sk\u0105 tradycj\u0105 <a href=\"https:\/\/en.wikipedia.org\/wiki\/Chinese_tea_culture\" target=\"_blank\" rel=\"noopener\">cha chong<\/a>.<\/p>\n<p><a href=\"https:\/\/teaeye.pl\/wp-content\/uploads\/2025\/05\/bullyellow2.jpg\"><img decoding=\"async\" class=\"alignnone  wp-image-12669\" src=\"https:\/\/teaeye.pl\/wp-content\/uploads\/2025\/05\/bullyellow2-300x219.jpg\" alt=\"\u0427\u0430\u0439\u043d\u0430 \u0444\u0456\u0433\u0443\u0440\u043a\u0430\" width=\"551\" height=\"402\" srcset=\"https:\/\/teaeye.pl\/wp-content\/uploads\/2025\/05\/bullyellow2-300x219.jpg 300w, https:\/\/teaeye.pl\/wp-content\/uploads\/2025\/05\/bullyellow2-1024x748.jpg 1024w, https:\/\/teaeye.pl\/wp-content\/uploads\/2025\/05\/bullyellow2-768x561.jpg 768w, https:\/\/teaeye.pl\/wp-content\/uploads\/2025\/05\/bullyellow2-1536x1122.jpg 1536w, https:\/\/teaeye.pl\/wp-content\/uploads\/2025\/05\/bullyellow2-16x12.jpg 16w, https:\/\/teaeye.pl\/wp-content\/uploads\/2025\/05\/bullyellow2-600x438.jpg 600w, https:\/\/teaeye.pl\/wp-content\/uploads\/2025\/05\/bullyellow2-850x621.jpg 850w, https:\/\/teaeye.pl\/wp-content\/uploads\/2025\/05\/bullyellow2.jpg 1920w\" sizes=\"(max-width: 551px) 100vw, 551px\" \/><\/a><\/p>\n<h3>\u0427\u0430\u0439\u043d\u0430 \u0444\u0456\u0433\u0443\u0440\u043a\u0430 \u2013 \u044f\u043a \u0432\u0438\u043a\u043e\u0440\u0438\u0441\u0442\u043e\u0432\u0443\u0432\u0430\u0442\u0438 \u043f\u0456\u0434 \u0447\u0430\u0441 \u0437\u0430\u0432\u0430\u0440\u044e\u0432\u0430\u043d\u043d\u044f?<\/h3>\n<p>\u00ab\u0417\u043e\u043b\u043e\u0442\u0438\u0439 \u0411\u0443\u0439\u0432\u0456\u043b\u00bb \u0447\u0443\u0434\u043e\u0432\u043e \u043f\u0456\u0434\u0445\u043e\u0434\u0438\u0442\u044c \u044f\u043a \u0435\u043b\u0435\u043c\u0435\u043d\u0442 \u0449\u043e\u0434\u0435\u043d\u043d\u043e\u0433\u043e \u0440\u0438\u0442\u0443\u0430\u043b\u0443. \u041f\u043e\u0441\u0442\u0430\u0432 \u0439\u043e\u0433\u043e \u043d\u0430 \u0447\u0430\u0439\u043d\u0438\u0439 \u0441\u0442\u0456\u043b \u0456 \u043f\u0456\u0434 \u0447\u0430\u0441 \u043a\u043e\u0436\u043d\u043e\u0457 \u0446\u0435\u0440\u0435\u043c\u043e\u043d\u0456\u0457 \u043f\u043e\u043b\u0438\u0432\u0430\u0439 \u043f\u0435\u0440\u0448\u0438\u043c \u043d\u0430\u0441\u0442\u043e\u0454\u043c, \u044f\u043a\u0438\u0439 \u0437\u0430\u0437\u0432\u0438\u0447\u0430\u0439 \u0437\u043b\u0438\u0432\u0430\u044e\u0442\u044c \u0456\u0437 \u0447\u0430\u0439\u043d\u0438\u043a\u0430 \u0430\u0431\u043e \u0433\u0430\u0439\u0432\u0430\u043d\u0456. \u0420\u0435\u0433\u0443\u043b\u044f\u0440\u043d\u0435 \u00ab\u0433\u043e\u0434\u0443\u0432\u0430\u043d\u043d\u044f \u0447\u0430\u0454\u043c\u00bb \u043f\u0440\u0438\u0437\u0432\u043e\u0434\u0438\u0442\u044c \u0434\u043e \u0442\u043e\u0433\u043e, \u0449\u043e \u0433\u043b\u0438\u043d\u0430 \u043f\u043e\u0441\u0442\u0443\u043f\u043e\u0432\u043e \u0437\u043c\u0456\u043d\u044e\u0454 \u0441\u0432\u0456\u0439 \u043a\u043e\u043b\u0456\u0440 \u0456 \u043d\u0430\u0431\u0443\u0432\u0430\u0454 \u0456\u043d\u0434\u0438\u0432\u0456\u0434\u0443\u0430\u043b\u044c\u043d\u043e\u0433\u043e \u0445\u0430\u0440\u0430\u043a\u0442\u0435\u0440\u0443. \u0417\u0430\u0432\u0434\u044f\u043a\u0438 \u0446\u044c\u043e\u043c\u0443 \u043a\u043e\u0436\u043d\u0430 \u0444\u0456\u0433\u0443\u0440\u043a\u0430 \u0441\u0442\u0430\u0454 \u0449\u0435 \u0431\u0456\u043b\u044c\u0448 \u043e\u0441\u043e\u0431\u0438\u0441\u0442\u043e\u044e \u0456 \u0441\u043f\u043e\u0432\u043d\u0435\u043d\u043e\u044e \u0456\u0441\u0442\u043e\u0440\u0456\u0439.<\/p>\n<p class=\"translation-block\">\u0425\u043e\u0447\u0435\u0448 \u043f\u043e\u0431\u0430\u0447\u0438\u0442\u0438 \u0431\u0456\u043b\u044c\u0448\u0435 \u0430\u043a\u0441\u0435\u0441\u0443\u0430\u0440\u0456\u0432? \u041f\u0435\u0440\u0435\u0433\u043b\u044f\u043d\u044c \u043d\u0430\u0448\u0443 \u043a\u0430\u0442\u0435\u0433\u043e\u0440\u0456\u044e <a href=\"https:\/\/teaeye.pl\/uk\/product-category\/akcesoria\/figurki\/\" target=\"_self\">\u0444\u0456\u0433\u0443\u0440\u043e\u043a<\/a> \u0442\u0430 <a href=\"https:\/\/teaeye.pl\/uk\/product-category\/akcesoria\/naczynia\/akcesoria-do-parzenia\/\" target=\"_self\">\u0430\u043a\u0441\u0435\u0441\u0443\u0430\u0440\u0456\u0432 \u0434\u043b\u044f \u0437\u0430\u0432\u0430\u0440\u044e\u0432\u0430\u043d\u043d\u044f<\/a>, \u0434\u043e\u0441\u0442\u0443\u043f\u043d\u0438\u0445 \u0443 TEA EYE \u2014 \u043c\u0430\u0433\u0430\u0437\u0438\u043d\u0456 \u043a\u0438\u0442\u0430\u0439\u0441\u044c\u043a\u043e\u0433\u043e \u0447\u0430\u044e \u0443 \u0412\u0430\u0440\u0448\u0430\u0432\u0456 \u0442\u0430 \u043f\u043e \u0432\u0441\u0456\u0439 \u041f\u043e\u043b\u044c\u0449\u0456.<\/p>","protected":false},"excerpt":{"rendered":"<p class=\"\" data-start=\"218\" data-end=\"530\">\u0427\u0430\u0439\u043d\u0430 \u0444\u0456\u0433\u0443\u0440\u043a\u0430 \u00ab\u0417\u043e\u043b\u043e\u0442\u0438\u0439 \u0411\u0443\u0439\u0432\u0456\u043b\u00bb, \u0432\u0438\u0433\u043e\u0442\u043e\u0432\u043b\u0435\u043d\u0430 \u0437 \u043d\u0430\u0442\u0443\u0440\u0430\u043b\u044c\u043d\u043e\u0457 \u0433\u043b\u0438\u043d\u0438 \u0443 \u0442\u0435\u043f\u043b\u043e\u043c\u0443, \u0437\u043e\u043b\u043e\u0442\u0430\u0432\u043e-\u0436\u043e\u0432\u0442\u043e\u043c\u0443 \u0432\u0456\u0434\u0442\u0456\u043d\u043a\u0443, \u0441\u0438\u043c\u0432\u043e\u043b\u0456\u0437\u0443\u0454 \u0434\u043e\u0431\u0440\u043e\u0431\u0443\u0442 \u0456 \u043f\u043e\u0437\u0438\u0442\u0438\u0432\u043d\u0443 \u0435\u043d\u0435\u0440\u0433\u0456\u044e. \u0407\u0457 \u043e\u043f\u0442\u0438\u043c\u0456\u0441\u0442\u0438\u0447\u043d\u0438\u0439 \u0432\u0438\u0433\u043b\u044f\u0434 \u0456 \u0441\u0438\u043c\u0432\u043e\u043b\u0456\u043a\u0430 \u0440\u043e\u0431\u043b\u044f\u0442\u044c \u0457\u0457 \u0456\u0434\u0435\u0430\u043b\u044c\u043d\u043e\u044e \u044f\u043a \u0447\u0430 \u0447\u043e\u043d \u0434\u043b\u044f \u0446\u0435\u0440\u0435\u043c\u043e\u043d\u0456\u0457 \u0433\u0443\u043d\u0444\u0443 \u0447\u0430. \u041f\u0440\u0438 \u0440\u0435\u0433\u0443\u043b\u044f\u0440\u043d\u043e\u043c\u0443 \u043f\u043e\u043b\u0438\u0432\u0430\u043d\u043d\u0456 \u0447\u0430\u0454\u043c \u0432\u043e\u043d\u0430 \u043d\u0430\u0431\u0443\u0432\u0430\u0454 \u0433\u043b\u0438\u0431\u0438\u043d\u0438 \u043a\u043e\u043b\u044c\u043e\u0440\u0443 \u0442\u0430 \u0443\u043d\u0456\u043a\u0430\u043b\u044c\u043d\u043e\u0433\u043e \u0445\u0430\u0440\u0430\u043a\u0442\u0435\u0440\u0443. \u0426\u0435 \u0447\u0443\u0434\u043e\u0432\u0438\u0439 \u0432\u0438\u0431\u0456\u0440 \u0434\u043b\u044f \u0442\u0438\u0445, \u0445\u0442\u043e \u0446\u0456\u043d\u0443\u0454 \u0442\u0440\u0430\u0434\u0438\u0446\u0456\u044e \u0439 \u0445\u043e\u0447\u0435 \u043d\u0430\u0434\u0430\u0442\u0438 \u0441\u0432\u043e\u0454\u043c\u0443 \u0447\u0430\u0439\u043d\u043e\u043c\u0443 \u0440\u0438\u0442\u0443\u0430\u043b\u0443 \u043e\u0441\u043e\u0431\u043b\u0438\u0432\u043e\u0433\u043e \u0437\u043d\u0430\u0447\u0435\u043d\u043d\u044f.<\/p>","protected":false},"featured_media":12668,"comment_status":"open","ping_status":"closed","template":"","meta":[],"product_cat":[129,132],"product_tag":[],"class_list":{"0":"post-12667","1":"product","2":"type-product","3":"status-publish","4":"has-post-thumbnail","6":"product_cat-akcesoria","7":"product_cat-figurki","9":"first","10":"outofstock","11":"shipping-taxable","12":"purchasable","13":"product-type-simple"},"aioseo_notices":[],"_links":{"self":[{"href":"https:\/\/teaeye.pl\/uk\/wp-json\/wp\/v2\/product\/12667","targetHints":{"allow":["GET"]}}],"collection":[{"href":"https:\/\/teaeye.pl\/uk\/wp-json\/wp\/v2\/product"}],"about":[{"href":"https:\/\/teaeye.pl\/uk\/wp-json\/wp\/v2\/types\/product"}],"replies":[{"embeddable":true,"href":"https:\/\/teaeye.pl\/uk\/wp-json\/wp\/v2\/comments?post=12667"}],"version-history":[{"count":3,"href":"https:\/\/teaeye.pl\/uk\/wp-json\/wp\/v2\/product\/12667\/revisions"}],"predecessor-version":[{"id":15048,"href":"https:\/\/teaeye.pl\/uk\/wp-json\/wp\/v2\/product\/12667\/revisions\/15048"}],"wp:featuredmedia":[{"embeddable":true,"href":"https:\/\/teaeye.pl\/uk\/wp-json\/wp\/v2\/media\/12668"}],"wp:attachment":[{"href":"https:\/\/teaeye.pl\/uk\/wp-json\/wp\/v2\/media?parent=12667"}],"wp:term":[{"taxonomy":"product_cat","embeddable":true,"href":"https:\/\/teaeye.pl\/uk\/wp-json\/wp\/v2\/product_cat?post=12667"},{"taxonomy":"product_tag","embeddable":true,"href":"https:\/\/teaeye.pl\/uk\/wp-json\/wp\/v2\/product_tag?post=12667"}],"curies":[{"name":"wp","href":"https:\/\/api.w.org\/{rel}","templated":true}]}}