{"id":12710,"date":"2025-05-20T20:10:14","date_gmt":"2025-05-20T20:10:14","guid":{"rendered":"https:\/\/teaeye.pl\/?post_type=product&#038;p=12710"},"modified":"2026-03-25T12:30:25","modified_gmt":"2026-03-25T12:30:25","slug":"qianliang-cha-anhua-hunan-2008","status":"publish","type":"product","link":"https:\/\/teaeye.pl\/uk\/product\/qianliang-cha-anhua-hunan-2008\/","title":{"rendered":"\u0426\u044f\u043d\u043b\u044f\u043d \u0427\u0430 (\u0410\u043d\u044c\u0445\u0443\u0430, \u0425\u0443\u043d\u0430\u043d\u044c) 2008"},"content":{"rendered":"<h1>\u0426\u044f\u043d\u043b\u044f\u043d \u0427\u0430 (\u0410\u043d\u0445\u0443\u0430, \u0425\u0443\u043d\u0430\u043d\u044c) 2008 \u2013 \u0442\u0440\u0430\u0434\u0438\u0446\u0456\u0439\u043d\u0438\u0439, \u0432\u0438\u0442\u0440\u0438\u043c\u0430\u043d\u0438\u0439 \u0442\u0435\u043c\u043d\u0438\u0439 \u0447\u0430\u0439 \u0445\u0435\u0439 \u0447\u0430<\/h1>\n<p>\u0426\u044f\u043d\u043b\u044f\u043d \u0427\u0430 (\u5b89\u5316\u5343\u4e24\u8336) \u2014 \u0446\u0435 \u0443\u043d\u0456\u043a\u0430\u043b\u044c\u043d\u0438\u0439 \u0456 \u0440\u0456\u0434\u043a\u0456\u0441\u043d\u0438\u0439 \u0440\u0456\u0437\u043d\u043e\u0432\u0438\u0434 \u0442\u0435\u043c\u043d\u043e\u0433\u043e \u0447\u0430\u044e (\u0445\u0435\u0439 \u0447\u0430), \u0449\u043e \u043f\u043e\u0445\u043e\u0434\u0438\u0442\u044c \u0456\u0437 \u043f\u0440\u043e\u0432\u0456\u043d\u0446\u0456\u0457 \u0425\u0443\u043d\u0430\u043d\u044c. \u0419\u043e\u0433\u043e \u0432\u0438\u0433\u043e\u0442\u043e\u0432\u043b\u044f\u0454 \u0432\u0456\u0434\u043e\u043c\u0430 \u0444\u0430\u0431\u0440\u0438\u043a\u0430 Anhua Tea Factory, \u0449\u043e \u0432\u0445\u043e\u0434\u0438\u0442\u044c \u0434\u043e China Tea Co., Ltd. \u0456 \u043f\u0440\u043e\u0442\u044f\u0433\u043e\u043c \u043f\u043e\u043a\u043e\u043b\u0456\u043d\u044c \u0441\u043f\u0435\u0446\u0456\u0430\u043b\u0456\u0437\u0443\u0454\u0442\u044c\u0441\u044f \u043d\u0430 \u043a\u043b\u0430\u0441\u0438\u0447\u043d\u0456\u0439 \u043f\u043e\u0441\u0442\u0444\u0435\u0440\u043c\u0435\u043d\u0442\u0430\u0446\u0456\u0457. \u0426\u0435\u0439 \u0441\u0442\u0438\u043b\u044c \u0447\u0430\u044e \u043c\u0430\u0454 \u0434\u043e\u0432\u0433\u0443 \u0456\u0441\u0442\u043e\u0440\u0456\u044e: \u043a\u043e\u043b\u0438\u0441\u044c \u0426\u044f\u043d\u043b\u044f\u043d \u0427\u0430 \u043f\u0440\u0435\u0441\u0443\u0432\u0430\u043b\u0438 \u0443 \u0432\u0435\u043b\u0438\u0447\u0435\u0437\u043d\u0456 \u0446\u0438\u043b\u0456\u043d\u0434\u0440\u0438 \u0432\u0430\u0433\u043e\u044e \u043d\u0430\u0432\u0456\u0442\u044c \u0434\u043e 50 \u043a\u0433. \u0422\u0430\u043a\u0456 \u00ab\u0447\u0430\u0439\u043d\u0456 \u0441\u0442\u043e\u0432\u043f\u0438\u00bb \u0433\u043e\u0442\u0443\u0432\u0430\u043b\u0438 \u044f\u043a \u0441\u0442\u0440\u0430\u0442\u0435\u0433\u0456\u0447\u043d\u0438\u0439 \u0437\u0430\u043f\u0430\u0441 \u0434\u043b\u044f \u0431\u0430\u0433\u0430\u0442\u043e\u0442\u0438\u0436\u043d\u0435\u0432\u0438\u0445 \u043a\u0430\u0440\u0430\u0432\u0430\u043d\u043d\u0438\u0445 \u0435\u043a\u0441\u043f\u0435\u0434\u0438\u0446\u0456\u0439 \u0434\u043e \u0422\u0438\u0431\u0435\u0442\u0443, \u041c\u043e\u043d\u0433\u043e\u043b\u0456\u0457 \u0442\u0430 \u043f\u0456\u0432\u043d\u0456\u0447\u043d\u0438\u0445 \u043f\u0440\u043e\u0432\u0456\u043d\u0446\u0456\u0439 \u041a\u0438\u0442\u0430\u044e.<\/p>\n<p>\u0421\u0443\u0447\u0430\u0441\u043d\u0430 \u0432\u0435\u0440\u0441\u0456\u044f \u0437\u0431\u0435\u0440\u0456\u0433\u0430\u0454 \u043f\u043e\u0432\u043d\u0443 \u0442\u0440\u0430\u0434\u0438\u0446\u0456\u0439\u043d\u0456\u0441\u0442\u044c, \u0430\u043b\u0435 \u043c\u0430\u0454 \u0437\u0440\u0443\u0447\u043d\u0456\u0448\u0443 \u0444\u043e\u0440\u043c\u0443 \u043a\u043e\u043c\u043f\u0430\u043a\u0442\u043d\u0438\u0445 \u0431\u0440\u0443\u0441\u043a\u0456\u0432 \u043f\u043e 10 \u0433, \u0449\u043e \u0437\u043d\u0430\u0447\u043d\u043e \u043f\u043e\u043b\u0435\u0433\u0448\u0443\u0454 \u043f\u043e\u0440\u0446\u0456\u043e\u043d\u0443\u0432\u0430\u043d\u043d\u044f. \u041f\u043e\u043f\u0440\u0438 \u043c\u0435\u043d\u0448\u0438\u0439 \u0444\u043e\u0440\u043c\u0430\u0442, \u0447\u0430\u0439 \u0443\u0441\u0435 \u043e\u0434\u043d\u043e \u043f\u043e\u0432\u043d\u0456\u0441\u0442\u044e \u043f\u0435\u0440\u0435\u0434\u0430\u0454 \u0445\u0430\u0440\u0430\u043a\u0442\u0435\u0440 \u043a\u043b\u0430\u0441\u0438\u0447\u043d\u043e\u0457 \u0426\u044f\u043d\u043b\u044f\u043d \u0427\u0430: \u0433\u043b\u0438\u0431\u043e\u043a\u0443 \u0432\u0438\u0442\u0440\u0438\u043c\u0430\u043d\u0456\u0441\u0442\u044c, \u0431\u0430\u0433\u0430\u0442\u043e\u0448\u0430\u0440\u043e\u0432\u0438\u0439 \u0430\u0440\u043e\u043c\u0430\u0442 \u0456 \u043c\u0456\u043d\u0435\u0440\u0430\u043b\u044c\u043d\u0443 \u0441\u0442\u0440\u0443\u043a\u0442\u0443\u0440\u0443, \u0442\u0438\u043f\u043e\u0432\u0443 \u0434\u043b\u044f \u0434\u043e\u0431\u0440\u0435 \u0432\u0438\u0433\u043e\u0442\u043e\u0432\u043b\u0435\u043d\u0438\u0445 \u0445\u0435\u0439 \u0447\u0430.<\/p>\n<p><a href=\"https:\/\/teaeye.pl\/wp-content\/uploads\/2025\/05\/Qian-Liang-2.jpg\"><img fetchpriority=\"high\" decoding=\"async\" class=\"alignnone wp-image-16299\" src=\"https:\/\/teaeye.pl\/wp-content\/uploads\/2025\/05\/Qian-Liang-2-300x219.jpg\" alt=\"\u0426\u044f\u043d\u043b\u044f\u043d\" width=\"551\" height=\"402\" srcset=\"https:\/\/teaeye.pl\/wp-content\/uploads\/2025\/05\/Qian-Liang-2-300x219.jpg 300w, https:\/\/teaeye.pl\/wp-content\/uploads\/2025\/05\/Qian-Liang-2-1024x749.jpg 1024w, https:\/\/teaeye.pl\/wp-content\/uploads\/2025\/05\/Qian-Liang-2-768x561.jpg 768w, https:\/\/teaeye.pl\/wp-content\/uploads\/2025\/05\/Qian-Liang-2-1536x1123.jpg 1536w, https:\/\/teaeye.pl\/wp-content\/uploads\/2025\/05\/Qian-Liang-2-16x12.jpg 16w, https:\/\/teaeye.pl\/wp-content\/uploads\/2025\/05\/Qian-Liang-2-600x439.jpg 600w, https:\/\/teaeye.pl\/wp-content\/uploads\/2025\/05\/Qian-Liang-2-850x621.jpg 850w, https:\/\/teaeye.pl\/wp-content\/uploads\/2025\/05\/Qian-Liang-2.jpg 1755w\" sizes=\"(max-width: 551px) 100vw, 551px\" \/><\/a><\/p>\n<h2>\u0410\u0440\u043e\u043c\u0430\u0442 \u0456 \u0441\u043c\u0430\u043a \u0426\u044f\u043d\u043b\u044f\u043d \u0427\u0430 2008<\/h2>\n<p>\u0411\u0440\u0443\u0441\u043a\u0438 \u043c\u0430\u044e\u0442\u044c \u0442\u0435\u043c\u043d\u043e-\u043a\u043e\u0440\u0438\u0447\u043d\u0435\u0432\u0438\u0439 \u0432\u0456\u0434\u0442\u0456\u043d\u043e\u043a, \u0430 \u043d\u0430 \u0457\u0445\u043d\u0456\u0439 \u043f\u043e\u0432\u0435\u0440\u0445\u043d\u0456 \u0432\u0438\u0434\u043d\u043e \u0441\u043a\u0440\u0443\u0447\u0435\u043d\u0435 \u043b\u0438\u0441\u0442\u044f \u0442\u0430 \u043f\u0440\u0438\u0440\u043e\u0434\u043d\u0456 \u0437\u043e\u043b\u043e\u0442\u0438\u0441\u0442\u0456 \u043d\u0438\u0442\u043a\u0438. \u041f\u0456\u0441\u043b\u044f \u0432\u0456\u0434\u043a\u0440\u0438\u0442\u0442\u044f \u0432\u0456\u0434\u0447\u0443\u0432\u0430\u0454\u0442\u044c\u0441\u044f \u0430\u0440\u043e\u043c\u0430\u0442, \u0449\u043e \u043d\u0430\u0433\u0430\u0434\u0443\u0454 \u0441\u0442\u0430\u0440\u0443 \u0431\u0456\u0431\u043b\u0456\u043e\u0442\u0435\u043a\u0443, \u0432\u043e\u043b\u043e\u0433\u0435 \u0434\u0435\u0440\u0435\u0432\u043e, \u043c\u043e\u0445 \u0456 \u0441\u0443\u0448\u0435\u043d\u0456 \u0442\u0440\u0430\u0432\u0438. \u0426\u0435 \u0430\u0440\u043e\u043c\u0430\u0442 \u0433\u043b\u0438\u0431\u043e\u043a\u0438\u0439, \u0430\u043b\u0435 \u0432\u043e\u0434\u043d\u043e\u0447\u0430\u0441 \u043d\u0430\u043f\u0440\u043e\u0447\u0443\u0434 \u0434\u0435\u043b\u0456\u043a\u0430\u0442\u043d\u0438\u0439 \u0456 \u0435\u043b\u0435\u0433\u0430\u043d\u0442\u043d\u0438\u0439.<\/p>\n<p>\u041d\u0430\u0441\u0442\u0456\u0439 \u0434\u0430\u0440\u0443\u0454 \u0437\u0435\u043c\u043b\u0438\u0441\u0442\u043e-\u0434\u0435\u0440\u0435\u0432\u043d\u0438\u0439 \u0441\u043c\u0430\u043a \u0456\u0437 \u0434\u0435\u043b\u0456\u043a\u0430\u0442\u043d\u0438\u043c\u0438 \u043d\u043e\u0442\u0430\u043c\u0438 \u0448\u043a\u0456\u0440\u0438, \u043f\u0440\u0438\u0440\u043e\u0434\u043d\u043e\u044e \u0441\u043e\u043b\u043e\u043d\u0443\u0432\u0430\u0442\u0456\u0441\u0442\u044e \u0442\u0430 \u043b\u0435\u0433\u043a\u0438\u043c \u0442\u0435\u043f\u043b\u0438\u043c \u0434\u0438\u043c\u043a\u043e\u043c. \u0412\u0456\u043d \u0433\u043b\u0430\u0434\u043a\u0438\u0439, \u043c\u2019\u044f\u043a\u0438\u0439 \u0456 \u043f\u043e\u0437\u0431\u0430\u0432\u043b\u0435\u043d\u0438\u0439 \u0433\u0456\u0440\u043a\u043e\u0442\u0438, \u0430 \u043c\u0456\u043d\u0435\u0440\u0430\u043b\u044c\u043d\u0430 \u0441\u0442\u0440\u0443\u043a\u0442\u0443\u0440\u0430 \u043d\u0430\u0434\u0430\u0454 \u0439\u043e\u043c\u0443 \u0448\u043b\u044f\u0445\u0435\u0442\u043d\u043e\u0441\u0442\u0456. \u0424\u0456\u043d\u0456\u0448 \u0442\u0440\u0438\u0432\u0430\u043b\u0438\u0439 \u0456 \u0437\u0430\u0441\u043f\u043e\u043a\u0456\u0439\u043b\u0438\u0432\u0438\u0439 \u2014 \u0442\u0435\u043f\u043b\u0456 \u0434\u0435\u0440\u0435\u0432\u043d\u0456 \u0442\u043e\u043d\u0438 \u043f\u043e\u0454\u0434\u043d\u0443\u044e\u0442\u044c\u0441\u044f \u0437 \u043b\u0435\u0433\u043a\u043e\u044e \u043f\u0440\u0438\u0440\u043e\u0434\u043d\u043e\u044e \u0441\u043e\u043b\u043e\u0434\u043a\u0456\u0441\u0442\u044e.<\/p>\n<p><a href=\"https:\/\/teaeye.pl\/wp-content\/uploads\/2025\/05\/Qian-Liang-1.jpg\"><img decoding=\"async\" class=\"alignnone wp-image-16298\" src=\"https:\/\/teaeye.pl\/wp-content\/uploads\/2025\/05\/Qian-Liang-1-300x219.jpg\" alt=\"\u0426\u044f\u043d\u043b\u044f\u043d\" width=\"551\" height=\"402\" srcset=\"https:\/\/teaeye.pl\/wp-content\/uploads\/2025\/05\/Qian-Liang-1-300x219.jpg 300w, https:\/\/teaeye.pl\/wp-content\/uploads\/2025\/05\/Qian-Liang-1-1024x748.jpg 1024w, https:\/\/teaeye.pl\/wp-content\/uploads\/2025\/05\/Qian-Liang-1-768x561.jpg 768w, https:\/\/teaeye.pl\/wp-content\/uploads\/2025\/05\/Qian-Liang-1-16x12.jpg 16w, https:\/\/teaeye.pl\/wp-content\/uploads\/2025\/05\/Qian-Liang-1-600x438.jpg 600w, https:\/\/teaeye.pl\/wp-content\/uploads\/2025\/05\/Qian-Liang-1-850x621.jpg 850w, https:\/\/teaeye.pl\/wp-content\/uploads\/2025\/05\/Qian-Liang-1.jpg 1510w\" sizes=\"(max-width: 551px) 100vw, 551px\" \/><\/a><\/p>\n<h2>\u0414\u0456\u044f, \u0437\u0430\u0432\u0430\u0440\u044e\u0432\u0430\u043d\u043d\u044f \u0442\u0430 \u0437\u0431\u0435\u0440\u0456\u0433\u0430\u043d\u043d\u044f<\/h2>\n<p>\u0426\u044f\u043d\u043b\u044f\u043d \u0427\u0430 \u043c\u0430\u0454 \u0442\u043e\u043d\u0456\u0437\u0443\u0432\u0430\u043b\u044c\u043d\u0443 \u0434\u0456\u044e \u2014 \u0432\u043e\u043d\u0430 \u0437\u0430\u0441\u043f\u043e\u043a\u043e\u044e\u0454, \u0430\u043b\u0435 \u043d\u0435 \u043f\u0440\u0438\u0441\u0438\u043f\u043b\u044f\u0454. \u0427\u0430\u0439 \u0447\u0443\u0434\u043e\u0432\u043e \u0437\u0430\u0433\u043e\u0441\u0442\u0440\u044e\u0454 \u0443\u0432\u0430\u0433\u0443 \u0439 \u0434\u043e\u043f\u043e\u043c\u0430\u0433\u0430\u0454 \u0443\u0432\u0456\u0439\u0442\u0438 \u0432 \u0441\u0442\u0430\u043d \u043a\u043e\u043d\u0446\u0435\u043d\u0442\u0440\u0430\u0446\u0456\u0457. \u041a\u0440\u0456\u043c \u0442\u043e\u0433\u043e, \u0432\u0456\u043d \u043c\u2019\u044f\u043a\u043e \u0437\u0456\u0433\u0440\u0456\u0432\u0430\u0454 \u043e\u0440\u0433\u0430\u043d\u0456\u0437\u043c, \u0449\u043e \u0440\u043e\u0431\u0438\u0442\u044c \u0439\u043e\u0433\u043e \u043f\u0440\u0435\u043a\u0440\u0430\u0441\u043d\u0438\u043c \u0432\u0438\u0431\u043e\u0440\u043e\u043c \u0434\u043b\u044f \u043e\u0441\u0435\u043d\u0456 \u0439 \u0437\u0438\u043c\u0438, \u0430 \u0442\u0430\u043a\u043e\u0436 \u0434\u043b\u044f \u0432\u0435\u0447\u0456\u0440\u043d\u0456\u0445, \u0441\u043f\u043e\u043a\u0456\u0439\u043d\u0438\u0445 \u0447\u0430\u0439\u043d\u0438\u0445 \u0441\u0435\u0441\u0456\u0439.<\/p>\n<ul>\n<li>\u0413\u0443\u043d\u0444\u0443-\u0447\u0430: 8\u201310 \u0433 (1 \u0431\u0440\u0443\u0441\u043e\u043a) \u043d\u0430 120\u2013150 \u043c\u043b, 95\u2013100\u00b0C, 10\u201320 \u0441\u0435\u043a\u0443\u043d\u0434, \u0431\u0430\u0433\u0430\u0442\u043e \u043f\u0440\u043e\u043b\u0438\u0432\u0456\u0432.<\/li>\n<li>\u041a\u043b\u0430\u0441\u0438\u0447\u043d\u0435 \u0437\u0430\u0432\u0430\u0440\u044e\u0432\u0430\u043d\u043d\u044f: 1 \u0431\u0440\u0443\u0441\u043e\u043a \u043d\u0430 500 \u043c\u043b, 95\u2013100\u00b0C, 3\u20135 \u0445\u0432\u0438\u043b\u0438\u043d.<\/li>\n<\/ul>\n<p>\u0425\u0435\u0439 \u0447\u0430 \u043d\u0430\u0439\u043a\u0440\u0430\u0449\u0435 \u0437\u0431\u0435\u0440\u0456\u0433\u0430\u0442\u0438 \u0443 \u043f\u0440\u043e\u0432\u0456\u0442\u0440\u044e\u0432\u0430\u043d\u043e\u043c\u0443, \u0441\u0443\u0445\u043e\u043c\u0443 \u043c\u0456\u0441\u0446\u0456 \u0442\u0430 \u043f\u043e\u0434\u0430\u043b\u0456 \u0432\u0456\u0434 \u0440\u0456\u0437\u043a\u0438\u0445 \u0437\u0430\u043f\u0430\u0445\u0456\u0432. \u041f\u0440\u0438\u0440\u043e\u0434\u043d\u0430 \u043f\u043e\u0441\u0442\u0444\u0435\u0440\u043c\u0435\u043d\u0442\u0430\u0446\u0456\u044f \u0434\u043e\u0437\u0432\u043e\u043b\u044f\u0454 \u0457\u0439 \u0434\u043e\u0437\u0440\u0456\u0432\u0430\u0442\u0438 \u0440\u043e\u043a\u0430\u043c\u0438, \u043d\u0430\u0431\u0443\u0432\u0430\u044e\u0447\u0438 \u0432\u0441\u0435 \u0431\u0456\u043b\u044c\u0448 \u043e\u043a\u0440\u0443\u0433\u043b\u043e\u0433\u043e, \u043c\u2019\u044f\u043a\u043e\u0433\u043e \u043f\u0440\u043e\u0444\u0456\u043b\u044e.<\/p>\n<p class=\"translation-block\">Je\u015bli chcesz kupi\u0107 Qianliang Cha 2008 w Warszawie lub szukasz dobrze dojrza\u0142ej, tradycyjnej hei cha w <strong>sklepie chi\u0144skiej herbaty w Polsce<\/strong>, ten wypiek b\u0119dzie doskona\u0142ym wyborem. Sprawd\u017a r\u00f3wnie\u017c nasze <a href=\"https:\/\/teaeye.pl\/uk\/product-category\/czarna-herbata\/\" target=\"_self\">herbaty ciemne (hei cha)<\/a> oraz <a href=\"https:\/\/teaeye.pl\/uk\/product-category\/lao-cha-dojrzewajaca\/\" target=\"_self\">herbaty dojrzewaj\u0105ce<\/a>.<br>\r\nWi\u0119cej o hei cha przeczytasz w <a href=\"https:\/\/pl.wikipedia.org\/wiki\/Hei_cha\" target=\"_blank\" rel=\"noopener\">encyklopedii<\/a>.<\/p>","protected":false},"excerpt":{"rendered":"<p class=\"\" data-start=\"227\" data-end=\"543\">\u0426\u044f\u043d\u043b\u044f\u043d \u0427\u0430 \u2014 \u0446\u0435 \u0440\u0456\u0434\u043a\u0456\u0441\u043d\u0438\u0439, \u0432\u0438\u0442\u0440\u0438\u043c\u0430\u043d\u0438\u0439 \u043f\u0440\u0435\u0434\u0441\u0442\u0430\u0432\u043d\u0438\u043a \u0442\u0435\u043c\u043d\u043e\u0433\u043e \u0447\u0430\u044e \u0437 \u0425\u0443\u043d\u0430\u043d\u0456, \u0432\u0438\u0433\u043e\u0442\u043e\u0432\u043b\u0435\u043d\u0438\u0439 \u0442\u0440\u0430\u0434\u0438\u0446\u0456\u0439\u043d\u0438\u043c \u043c\u0435\u0442\u043e\u0434\u043e\u043c \u043f\u043e\u0441\u0442\u0444\u0435\u0440\u043c\u0435\u043d\u0442\u0430\u0446\u0456\u0457 \u043d\u0430 \u0444\u0430\u0431\u0440\u0438\u0446\u0456 Anhua Tea Factory. \u0427\u0430\u0439 \u0432\u0440\u0430\u0436\u0430\u0454 \u0430\u0440\u043e\u043c\u0430\u0442\u043e\u043c \u0441\u0442\u0430\u0440\u043e\u0433\u043e \u0434\u0435\u0440\u0435\u0432\u0430, \u0442\u0440\u0430\u0432 \u0456 \u043b\u0435\u0433\u043a\u043e\u0433\u043e \u0434\u0438\u043c\u0443, \u0430 \u0439\u043e\u0433\u043e \u0441\u043c\u0430\u043a \u0433\u043b\u0438\u0431\u043e\u043a\u0438\u0439, \u043c\u0456\u043d\u0435\u0440\u0430\u043b\u044c\u043d\u0438\u0439 \u0456 \u043d\u0430\u0434\u0437\u0432\u0438\u0447\u0430\u0439\u043d\u043e \u043c\u2019\u044f\u043a\u0438\u0439. \u041d\u0430\u0441\u0442\u0456\u0439 \u0437\u0456\u0433\u0440\u0456\u0432\u0430\u0454, \u0442\u043e\u043d\u0456\u0437\u0443\u0454 \u0442\u0430 \u0437\u0430\u0441\u043f\u043e\u043a\u043e\u044e\u0454, \u0437\u0430\u043b\u0438\u0448\u0430\u044e\u0447\u0438 \u0434\u043e\u0432\u0433\u0438\u0439, \u0442\u0435\u043f\u043b\u0438\u0439 \u043f\u0456\u0441\u043b\u044f\u0441\u043c\u0430\u043a. \u0426\u0435 \u0456\u0434\u0435\u0430\u043b\u044c\u043d\u0438\u0439 \u0445\u0435\u0439 \u0447\u0430 \u0434\u043b\u044f \u043f\u0440\u043e\u0445\u043e\u043b\u043e\u0434\u043d\u0438\u0445 \u0434\u043d\u0456\u0432, \u043c\u0435\u0434\u0438\u0442\u0430\u0446\u0456\u0439 \u0456 \u0442\u0438\u0445\u0438\u0445 \u0432\u0435\u0447\u0456\u0440\u043d\u0456\u0445 \u0441\u0435\u0441\u0456\u0439.<\/p>","protected":false},"featured_media":16298,"comment_status":"open","ping_status":"closed","template":"","meta":[],"product_cat":[116,149],"product_tag":[],"class_list":{"0":"post-12710","1":"product","2":"type-product","3":"status-publish","4":"has-post-thumbnail","6":"product_cat-czarna-herbata","7":"product_cat-herbata","9":"first","10":"outofstock","11":"shipping-taxable","12":"purchasable","13":"product-type-variable"},"aioseo_notices":[],"_links":{"self":[{"href":"https:\/\/teaeye.pl\/uk\/wp-json\/wp\/v2\/product\/12710","targetHints":{"allow":["GET"]}}],"collection":[{"href":"https:\/\/teaeye.pl\/uk\/wp-json\/wp\/v2\/product"}],"about":[{"href":"https:\/\/teaeye.pl\/uk\/wp-json\/wp\/v2\/types\/product"}],"replies":[{"embeddable":true,"href":"https:\/\/teaeye.pl\/uk\/wp-json\/wp\/v2\/comments?post=12710"}],"version-history":[{"count":4,"href":"https:\/\/teaeye.pl\/uk\/wp-json\/wp\/v2\/product\/12710\/revisions"}],"predecessor-version":[{"id":16301,"href":"https:\/\/teaeye.pl\/uk\/wp-json\/wp\/v2\/product\/12710\/revisions\/16301"}],"wp:featuredmedia":[{"embeddable":true,"href":"https:\/\/teaeye.pl\/uk\/wp-json\/wp\/v2\/media\/16298"}],"wp:attachment":[{"href":"https:\/\/teaeye.pl\/uk\/wp-json\/wp\/v2\/media?parent=12710"}],"wp:term":[{"taxonomy":"product_cat","embeddable":true,"href":"https:\/\/teaeye.pl\/uk\/wp-json\/wp\/v2\/product_cat?post=12710"},{"taxonomy":"product_tag","embeddable":true,"href":"https:\/\/teaeye.pl\/uk\/wp-json\/wp\/v2\/product_tag?post=12710"}],"curies":[{"name":"wp","href":"https:\/\/api.w.org\/{rel}","templated":true}]}}