{"id":12723,"date":"2025-05-20T20:34:31","date_gmt":"2025-05-20T20:34:31","guid":{"rendered":"https:\/\/teaeye.pl\/?post_type=product&#038;p=12723"},"modified":"2026-01-15T21:41:00","modified_gmt":"2026-01-15T21:41:00","slug":"oolong-prasowany-oolong-w-kostce-2-g","status":"publish","type":"product","link":"https:\/\/teaeye.pl\/uk\/product\/oolong-prasowany-oolong-w-kostce-2-g\/","title":{"rendered":"\u041f\u0440\u0435\u0441\u043e\u0432\u0430\u043d\u0438\u0439 \u0443\u043b\u0443\u043d - \u043d\u0430\u0440\u0456\u0437\u0430\u043d\u0438\u0439 \u043a\u0443\u0431\u0438\u043a\u0430\u043c\u0438 \u0443\u043b\u0443\u043d (2 \u0433)"},"content":{"rendered":"<h6 data-start=\"695\" data-end=\"718\">Prasowany ulung o lekkim kwiatowym smaku. Idealny do kubka lub termosu. Porcjowany \u2013 wystarczy zala\u0107 gor\u0105c\u0105 wod\u0105.<\/h6>\n<h6 data-start=\"695\" data-end=\"718\"><strong data-start=\"699\" data-end=\"716\">Jak zaparza\u0107:<\/strong><\/h6>\n<ul data-start=\"719\" data-end=\"891\">\n<li class=\"\" data-start=\"719\" data-end=\"769\">\n<p class=\"\" data-start=\"721\" data-end=\"769\">Wrzu\u0107 kostk\u0119 do kubka (250\u2013300 ml) lub termosu<\/p>\n<\/li>\n<li class=\"\" data-start=\"770\" data-end=\"811\">\n<p class=\"\" data-start=\"772\" data-end=\"811\">Zalej wod\u0105 o temperaturze ok. 90\u201395\u00b0C<\/p>\n<\/li>\n<li class=\"\" data-start=\"812\" data-end=\"867\">\n<p class=\"\" data-start=\"814\" data-end=\"867\">Odczekaj 3\u20135 minut i ciesz si\u0119 aromatycznym naparem<\/p>\n<\/li>\n<li class=\"\" data-start=\"868\" data-end=\"891\">\n<p class=\"\" data-start=\"870\" data-end=\"891\">Mo\u017cna parzy\u0107 2\u20133 razy<\/p>\n<\/li>\n<\/ul>","protected":false},"excerpt":{"rendered":"<p class=\"\" data-start=\"186\" data-end=\"499\">Ma\u0142a kostka prasowanego, lekkiego oolonga \u2013 idealna do szybkiego i wygodnego parzenia w kubku lub termosie. W smaku przypomina klasyczne odmiany ulung\u00f3w z po\u0142udniowych Chin, takie jak <strong data-start=\"391\" data-end=\"407\">Tie Guan Yin<\/strong> \u0430\u0431\u043e <strong data-start=\"412\" data-end=\"435\">Zhangping Shui Xian<\/strong>: lekko kwiatowy, z nutami \u015bwie\u017cych zi\u00f3\u0142 i s\u0142odkiej ro\u015blinno\u015bci.<\/p>\n<p class=\"\" data-start=\"501\" data-end=\"688\">Herbata jest porcjowana (2 g), zapakowana osobno w foliow\u0105 saszetk\u0119. Nie wymaga \u017cadnych akcesori\u00f3w \u2013 wystarczy gor\u0105ca woda. Idealna dla pocz\u0105tkuj\u0105cych lub do codziennego picia poza domem.<\/p>","protected":false},"featured_media":12724,"comment_status":"open","ping_status":"closed","template":"","meta":[],"product_cat":[151,149],"product_tag":[],"class_list":{"0":"post-12723","1":"product","2":"type-product","3":"status-publish","4":"has-post-thumbnail","6":"product_cat-bez-ceregieli","7":"product_cat-herbata","9":"first","10":"instock","11":"shipping-taxable","12":"purchasable","13":"product-type-simple"},"aioseo_notices":[],"_links":{"self":[{"href":"https:\/\/teaeye.pl\/uk\/wp-json\/wp\/v2\/product\/12723","targetHints":{"allow":["GET"]}}],"collection":[{"href":"https:\/\/teaeye.pl\/uk\/wp-json\/wp\/v2\/product"}],"about":[{"href":"https:\/\/teaeye.pl\/uk\/wp-json\/wp\/v2\/types\/product"}],"replies":[{"embeddable":true,"href":"https:\/\/teaeye.pl\/uk\/wp-json\/wp\/v2\/comments?post=12723"}],"version-history":[{"count":2,"href":"https:\/\/teaeye.pl\/uk\/wp-json\/wp\/v2\/product\/12723\/revisions"}],"predecessor-version":[{"id":12731,"href":"https:\/\/teaeye.pl\/uk\/wp-json\/wp\/v2\/product\/12723\/revisions\/12731"}],"wp:featuredmedia":[{"embeddable":true,"href":"https:\/\/teaeye.pl\/uk\/wp-json\/wp\/v2\/media\/12724"}],"wp:attachment":[{"href":"https:\/\/teaeye.pl\/uk\/wp-json\/wp\/v2\/media?parent=12723"}],"wp:term":[{"taxonomy":"product_cat","embeddable":true,"href":"https:\/\/teaeye.pl\/uk\/wp-json\/wp\/v2\/product_cat?post=12723"},{"taxonomy":"product_tag","embeddable":true,"href":"https:\/\/teaeye.pl\/uk\/wp-json\/wp\/v2\/product_tag?post=12723"}],"curies":[{"name":"wp","href":"https:\/\/api.w.org\/{rel}","templated":true}]}}