{"id":12732,"date":"2025-05-20T20:58:58","date_gmt":"2025-05-20T20:58:58","guid":{"rendered":"https:\/\/teaeye.pl\/?post_type=product&#038;p=12732"},"modified":"2026-02-01T23:50:10","modified_gmt":"2026-02-01T23:50:10","slug":"torba-na-zestaw-do-herbaty-1","status":"publish","type":"product","link":"https:\/\/teaeye.pl\/uk\/product\/torba-na-zestaw-do-herbaty-1\/","title":{"rendered":"\u0427\u0430\u0439\u043d\u0438\u0439 \u043d\u0430\u0431\u0456\u0440 \u043f\u0430\u043a\u0435\u0442\u0438\u043a #1"},"content":{"rendered":"<p class=\"\" data-start=\"169\" data-end=\"478\">\u0415\u043b\u0435\u0433\u0430\u043d\u0442\u043d\u0438\u0439 \u0456 \u043a\u043e\u043c\u043f\u0430\u043a\u0442\u043d\u0438\u0439 <strong data-start=\"213\" data-end=\"275\">\u0441\u0443\u043c\u043a\u0430 \u0434\u043b\u044f \u0437\u0431\u0435\u0440\u0456\u0433\u0430\u043d\u043d\u044f \u0442\u0430 \u0442\u0440\u0430\u043d\u0441\u043f\u043e\u0440\u0442\u0443\u0432\u0430\u043d\u043d\u044f \u0447\u0430\u0439\u043d\u0438\u0445 \u0430\u043a\u0441\u0435\u0441\u0443\u0430\u0440\u0456\u0432<\/strong>. \u0412\u0438\u0433\u043e\u0442\u043e\u0432\u043b\u0435\u043d\u0430 \u0437 \u043c\u0456\u0446\u043d\u043e\u0433\u043e, \u0432\u0438\u0441\u043e\u043a\u043e\u044f\u043a\u0456\u0441\u043d\u043e\u0433\u043e \u0442\u0435\u043a\u0441\u0442\u0438\u043b\u044c\u043d\u043e\u0433\u043e \u043c\u0430\u0442\u0435\u0440\u0456\u0430\u043b\u0443. \u0423\u0441\u0435\u0440\u0435\u0434\u0438\u043d\u0456 \u0454 \u043f\u0440\u0430\u043a\u0442\u0438\u0447\u043d\u0430 \u043e\u0440\u0433\u0430\u043d\u0456\u0437\u0430\u0446\u0456\u044f \u043f\u0440\u043e\u0441\u0442\u043e\u0440\u0443 \u0434\u043b\u044f \u0437\u0430\u0445\u0438\u0441\u0442\u0443 \u0433\u0430\u0439\u0432\u0430\u043d\u0456, \u0447\u0430\u0439\u043d\u0438\u043a\u0456\u0432, \u0437\u0430\u0432\u0430\u0440\u043d\u0438\u043a\u0456\u0432 \u0442\u0430 \u0456\u043d\u0448\u0438\u0445 \u043f\u0440\u0435\u0434\u043c\u0435\u0442\u0456\u0432 \u0432\u0456\u0434 \u043f\u043e\u0448\u043a\u043e\u0434\u0436\u0435\u043d\u044c.<\/p>\n<p class=\"\" data-start=\"480\" data-end=\"646\">\u0417\u0430\u0432\u0434\u044f\u043a\u0438 \u043c\u0456\u043d\u0456\u043c\u0430\u043b\u0456\u0441\u0442\u0438\u0447\u043d\u043e\u043c\u0443 \u0434\u0438\u0437\u0430\u0439\u043d\u0443 \u0442\u0430 \u0443\u043d\u0456\u0432\u0435\u0440\u0441\u0430\u043b\u044c\u043d\u043e\u043c\u0443 \u0441\u0456\u0440\u043e\u043c\u0443 \u043a\u043e\u043b\u044c\u043e\u0440\u0443 \u0441\u0443\u043c\u043a\u0430 \u0456\u0434\u0435\u0430\u043b\u044c\u043d\u043e \u043f\u0456\u0434\u0445\u043e\u0434\u0438\u0442\u044c \u0434\u043b\u044f \u043f\u043e\u0434\u043e\u0440\u043e\u0436\u0435\u0439, \u043f\u0456\u043a\u043d\u0456\u043a\u0456\u0432 \u0442\u0430 \u0435\u0441\u0442\u0435\u0442\u0438\u0447\u043d\u043e\u0433\u043e \u0437\u0431\u0435\u0440\u0456\u0433\u0430\u043d\u043d\u044f \u0432\u0434\u043e\u043c\u0430.<\/p>\n<h6 data-start=\"653\" data-end=\"688\">\u2611\ufe0f <strong data-start=\"660\" data-end=\"688\">\u041e\u0441\u043e\u0431\u043b\u0438\u0432\u043e\u0441\u0442\u0456:<\/strong><\/h6>\n<ul data-start=\"689\" data-end=\"923\">\n<li class=\"\" data-start=\"689\" data-end=\"752\">\n<p class=\"\" data-start=\"691\" data-end=\"752\">\u0422\u0440\u0438\u043c\u0430\u0454 \u0433\u0430\u0439\u0432\u0430\u043d\u044c, \u0437\u0430\u0432\u0430\u0440\u043d\u0438\u043a\u0438, \u0447\u0430\u0439\u043d\u0438\u043a\u0438, \u0447\u0430\u0445\u0430\u0439 \u0442\u0430 \u0456\u043d\u0448\u0456 \u0430\u043a\u0441\u0435\u0441\u0443\u0430\u0440\u0438<\/p>\n<\/li>\n<li class=\"\" data-start=\"753\" data-end=\"805\">\n<p class=\"\" data-start=\"755\" data-end=\"805\">\u0412\u043d\u0443\u0442\u0440\u0456\u0448\u043d\u0456 \u043f\u0435\u0440\u0435\u0433\u043e\u0440\u043e\u0434\u043a\u0438 \u0434\u043b\u044f \u0437\u0430\u0445\u0438\u0441\u0442\u0443 \u0432\u0456\u0434 \u043f\u043e\u043b\u043e\u043c\u043a\u0438<\/p>\n<\/li>\n<li class=\"\" data-start=\"806\" data-end=\"835\">\n<p class=\"\" data-start=\"808\" data-end=\"835\">\u041c\u0456\u0446\u043d\u0438\u0439 \u0442\u0435\u043a\u0441\u0442\u0438\u043b\u044c\u043d\u0438\u0439 \u043c\u0430\u0442\u0435\u0440\u0456\u0430\u043b<\/p>\n<\/li>\n<li class=\"\" data-start=\"836\" data-end=\"865\">\n<p class=\"\" data-start=\"838\" data-end=\"865\">\u0421\u0442\u0438\u043b\u044c\u043d\u0438\u0439, \u043d\u0435\u0439\u0442\u0440\u0430\u043b\u044c\u043d\u0438\u0439 \u0434\u0438\u0437\u0430\u0439\u043d<\/p>\n<\/li>\n<li class=\"\" data-start=\"866\" data-end=\"923\">\n<p class=\"\" data-start=\"868\" data-end=\"923\">\u0406\u0434\u0435\u0430\u043b\u044c\u043d\u043e \u043f\u0456\u0434\u0445\u043e\u0434\u0438\u0442\u044c \u0434\u043b\u044f \u043f\u043e\u0434\u043e\u0440\u043e\u0436\u0435\u0439 \u0437 \u0447\u0430\u0454\u043c \u0430\u0431\u043e \u044f\u043a \u043e\u0440\u0433\u0430\u043d\u0430\u0439\u0437\u0435\u0440 \u0434\u043b\u044f \u0434\u043e\u043c\u0443<\/p>\n<\/li>\n<\/ul>","protected":false},"excerpt":{"rendered":"<p>Torba na akcesoria herbaciane \u2013 kompaktowa i praktyczna. Idealna do gaiwana, czajniczka i czarek. Do podr\u00f3\u017cy, piknik\u00f3w i codziennego u\u017cytku.<\/p>","protected":false},"featured_media":12733,"comment_status":"open","ping_status":"closed","template":"","meta":[],"product_cat":[129,140,130,145],"product_tag":[],"class_list":{"0":"post-12732","1":"product","2":"type-product","3":"status-publish","4":"has-post-thumbnail","6":"product_cat-akcesoria","7":"product_cat-akcesoria-do-parzenia","8":"product_cat-naczynia","9":"product_cat-znizki","11":"first","12":"outofstock","13":"sale","14":"shipping-taxable","15":"purchasable","16":"product-type-simple"},"aioseo_notices":[],"_links":{"self":[{"href":"https:\/\/teaeye.pl\/uk\/wp-json\/wp\/v2\/product\/12732","targetHints":{"allow":["GET"]}}],"collection":[{"href":"https:\/\/teaeye.pl\/uk\/wp-json\/wp\/v2\/product"}],"about":[{"href":"https:\/\/teaeye.pl\/uk\/wp-json\/wp\/v2\/types\/product"}],"replies":[{"embeddable":true,"href":"https:\/\/teaeye.pl\/uk\/wp-json\/wp\/v2\/comments?post=12732"}],"version-history":[{"count":3,"href":"https:\/\/teaeye.pl\/uk\/wp-json\/wp\/v2\/product\/12732\/revisions"}],"predecessor-version":[{"id":13934,"href":"https:\/\/teaeye.pl\/uk\/wp-json\/wp\/v2\/product\/12732\/revisions\/13934"}],"wp:featuredmedia":[{"embeddable":true,"href":"https:\/\/teaeye.pl\/uk\/wp-json\/wp\/v2\/media\/12733"}],"wp:attachment":[{"href":"https:\/\/teaeye.pl\/uk\/wp-json\/wp\/v2\/media?parent=12732"}],"wp:term":[{"taxonomy":"product_cat","embeddable":true,"href":"https:\/\/teaeye.pl\/uk\/wp-json\/wp\/v2\/product_cat?post=12732"},{"taxonomy":"product_tag","embeddable":true,"href":"https:\/\/teaeye.pl\/uk\/wp-json\/wp\/v2\/product_tag?post=12732"}],"curies":[{"name":"wp","href":"https:\/\/api.w.org\/{rel}","templated":true}]}}