{"id":12860,"date":"2025-06-05T13:04:15","date_gmt":"2025-06-05T13:04:15","guid":{"rendered":"https:\/\/teaeye.pl\/?post_type=product&#038;p=12860"},"modified":"2026-01-21T00:59:07","modified_gmt":"2026-01-21T00:59:07","slug":"lao-tie-guan-yin-8-letni","status":"publish","type":"product","link":"https:\/\/teaeye.pl\/uk\/product\/lao-tie-guan-yin-8-letni\/","title":{"rendered":"Lao Tie Guan Yin (8-letni)"},"content":{"rendered":"<p>Wyj\u0105tkowy, dojrzewaj\u0105cy Tie Guan Yin bez wypra\u017cania. Naturalna g\u0142\u0119bia, kwiatowo-owocowe niuanse i mi\u0119kkie dzia\u0142anie. Idealny dla koneser\u00f3w i na spokojne popo\u0142udnia.<\/p>\n<p><strong>\ud83d\udc49 Polecamy tak\u017ce:<\/strong><\/p>\n<ul>\n<li><a href=\"https:\/\/teaeye.pl\/uk\/%d0%bf%d1%80%d0%be%d0%b4%d1%83%d0%ba%d1%82\/dong-ding-oolong\/\" target=\"_blank\" rel=\"noopener\">Dong Ding<\/a><\/li>\n<li><a href=\"https:\/\/teaeye.pl\/uk\/%d0%bf%d1%80%d0%be%d0%b4%d1%83%d0%ba%d1%82\/wu-yi-da-hong-pao\/\" target=\"_blank\" rel=\"noopener\">\u0412\u0443 \u0406 \u0414\u0430 \u0425\u043e\u043d\u0433 \u041f\u0430\u043e<\/a><\/li>\n<li><a href=\"https:\/\/teaeye.pl\/uk\/%d0%bf%d1%80%d0%be%d0%b4%d1%83%d0%ba%d1%82\/fuding-lao-bai-cha-aged-shou-mei-2016-357g\/\" target=\"_blank\" rel=\"noopener\">Lao Shou Mei 2016 \u2013 dojrza\u0142a herbata bia\u0142a<\/a><\/li>\n<\/ul>","protected":false},"excerpt":{"rendered":"<p><strong>Lao Tie Guan Yin<\/strong> (chi\u0144. \u8001\u94c1\u89c2\u97f3 \u2013 \u201eStary Tie Guan Yin\u201d), znany te\u017c jako <strong>Chen Nian<\/strong> (\u9648\u5e74 \u2013 \u201ewieloroczny\u201d), to rzadki, dojrzewaj\u0105cy oolong z regionu Anxi w prowincji Fujian. Zebrany i przetworzony w 2017 roku, przechowywany przez 8 lat w specjalnej glinianej ceramice bez dodatkowego rocznego wypra\u017cania. Dzi\u0119ki temu zachowa\u0142 naturalne nuty klasycznego Tie Guan Yin i jednocze\u015bnie rozwin\u0105\u0142 si\u0119 w g\u0142\u0105b i dojrza\u0142o\u015b\u0107.<\/p>\n<p>Smak to z\u0142o\u017cone nuty owoc\u00f3w, zi\u00f3\u0142, przypraw i orzech\u00f3w, z t\u0142em kwiatowym i lekk\u0105 oliwkowo\u015bci\u0105. Aromat intensywny, g\u0119sty, wielowarstwowy. Napar jest przejrzysty, z\u0142ocisty. Herbata dzia\u0142a koj\u0105co, zbiera my\u015bli i wprowadza w harmonijny stan.<\/p>","protected":false},"featured_media":12862,"comment_status":"open","ping_status":"closed","template":"","meta":[],"product_cat":[175,149,110,143,108],"product_tag":[],"class_list":{"0":"post-12860","1":"product","2":"type-product","3":"status-publish","4":"has-post-thumbnail","6":"product_cat-fujian","7":"product_cat-herbata","8":"product_cat-jasny","9":"product_cat-lao-cha-dojrzewajaca","10":"product_cat-oolong","12":"first","13":"outofstock","14":"shipping-taxable","15":"purchasable","16":"product-type-variable"},"aioseo_notices":[],"_links":{"self":[{"href":"https:\/\/teaeye.pl\/uk\/wp-json\/wp\/v2\/product\/12860","targetHints":{"allow":["GET"]}}],"collection":[{"href":"https:\/\/teaeye.pl\/uk\/wp-json\/wp\/v2\/product"}],"about":[{"href":"https:\/\/teaeye.pl\/uk\/wp-json\/wp\/v2\/types\/product"}],"replies":[{"embeddable":true,"href":"https:\/\/teaeye.pl\/uk\/wp-json\/wp\/v2\/comments?post=12860"}],"version-history":[{"count":3,"href":"https:\/\/teaeye.pl\/uk\/wp-json\/wp\/v2\/product\/12860\/revisions"}],"predecessor-version":[{"id":12868,"href":"https:\/\/teaeye.pl\/uk\/wp-json\/wp\/v2\/product\/12860\/revisions\/12868"}],"wp:featuredmedia":[{"embeddable":true,"href":"https:\/\/teaeye.pl\/uk\/wp-json\/wp\/v2\/media\/12862"}],"wp:attachment":[{"href":"https:\/\/teaeye.pl\/uk\/wp-json\/wp\/v2\/media?parent=12860"}],"wp:term":[{"taxonomy":"product_cat","embeddable":true,"href":"https:\/\/teaeye.pl\/uk\/wp-json\/wp\/v2\/product_cat?post=12860"},{"taxonomy":"product_tag","embeddable":true,"href":"https:\/\/teaeye.pl\/uk\/wp-json\/wp\/v2\/product_tag?post=12860"}],"curies":[{"name":"wp","href":"https:\/\/api.w.org\/{rel}","templated":true}]}}