{"id":12897,"date":"2025-06-06T11:53:11","date_gmt":"2025-06-06T11:53:11","guid":{"rendered":"https:\/\/teaeye.pl\/?post_type=product&#038;p=12897"},"modified":"2025-09-03T15:55:28","modified_gmt":"2025-09-03T15:55:28","slug":"gaiwan-lotos-100-ml","status":"publish","type":"product","link":"https:\/\/teaeye.pl\/uk\/product\/gaiwan-lotos-100-ml\/","title":{"rendered":"Gaiwan Lotos 100 ml (uszkodzona \u2013 przeceniona)"},"content":{"rendered":"<p>Porcelanowa gaiwan z kwitn\u0105c\u0105 \u015bliw\u0105. Stylowa czarka 100 ml do zaparzania herbaty \u2013 praktyczna i dekoracyjna.<\/p>\n<p><strong data-start=\"125\" data-end=\"146\">\u0420\u0435\u043a\u043e\u043c\u0435\u043d\u0434\u0443\u0454\u043c\u043e \u0442\u0430\u043a\u043e\u0436:<\/strong><br data-start=\"146\" data-end=\"149\" \/><a class=\"\" href=\"https:\/\/teaeye.pl\/uk\/%d0%bf%d1%80%d0%be%d0%b4%d1%83%d0%ba%d1%82\/czajnik-long-jing-glina-yixing-110-ml\/\" target=\"_new\" rel=\"noopener\" data-start=\"149\" data-end=\"256\">Czajnik Long Jing \u2013 glina Yixing 110 ml<\/a><br data-start=\"256\" data-end=\"259\" \/><a class=\"\" href=\"https:\/\/teaeye.pl\/uk\/%d0%bf%d1%80%d0%be%d0%b4%d1%83%d0%ba%d1%82\/czajnik-bian-fu-glina-yixing-150-ml\/\" target=\"_new\" rel=\"noopener\" data-start=\"259\" data-end=\"362\">Czajnik Bian Fu \u2013 glina Yixing 150 ml<\/a><br data-start=\"362\" data-end=\"365\" \/><a class=\"\" href=\"https:\/\/teaeye.pl\/uk\/%d0%bf%d1%80%d0%be%d0%b4%d1%83%d0%ba%d1%82\/czajnik-shuiping-hu-kyusu-190ml-z-bocznym-uchwytem-i-filtrem-kolba\/\" target=\"_new\" rel=\"noopener\" data-start=\"365\" data-end=\"529\">Czajnik Shuiping Hu Kyusu 190 ml z bocznym uchwytem i filtrem kolba<\/a><\/p>","protected":false},"excerpt":{"rendered":"<blockquote><p><strong data-start=\"100\" data-end=\"132\">Towar przeceniony z defektem<\/strong><br data-start=\"132\" data-end=\"135\" \/>Gaiwan posiada drobne uszkodzenia \u2013 niewielkie odpryski na uchwycie pokrywki oraz na spodku.<br data-start=\"227\" data-end=\"230\" \/>Wada ma charakter wy\u0142\u0105cznie wizualny i nie wp\u0142ywa na mo\u017cliwo\u015b\u0107 parzenia herbaty ani wygod\u0119 u\u017cytkowania.<\/p><\/blockquote>\n<p>Porcelanowa gaiwan o pojemno\u015bci 100 ml, ozdobiona motywem czerwonego lotosu. Symbolizuje czysto\u015b\u0107 i spok\u00f3j \u2013 idealna do parzenia wysokiej jako\u015bci herbat. \u015awietnie sprawdzi si\u0119 do herbat zielonych, bia\u0142ych i oolong\u00f3w. Delikatny wz\u00f3r dodaje elegancji ka\u017cdej herbacianej sesji.<\/p>","protected":false},"featured_media":12898,"comment_status":"open","ping_status":"closed","template":"","meta":[],"product_cat":[129,136,130,145],"product_tag":[],"class_list":{"0":"post-12897","1":"product","2":"type-product","3":"status-publish","4":"has-post-thumbnail","6":"product_cat-akcesoria","7":"product_cat-gaiwany","8":"product_cat-naczynia","9":"product_cat-znizki","11":"first","12":"outofstock","13":"sale","14":"shipping-taxable","15":"purchasable","16":"product-type-simple"},"aioseo_notices":[],"_links":{"self":[{"href":"https:\/\/teaeye.pl\/uk\/wp-json\/wp\/v2\/product\/12897","targetHints":{"allow":["GET"]}}],"collection":[{"href":"https:\/\/teaeye.pl\/uk\/wp-json\/wp\/v2\/product"}],"about":[{"href":"https:\/\/teaeye.pl\/uk\/wp-json\/wp\/v2\/types\/product"}],"replies":[{"embeddable":true,"href":"https:\/\/teaeye.pl\/uk\/wp-json\/wp\/v2\/comments?post=12897"}],"version-history":[{"count":4,"href":"https:\/\/teaeye.pl\/uk\/wp-json\/wp\/v2\/product\/12897\/revisions"}],"predecessor-version":[{"id":14332,"href":"https:\/\/teaeye.pl\/uk\/wp-json\/wp\/v2\/product\/12897\/revisions\/14332"}],"wp:featuredmedia":[{"embeddable":true,"href":"https:\/\/teaeye.pl\/uk\/wp-json\/wp\/v2\/media\/12898"}],"wp:attachment":[{"href":"https:\/\/teaeye.pl\/uk\/wp-json\/wp\/v2\/media?parent=12897"}],"wp:term":[{"taxonomy":"product_cat","embeddable":true,"href":"https:\/\/teaeye.pl\/uk\/wp-json\/wp\/v2\/product_cat?post=12897"},{"taxonomy":"product_tag","embeddable":true,"href":"https:\/\/teaeye.pl\/uk\/wp-json\/wp\/v2\/product_tag?post=12897"}],"curies":[{"name":"wp","href":"https:\/\/api.w.org\/{rel}","templated":true}]}}