{"id":12901,"date":"2025-06-06T11:56:48","date_gmt":"2025-06-06T11:56:48","guid":{"rendered":"https:\/\/teaeye.pl\/?post_type=product&#038;p=12901"},"modified":"2025-09-03T12:53:09","modified_gmt":"2025-09-03T12:53:09","slug":"gaiwan-sliwa-100-ml","status":"publish","type":"product","link":"https:\/\/teaeye.pl\/uk\/product\/gaiwan-sliwa-100-ml\/","title":{"rendered":"Gaiwan \u015aliwa 100 ml"},"content":{"rendered":"<p style=\"text-align: left;\">Porcelanowa gaiwan z kwitn\u0105c\u0105 \u015bliw\u0105. Stylowa czarka 100 ml do zaparzania herbaty \u2013 praktyczna i dekoracyjna. Dla mi\u0142o\u015bnik\u00f3w tradycji.<\/p>\n<p><strong>\u0420\u0435\u043a\u043e\u043c\u0435\u043d\u0434\u0443\u0454\u043c\u043e \u0442\u0430\u043a\u043e\u0436:<\/strong><\/p>\n<p><a class=\"\" href=\"https:\/\/teaeye.pl\/uk\/%d0%bf%d1%80%d0%be%d0%b4%d1%83%d0%ba%d1%82\/czajnik-fang-gu-ru-yi-glina-yixing-160-ml\/\" target=\"_new\" rel=\"noopener\" data-start=\"486\" data-end=\"601\">Czajnik Fang Gu Ru Yi \u2013 glina Yixing 160 ml<\/a><br data-start=\"601\" data-end=\"604\" \/><a class=\"\" href=\"https:\/\/teaeye.pl\/uk\/%d0%bf%d1%80%d0%be%d0%b4%d1%83%d0%ba%d1%82\/gaiwan-wiosna\/\" target=\"_new\" rel=\"noopener\" data-start=\"604\" data-end=\"680\">Gaiwan Wiosna \u2013 porcelana 100 ml<\/a><br data-start=\"680\" data-end=\"683\" \/><a class=\"\" href=\"https:\/\/teaeye.pl\/uk\/%d0%bf%d1%80%d0%be%d0%b4%d1%83%d0%ba%d1%82\/chahai-szklany-100ml\/\" target=\"_new\" rel=\"noopener\" data-start=\"683\" data-end=\"776\">Chahai szklany 100 ml \u2013 dzbanek do herbaty<\/a><\/p>\n<p>&nbsp;<\/p>","protected":false},"excerpt":{"rendered":"<p>Elegancka gaiwan z porcelany zdobiona motywem kwitn\u0105cej \u015bliwy. Symbol si\u0142y, odrodzenia i wiosny w tradycyjnej estetyce. Kompaktowy rozmiar 100 ml \u2013 idealna do codziennego parzenia ulubionej herbaty. Sprawdzi si\u0119 zar\u00f3wno w domu, jak i w podr\u00f3\u017cy.<\/p>","protected":false},"featured_media":12902,"comment_status":"open","ping_status":"closed","template":"","meta":[],"product_cat":[129,136,130],"product_tag":[],"class_list":{"0":"post-12901","1":"product","2":"type-product","3":"status-publish","4":"has-post-thumbnail","6":"product_cat-akcesoria","7":"product_cat-gaiwany","8":"product_cat-naczynia","10":"first","11":"outofstock","12":"shipping-taxable","13":"purchasable","14":"product-type-simple"},"aioseo_notices":[],"_links":{"self":[{"href":"https:\/\/teaeye.pl\/uk\/wp-json\/wp\/v2\/product\/12901","targetHints":{"allow":["GET"]}}],"collection":[{"href":"https:\/\/teaeye.pl\/uk\/wp-json\/wp\/v2\/product"}],"about":[{"href":"https:\/\/teaeye.pl\/uk\/wp-json\/wp\/v2\/types\/product"}],"replies":[{"embeddable":true,"href":"https:\/\/teaeye.pl\/uk\/wp-json\/wp\/v2\/comments?post=12901"}],"version-history":[{"count":1,"href":"https:\/\/teaeye.pl\/uk\/wp-json\/wp\/v2\/product\/12901\/revisions"}],"predecessor-version":[{"id":12904,"href":"https:\/\/teaeye.pl\/uk\/wp-json\/wp\/v2\/product\/12901\/revisions\/12904"}],"wp:featuredmedia":[{"embeddable":true,"href":"https:\/\/teaeye.pl\/uk\/wp-json\/wp\/v2\/media\/12902"}],"wp:attachment":[{"href":"https:\/\/teaeye.pl\/uk\/wp-json\/wp\/v2\/media?parent=12901"}],"wp:term":[{"taxonomy":"product_cat","embeddable":true,"href":"https:\/\/teaeye.pl\/uk\/wp-json\/wp\/v2\/product_cat?post=12901"},{"taxonomy":"product_tag","embeddable":true,"href":"https:\/\/teaeye.pl\/uk\/wp-json\/wp\/v2\/product_tag?post=12901"}],"curies":[{"name":"wp","href":"https:\/\/api.w.org\/{rel}","templated":true}]}}