{"id":12913,"date":"2025-06-06T12:36:08","date_gmt":"2025-06-06T12:36:08","guid":{"rendered":"https:\/\/teaeye.pl\/?post_type=product&#038;p=12913"},"modified":"2025-07-02T08:04:55","modified_gmt":"2025-07-02T08:04:55","slug":"gaiwan-kolyska-smoka-150-ml","status":"publish","type":"product","link":"https:\/\/teaeye.pl\/uk\/product\/gaiwan-kolyska-smoka-150-ml\/","title":{"rendered":"Gaiwan \u201eKo\u0142yska Smoka\u201d 150 ml"},"content":{"rendered":"<p>Wyj\u0105tkowa gaiwan ceramiczna o pojemno\u015bci 150 ml. Inspirowana legendami o smokach, z unikalnym szkliwem i faktur\u0105. Solidna, ekspresyjna, idealna na prezent i do kolekcji.<\/p>\n<h6 data-start=\"1627\" data-end=\"1657\">\ud83e\udd1d <strong data-start=\"1634\" data-end=\"1655\">\u0420\u0435\u043a\u043e\u043c\u0435\u043d\u0434\u0443\u0454\u043c\u043e \u0442\u0430\u043a\u043e\u0436:<\/strong><\/h6>\n<p data-start=\"1658\" data-end=\"2053\"><a class=\"\" href=\"https:\/\/teaeye.pl\/uk\/%d0%bf%d1%80%d0%be%d0%b4%d1%83%d0%ba%d1%82\/czarka-kolyska-smoka-100-ml\/\" target=\"_new\" rel=\"noopener\" data-start=\"1658\" data-end=\"1751\">\u041f\u0456\u0430\u043b\u0430 \u00ab\u041a\u043e\u043b\u0438\u0441\u043a\u0430 \u0414\u0440\u0430\u043a\u043e\u043d\u0430\u00bb 100 \u043c\u043b<\/a><br data-start=\"1751\" data-end=\"1754\" \/><a class=\"\" href=\"https:\/\/teaeye.pl\/uk\/%d0%bf%d1%80%d0%be%d0%b4%d1%83%d0%ba%d1%82\/figurka-do-herbaty-zielony-wol-glina\/\" target=\"_new\" rel=\"noopener\" data-start=\"1754\" data-end=\"1859\">Figurka do herbaty Zielony W\u00f3\u0142 \u2013 glina<\/a><br data-start=\"1859\" data-end=\"1862\" \/><a class=\"\" href=\"https:\/\/teaeye.pl\/uk\/%d0%bf%d1%80%d0%be%d0%b4%d1%83%d0%ba%d1%82\/czarka-yoshino-160-ml\/\" target=\"_new\" rel=\"noopener\" data-start=\"1862\" data-end=\"1935\">Czarka Yoshino 160 ml<\/a><br data-start=\"1935\" data-end=\"1938\" \/><a class=\"\" href=\"https:\/\/teaeye.pl\/uk\/%d0%bf%d1%80%d0%be%d0%b4%d1%83%d0%ba%d1%82\/czajnik-fang-gu-ru-yi-glina-yixing-160-ml\/\" target=\"_new\" rel=\"noopener\" data-start=\"1938\" data-end=\"2053\">Czajnik Fang Gu Ru Yi \u2013 glina Yixing 160 ml<\/a><\/p>","protected":false},"excerpt":{"rendered":"<p>Gaiwan \u201eKo\u0142yska Smoka\u201d to niezwyk\u0142e naczynie \u0142\u0105cz\u0105ce tradycyjn\u0105 form\u0119 z surowym charakterem ceramiki. Pokryta grub\u0105 warstw\u0105 szkliwa, zachwyca unikaln\u0105 struktur\u0105 i wzorem przypominaj\u0105cym smocze \u0142uski lub pofalowan\u0105 ska\u0142\u0119. Stabilna, ci\u0119\u017csza konstrukcja daje przyjemne uczucie kontaktu z \u017cywym materia\u0142em. To nie tylko gaiwan \u2013 to dzie\u0142o sztuki u\u017cytkowej, kt\u00f3re wzbogaci ka\u017cd\u0105 herbacian\u0105 ceremoni\u0119.<\/p>","protected":false},"featured_media":12914,"comment_status":"open","ping_status":"closed","template":"","meta":[],"product_cat":[129,136,130],"product_tag":[],"class_list":{"0":"post-12913","1":"product","2":"type-product","3":"status-publish","4":"has-post-thumbnail","6":"product_cat-akcesoria","7":"product_cat-gaiwany","8":"product_cat-naczynia","10":"first","11":"outofstock","12":"shipping-taxable","13":"purchasable","14":"product-type-simple"},"aioseo_notices":[],"_links":{"self":[{"href":"https:\/\/teaeye.pl\/uk\/wp-json\/wp\/v2\/product\/12913","targetHints":{"allow":["GET"]}}],"collection":[{"href":"https:\/\/teaeye.pl\/uk\/wp-json\/wp\/v2\/product"}],"about":[{"href":"https:\/\/teaeye.pl\/uk\/wp-json\/wp\/v2\/types\/product"}],"replies":[{"embeddable":true,"href":"https:\/\/teaeye.pl\/uk\/wp-json\/wp\/v2\/comments?post=12913"}],"version-history":[{"count":3,"href":"https:\/\/teaeye.pl\/uk\/wp-json\/wp\/v2\/product\/12913\/revisions"}],"predecessor-version":[{"id":12926,"href":"https:\/\/teaeye.pl\/uk\/wp-json\/wp\/v2\/product\/12913\/revisions\/12926"}],"wp:featuredmedia":[{"embeddable":true,"href":"https:\/\/teaeye.pl\/uk\/wp-json\/wp\/v2\/media\/12914"}],"wp:attachment":[{"href":"https:\/\/teaeye.pl\/uk\/wp-json\/wp\/v2\/media?parent=12913"}],"wp:term":[{"taxonomy":"product_cat","embeddable":true,"href":"https:\/\/teaeye.pl\/uk\/wp-json\/wp\/v2\/product_cat?post=12913"},{"taxonomy":"product_tag","embeddable":true,"href":"https:\/\/teaeye.pl\/uk\/wp-json\/wp\/v2\/product_tag?post=12913"}],"curies":[{"name":"wp","href":"https:\/\/api.w.org\/{rel}","templated":true}]}}