{"id":12927,"date":"2025-06-06T13:59:50","date_gmt":"2025-06-06T13:59:50","guid":{"rendered":"https:\/\/teaeye.pl\/?post_type=product&#038;p=12927"},"modified":"2025-10-09T16:56:40","modified_gmt":"2025-10-09T16:56:40","slug":"zestaw-do-ceremonii-herbacianej","status":"publish","type":"product","link":"https:\/\/teaeye.pl\/uk\/product\/zestaw-do-ceremonii-herbacianej\/","title":{"rendered":"Zestaw do ceremonii herbacianej"},"content":{"rendered":"<ul data-start=\"963\" data-end=\"1760\">\n<li data-start=\"963\" data-end=\"1191\">\n<p data-start=\"965\" data-end=\"1191\"><strong data-start=\"965\" data-end=\"1041\"><a class=\"\" href=\"https:\/\/teaeye.pl\/uk\/product-category\/akcesoria\/naczynia\/gaiwany\/\" target=\"_new\" rel=\"noopener\" data-start=\"967\" data-end=\"1039\">\u0413\u0430\u0439\u0432\u0430\u043d\u044c<\/a><\/strong> z bia\u0142ej porcelany o pojemno\u015bci <strong data-start=\"1074\" data-end=\"1084\">110 ml<\/strong> \u2013 klasyczne naczynie do parzenia herbaty w stylu <a class=\"\" href=\"https:\/\/pl.wikipedia.org\/wiki\/Gongfu_cha\" target=\"_new\" rel=\"noopener\" data-start=\"1134\" data-end=\"1188\">\u0433\u0443\u043d\u0444\u0443 \u0447\u0430<\/a>;<\/p>\n<\/li>\n<li data-start=\"1192\" data-end=\"1281\">\n<p data-start=\"1194\" data-end=\"1281\"><strong data-start=\"1194\" data-end=\"1220\">6 czarek porcelanowych<\/strong>, ka\u017cda o pojemno\u015bci ok. <strong data-start=\"1245\" data-end=\"1254\">30 ml<\/strong> \u2013 do degustacji herbaty;<\/p>\n<\/li>\n<li data-start=\"1282\" data-end=\"1420\">\n<p data-start=\"1284\" data-end=\"1420\"><strong data-start=\"1284\" data-end=\"1358\"><a class=\"\" href=\"https:\/\/teaeye.pl\/uk\/product-category\/akcesoria\/naczynia\/chahai\/\" target=\"_new\" rel=\"noopener\" data-start=\"1286\" data-end=\"1356\">\u0427\u0430\u0445\u0430\u0439<\/a><\/strong> \u2013 porcelanowy dzbanek do r\u00f3wnomiernego rozlewania zaparzonej herbaty do czarek;<\/p>\n<\/li>\n<li data-start=\"1421\" data-end=\"1581\">\n<p data-start=\"1423\" data-end=\"1581\"><strong data-start=\"1423\" data-end=\"1508\">Bambusowy <a class=\"\" href=\"https:\/\/teaeye.pl\/uk\/product-category\/akcesoria\/naczynia\/chapan\/\" target=\"_new\" rel=\"noopener\" data-start=\"1435\" data-end=\"1506\">\u0427\u0430\u0431\u0430\u043d\u044c<\/a><\/strong>\u2013walizka \u2013 stabilna tacka z systemem odp\u0142ywu i miejscem na ca\u0142y zestaw;<\/p>\n<\/li>\n<li data-start=\"1582\" data-end=\"1651\">\n<p data-start=\"1584\" data-end=\"1651\"><strong data-start=\"1584\" data-end=\"1605\">Mi\u0119kka \u015bciereczka<\/strong> \u2013 do wycierania naczy\u0144 i r\u0105k podczas sesji;<\/p>\n<\/li>\n<li data-start=\"1652\" data-end=\"1698\">\n<p data-start=\"1654\" data-end=\"1698\"><strong data-start=\"1654\" data-end=\"1672\">Metalowe sitko<\/strong> \u2013 do filtrowania fus\u00f3w;<\/p>\n<\/li>\n<li data-start=\"1699\" data-end=\"1760\">\n<p data-start=\"1701\" data-end=\"1760\"><strong data-start=\"1701\" data-end=\"1723\">Bambusowe szczypce<\/strong> \u2013 do higienicznego podawania czarek.<\/p>\n<\/li>\n<\/ul>","protected":false},"excerpt":{"rendered":"<p data-start=\"247\" data-end=\"652\">Praktyczny i elegancki zestaw do herbaty zaprojektowany z my\u015bl\u0105 o podr\u00f3\u017cach, plenerowych spotkaniach i sesjach herbacianych poza domem. Wszystkie elementy mieszcz\u0105 si\u0119 w sk\u0142adanej walizce, kt\u00f3ra jednocze\u015bnie pe\u0142ni funkcj\u0119 <strong data-start=\"469\" data-end=\"545\"><a class=\"\" href=\"https:\/\/teaeye.pl\/uk\/product-category\/akcesoria\/naczynia\/chapan\/\" target=\"_new\" rel=\"noopener\" data-start=\"471\" data-end=\"543\">chapanu<\/a><\/strong> \u2013 bambusowej tacki z odp\u0142ywem. To po\u0142\u0105czenie tradycyjnej chi\u0144skiej estetyki z nowoczesn\u0105 funkcjonalno\u015bci\u0105.<\/p>\n<p data-start=\"654\" data-end=\"925\">Walizka wykonana jest z naturalnego bambusa i ozdobiona grawerem smoka \u2013 symbolu si\u0142y, m\u0105dro\u015bci i szcz\u0119\u015bcia w kulturze chi\u0144skiej. Wewn\u0105trz znajdziesz kompletny zestaw do herbaty typu gongfu cha, idealny zar\u00f3wno dla pocz\u0105tkuj\u0105cych, jak i do\u015bwiadczonych mi\u0142o\u015bnik\u00f3w herbaty.<\/p>\n<p data-start=\"654\" data-end=\"925\">\ud83c\udf92 <strong data-start=\"1774\" data-end=\"1802\">Funkcjonalno\u015b\u0107 i wygoda:<\/strong><\/p>\n<ul>\n<li data-start=\"1804\" data-end=\"1879\">\n<p data-start=\"1806\" data-end=\"1879\">Wbudowany odp\u0142yw z rurk\u0105 u\u0142atwia utrzymanie czysto\u015bci nawet poza domem.<\/p>\n<\/li>\n<li data-start=\"1880\" data-end=\"1969\">\n<p data-start=\"1882\" data-end=\"1969\">G\u0142\u0119bokie miejsca w walizce zapobiegaj\u0105 przesuwaniu si\u0119 element\u00f3w w czasie transportu.<\/p>\n<\/li>\n<li data-start=\"1970\" data-end=\"2059\">\n<p data-start=\"1972\" data-end=\"2059\">Solidne zamkni\u0119cia i stylizowany uchwyt zapewniaj\u0105 bezpiecze\u0144stwo i komfort noszenia.<\/p>\n<\/li>\n<li data-start=\"2060\" data-end=\"2181\">\n<p data-start=\"2062\" data-end=\"2181\">Do zestawu do\u0142\u0105czona jest r\u00f3wnie\u017c materia\u0142owa torba z napisem <strong data-start=\"2124\" data-end=\"2142\">Lu Xing Cha Ju<\/strong> (\u65c5\u884c\u8336\u5177 \u2013 \u201ezestaw herbaciany podr\u00f3\u017cny\u201d).<\/p>\n<\/li>\n<\/ul>\n<h6 data-start=\"2188\" data-end=\"2210\">\ud83e\udded <strong data-start=\"2195\" data-end=\"2210\">Idealny do:<\/strong><\/h6>\n<ul data-start=\"2212\" data-end=\"2346\">\n<li data-start=\"2212\" data-end=\"2234\">\n<p data-start=\"2214\" data-end=\"2234\">podr\u00f3\u017cy i wyjazd\u00f3w<\/p>\n<\/li>\n<li data-start=\"2235\" data-end=\"2257\">\n<p data-start=\"2237\" data-end=\"2257\">herbaty w plenerze<\/p>\n<\/li>\n<li data-start=\"2258\" data-end=\"2301\">\n<p data-start=\"2260\" data-end=\"2301\">sesji degustacyjnych w pracy lub biurze<\/p>\n<\/li>\n<li data-start=\"2302\" data-end=\"2346\">\n<p data-start=\"2304\" data-end=\"2346\">prezentu dla mi\u0142o\u015bnika kultury herbacianej<\/p>\n<\/li>\n<\/ul>","protected":false},"featured_media":12929,"comment_status":"open","ping_status":"closed","template":"","meta":[],"product_cat":[129,147,130,141],"product_tag":[],"class_list":{"0":"post-12927","1":"product","2":"type-product","3":"status-publish","4":"has-post-thumbnail","6":"product_cat-akcesoria","7":"product_cat-chapan","8":"product_cat-naczynia","9":"product_cat-zestawy-do-parzenia","11":"first","12":"outofstock","13":"shipping-taxable","14":"purchasable","15":"product-type-simple"},"aioseo_notices":[],"_links":{"self":[{"href":"https:\/\/teaeye.pl\/uk\/wp-json\/wp\/v2\/product\/12927","targetHints":{"allow":["GET"]}}],"collection":[{"href":"https:\/\/teaeye.pl\/uk\/wp-json\/wp\/v2\/product"}],"about":[{"href":"https:\/\/teaeye.pl\/uk\/wp-json\/wp\/v2\/types\/product"}],"replies":[{"embeddable":true,"href":"https:\/\/teaeye.pl\/uk\/wp-json\/wp\/v2\/comments?post=12927"}],"version-history":[{"count":3,"href":"https:\/\/teaeye.pl\/uk\/wp-json\/wp\/v2\/product\/12927\/revisions"}],"predecessor-version":[{"id":12934,"href":"https:\/\/teaeye.pl\/uk\/wp-json\/wp\/v2\/product\/12927\/revisions\/12934"}],"wp:featuredmedia":[{"embeddable":true,"href":"https:\/\/teaeye.pl\/uk\/wp-json\/wp\/v2\/media\/12929"}],"wp:attachment":[{"href":"https:\/\/teaeye.pl\/uk\/wp-json\/wp\/v2\/media?parent=12927"}],"wp:term":[{"taxonomy":"product_cat","embeddable":true,"href":"https:\/\/teaeye.pl\/uk\/wp-json\/wp\/v2\/product_cat?post=12927"},{"taxonomy":"product_tag","embeddable":true,"href":"https:\/\/teaeye.pl\/uk\/wp-json\/wp\/v2\/product_tag?post=12927"}],"curies":[{"name":"wp","href":"https:\/\/api.w.org\/{rel}","templated":true}]}}