{"id":12935,"date":"2025-06-06T16:04:37","date_gmt":"2025-06-06T16:04:37","guid":{"rendered":"https:\/\/teaeye.pl\/?post_type=product&#038;p=12935"},"modified":"2026-03-23T11:22:17","modified_gmt":"2026-03-23T11:22:17","slug":"gaiwan-foggy-dragon-120-ml","status":"publish","type":"product","link":"https:\/\/teaeye.pl\/uk\/product\/gaiwan-foggy-dragon-120-ml\/","title":{"rendered":"Gaiwan \u201eFoggy Dragon\u201d 120 ml"},"content":{"rendered":"<p><strong data-start=\"60\" data-end=\"201\">Efektowny gaiwan ceramiczny o pojemno\u015bci 120 ml, kt\u00f3ry przyci\u0105ga uwag\u0119 niezwyk\u0142ym wzorem przedstawiaj\u0105cym smoka wy\u0142aniaj\u0105cego si\u0119 z mg\u0142y.<\/strong> Powierzchnia naczynia zosta\u0142a pokryta efektownym szkliwem typu krakelura \u2013 delikatn\u0105 sieci\u0105 sp\u0119ka\u0144, kt\u00f3re z czasem nabieraj\u0105 g\u0142\u0119bi i indywidualnego charakteru, \u201ezapami\u0119tuj\u0105c\u201d aromaty herbaty. Smok, jako symbol si\u0142y, szcz\u0119\u015bcia i ochrony, nadaje tej gaiwan szczeg\u00f3lnej symboliki. Dzi\u0119ki precyzyjnej formie i estetycznemu wykonaniu, jest nie tylko funkcjonalnym naczyniem do parzenia herbaty w stylu gongfu cha, ale r\u00f3wnie\u017c eleganckim elementem dekoracyjnym. Idealny wyb\u00f3r dla os\u00f3b ceni\u0105cych herbat\u0119 nie tylko za smak, ale tak\u017ce za atmosfer\u0119 i g\u0142\u0119bsze znaczenie ka\u017cdej herbacianej sesji.<\/p>\n<h6 data-start=\"76\" data-end=\"104\"><strong data-start=\"83\" data-end=\"104\">\u0420\u0435\u043a\u043e\u043c\u0435\u043d\u0434\u0443\u0454\u043c\u043e \u0442\u0430\u043a\u043e\u0436:<\/strong><\/h6>\n<ul data-start=\"105\" data-end=\"443\" data-is-last-node=\"\" data-is-only-node=\"\">\n<li data-start=\"105\" data-end=\"251\">\n<p data-start=\"107\" data-end=\"251\"><a class=\"\" href=\"https:\/\/teaeye.pl\/uk\/%d0%bf%d1%80%d0%be%d0%b4%d1%83%d0%ba%d1%82\/gaiwan-kolyska-smoka-150-ml\/\" target=\"_new\" rel=\"noopener\" data-start=\"107\" data-end=\"194\">Gaiwan \u201eKo\u0142yska Smoka\u201d 150 ml<\/a> \u2013 ceramiczna gaiwan z motywem smoka i wyj\u0105tkow\u0105 faktur\u0105.<\/p>\n<\/li>\n<li data-start=\"252\" data-end=\"443\" data-is-last-node=\"\">\n<p data-start=\"254\" data-end=\"443\" data-is-last-node=\"\"><a class=\"\" href=\"https:\/\/teaeye.pl\/uk\/%d0%bf%d1%80%d0%be%d0%b4%d1%83%d0%ba%d1%82\/porcelanowa-gaiwan-zlota-antylopa-150-ml\/\" target=\"_new\" rel=\"noopener\" data-start=\"254\" data-end=\"367\">Porcelanowa gaiwan \u201eZ\u0142ota Antylopa\u201d 150 ml<\/a> \u2013 elegancka, subtelna gaiwan z porcelany, idealna na prezent i do kolekcji.<\/p>\n<\/li>\n<\/ul>","protected":false},"excerpt":{"rendered":"<p>Gaiwan \u201eFoggy Dragon\u201d to nie tylko naczynie do herbaty \u2013 to prawdziwe dzie\u0142o sztuki, w kt\u00f3rym splataj\u0105 si\u0119 mitologia, estetyka i filozofia herbaty. Na powierzchni gaiwanu przedstawiony jest smok wy\u0142aniaj\u0105cy si\u0119 z mgie\u0142 \u2013 symbol si\u0142y natury, m\u0105dro\u015bci i \u017cyciowej energii. To klasyczny chi\u0144ski smok, cz\u0119sto kojarzony z wod\u0105, deszczem i niebiosami.<\/p>\n<p data-start=\"560\" data-end=\"990\">Gaiwan wykonany jest z ceramiki i pokryty <strong data-start=\"602\" data-end=\"631\">szkliwem z efektem sp\u0119ka\u0144<\/strong> (tzw. krakelura). Efekt ten powstaje w wyniku r\u00f3\u017cnic w rozszerzalno\u015bci cieplnej mi\u0119dzy szkliwem a glin\u0105 i jest ceniony w kulturze herbacianej za swoje walory wizualne i symboliczne. Z czasem sp\u0119kania mog\u0105 absorbowa\u0107 aromaty herbaty, tworz\u0105c unikaln\u0105 struktur\u0119 \u201epami\u0119ci\u201d smaku. Dzi\u0119ki temu naczynie dojrzewa razem z praktyk\u0105 u\u017cytkownika i staje si\u0119 wyj\u0105tkowe.<\/p>","protected":false},"featured_media":12936,"comment_status":"open","ping_status":"closed","template":"","meta":[],"product_cat":[129,136,130],"product_tag":[],"class_list":{"0":"post-12935","1":"product","2":"type-product","3":"status-publish","4":"has-post-thumbnail","6":"product_cat-akcesoria","7":"product_cat-gaiwany","8":"product_cat-naczynia","10":"first","11":"outofstock","12":"shipping-taxable","13":"purchasable","14":"product-type-simple"},"aioseo_notices":[],"_links":{"self":[{"href":"https:\/\/teaeye.pl\/uk\/wp-json\/wp\/v2\/product\/12935","targetHints":{"allow":["GET"]}}],"collection":[{"href":"https:\/\/teaeye.pl\/uk\/wp-json\/wp\/v2\/product"}],"about":[{"href":"https:\/\/teaeye.pl\/uk\/wp-json\/wp\/v2\/types\/product"}],"replies":[{"embeddable":true,"href":"https:\/\/teaeye.pl\/uk\/wp-json\/wp\/v2\/comments?post=12935"}],"version-history":[{"count":1,"href":"https:\/\/teaeye.pl\/uk\/wp-json\/wp\/v2\/product\/12935\/revisions"}],"predecessor-version":[{"id":12939,"href":"https:\/\/teaeye.pl\/uk\/wp-json\/wp\/v2\/product\/12935\/revisions\/12939"}],"wp:featuredmedia":[{"embeddable":true,"href":"https:\/\/teaeye.pl\/uk\/wp-json\/wp\/v2\/media\/12936"}],"wp:attachment":[{"href":"https:\/\/teaeye.pl\/uk\/wp-json\/wp\/v2\/media?parent=12935"}],"wp:term":[{"taxonomy":"product_cat","embeddable":true,"href":"https:\/\/teaeye.pl\/uk\/wp-json\/wp\/v2\/product_cat?post=12935"},{"taxonomy":"product_tag","embeddable":true,"href":"https:\/\/teaeye.pl\/uk\/wp-json\/wp\/v2\/product_tag?post=12935"}],"curies":[{"name":"wp","href":"https:\/\/api.w.org\/{rel}","templated":true}]}}