{"id":13271,"date":"2025-06-24T19:59:28","date_gmt":"2025-06-24T19:59:28","guid":{"rendered":"https:\/\/teaeye.pl\/?post_type=product&#038;p=13271"},"modified":"2026-02-17T16:57:53","modified_gmt":"2026-02-17T16:57:53","slug":"shu-pu-erh-lao-cha-tou-farmers-2018-250-g","status":"publish","type":"product","link":"https:\/\/teaeye.pl\/uk\/product\/shu-pu-erh-lao-cha-tou-farmers-2018-250-g\/","title":{"rendered":"\u0428\u0443 \u041f\u0443\u0435\u0440 \u2013 \u00ab\u041b\u0430\u043e \u0427\u0430 \u0422\u043e\u0443\u00bb Farmer\u2019s 2018, 250 \u0433"},"content":{"rendered":"<h1>\u0428\u0443 \u041f\u0443\u0435\u0440 \u00ab\u041b\u0430\u043e \u0427\u0430 \u0422\u043e\u0443\u00bb Farmer\u2019s 2018, 250 \u0433<\/h1>\n<p class=\"translation-block\">\u0428\u0443 \u041f\u0443\u0435\u0440 <b>\u00ab\u041b\u0430\u043e \u0427\u0430 \u0422\u043e\u0443\u00bb Farmer\u2019s 2018<\/b> \u2014 \u0446\u0435 \u0432\u0438\u043d\u044f\u0442\u043a\u043e\u0432\u0438\u0439 \u043f\u0443\u0435\u0440, \u0449\u043e \u043f\u043e\u0445\u043e\u0434\u0438\u0442\u044c \u0456\u0437 \u043d\u0435\u0432\u0435\u043b\u0438\u043a\u043e\u0433\u043e \u0433\u043e\u0441\u043f\u043e\u0434\u0430\u0440\u0441\u0442\u0432\u0430 \u0432 <a href=\"https:\/\/en.wikipedia.org\/wiki\/Menghai_County\" target=\"_blank\" rel=\"noopener\">\u041c\u0435\u043d\u0445\u0430\u0457, \u042e\u043d\u044c\u043d\u0430\u043d\u044c<\/a>. \u0417\u0431\u0456\u0440 \u043b\u0438\u0441\u0442\u044f 2018 \u0440\u043e\u043a\u0443 \u0431\u0443\u043b\u043e \u043f\u0456\u0434\u0434\u0430\u043d\u043e \u043f\u043e\u0432\u043d\u0456\u0439 \u0444\u0435\u0440\u043c\u0435\u043d\u0442\u0430\u0446\u0456\u0457 \u0442\u0438\u043f\u0443 \u0448\u0443, \u0430 \u043f\u043e\u0442\u0456\u043c \u0441\u043f\u0440\u0435\u0441\u043e\u0432\u0430\u043d\u043e \u0443 \u0445\u0430\u0440\u0430\u043a\u0442\u0435\u0440\u043d\u0456 \u0449\u0456\u043b\u044c\u043d\u0456 \u0431\u0440\u0443\u0441\u043e\u0447\u043a\u0438, \u0432\u0456\u0434\u043e\u043c\u0456 \u044f\u043a \u041b\u0430\u043e \u0427\u0430 \u0422\u043e\u0443.<\/p>\n<p>Sucha metoda przechowywania pozwoli\u0142a zachowa\u0107 czysto\u015b\u0107 aromatu oraz wydoby\u0142a wyra\u017ane nuty orzecha w\u0142oskiego, ciemnej czekolady i subtelnych przypraw. Herbata jest niezwykle praktyczna \u2013 kostki mo\u017cna \u0142atwo oddziela\u0107 przy pomocy no\u017ca do pu-erh, a napar uzyskany z nich ma klarown\u0105, ciemn\u0105 barw\u0119 i g\u0119st\u0105, aksamitn\u0105 struktur\u0119.<\/p>\n<h3>\u0421\u043c\u0430\u043a, \u0430\u0440\u043e\u043c\u0430\u0442, \u0434\u0456\u044f \ud83c\udf30\ud83c\udf6b\ud83c\udf75<\/h3>\n<p class=\"translation-block\">\u2013 <b>\u0410\u0440\u043e\u043c\u0430\u0442<\/b>: \u0456\u043d\u0442\u0435\u043d\u0441\u0438\u0432\u043d\u0438\u0439 \u0456 \u0433\u043b\u0438\u0431\u043e\u043a\u0438\u0439, \u0437 \u0434\u043e\u043c\u0456\u043d\u0443\u044e\u0447\u0438\u043c\u0438 \u043d\u043e\u0442\u0430\u043c\u0438 \u0432\u043e\u043b\u043e\u0441\u044c\u043a\u043e\u0433\u043e \u0433\u043e\u0440\u0456\u0445\u0430, \u0442\u0435\u043c\u043d\u043e\u0433\u043e \u0448\u043e\u043a\u043e\u043b\u0430\u0434\u0443 \u0442\u0430 \u043f\u0440\u044f\u043d\u043e\u0449\u0456\u0432.<\/p>\n<p class=\"translation-block\">\u2013 <b>\u0421\u043c\u0430\u043a<\/b>: \u043f\u043e\u0432\u043d\u0438\u0439, \u0433\u043b\u0430\u0434\u043a\u0438\u0439, \u0433\u0430\u0440\u043c\u043e\u043d\u0456\u0439\u043d\u0438\u0439, \u0437 \u043b\u0435\u0433\u043a\u043e\u044e \u0441\u043e\u043b\u043e\u0434\u043a\u0456\u0441\u0442\u044e \u0442\u0430 \u0432\u0456\u0434\u0442\u0456\u043d\u043a\u043e\u043c \u043a\u0430\u043a\u0430\u043e.<\/p>\n<p class=\"translation-block\">\u2013 <b>\u041f\u0456\u0441\u043b\u044f\u0441\u043c\u0430\u043a<\/b>: \u0434\u043e\u0432\u0433\u0438\u0439, \u043e\u043a\u0441\u0430\u043c\u0438\u0442\u043e\u0432\u0438\u0439, \u0437\u0456\u0433\u0440\u0456\u0432\u0430\u044e\u0447\u0438\u0439.<\/p>\n<p class=\"translation-block\">\u2013 <b>\u0414\u0456\u044f<\/b>: \u043c\u2019\u044f\u043a\u043e \u0431\u0430\u0434\u044c\u043e\u0440\u0438\u0442\u044c, \u043f\u0456\u0434\u0442\u0440\u0438\u043c\u0443\u0454 \u043a\u043e\u043d\u0446\u0435\u043d\u0442\u0440\u0430\u0446\u0456\u044e \u0442\u0430 \u0437\u0456\u0433\u0440\u0456\u0432\u0430\u0454 \u0431\u0435\u0437 \u043d\u0430\u0434\u043c\u0456\u0440\u043d\u043e\u0457 \u0434\u043e\u0437\u0438 \u043a\u043e\u0444\u0435\u0457\u043d\u0443.<\/p>\n<h2>\u0420\u0435\u043a\u043e\u043c\u0435\u043d\u0434\u0430\u0446\u0456\u0457 \u0449\u043e\u0434\u043e \u0437\u0430\u0432\u0430\u0440\u044e\u0432\u0430\u043d\u043d\u044f<\/h2>\n<p>&#8211; Herbata: 5\u20136 g (1\u20132 kostki) &#8211; Woda: 150 ml, 95\u2013100\u00b0C &#8211; Pierwsze parzenie: 15\u201320 sekund, kolejne wyd\u0142u\u017ca\u0107 &#8211; Nadaje si\u0119 zar\u00f3wno do parzenia metod\u0105 <a href=\"https:\/\/en.wikipedia.org\/wiki\/Gongfu_tea\" target=\"_blank\" rel=\"noopener\">\u0433\u0443\u043d\u0444\u0443 \u0447\u0430<\/a>, jak i do d\u0142u\u017cszej ekstrakcji w <a href=\"https:\/\/teaeye.pl\/uk\/product-category\/akcesoria\/naczynia\/gaiwany\/\" target=\"_blank\" rel=\"noopener\">\u0433\u0430\u0439\u0432\u0430\u043d\u044c<\/a>, <a href=\"https:\/\/teaeye.pl\/uk\/product-category\/akcesoria\/naczynia\/czajniki\/\" target=\"_blank\" rel=\"noopener\">czajniczku<\/a> czy nawet gotowania w kocio\u0142ku lub termosie.<\/p>\n<p>\ud83d\udc49 Wi\u0119cej o puerh: <a href=\"https:\/\/pl.wikipedia.org\/wiki\/Pu%27er\" target=\"_blank\" rel=\"noopener\">Pu-erh \u2014 Wikipedia<\/a>.<\/p>","protected":false},"excerpt":{"rendered":"<p class=\"translation-block\">\u0428\u0443 \u041f\u0443\u0435\u0440 <b>\u00ab\u041b\u0430\u043e \u0427\u0430 \u0422\u043e\u0443\u00bb Farmer\u2019s 2018<\/b> (250 \u0433) \u2014 \u0446\u0435 \u043d\u0435\u0442\u0438\u043f\u043e\u0432\u0430 \u0444\u043e\u0440\u043c\u0430 \u043f\u0443\u0435\u0440\u0443 \u0437 \u041c\u0435\u043d\u0445\u0430\u044e \u2014 \u0441\u043f\u0440\u0435\u0441\u043e\u0432\u0430\u043d\u0438\u0439 \u0443 \u0431\u0440\u0438\u043a\u0435\u0442\u0438\u043a\u0438 \u041b\u0430\u043e \u0427\u0430 \u0422\u043e\u0443. \u0417\u0430\u0432\u0434\u044f\u043a\u0438 \u0441\u0443\u0445\u043e\u043c\u0443 \u0437\u0431\u0435\u0440\u0456\u0433\u0430\u043d\u043d\u044e \u0447\u0430\u0439 \u0437\u0431\u0435\u0440\u0456\u0433 \u0447\u0438\u0441\u0442\u043e\u0442\u0443 \u0430\u0440\u043e\u043c\u0430\u0442\u0443 \u0439 \u0432\u0438\u043d\u044f\u0442\u043a\u043e\u0432\u0443 \u0433\u043b\u0438\u0431\u0438\u043d\u0443 \u0441\u043c\u0430\u043a\u0443, \u0443 \u044f\u043a\u043e\u043c\u0443 \u0434\u043e\u043c\u0456\u043d\u0443\u044e\u0442\u044c \u043d\u043e\u0442\u0438 \u0432\u043e\u043b\u043e\u0441\u044c\u043a\u043e\u0433\u043e \u0433\u043e\u0440\u0456\u0445\u0430, \u0442\u0435\u043c\u043d\u043e\u0433\u043e \u0448\u043e\u043a\u043e\u043b\u0430\u0434\u0443 \u0442\u0430 \u043f\u0440\u044f\u043d\u043e\u0449\u0456\u0432. \u041d\u0430\u0441\u0442\u0456\u0439 \u043f\u0440\u043e\u0437\u043e\u0440\u0438\u0439, \u0433\u0443\u0441\u0442\u0438\u0439 \u0456 \u043e\u043a\u0441\u0430\u043c\u0438\u0442\u043e\u0432\u0438\u0439, \u043f\u0456\u0441\u043b\u044f\u0441\u043c\u0430\u043a \u2014 \u0442\u0435\u043f\u043b\u0438\u0439 \u0456 \u0442\u0440\u0438\u0432\u0430\u043b\u0438\u0439. \u0426\u0435 \u043f\u0440\u0430\u043a\u0442\u0438\u0447\u043d\u0438\u0439 \u0456 \u0443\u043d\u0456\u0432\u0435\u0440\u0441\u0430\u043b\u044c\u043d\u0438\u0439 \u0447\u0430\u0439 \u2014 \u043b\u0435\u0433\u043a\u0438\u0439 \u0443 \u0437\u0430\u0432\u0430\u0440\u044e\u0432\u0430\u043d\u043d\u0456, \u0456\u0434\u0435\u0430\u043b\u044c\u043d\u0438\u0439 \u044f\u043a \u0434\u043b\u044f \u0448\u0432\u0438\u0434\u043a\u0438\u0445 \u043f\u0440\u043e\u043b\u0438\u0432\u0456\u0432 \u0443 \u0433\u0430\u0439\u0432\u0430\u043d\u0456, \u0442\u0430\u043a \u0456 \u0434\u043b\u044f \u0432\u0430\u0440\u0456\u043d\u043d\u044f \u0432 \u043a\u0430\u0437\u0430\u043d\u043a\u0443 \u0447\u0438 \u0442\u0435\u0440\u043c\u043e\u0441\u0456. \u0427\u0443\u0434\u043e\u0432\u0438\u0439 \u0432\u0438\u0431\u0456\u0440 \u0434\u043b\u044f \u0449\u043e\u0434\u0435\u043d\u043d\u043e\u0433\u043e \u043f\u0438\u0442\u0442\u044f \u043d\u0430 \u0440\u043e\u0431\u043e\u0442\u0456 \u0442\u0430 \u043f\u0456\u0434 \u0447\u0430\u0441 \u0433\u0456\u0440\u0441\u044c\u043a\u0438\u0445 \u043c\u0430\u043d\u0434\u0440\u0456\u0432\u043e\u043a.<\/p>","protected":false},"featured_media":13272,"comment_status":"open","ping_status":"closed","template":"","meta":[],"product_cat":[149,97,99],"product_tag":[],"class_list":{"0":"post-13271","1":"product","2":"type-product","3":"status-publish","4":"has-post-thumbnail","6":"product_cat-herbata","7":"product_cat-pu-erh","8":"product_cat-shu-puer","10":"first","11":"outofstock","12":"shipping-taxable","13":"purchasable","14":"product-type-variable"},"aioseo_notices":[],"_links":{"self":[{"href":"https:\/\/teaeye.pl\/uk\/wp-json\/wp\/v2\/product\/13271","targetHints":{"allow":["GET"]}}],"collection":[{"href":"https:\/\/teaeye.pl\/uk\/wp-json\/wp\/v2\/product"}],"about":[{"href":"https:\/\/teaeye.pl\/uk\/wp-json\/wp\/v2\/types\/product"}],"replies":[{"embeddable":true,"href":"https:\/\/teaeye.pl\/uk\/wp-json\/wp\/v2\/comments?post=13271"}],"version-history":[{"count":3,"href":"https:\/\/teaeye.pl\/uk\/wp-json\/wp\/v2\/product\/13271\/revisions"}],"predecessor-version":[{"id":14122,"href":"https:\/\/teaeye.pl\/uk\/wp-json\/wp\/v2\/product\/13271\/revisions\/14122"}],"wp:featuredmedia":[{"embeddable":true,"href":"https:\/\/teaeye.pl\/uk\/wp-json\/wp\/v2\/media\/13272"}],"wp:attachment":[{"href":"https:\/\/teaeye.pl\/uk\/wp-json\/wp\/v2\/media?parent=13271"}],"wp:term":[{"taxonomy":"product_cat","embeddable":true,"href":"https:\/\/teaeye.pl\/uk\/wp-json\/wp\/v2\/product_cat?post=13271"},{"taxonomy":"product_tag","embeddable":true,"href":"https:\/\/teaeye.pl\/uk\/wp-json\/wp\/v2\/product_tag?post=13271"}],"curies":[{"name":"wp","href":"https:\/\/api.w.org\/{rel}","templated":true}]}}