{"id":13337,"date":"2025-06-25T13:54:01","date_gmt":"2025-06-25T13:54:01","guid":{"rendered":"https:\/\/teaeye.pl\/?post_type=product&#038;p=13337"},"modified":"2025-12-02T14:14:18","modified_gmt":"2025-12-02T14:14:18","slug":"sheng-pu-erh-mahei-gu-shu-qiao-mu-2023-yiwu","status":"publish","type":"product","link":"https:\/\/teaeye.pl\/uk\/product\/sheng-pu-erh-mahei-gu-shu-qiao-mu-2023-yiwu\/","title":{"rendered":"Sheng Pu-Erh &#8211; Mahei Gu Shu Qiao Mu, 2023 (Yiwu)"},"content":{"rendered":"<p><strong data-start=\"119\" data-end=\"162\">Sheng Pu-Erh Mahei Gu Shu Qiao Mu 2023 \u2013 <\/strong>m\u0142ody, elegancki pu-erh z li\u015bci 200-letnich drzew z serca regionu Yiwu. Klasyka w stylu Liu Da Cha Shan: delikatny, czysty i g\u0142\u0119boko relaksuj\u0105cy napar z nutami kwiat\u00f3w, owoc\u00f3w i zi\u00f3\u0142.<\/p>\n<p>Zobacz r\u00f3wnie\u017c:<\/p>\n<p><a href=\"https:\/\/teaeye.pl\/uk\/product-category\/%d0%bf%d1%83%d0%b5%d1%80\/sheng-puer\/\">Sheng Pu-Erh \u2013 wszystkie produkty<\/a><\/p>\n<p><a href=\"https:\/\/teaeye.pl\/uk\/product-category\/biala-herbata\/\">Bia\u0142e herbaty z Yunnan<\/a><\/p>\n<p><a href=\"https:\/\/teaeye.pl\/uk\/product-category\/lao-cha-dojrzewajaca\/\">\u0412\u0438\u0442\u0440\u0438\u043c\u0430\u043d\u0456 \u0447\u0430\u0457<\/a><\/p>","protected":false},"excerpt":{"rendered":"<p data-start=\"382\" data-end=\"682\"><strong data-start=\"382\" data-end=\"412\">Sheng Pu-Erh Mahei Gu Shu Qiao Mu<\/strong>, 2023 r. to wyj\u0105tkowy m\u0142ody sheng z jednej z najbardziej renomowanych herbacianych wiosek w regionie Yiwu \u2013 <strong data-start=\"528\" data-end=\"537\">Mahei<\/strong>, po\u0142o\u017conej u st\u00f3p s\u0142ynnej g\u00f3ry o tej samej nazwie, nale\u017c\u0105cej do historycznego kompleksu <strong data-start=\"626\" data-end=\"645\">Liu Da Cha Shan<\/strong> (Sze\u015b\u0107 Wielkich G\u00f3r Herbacianych).<\/p>\n<p data-start=\"684\" data-end=\"936\">Herbata zosta\u0142a wyprodukowana z li\u015bci zbioru wiosennego 2023 roku, zebranych r\u0119cznie z <strong data-start=\"771\" data-end=\"800\">200-letnich drzew Qiao Mu<\/strong>. Staranna, rzemie\u015blnicza obr\u00f3bka zachowa\u0142a naturalny charakter surowca, daj\u0105c w efekcie napar pe\u0142en harmonii i szlachetnej \u015bwie\u017co\u015bci.<\/p>\n<p data-start=\"938\" data-end=\"1098\">Suchy li\u015b\u0107 to drobne, r\u00f3wnomierne tipsy i li\u015bcie w formie \u017cylastych spirali. Aromat \u2013 g\u0142\u0119boki i spokojny, z nutami kwiat\u00f3w, suszonych owoc\u00f3w, przypraw i traw.<\/p>\n<p data-start=\"1100\" data-end=\"1409\"><strong data-start=\"1100\" data-end=\"1109\">Napar<\/strong> jest czysty, g\u0142adki i wyra\u017any. Bukiet rozwija si\u0119 w kierunku s\u0142odkich owoc\u00f3w, \u0142\u0105kowych kwiat\u00f3w, lekkich przypraw i miodu. Aksamitna struktura i wyra\u017ana soczysto\u015b\u0107 daj\u0105 przyjemne uczucie \u015bwie\u017co\u015bci, kt\u00f3re <strong data-start=\"1313\" data-end=\"1346\">\u0142agodzi napi\u0119cie i koi zmys\u0142y<\/strong>. Posmak \u2013 d\u0142ugi, ch\u0142odny, delikatnie s\u0142odkawy i bardzo czysty.<\/p>\n<p data-start=\"1411\" data-end=\"1603\">Idealna herbata na leniwe weekendy i g\u0142\u0119bokie sesje gongfu. <strong data-start=\"1471\" data-end=\"1501\">Sheng Pu-Erh Mahei Qiao Mu<\/strong> wprowadza w stan wyciszenia, harmonii i lekkiego skupienia \u2013 bez po\u015bpiechu, ale z wewn\u0119trzn\u0105 energi\u0105.<\/p>","protected":false},"featured_media":13338,"comment_status":"open","ping_status":"closed","template":"","meta":[],"product_cat":[149,97,106],"product_tag":[],"class_list":{"0":"post-13337","1":"product","2":"type-product","3":"status-publish","4":"has-post-thumbnail","6":"product_cat-herbata","7":"product_cat-pu-erh","8":"product_cat-sheng-puer","10":"first","11":"outofstock","12":"shipping-taxable","13":"purchasable","14":"product-type-variable"},"aioseo_notices":[],"_links":{"self":[{"href":"https:\/\/teaeye.pl\/uk\/wp-json\/wp\/v2\/product\/13337","targetHints":{"allow":["GET"]}}],"collection":[{"href":"https:\/\/teaeye.pl\/uk\/wp-json\/wp\/v2\/product"}],"about":[{"href":"https:\/\/teaeye.pl\/uk\/wp-json\/wp\/v2\/types\/product"}],"replies":[{"embeddable":true,"href":"https:\/\/teaeye.pl\/uk\/wp-json\/wp\/v2\/comments?post=13337"}],"version-history":[{"count":3,"href":"https:\/\/teaeye.pl\/uk\/wp-json\/wp\/v2\/product\/13337\/revisions"}],"predecessor-version":[{"id":13346,"href":"https:\/\/teaeye.pl\/uk\/wp-json\/wp\/v2\/product\/13337\/revisions\/13346"}],"wp:featuredmedia":[{"embeddable":true,"href":"https:\/\/teaeye.pl\/uk\/wp-json\/wp\/v2\/media\/13338"}],"wp:attachment":[{"href":"https:\/\/teaeye.pl\/uk\/wp-json\/wp\/v2\/media?parent=13337"}],"wp:term":[{"taxonomy":"product_cat","embeddable":true,"href":"https:\/\/teaeye.pl\/uk\/wp-json\/wp\/v2\/product_cat?post=13337"},{"taxonomy":"product_tag","embeddable":true,"href":"https:\/\/teaeye.pl\/uk\/wp-json\/wp\/v2\/product_tag?post=13337"}],"curies":[{"name":"wp","href":"https:\/\/api.w.org\/{rel}","templated":true}]}}