{"id":13502,"date":"2025-06-30T12:17:36","date_gmt":"2025-06-30T12:17:36","guid":{"rendered":"https:\/\/teaeye.pl\/?post_type=product&#038;p=13502"},"modified":"2026-04-11T10:42:33","modified_gmt":"2026-04-11T10:42:33","slug":"yun-shan-yin-zhen","status":"publish","type":"product","link":"https:\/\/teaeye.pl\/uk\/product\/yun-shan-yin-zhen\/","title":{"rendered":"Yun Shan Yin Zhen"},"content":{"rendered":"<h5>\ud83c\udf1e Yun Shan Yin Zhen \u2013 cesarska \u017c\u00f3\u0142ta herbata z wyspy Junshan<\/h5>\n<p>Wyj\u0105tkowa \u017c\u00f3\u0142ta herbata z wyspy Junshan \u2013 dawna cesarska per\u0142a. W smaku: s\u0142odkie gruszkowe pur\u00e9e, dojrza\u0142e winogrona, mi\u00f3d i nuty zefiru. W aromacie: kwiaty, wypieki i palone zbo\u017ce.<\/p>\n<h6 data-start=\"2035\" data-end=\"2057\">\u2615 \u0421\u043f\u043e\u0441\u0456\u0431 \u0437\u0430\u0432\u0430\u0440\u044e\u0432\u0430\u043d\u043d\u044f:<\/h6>\n<ul data-start=\"2059\" data-end=\"2196\">\n<li data-start=\"2059\" data-end=\"2093\">\n<p data-start=\"2061\" data-end=\"2093\"><strong data-start=\"2061\" data-end=\"2082\">Temperatura wody:<\/strong> 80\u201385\u202f\u00b0C<\/p>\n<\/li>\n<li data-start=\"2094\" data-end=\"2130\">\n<p data-start=\"2096\" data-end=\"2130\"><strong data-start=\"2096\" data-end=\"2112\">Ilo\u015b\u0107 suszu:<\/strong> 3\u20134 g na 150 ml<\/p>\n<\/li>\n<li data-start=\"2131\" data-end=\"2166\">\n<p data-start=\"2133\" data-end=\"2166\"><strong data-start=\"2133\" data-end=\"2151\">\u0427\u0430\u0441 \u0437\u0430\u0432\u0430\u0440\u044e\u0432\u0430\u043d\u043d\u044f:<\/strong> 1,5\u20132 minuty<\/p>\n<\/li>\n<li data-start=\"2167\" data-end=\"2196\">\n<p data-start=\"2169\" data-end=\"2196\"><strong data-start=\"2169\" data-end=\"2187\">Liczba parze\u0144:<\/strong> 3\u20134 razy<\/p>\n<\/li>\n<\/ul>\n<p data-start=\"2198\" data-end=\"2339\">Dla najlepszego efektu warto zaparza\u0107 j\u0105 w szklanym naczyniu, obserwuj\u0105c, jak p\u0105ki wznosz\u0105 si\u0119 i opadaj\u0105 \u2014 to nie tylko smak, ale i spektakl.<\/p>","protected":false},"excerpt":{"rendered":"<h6 data-start=\"539\" data-end=\"604\">\ud83c\udf1e Yun Shan Yin Zhen \u2013 cesarska \u017c\u00f3\u0142ta herbata z wyspy Junshan<\/h6>\n<p data-start=\"606\" data-end=\"922\"><a class=\"\" href=\"https:\/\/teaeye.pl\/uk\/\" target=\"_new\" rel=\"noopener\" data-start=\"606\" data-end=\"649\"><strong data-start=\"607\" data-end=\"628\">Yun Shan Yin Zhen<\/strong><\/a> (\u96f2\u5c71\u9280\u91dd) to jedna z najrzadszych i najbardziej szlachetnych chi\u0144skich herbat \u2013 <strong data-start=\"727\" data-end=\"744\">\u017c\u00f3\u0142ta herbata<\/strong> pochodz\u0105ca z legendarnej <strong data-start=\"770\" data-end=\"808\">wyspy Junshan na jeziorze Dongting<\/strong>, w prowincji Hunan. Przez setki lat by\u0142a przeznaczona wy\u0142\u0105cznie dla cesarskiego dworu \u2013 od dynastii Tang po Qing.<\/p>\n<p data-start=\"924\" data-end=\"1075\">Herbata sk\u0142ada si\u0119 wy\u0142\u0105cznie z <strong data-start=\"955\" data-end=\"984\">d\u0142ugich, puszystych p\u0105k\u00f3w<\/strong>, kt\u00f3re w szklance \u201eta\u0144cz\u0105\u201d, daj\u0105c jasny, <strong data-start=\"1026\" data-end=\"1074\">z\u0142oto-\u017c\u00f3\u0142ty napar o lekko jadeitowym po\u0142ysku<\/strong>.<\/p>\n<hr data-start=\"1077\" data-end=\"1080\" \/>\n<h6 data-start=\"1082\" data-end=\"1102\">\ud83c\udf50 Smak i aromat<\/h6>\n<p data-start=\"1104\" data-end=\"1359\">W aromacie dominuj\u0105 nuty <strong data-start=\"1129\" data-end=\"1172\">miodu, kwiat\u00f3w, ciasta i pra\u017conych zb\u00f3\u017c<\/strong>. Smak zaskakuje <strong data-start=\"1189\" data-end=\"1260\">s\u0142odycz\u0105 gruszkowego pur\u00e9e, winogronami, zefirem i syropowym miodem<\/strong>. Napar jest niezwykle mi\u0119kki, delikatny, ale bogaty \u2014 jak herbaciany deser w najczystszej postaci.<\/p>\n<p data-start=\"1361\" data-end=\"1510\">To herbata, kt\u00f3ra <strong data-start=\"1379\" data-end=\"1465\">\u0142\u0105czy g\u0142\u0119bi\u0119 bia\u0142ych herbat, subtelno\u015b\u0107 zielonych i g\u0142adko\u015b\u0107 unikalnej fermentacji<\/strong> charakterystycznej tylko dla herbat \u017c\u00f3\u0142tych.<\/p>\n<h6>\u2705 Co j\u0105 wyr\u00f3\u017cnia?<\/h6>\n<ul>\n<li>Pochodzi z Junshan \u2013 s\u0142ynnej wyspy herbacianej na jeziorze Dongting<\/li>\n<li>Historycznie uznawana za herbat\u0119 cesarsk\u0105<\/li>\n<li>Produkowana tradycyjnie metod\u0105 naprzemiennej fermentacji i suszenia<\/li>\n<li>Wy\u0142\u0105cznie najwy\u017cszej jako\u015bci p\u0105ki<\/li>\n<li>Doskona\u0142a alternatywa dla fan\u00f3w bia\u0142ych herbat, np.<br \/>\n<a href=\"https:\/\/teaeye.pl\/uk\/%d0%bf%d1%80%d0%be%d0%b4%d1%83%d0%ba%d1%82\/bai-hao-yin-zhen-2025\/\" target=\"_blank\" rel=\"noopener noreferrer\">\u0411\u0430\u0439 \u0425\u0430\u043e \u0406\u043d\u044c \u0427\u0436\u0435\u043d\u044c<\/a>,<br \/>\nlub ciekawa odmiana dla mi\u0142o\u015bnik\u00f3w lekkich zielonych herbat jak<br \/>\n<a href=\"https:\/\/teaeye.pl\/uk\/%d0%bf%d1%80%d0%be%d0%b4%d1%83%d0%ba%d1%82\/xue-long-wiosna-2025-r\/\" target=\"_blank\" rel=\"noopener noreferrer\">Xue Long<\/a><\/li>\n<\/ul>","protected":false},"featured_media":13503,"comment_status":"open","ping_status":"closed","template":"","meta":[],"product_cat":[149,142],"product_tag":[],"class_list":{"0":"post-13502","1":"product","2":"type-product","3":"status-publish","4":"has-post-thumbnail","6":"product_cat-herbata","7":"product_cat-zolta","9":"first","10":"outofstock","11":"shipping-taxable","12":"purchasable","13":"product-type-variable"},"aioseo_notices":[],"_links":{"self":[{"href":"https:\/\/teaeye.pl\/uk\/wp-json\/wp\/v2\/product\/13502","targetHints":{"allow":["GET"]}}],"collection":[{"href":"https:\/\/teaeye.pl\/uk\/wp-json\/wp\/v2\/product"}],"about":[{"href":"https:\/\/teaeye.pl\/uk\/wp-json\/wp\/v2\/types\/product"}],"replies":[{"embeddable":true,"href":"https:\/\/teaeye.pl\/uk\/wp-json\/wp\/v2\/comments?post=13502"}],"version-history":[{"count":1,"href":"https:\/\/teaeye.pl\/uk\/wp-json\/wp\/v2\/product\/13502\/revisions"}],"predecessor-version":[{"id":13508,"href":"https:\/\/teaeye.pl\/uk\/wp-json\/wp\/v2\/product\/13502\/revisions\/13508"}],"wp:featuredmedia":[{"embeddable":true,"href":"https:\/\/teaeye.pl\/uk\/wp-json\/wp\/v2\/media\/13503"}],"wp:attachment":[{"href":"https:\/\/teaeye.pl\/uk\/wp-json\/wp\/v2\/media?parent=13502"}],"wp:term":[{"taxonomy":"product_cat","embeddable":true,"href":"https:\/\/teaeye.pl\/uk\/wp-json\/wp\/v2\/product_cat?post=13502"},{"taxonomy":"product_tag","embeddable":true,"href":"https:\/\/teaeye.pl\/uk\/wp-json\/wp\/v2\/product_tag?post=13502"}],"curies":[{"name":"wp","href":"https:\/\/api.w.org\/{rel}","templated":true}]}}