{"id":13830,"date":"2025-07-22T12:58:02","date_gmt":"2025-07-22T12:58:02","guid":{"rendered":"https:\/\/teaeye.pl\/?post_type=product&#038;p=13830"},"modified":"2025-11-14T10:12:42","modified_gmt":"2025-11-14T10:12:42","slug":"xiao-qing-gan","status":"publish","type":"product","link":"https:\/\/teaeye.pl\/uk\/product\/xiao-qing-gan\/","title":{"rendered":"Xiao Qing Gan (5 szt.\/75 g.)"},"content":{"rendered":"<h1 data-start=\"334\" data-end=\"401\">Shu Pu-Erh w mandarynkach Xiao Qing Gan \u2013 zestaw 5 sztuk (75\u202fg)<\/h1>\n<h2 data-start=\"403\" data-end=\"424\">Szczeg\u00f3\u0142owy opis<\/h2>\n<p data-start=\"426\" data-end=\"842\"><strong data-start=\"426\" data-end=\"460\">Shu Pu-Erh Xiao Qing Gan (\u5c0f\u9752\u67d1)<\/strong> to wyj\u0105tkowe po\u0142\u0105czenie <strong data-start=\"485\" data-end=\"526\">dojrza\u0142ej czarnej herbaty puerh (shu)<\/strong> z aromatem <strong data-start=\"538\" data-end=\"574\">zielonej mandarynki Qing Pi (\u9752\u76ae)<\/strong>. W chi\u0144skiej prowincji <strong data-start=\"598\" data-end=\"611\">Guangdong<\/strong>, w regionie <strong data-start=\"624\" data-end=\"634\">Xinhui<\/strong>, zbiera si\u0119 m\u0142ode mandarynki, kt\u00f3rych wn\u0119trze wype\u0142nia si\u0119 sprasowanym puerhem z prowincji <strong data-start=\"726\" data-end=\"736\">\u042e\u043d\u044c\u043d\u0430\u043d\u044c<\/strong>. Nast\u0119pnie owoce s\u0105 starannie suszone i dojrzewaj\u0105, tworz\u0105c herbat\u0119 o bogatym, harmonijnym charakterze.<\/p>\n<p data-start=\"844\" data-end=\"1116\">W tym opakowaniu znajdziesz <strong data-start=\"872\" data-end=\"921\">5 miniaturowych mandarynek (\u0142\u0105cznie ok. 75\u202fg)<\/strong> \u2013 idealn\u0105 ilo\u015b\u0107 zar\u00f3wno do degustacji, jak i codziennego parzenia. Podczas zaparzania sk\u00f3rka uwalnia naturalne olejki eteryczne, wzbogacaj\u0105c napar <strong data-start=\"1069\" data-end=\"1113\">cytrusow\u0105 \u015bwie\u017co\u015bci\u0105 i subteln\u0105 s\u0142odycz\u0105<\/strong>.<\/p>\n<p data-start=\"1118\" data-end=\"1216\"><a href=\"https:\/\/teaeye.pl\/uk\/product-category\/%d0%bf%d1%83%d0%b5%d1%80\/shu-puer\/\">Zobacz inne herbaty Shu Pu-Erh \u2192<\/a><\/p>\n<hr data-start=\"1218\" data-end=\"1221\" \/>\n<h2 data-start=\"1223\" data-end=\"1256\">\u0421\u043c\u0430\u043a, \u0430\u0440\u043e\u043c\u0430\u0442, \u0434\u0456\u044f \ud83c\udf4a\ud83c\udf42<\/h2>\n<ul data-start=\"1258\" data-end=\"1588\">\n<li data-start=\"1258\" data-end=\"1373\">\n<p data-start=\"1260\" data-end=\"1373\"><strong data-start=\"1260\" data-end=\"1271\">\u0410\u0440\u043e\u043c\u0430\u0442:<\/strong> wyra\u017ane nuty ziemiste charakterystyczne dla shu puerh, prze\u0142amane \u015bwie\u017co\u015bci\u0105 i s\u0142odycz\u0105 mandarynki.<\/p>\n<\/li>\n<li data-start=\"1374\" data-end=\"1519\">\n<p data-start=\"1376\" data-end=\"1519\"><strong data-start=\"1376\" data-end=\"1385\">\u0421\u043c\u0430\u043a:<\/strong> \u0142agodny i g\u0142\u0119boki, z akcentami suszonych owoc\u00f3w, drewna i s\u0142odko-cytrusow\u0105 nut\u0105. Parzenie ze sk\u00f3rk\u0105 intensyfikuje cytrusowy profil.<\/p>\n<\/li>\n<li data-start=\"1520\" data-end=\"1588\">\n<p data-start=\"1522\" data-end=\"1588\"><strong data-start=\"1522\" data-end=\"1536\">\u0414\u0456\u044f:<\/strong> rozgrzewa, odpr\u0119\u017ca i jednocze\u015bnie dodaje energii.<\/p>\n<\/li>\n<\/ul>\n<hr data-start=\"1590\" data-end=\"1593\" \/>\n<h2 data-start=\"1595\" data-end=\"1624\">Jak parzy\u0107 Xiao Qing Gan<\/h2>\n<ul data-start=\"1626\" data-end=\"1961\">\n<li data-start=\"1626\" data-end=\"1752\">\n<p data-start=\"1628\" data-end=\"1752\"><strong data-start=\"1628\" data-end=\"1641\">W ca\u0142o\u015bci<\/strong> \u2013 jedna mandarynka (\u224815\u202fg) na gaiwan lub czajniczek 150\u2013200\u202fml. Kr\u00f3tkie parzenia, jak przy klasycznym puerh.<\/p>\n<\/li>\n<li data-start=\"1753\" data-end=\"1850\">\n<p data-start=\"1755\" data-end=\"1850\"><strong data-start=\"1755\" data-end=\"1772\">Tylko herbata<\/strong> \u2013 roz\u0142ama\u0107 owoc i zaparzy\u0107 sam puerh ze \u015brodka, dla delikatniejszego smaku.<\/p>\n<\/li>\n<li data-start=\"1851\" data-end=\"1961\">\n<p data-start=\"1853\" data-end=\"1961\"><strong data-start=\"1853\" data-end=\"1874\">Herbata ze sk\u00f3rk\u0105<\/strong> \u2013 pokruszy\u0107 sk\u00f3rk\u0119 i parzy\u0107 razem z li\u015b\u0107mi, by uzyska\u0107 mocniejszy, cytrusowy aromat.<\/p>\n<\/li>\n<\/ul>\n<p data-start=\"1963\" data-end=\"2080\"><strong data-start=\"1963\" data-end=\"1982\">Najlepszy efekt<\/strong> daje parzenie metod\u0105 <strong data-start=\"2004\" data-end=\"2018\">\u0433\u0443\u043d\u0444\u0443 \u0447\u0430<\/strong>: kr\u00f3tkie zalania (5\u201310\u202fs) i wiele parze\u0144 (8\u201310 lub wi\u0119cej).<\/p>\n<p data-start=\"2082\" data-end=\"2193\"><a href=\"https:\/\/teaeye.pl\/uk\/product-category\/akcesoria\/naczynia\/chapan\/\">\u0414\u0456\u0437\u043d\u0430\u0439\u0442\u0435\u0441\u044f \u0431\u0456\u043b\u044c\u0448\u0435 \u043f\u0440\u043e \u0433\u0443\u043d\u0444\u0443 \u0447\u0430 \u2192<\/a><\/p>","protected":false},"excerpt":{"rendered":"<p><strong data-start=\"2218\" data-end=\"2246\">Shu Pu-Erh Xiao Qing Gan<\/strong> \u2013 zestaw <strong data-start=\"2256\" data-end=\"2289\">5 zielonych mandarynek (75\u202fg)<\/strong> wype\u0142nionych dojrza\u0142ym puerh z Yunnanu. Harmonijne po\u0142\u0105czenie g\u0142\u0119bi shu puerh i cytrusowej \u015bwie\u017co\u015bci Qing Pi. Doskona\u0142y do wielokrotnych parze\u0144 \u2013 w ca\u0142o\u015bci lub z kawa\u0142kami sk\u00f3rki dla intensywniejszego aromatu.<\/p>","protected":false},"featured_media":13893,"comment_status":"open","ping_status":"closed","template":"","meta":[],"product_cat":[149,97,99],"product_tag":[],"class_list":{"0":"post-13830","1":"product","2":"type-product","3":"status-publish","4":"has-post-thumbnail","6":"product_cat-herbata","7":"product_cat-pu-erh","8":"product_cat-shu-puer","10":"first","11":"outofstock","12":"shipping-taxable","13":"purchasable","14":"product-type-simple"},"aioseo_notices":[],"_links":{"self":[{"href":"https:\/\/teaeye.pl\/uk\/wp-json\/wp\/v2\/product\/13830","targetHints":{"allow":["GET"]}}],"collection":[{"href":"https:\/\/teaeye.pl\/uk\/wp-json\/wp\/v2\/product"}],"about":[{"href":"https:\/\/teaeye.pl\/uk\/wp-json\/wp\/v2\/types\/product"}],"replies":[{"embeddable":true,"href":"https:\/\/teaeye.pl\/uk\/wp-json\/wp\/v2\/comments?post=13830"}],"version-history":[{"count":3,"href":"https:\/\/teaeye.pl\/uk\/wp-json\/wp\/v2\/product\/13830\/revisions"}],"predecessor-version":[{"id":13894,"href":"https:\/\/teaeye.pl\/uk\/wp-json\/wp\/v2\/product\/13830\/revisions\/13894"}],"wp:featuredmedia":[{"embeddable":true,"href":"https:\/\/teaeye.pl\/uk\/wp-json\/wp\/v2\/media\/13893"}],"wp:attachment":[{"href":"https:\/\/teaeye.pl\/uk\/wp-json\/wp\/v2\/media?parent=13830"}],"wp:term":[{"taxonomy":"product_cat","embeddable":true,"href":"https:\/\/teaeye.pl\/uk\/wp-json\/wp\/v2\/product_cat?post=13830"},{"taxonomy":"product_tag","embeddable":true,"href":"https:\/\/teaeye.pl\/uk\/wp-json\/wp\/v2\/product_tag?post=13830"}],"curies":[{"name":"wp","href":"https:\/\/api.w.org\/{rel}","templated":true}]}}