{"id":13862,"date":"2025-07-25T14:21:39","date_gmt":"2025-07-25T14:21:39","guid":{"rendered":"https:\/\/teaeye.pl\/?post_type=product&#038;p=13862"},"modified":"2026-05-07T13:03:21","modified_gmt":"2026-05-07T13:03:21","slug":"moli-yin-lian-jasminowa","status":"publish","type":"product","link":"https:\/\/teaeye.pl\/uk\/product\/moli-yin-lian-jasminowa\/","title":{"rendered":"\u041c\u043e \u041b\u0456 \u0411\u0430\u0439 \u0425\u0443\u0434\u0454 (\u0416\u0430\u0441\u043c\u0438\u043d\u043e\u0432\u0430)"},"content":{"rendered":"<h1>Mo Li Bai Hudie \u2013 ja\u015bminowa bia\u0142a herbata<\/h1>\n<section class=\"text-token-text-primary w-full focus:outline-none [--shadow-height:45px] has-data-writing-block:pointer-events-none has-data-writing-block:-mt-(--shadow-height) has-data-writing-block:pt-(--shadow-height) [&amp;:has([data-writing-block])&gt;*]:pointer-events-auto [content-visibility:auto] supports-[content-visibility:auto]:[contain-intrinsic-size:auto_100lvh] R6Vx5W_threadScrollVars scroll-mb-[calc(var(--scroll-root-safe-area-inset-bottom,0px)+var(--thread-response-height))] scroll-mt-[calc(var(--header-height)+min(200px,max(70px,20svh)))]\" dir=\"auto\" data-turn-id=\"request-WEB:1468600a-4849-4e41-919b-c0f50692bde9-10\" data-testid=\"conversation-turn-10\" data-scroll-anchor=\"false\" data-turn=\"assistant\">\n<div class=\"text-base my-auto mx-auto pb-10 [--thread-content-margin:var(--thread-content-margin-xs,calc(var(--spacing)*4))] @w-sm\/main:[--thread-content-margin:var(--thread-content-margin-sm,calc(var(--spacing)*6))] @w-lg\/main:[--thread-content-margin:var(--thread-content-margin-lg,calc(var(--spacing)*16))] px-(--thread-content-margin)\">\n<div class=\"[--thread-content-max-width:40rem] @w-lg\/main:[--thread-content-max-width:48rem] mx-auto max-w-(--thread-content-max-width) flex-1 group\/turn-messages focus-visible:outline-hidden relative flex w-full min-w-0 flex-col agent-turn\">\n<div class=\"flex max-w-full flex-col gap-4 grow\">\n<div class=\"min-h-8 text-message relative flex w-full flex-col items-end gap-2 text-start break-words whitespace-normal outline-none keyboard-focused:focus-ring [.text-message+&amp;]:mt-1\" dir=\"auto\" tabindex=\"0\" data-message-author-role=\"assistant\" data-message-id=\"280f8e5b-7db8-4630-b9ce-461d69d18410\" data-message-model-slug=\"gpt-5-5\" data-turn-start-message=\"true\">\n<div class=\"flex w-full flex-col gap-1 empty:hidden\">\n<div class=\"markdown prose dark:prose-invert wrap-break-word w-full light markdown-new-styling\">\n<p data-start=\"46\" data-end=\"348\" data-is-last-node=\"\" data-is-only-node=\"\">Mo Li Bai Hudie oznacza \u201eJa\u015bminowy Bia\u0142y Motyl\u201d. Nazwa nawi\u0105zuje do odmiany White Butterfly, z kt\u00f3rej pochodz\u0105 delikatne, pokryte srebrzystym puchem p\u0105ki u\u017cywane do produkcji tej herbaty. To bia\u0142a herbata ja\u015bminowa, kt\u00f3ra zachwyca eleganckim wygl\u0105dem, subtelnym aromatem i niezwykle delikatnym smakiem.<\/p>\n<\/div>\n<\/div>\n<\/div>\n<\/div>\n<\/div>\n<\/div>\n<\/section>\n<p><a href=\"https:\/\/teaeye.pl\/wp-content\/uploads\/2025\/07\/Jasmine-White-2.jpg\"><img fetchpriority=\"high\" decoding=\"async\" class=\"alignnone wp-image-13864\" src=\"https:\/\/teaeye.pl\/wp-content\/uploads\/2025\/07\/Jasmine-White-2-300x219.jpg\" alt=\"Moli Yin Lian\" width=\"551\" height=\"402\" srcset=\"https:\/\/teaeye.pl\/wp-content\/uploads\/2025\/07\/Jasmine-White-2-300x219.jpg 300w, https:\/\/teaeye.pl\/wp-content\/uploads\/2025\/07\/Jasmine-White-2-1024x748.jpg 1024w, https:\/\/teaeye.pl\/wp-content\/uploads\/2025\/07\/Jasmine-White-2-768x561.jpg 768w, https:\/\/teaeye.pl\/wp-content\/uploads\/2025\/07\/Jasmine-White-2-1536x1122.jpg 1536w, https:\/\/teaeye.pl\/wp-content\/uploads\/2025\/07\/Jasmine-White-2-16x12.jpg 16w, https:\/\/teaeye.pl\/wp-content\/uploads\/2025\/07\/Jasmine-White-2-600x438.jpg 600w, https:\/\/teaeye.pl\/wp-content\/uploads\/2025\/07\/Jasmine-White-2-850x621.jpg 850w, https:\/\/teaeye.pl\/wp-content\/uploads\/2025\/07\/Jasmine-White-2.jpg 1755w\" sizes=\"(max-width: 551px) 100vw, 551px\" \/><\/a><\/p>\n<h2>Mo Li Bai Hudie \u2013 bia\u0142a herbata ja\u015bminowa o wyj\u0105tkowym aromacie<\/h2>\n<p>Po wst\u0119pnej obr\u00f3bce li\u015bcie trafiaj\u0105 do Guangxi Hengxian. Region s\u0142ynie z najlepszych kwiat\u00f3w ja\u015bminu w Chinach. Herbata jest sze\u015bciokrotnie \u0142\u0105czona ze \u015bwie\u017cymi kwiatami podczas pe\u0142nego kwitnienia. Dzi\u0119ki temu li\u015bcie wch\u0142aniaj\u0105 naturalne olejki eteryczne. Aromat staje si\u0119 g\u0142\u0119boki, czysty i trwa\u0142y.<\/p>\n<p>Napar ma jasny kolor i lekko s\u0142odki smak. Wyczuwalny jest wyra\u017any ja\u015bmin, nuty owocowe i \u015bwie\u017co\u015b\u0107 bia\u0142ej herbaty. Smak jest mi\u0119kki i przyjemny, a aromat elegancki. To herbata klasy premium, ceniona podobnie jak <a href=\"https:\/\/teaeye.pl\/product-category\/puer\/shu-puer\/\">shu pu-erh<\/a> czy inne najlepsze herbaty z Chin.<\/p>\n<p><a href=\"https:\/\/teaeye.pl\/wp-content\/uploads\/2025\/07\/Jasmine-White-1.jpg\"><img decoding=\"async\" class=\"alignnone wp-image-13863\" src=\"https:\/\/teaeye.pl\/wp-content\/uploads\/2025\/07\/Jasmine-White-1-300x219.jpg\" alt=\"Moli Yin Lian\" width=\"549\" height=\"401\" srcset=\"https:\/\/teaeye.pl\/wp-content\/uploads\/2025\/07\/Jasmine-White-1-300x219.jpg 300w, https:\/\/teaeye.pl\/wp-content\/uploads\/2025\/07\/Jasmine-White-1-1024x748.jpg 1024w, https:\/\/teaeye.pl\/wp-content\/uploads\/2025\/07\/Jasmine-White-1-768x561.jpg 768w, https:\/\/teaeye.pl\/wp-content\/uploads\/2025\/07\/Jasmine-White-1-1536x1122.jpg 1536w, https:\/\/teaeye.pl\/wp-content\/uploads\/2025\/07\/Jasmine-White-1-16x12.jpg 16w, https:\/\/teaeye.pl\/wp-content\/uploads\/2025\/07\/Jasmine-White-1-600x438.jpg 600w, https:\/\/teaeye.pl\/wp-content\/uploads\/2025\/07\/Jasmine-White-1-850x621.jpg 850w, https:\/\/teaeye.pl\/wp-content\/uploads\/2025\/07\/Jasmine-White-1.jpg 1755w\" sizes=\"(max-width: 549px) 100vw, 549px\" \/><\/a><\/p>\n<h3>Smak, aromat i dzia\u0142anie<\/h3>\n<p>Aromat herbaty to ja\u015bmin w po\u0142\u0105czeniu z lekk\u0105 owocow\u0105 nut\u0105. Smak jest naturalnie s\u0142odki i bardzo delikatny. Napar dzia\u0142a odpr\u0119\u017caj\u0105co i poprawia nastr\u00f3j. Jednocze\u015bnie lekko pobudza i dodaje energii.<\/p>\n<p>Herbata nadaje si\u0119 do <a href=\"https:\/\/pl.wikipedia.org\/wiki\/Gongfu_cha\" target=\"_blank\" rel=\"noopener\">gongfu cha<\/a> oraz do prostego parzenia codziennego. W stylu gongfu ujawnia kolejne warstwy: najpierw kwiaty, potem owoce i \u015bwie\u017c\u0105 lekko\u015b\u0107.<\/p>\n<h4>Metody parzenia<\/h4>\n<p><strong>Europejski \u2013 80\u201385 \u00b0C<\/strong><br \/>\nProporcje: 12 g \/ 1 l<br \/>\nCzas: 1,5\u20132 min<br \/>\nMo\u017cna parzy\u0107 2\u20133 razy, za ka\u017cdym razem wyd\u0142u\u017caj\u0105c czas o 1\u20132 minuty.<\/p>\n<p><strong>Gongfu cha \u2013 80\u201385 \u00b0C<\/strong><br \/>\nProporcje: 6\u20138 g \/ 150\u2013200 ml<br \/>\nCzas: 15\u201320 s<br \/>\nKa\u017cde kolejne parzenie wyd\u0142u\u017ca\u0107 o 10 sekund.<\/p>\n<p>Je\u015bli szukasz wysokiej jako\u015bci chi\u0144skiej herbaty w Warszawie i Polsce, <strong>Mo Li Bai Hudie<\/strong> b\u0119dzie doskona\u0142ym wyborem. To herbata, kt\u00f3ra \u0142\u0105czy tradycj\u0119 aromatyzowania ja\u015bminem z delikatno\u015bci\u0105 bia\u0142ych p\u0105k\u00f3w. Szukasz podobnych smak\u00f3w? Zobacz wszystkie <a href=\"https:\/\/teaeye.pl\/product-category\/biala-herbata\/\">bia\u0142e herbaty<\/a> w TEA EYE \u2014 znajdziesz herbaty dopasowane do r\u00f3\u017cnych okazji, w tym gaba i klasyczne oolongi z Wuyi.<\/p>\n","protected":false},"excerpt":{"rendered":"<p data-start=\"383\" data-end=\"873\">\u041c\u043e \u041b\u0456 \u0411\u0430\u0439 \u0425\u0443\u0434\u0454 \u2014 \u0446\u0435 \u0431\u0456\u043b\u0438\u0439 \u0436\u0430\u0441\u043c\u0438\u043d\u043e\u0432\u0438\u0439 \u0447\u0430\u0439 \u0456\u0437 \u043d\u0430\u0434\u0437\u0432\u0438\u0447\u0430\u0439\u043d\u043e \u0434\u0435\u043b\u0456\u043a\u0430\u0442\u043d\u0438\u043c, \u0430\u043b\u0435 \u0433\u043b\u0438\u0431\u043e\u043a\u0438\u043c \u0445\u0430\u0440\u0430\u043a\u0442\u0435\u0440\u043e\u043c. \u041d\u0456\u0436\u043d\u0456 \u0431\u0440\u0443\u043d\u044c\u043a\u0438 White Butterfly, \u0431\u0430\u0433\u0430\u0442\u043e\u0440\u0430\u0437\u043e\u0432\u043e \u043f\u043e\u0454\u0434\u043d\u0430\u043d\u0456 \u0437\u0456 \u0441\u0432\u0456\u0436\u0438\u043c\u0438 \u043a\u0432\u0456\u0442\u0430\u043c\u0438 \u0436\u0430\u0441\u043c\u0438\u043d\u0443, \u0441\u0442\u0432\u043e\u0440\u044e\u044e\u0442\u044c \u043d\u0430\u0441\u0442\u0456\u0439, \u0441\u043f\u043e\u0432\u043d\u0435\u043d\u0438\u0439 \u043a\u0432\u0456\u0442\u043a\u043e\u0432\u043e\u0457 \u0441\u0432\u0456\u0436\u043e\u0441\u0442\u0456, \u043c\u2019\u044f\u043a\u043e\u0457 \u0441\u043e\u043b\u043e\u0434\u043a\u043e\u0441\u0442\u0456 \u0442\u0430 \u0435\u043b\u0435\u0433\u0430\u043d\u0442\u043d\u043e\u0433\u043e \u0430\u0440\u043e\u043c\u0430\u0442\u0443. \u0426\u0435 \u0441\u043f\u043e\u043a\u0456\u0439\u043d\u0438\u0439, \u043b\u0435\u0433\u043a\u0438\u0439 \u0456 \u0434\u0443\u0436\u0435 \u00ab\u0447\u0438\u0441\u0442\u0438\u0439\u00bb \u0443 \u0441\u043f\u0440\u0438\u0439\u043d\u044f\u0442\u0442\u0456 \u0447\u0430\u0439 \u2014 \u0456\u0434\u0435\u0430\u043b\u044c\u043d\u0438\u0439 \u044f\u043a \u0434\u043b\u044f \u0442\u0438\u0445\u043e\u0433\u043e \u0432\u0435\u0447\u043e\u0440\u0430, \u0442\u0430\u043a \u0456 \u0434\u043b\u044f \u0449\u043e\u0434\u0435\u043d\u043d\u043e\u0457 \u043c\u0438\u0442\u0456 \u0441\u043f\u043e\u043a\u043e\u044e.<\/p>","protected":false},"featured_media":13863,"comment_status":"open","ping_status":"closed","template":"","meta":[],"product_cat":[118,149,148],"product_tag":[],"class_list":{"0":"post-13862","1":"product","2":"type-product","3":"status-publish","4":"has-post-thumbnail","6":"product_cat-biala-herbata","7":"product_cat-herbata","8":"product_cat-z-dodatkami","10":"first","11":"instock","12":"shipping-taxable","13":"purchasable","14":"product-type-variable"},"aioseo_notices":[],"_links":{"self":[{"href":"https:\/\/teaeye.pl\/uk\/wp-json\/wp\/v2\/product\/13862","targetHints":{"allow":["GET"]}}],"collection":[{"href":"https:\/\/teaeye.pl\/uk\/wp-json\/wp\/v2\/product"}],"about":[{"href":"https:\/\/teaeye.pl\/uk\/wp-json\/wp\/v2\/types\/product"}],"replies":[{"embeddable":true,"href":"https:\/\/teaeye.pl\/uk\/wp-json\/wp\/v2\/comments?post=13862"}],"version-history":[{"count":6,"href":"https:\/\/teaeye.pl\/uk\/wp-json\/wp\/v2\/product\/13862\/revisions"}],"predecessor-version":[{"id":18918,"href":"https:\/\/teaeye.pl\/uk\/wp-json\/wp\/v2\/product\/13862\/revisions\/18918"}],"wp:featuredmedia":[{"embeddable":true,"href":"https:\/\/teaeye.pl\/uk\/wp-json\/wp\/v2\/media\/13863"}],"wp:attachment":[{"href":"https:\/\/teaeye.pl\/uk\/wp-json\/wp\/v2\/media?parent=13862"}],"wp:term":[{"taxonomy":"product_cat","embeddable":true,"href":"https:\/\/teaeye.pl\/uk\/wp-json\/wp\/v2\/product_cat?post=13862"},{"taxonomy":"product_tag","embeddable":true,"href":"https:\/\/teaeye.pl\/uk\/wp-json\/wp\/v2\/product_tag?post=13862"}],"curies":[{"name":"wp","href":"https:\/\/api.w.org\/{rel}","templated":true}]}}