{"id":13908,"date":"2025-07-31T08:44:51","date_gmt":"2025-07-31T08:44:51","guid":{"rendered":"https:\/\/teaeye.pl\/?post_type=product&#038;p=13908"},"modified":"2026-02-23T12:58:03","modified_gmt":"2026-02-23T12:58:03","slug":"figurka-do-herbaty-jin-chan","status":"publish","type":"product","link":"https:\/\/teaeye.pl\/uk\/product\/figurka-do-herbaty-jin-chan\/","title":{"rendered":"\u0427\u0430\u0439\u043d\u0430 \u0444\u0456\u0433\u0443\u0440\u043a\u0430 \u00ab\u0426\u0437\u0456\u043d\u044c \u0427\u0430\u043d\u044c\u00bb"},"content":{"rendered":"<h1>\u0427\u0430\u0439\u043d\u0430 \u0444\u0456\u0433\u0443\u0440\u043a\u0430 \u0426\u0437\u0456\u043d\u044c \u0427\u0430\u043d\u044c \u2013 \u0442\u0440\u0438\u043b\u0430\u043f\u0430 \u0436\u0430\u0431\u0430 \u0434\u043b\u044f \u0447\u0430\u0439\u043d\u043e\u0457 \u0446\u0435\u0440\u0435\u043c\u043e\u043d\u0456\u0457<\/h1>\n<p>\u0427\u0430\u0439\u043d\u0430 \u0444\u0456\u0433\u0443\u0440\u043a\u0430 \u0426\u0437\u0456\u043d\u044c \u0427\u0430\u043d\u044c (\u91d1\u87fe), \u0432\u0456\u0434\u043e\u043c\u0430 \u0442\u0430\u043a\u043e\u0436 \u044f\u043a \u0427\u0430\u043d\u044c \u0427\u0443 (\u87fe\u870d), \u2013 \u043e\u0434\u043d\u0430 \u0437 \u043d\u0430\u0439\u0445\u0430\u0440\u0430\u043a\u0442\u0435\u0440\u043d\u0456\u0448\u0438\u0445 \u043f\u043e\u0441\u0442\u0430\u0442\u0435\u0439 \u043a\u0438\u0442\u0430\u0439\u0441\u044c\u043a\u043e\u0433\u043e \u0444\u043e\u043b\u044c\u043a\u043b\u043e\u0440\u0443. \u0417\u0430 \u043b\u0435\u0433\u0435\u043d\u0434\u043e\u044e, \u0446\u0435 \u0431\u0443\u043b\u0430 \u0447\u0430\u0440\u0456\u0432\u043d\u0430 \u0436\u0430\u0431\u0430, \u044f\u043a\u0430 \u0437\u2019\u044f\u0432\u043b\u044f\u043b\u0430\u0441\u044f \u043b\u044e\u0434\u044f\u043c \u0443 \u043f\u043e\u0432\u043d\u0438\u0439 \u043c\u0456\u0441\u044f\u0446\u044c \u0456 \u043f\u0440\u0438\u043d\u043e\u0441\u0438\u043b\u0430 \u0457\u043c \u0431\u0430\u0433\u0430\u0442\u0441\u0442\u0432\u043e \u0442\u0430 \u0434\u043e\u0431\u0440\u043e\u0431\u0443\u0442. \u0417 \u0447\u0430\u0441\u043e\u043c \u0457\u0457 \u043e\u0431\u0440\u0430\u0437 \u0441\u0442\u0430\u0432 \u043f\u043e\u043f\u0443\u043b\u044f\u0440\u043d\u0438\u043c \u0442\u0430\u043b\u0456\u0441\u043c\u0430\u043d\u043e\u043c \u0443 \u0434\u043e\u043c\u0456\u0432\u043a\u0430\u0445, \u043a\u0440\u0430\u043c\u043d\u0438\u0446\u044f\u0445 \u0456 \u0445\u0440\u0430\u043c\u0430\u0445, \u0430 \u0442\u0430\u043a\u043e\u0436 \u0435\u043b\u0435\u043c\u0435\u043d\u0442\u043e\u043c \u0447\u0430\u0439\u043d\u043e\u0457 \u0442\u0440\u0430\u0434\u0438\u0446\u0456\u0457. \u0421\u0430\u043c\u0435 \u0442\u043e\u043c\u0443 \u0426\u0437\u0456\u043d\u044c \u0427\u0430\u043d\u044c, \u0440\u043e\u0437\u043c\u0456\u0449\u0435\u043d\u0430 \u043d\u0430 \u0441\u0442\u043e\u043b\u0456, \u0454 \u043d\u0435 \u043b\u0438\u0448\u0435 \u043f\u0440\u0438\u043a\u0440\u0430\u0441\u043e\u044e, \u0430 \u0439 \u0441\u0438\u043c\u0432\u043e\u043b\u043e\u043c \u0449\u0430\u0441\u0442\u044f \u0442\u0430 \u0434\u043e\u0441\u0442\u0430\u0442\u043a\u0443.<\/p>\n<p>\u0423 \u043a\u0438\u0442\u0430\u0439\u0441\u044c\u043a\u0456\u0439 \u043a\u0443\u043b\u044c\u0442\u0443\u0440\u0456 \u0442\u0440\u0438 \u043b\u0430\u043f\u0438 \u0436\u0430\u0431\u0438 \u0441\u0438\u043c\u0432\u043e\u043b\u0456\u0437\u0443\u044e\u0442\u044c \u0441\u0442\u0430\u0431\u0456\u043b\u044c\u043d\u0456\u0441\u0442\u044c \u0456 \u0440\u0456\u0432\u043d\u043e\u0432\u0430\u0433\u0443 \u043c\u0456\u0436 \u043d\u0435\u0431\u043e\u043c, \u0437\u0435\u043c\u043b\u0435\u044e \u0442\u0430 \u043b\u044e\u0434\u0438\u043d\u043e\u044e. \u0412\u0456\u0440\u0438\u043b\u0438, \u0449\u043e \u0442\u0440\u0438\u043b\u0430\u043f\u0430 \u0436\u0430\u0431\u0430 \u043e\u0445\u043e\u0440\u043e\u043d\u044f\u0454 \u0441\u043a\u0430\u0440\u0431\u0438 \u0439 \u0437\u0430\u0445\u0438\u0449\u0430\u0454 \u043c\u0435\u0448\u043a\u0430\u043d\u0446\u0456\u0432 \u0434\u043e\u043c\u0443 \u0432\u0456\u0434 \u0432\u0442\u0440\u0430\u0442\u0438 \u043c\u0430\u0439\u043d\u0430. \u0421\u044c\u043e\u0433\u043e\u0434\u043d\u0456 \u0432\u043e\u043d\u0430 \u0432\u0438\u043a\u043e\u043d\u0443\u0454 \u0440\u043e\u043b\u044c \u00ab\u0447\u0430\u0439\u043d\u043e\u0433\u043e \u0437\u0432\u0456\u0440\u044f\u0442\u043a\u0430\u00bb (\u8336\u5ba0 \u2013 \u0447\u0430 \u0447\u0443\u043d), \u0442\u043e\u0431\u0442\u043e \u0444\u0456\u0433\u0443\u0440\u043a\u0438, \u043d\u0430 \u044f\u043a\u0443 \u043f\u0456\u0434 \u0447\u0430\u0441 \u0437\u0430\u0432\u0430\u0440\u044e\u0432\u0430\u043d\u043d\u044f \u0432\u0438\u043b\u0438\u0432\u0430\u044e\u0442\u044c \u043f\u0435\u0440\u0448\u0438\u0439 \u043d\u0430\u0441\u0442\u0456\u0439. \u0422\u0430\u043a\u0438\u0439 \u0440\u0438\u0442\u0443\u0430\u043b \u043d\u0435 \u043b\u0438\u0448\u0435 \u00ab\u043e\u0436\u0438\u0432\u043b\u044f\u0454\u00bb \u0444\u0456\u0433\u0443\u0440\u043a\u0443, \u0430\u043b\u0435 \u0439 \u043f\u0456\u0434\u043a\u0440\u0435\u0441\u043b\u044e\u0454 \u0444\u0456\u043b\u043e\u0441\u043e\u0444\u0456\u044e \u0447\u0430\u044e, \u0437\u0433\u0456\u0434\u043d\u043e \u0437 \u044f\u043a\u043e\u044e \u043a\u043e\u0436\u0435\u043d \u0435\u043b\u0435\u043c\u0435\u043d\u0442 \u0446\u0435\u0440\u0435\u043c\u043e\u043d\u0456\u0457 \u043c\u0430\u0454 \u0441\u0432\u043e\u0454 \u0441\u0438\u043c\u0432\u043e\u043b\u0456\u0447\u043d\u0435 \u0437\u043d\u0430\u0447\u0435\u043d\u043d\u044f.<\/p>\n<p><a href=\"https:\/\/teaeye.pl\/wp-content\/uploads\/2025\/07\/Jin-Chan-2.jpg\"><img fetchpriority=\"high\" decoding=\"async\" class=\"alignnone  wp-image-13909\" src=\"https:\/\/teaeye.pl\/wp-content\/uploads\/2025\/07\/Jin-Chan-2-300x219.jpg\" alt=\"\u0427\u0430\u0439\u043d\u0430 \u0444\u0456\u0433\u0443\u0440\u043a\u0430 \u0426\u0437\u0456\u043d\u044c \u0427\u0430\u043d\u044c\" width=\"551\" height=\"402\" srcset=\"https:\/\/teaeye.pl\/wp-content\/uploads\/2025\/07\/Jin-Chan-2-300x219.jpg 300w, https:\/\/teaeye.pl\/wp-content\/uploads\/2025\/07\/Jin-Chan-2-1024x748.jpg 1024w, https:\/\/teaeye.pl\/wp-content\/uploads\/2025\/07\/Jin-Chan-2-768x561.jpg 768w, https:\/\/teaeye.pl\/wp-content\/uploads\/2025\/07\/Jin-Chan-2-1536x1123.jpg 1536w, https:\/\/teaeye.pl\/wp-content\/uploads\/2025\/07\/Jin-Chan-2-16x12.jpg 16w, https:\/\/teaeye.pl\/wp-content\/uploads\/2025\/07\/Jin-Chan-2-600x438.jpg 600w, https:\/\/teaeye.pl\/wp-content\/uploads\/2025\/07\/Jin-Chan-2-850x621.jpg 850w, https:\/\/teaeye.pl\/wp-content\/uploads\/2025\/07\/Jin-Chan-2.jpg 2047w\" sizes=\"(max-width: 551px) 100vw, 551px\" \/><\/a><\/p>\n<h2>\u0426\u0437\u0456\u043d\u044c \u0427\u0430\u043d\u044c \u2013 \u0435\u043d\u0435\u0440\u0433\u0456\u044f \u0442\u0430 \u0441\u0438\u043c\u0432\u043e\u043b\u0456\u043a\u0430<\/h2>\n<p>\ud83d\udc38 <b>\u0415\u043d\u0435\u0440\u0433\u0456\u044f:<\/b> symbol bogactwa, dobrobytu i stabilno\u015bci, popularny zar\u00f3wno w domach, jak i podczas ceremonii gong fu cha.<br \/>\n\ud83c\udf3f <b>\u0420\u0438\u0442\u0443\u0430\u043b:<\/b> \u0437\u0431\u0430\u0433\u0430\u0447\u0443\u0454 \u0430\u0442\u043c\u043e\u0441\u0444\u0435\u0440\u0443 \u0447\u0430\u0439\u043d\u0438\u0445 \u0437\u0443\u0441\u0442\u0440\u0456\u0447\u0435\u0439 \u0456 \u043d\u0430\u0434\u0430\u0454 \u0434\u043e\u0434\u0430\u0442\u043a\u043e\u0432\u0438\u0439 \u0434\u0443\u0445\u043e\u0432\u043d\u0438\u0439 \u0432\u0438\u043c\u0456\u0440.<br \/>\n\ud83c\udf81 <b>\u041f\u043e\u0434\u0430\u0440\u0443\u043d\u043e\u043a:<\/b> \u0432\u0438\u043d\u044f\u0442\u043a\u043e\u0432\u0438\u0439 \u043f\u043e\u0434\u0430\u0440\u0443\u043d\u043e\u043a \u0434\u043b\u044f \u043a\u043e\u043b\u0435\u043a\u0446\u0456\u043e\u043d\u0435\u0440\u0456\u0432, \u043f\u043e\u0446\u0456\u043d\u043e\u0432\u0443\u0432\u0430\u0447\u0456\u0432 \u043a\u0438\u0442\u0430\u0439\u0441\u044c\u043a\u043e\u0433\u043e \u0447\u0430\u044e \u0442\u0430 \u043b\u044e\u0434\u0435\u0439, \u044f\u043a\u0456 \u0446\u0456\u043a\u0430\u0432\u043b\u044f\u0442\u044c\u0441\u044f \u043a\u0443\u043b\u044c\u0442\u0443\u0440\u043e\u044e \u0414\u0430\u043b\u0435\u043a\u043e\u0433\u043e \u0421\u0445\u043e\u0434\u0443.<\/p>\n<p>\u0427\u0430\u0439\u043d\u0430 \u0444\u0456\u0433\u0443\u0440\u043a\u0430 \u0426\u0437\u0456\u043d\u044c \u0427\u0430\u043d\u044c \u0442\u0430\u043a\u043e\u0436 \u0446\u0456\u043d\u0443\u0454\u0442\u044c\u0441\u044f \u044f\u043a \u043a\u043e\u043b\u0435\u043a\u0446\u0456\u0439\u043d\u0438\u0439 \u0435\u043b\u0435\u043c\u0435\u043d\u0442. \u041a\u043e\u0436\u043d\u0430 \u0447\u0430\u0439\u043d\u0430 \u0442\u0432\u0430\u0440\u0438\u043d\u043a\u0430 \u043d\u0430\u0431\u0443\u0432\u0430\u0454 \u0456\u043d\u0434\u0438\u0432\u0456\u0434\u0443\u0430\u043b\u044c\u043d\u043e\u0433\u043e \u0445\u0430\u0440\u0430\u043a\u0442\u0435\u0440\u0443 \u2013 \u0437 \u0447\u0430\u0441\u043e\u043c, \u0440\u0435\u0433\u0443\u043b\u044f\u0440\u043d\u043e \u043f\u043e\u043b\u0438\u0432\u0430\u043d\u0430 \u0447\u0430\u0454\u043c, \u0432\u043e\u043d\u0430 \u0437\u043c\u0456\u043d\u044e\u0454 \u0441\u0432\u0456\u0439 \u0432\u0456\u0434\u0442\u0456\u043d\u043e\u043a \u0456 \u0441\u0442\u0430\u0454 \u0449\u0435 \u0431\u0456\u043b\u044c\u0448 \u043e\u0441\u043e\u0431\u043b\u0438\u0432\u043e\u044e. \u0426\u0435 \u0440\u043e\u0431\u0438\u0442\u044c \u0457\u0457 \u043e\u0441\u043e\u0431\u0438\u0441\u0442\u0438\u043c \u0442\u0430\u043b\u0456\u0441\u043c\u0430\u043d\u043e\u043c, \u044f\u043a\u0438\u0439 \u00ab\u0440\u043e\u0441\u0442\u0435\u00bb \u0440\u0430\u0437\u043e\u043c \u0456\u0437 \u0432\u043b\u0430\u0441\u043d\u0438\u043a\u043e\u043c.<\/p>\n<p><a href=\"https:\/\/teaeye.pl\/wp-content\/uploads\/2025\/07\/Jin-Chan-1.jpg\"><img decoding=\"async\" class=\"alignnone  wp-image-13910\" src=\"https:\/\/teaeye.pl\/wp-content\/uploads\/2025\/07\/Jin-Chan-1-300x219.jpg\" alt=\"\u0427\u0430\u0439\u043d\u0430 \u0444\u0456\u0433\u0443\u0440\u043a\u0430 \u0426\u0437\u0456\u043d\u044c \u0427\u0430\u043d\u044c\" width=\"551\" height=\"402\" srcset=\"https:\/\/teaeye.pl\/wp-content\/uploads\/2025\/07\/Jin-Chan-1-300x219.jpg 300w, https:\/\/teaeye.pl\/wp-content\/uploads\/2025\/07\/Jin-Chan-1-1024x748.jpg 1024w, https:\/\/teaeye.pl\/wp-content\/uploads\/2025\/07\/Jin-Chan-1-768x561.jpg 768w, https:\/\/teaeye.pl\/wp-content\/uploads\/2025\/07\/Jin-Chan-1-1536x1123.jpg 1536w, https:\/\/teaeye.pl\/wp-content\/uploads\/2025\/07\/Jin-Chan-1-16x12.jpg 16w, https:\/\/teaeye.pl\/wp-content\/uploads\/2025\/07\/Jin-Chan-1-600x438.jpg 600w, https:\/\/teaeye.pl\/wp-content\/uploads\/2025\/07\/Jin-Chan-1-850x621.jpg 850w, https:\/\/teaeye.pl\/wp-content\/uploads\/2025\/07\/Jin-Chan-1.jpg 2047w\" sizes=\"(max-width: 551px) 100vw, 551px\" \/><\/a><\/p>\n<h3>\u0427\u0430\u0439\u043d\u0430 \u0444\u0456\u0433\u0443\u0440\u043a\u0430 \u0426\u0437\u0456\u043d\u044c \u0427\u0430\u043d\u044c \u2013 \u044f\u043a \u0432\u0438\u043a\u043e\u0440\u0438\u0441\u0442\u043e\u0432\u0443\u0432\u0430\u0442\u0438 \u043f\u0456\u0434 \u0447\u0430\u0441 \u0437\u0430\u0432\u0430\u0440\u044e\u0432\u0430\u043d\u043d\u044f \u0447\u0430\u044e?<\/h3>\n<p>\u041f\u0456\u0434 \u0447\u0430\u0441 \u043a\u043e\u0436\u043d\u043e\u0457 \u0446\u0435\u0440\u0435\u043c\u043e\u043d\u0456\u0457 \u0433\u0443\u043d\u0444\u0443-\u0447\u0430 \u0440\u043e\u0437\u043c\u0456\u0441\u0442\u0438 \u0444\u0456\u0433\u0443\u0440\u043a\u0443 \u043d\u0430 \u0447\u0430\u0439\u043d\u043e\u043c\u0443 \u0441\u0442\u043e\u043b\u0456 \u043f\u043e\u0440\u0443\u0447 \u0456\u0437 \u0447\u0430\u0439\u043d\u0438\u043a\u043e\u043c \u0430\u0431\u043e \u0433\u0430\u0439\u0432\u0430\u043d\u043d\u044e. \u041f\u0435\u0440\u0448\u0438\u0439 \u043d\u0430\u0441\u0442\u0456\u0439, \u044f\u043a\u0438\u0439 \u0437\u0430\u0437\u0432\u0438\u0447\u0430\u0439 \u0437\u043b\u0438\u0432\u0430\u044e\u0442\u044c \u044f\u043a \u043d\u0430\u0434\u0442\u043e \u043c\u0456\u0446\u043d\u0438\u0439, \u0441\u043b\u0456\u0434 \u0432\u0438\u043b\u0438\u0442\u0438 \u043d\u0430 \u0436\u0430\u0431\u0443. \u0420\u0435\u0433\u0443\u043b\u044f\u0440\u043d\u0435 \u00ab\u0433\u043e\u0434\u0443\u0432\u0430\u043d\u043d\u044f \u0447\u0430\u0454\u043c\u00bb, \u0437\u0433\u0456\u0434\u043d\u043e \u0437 \u0432\u0456\u0440\u0443\u0432\u0430\u043d\u043d\u044f\u043c\u0438, \u0430\u043a\u0442\u0438\u0432\u0443\u0454 \u0457\u0457 \u0441\u0438\u043c\u0432\u043e\u043b\u0456\u0447\u043d\u0456 \u0432\u043b\u0430\u0441\u0442\u0438\u0432\u043e\u0441\u0442\u0456 \u0439 \u0440\u043e\u0431\u0438\u0442\u044c \u0457\u0457 \u0436\u0438\u0432\u0438\u043c \u0441\u0443\u043f\u0443\u0442\u043d\u0438\u043a\u043e\u043c \u043f\u0456\u0434 \u0447\u0430\u0441 \u0446\u0435\u0440\u0435\u043c\u043e\u043d\u0456\u0457. \u0417\u0430\u0432\u0434\u044f\u043a\u0438 \u0446\u044c\u043e\u043c\u0443 \u0440\u0438\u0442\u0443\u0430\u043b \u043d\u0430\u0431\u0443\u0432\u0430\u0454 \u0433\u043b\u0438\u0431\u0448\u043e\u0433\u043e \u0437\u043c\u0456\u0441\u0442\u0443 \u0442\u0430 \u043f\u0440\u0438\u043d\u043e\u0441\u0438\u0442\u044c \u0433\u0430\u0440\u043c\u043e\u043d\u0456\u044e \u043d\u0430 \u0447\u0430\u0439\u043d\u0456 \u0437\u0443\u0441\u0442\u0440\u0456\u0447\u0456.<\/p>\n<p>W chi\u0144skiej tradycji <a href=\"https:\/\/en.wikipedia.org\/wiki\/Chinese_folklore\" target=\"_blank\" rel=\"noopener\">Jin Chan<\/a> uwa\u017cana by\u0142a za stra\u017cniczk\u0119 bogactwa i ochron\u0119 przed pechem. W \u015bwiecie herbaty figurka ta symbolizuje wdzi\u0119czno\u015b\u0107 i szacunek wobec natury. To doskona\u0142y wyb\u00f3r dla ka\u017cdego, kto pragnie pog\u0142\u0119bi\u0107 swoje do\u015bwiadczenie zwi\u0105zane z herbat\u0105 \u2013 od pu-erh i shu pu-erh po delikatne oolongi i herbat\u0119 gaba.<\/p>\n<p>\u0425\u043e\u0447\u0435\u0448 \u043f\u043e\u0431\u0430\u0447\u0438\u0442\u0438 \u0431\u0456\u043b\u044c\u0448\u0435 \u0434\u043e\u0434\u0430\u0442\u043a\u0456\u0432 \u0434\u043e \u0447\u0430\u044e? \u041f\u0435\u0440\u0435\u0433\u043b\u044f\u043d\u044c \u043d\u0430\u0448\u0443 \u043a\u0430\u0442\u0435\u0433\u043e\u0440\u0456\u044e <a href=\"https:\/\/teaeye.pl\/uk\/product-category\/akcesoria\/figurki\/\">\u0444\u0456\u0433\u0443\u0440\u043e\u043a<\/a> \u0442\u0430 \u0456\u043d\u0448\u0456 <a href=\"https:\/\/teaeye.pl\/uk\/product-category\/akcesoria\/naczynia\/akcesoria-do-parzenia\/\">\u0430\u043a\u0441\u0435\u0441\u0443\u0430\u0440\u0438 \u0434\u043b\u044f \u0437\u0430\u0432\u0430\u0440\u044e\u0432\u0430\u043d\u043d\u044f<\/a> \u0434\u043e\u0441\u0442\u0443\u043f\u043d\u0456 \u0432 TEA EYE \u2013 \u043c\u0430\u0433\u0430\u0437\u0438\u043d\u0456 \u043a\u0438\u0442\u0430\u0439\u0441\u044c\u043a\u043e\u0433\u043e \u0447\u0430\u044e \u0443 \u0412\u0430\u0440\u0448\u0430\u0432\u0456 \u0442\u0430 \u043f\u043e \u0432\u0441\u0456\u0439 \u041f\u043e\u043b\u044c\u0449\u0456.<\/p>","protected":false},"excerpt":{"rendered":"<p><strong data-start=\"2164\" data-end=\"2196\">\u0422\u0440\u0438\u043b\u0430\u043f\u0430 \u0436\u0430\u0431\u0430 \u0426\u0437\u0456\u043d\u044c \u0427\u0430\u043d\u044c (\u91d1\u87fe)<\/strong> \u2014 \u0432\u0456\u0434\u043e\u043c\u0438\u0439 \u0441\u0438\u043c\u0432\u043e\u043b \u0431\u0430\u0433\u0430\u0442\u0441\u0442\u0432\u0430 \u0442\u0430 \u0434\u043e\u0431\u0440\u043e\u0431\u0443\u0442\u0443 \u0432 \u043a\u0438\u0442\u0430\u0439\u0441\u044c\u043a\u0456\u0439 \u043a\u0443\u043b\u044c\u0442\u0443\u0440\u0456. \u0424\u0456\u0433\u0443\u0440\u043a\u0430, \u0432\u0438\u0433\u043e\u0442\u043e\u0432\u043b\u0435\u043d\u0430 \u0437 <strong data-start=\"2278\" data-end=\"2287\">\u0433\u043b\u0438\u043d\u0438<\/strong> (13\u202f\u0441\u043c \u00d7 8\u202f\u0441\u043c \u00d7 5\u202f\u0441\u043c), \u0432\u0438\u043a\u043e\u0440\u0438\u0441\u0442\u043e\u0432\u0443\u0454\u0442\u044c\u0441\u044f \u044f\u043a <strong data-start=\"2321\" data-end=\"2358\">\u0447\u0430\u0439\u043d\u0438\u0439 \u0442\u0430\u043b\u0456\u0441\u043c\u0430\u043d (\u0447\u0430 \u0447\u0443\u043d)<\/strong> \u2014 \u043f\u0456\u0434 \u0447\u0430\u0441 \u0446\u0435\u0440\u0435\u043c\u043e\u043d\u0456\u0457 \u0457\u0457 \u043f\u043e\u043b\u0438\u0432\u0430\u044e\u0442\u044c \u043f\u0435\u0440\u0448\u0438\u043c\u0438 \u043d\u0430\u0441\u0442\u043e\u044f\u043c\u0438, \u0449\u043e \u043d\u0430\u0434\u0430\u0454 \u0440\u0438\u0442\u0443\u0430\u043b\u0443 \u043e\u0441\u043e\u0431\u043b\u0438\u0432\u043e\u0457 \u0430\u0442\u043c\u043e\u0441\u0444\u0435\u0440\u0438 \u0442\u0430 \u0433\u043b\u0438\u0431\u0438\u043d\u0438. \u0426\u0435 \u0443\u043d\u0456\u043a\u0430\u043b\u044c\u043d\u0438\u0439 \u043e\u0431\u0435\u0440\u0456\u0433, \u044f\u043a\u0438\u0439 \u043f\u0440\u0438\u043a\u0440\u0430\u0441\u0438\u0442\u044c \u0431\u0443\u0434\u044c-\u044f\u043a\u0438\u0439 \u0447\u0430\u0439\u043d\u0438\u0439 \u0441\u0442\u0456\u043b \u0456 \u0441\u0442\u0430\u043d\u0435 \u0447\u0443\u0434\u043e\u0432\u0438\u043c \u043f\u043e\u0434\u0430\u0440\u0443\u043d\u043a\u043e\u043c \u0434\u043b\u044f \u043a\u043e\u043b\u0435\u043a\u0446\u0456\u043e\u043d\u0435\u0440\u0456\u0432 \u0456 \u043f\u043e\u0446\u0456\u043d\u043e\u0432\u0443\u0432\u0430\u0447\u0456\u0432 \u0441\u0445\u0456\u0434\u043d\u043e\u0457 \u0444\u0456\u043b\u043e\u0441\u043e\u0444\u0456\u0457.<\/p>","protected":false},"featured_media":13909,"comment_status":"open","ping_status":"closed","template":"","meta":[],"product_cat":[129,132],"product_tag":[],"class_list":{"0":"post-13908","1":"product","2":"type-product","3":"status-publish","4":"has-post-thumbnail","6":"product_cat-akcesoria","7":"product_cat-figurki","9":"first","10":"instock","11":"shipping-taxable","12":"purchasable","13":"product-type-simple"},"aioseo_notices":[],"_links":{"self":[{"href":"https:\/\/teaeye.pl\/uk\/wp-json\/wp\/v2\/product\/13908","targetHints":{"allow":["GET"]}}],"collection":[{"href":"https:\/\/teaeye.pl\/uk\/wp-json\/wp\/v2\/product"}],"about":[{"href":"https:\/\/teaeye.pl\/uk\/wp-json\/wp\/v2\/types\/product"}],"replies":[{"embeddable":true,"href":"https:\/\/teaeye.pl\/uk\/wp-json\/wp\/v2\/comments?post=13908"}],"version-history":[{"count":5,"href":"https:\/\/teaeye.pl\/uk\/wp-json\/wp\/v2\/product\/13908\/revisions"}],"predecessor-version":[{"id":15060,"href":"https:\/\/teaeye.pl\/uk\/wp-json\/wp\/v2\/product\/13908\/revisions\/15060"}],"wp:featuredmedia":[{"embeddable":true,"href":"https:\/\/teaeye.pl\/uk\/wp-json\/wp\/v2\/media\/13909"}],"wp:attachment":[{"href":"https:\/\/teaeye.pl\/uk\/wp-json\/wp\/v2\/media?parent=13908"}],"wp:term":[{"taxonomy":"product_cat","embeddable":true,"href":"https:\/\/teaeye.pl\/uk\/wp-json\/wp\/v2\/product_cat?post=13908"},{"taxonomy":"product_tag","embeddable":true,"href":"https:\/\/teaeye.pl\/uk\/wp-json\/wp\/v2\/product_tag?post=13908"}],"curies":[{"name":"wp","href":"https:\/\/api.w.org\/{rel}","templated":true}]}}