{"id":14044,"date":"2025-08-10T12:27:21","date_gmt":"2025-08-10T12:27:21","guid":{"rendered":"https:\/\/teaeye.pl\/?post_type=product&#038;p=14044"},"modified":"2026-04-08T11:40:47","modified_gmt":"2026-04-08T11:40:47","slug":"chapan-bambus-i-lotos","status":"publish","type":"product","link":"https:\/\/teaeye.pl\/uk\/product\/chapan-bambus-i-lotos\/","title":{"rendered":"\u0427\u0430\u0431\u0430\u043d\u044c \u00ab\u0411\u0430\u043c\u0431\u0443\u043a \u0456 \u041b\u043e\u0442\u043e\u0441\u00bb"},"content":{"rendered":"<h1>Chapan \u201eBambus i Lotos\u201d \u2013 kompaktowa drewniana taca do herbaty<\/h1>\n<p><strong>Chapan \u201eBambus i Lotos\u201d<\/strong> to elegancka <a href=\"https:\/\/teaeye.pl\/uk\/product-category\/akcesoria\/naczynia\/chapan\/\">taca do herbaty<\/a>, stworzona z my\u015bl\u0105 o mi\u0142o\u015bnikach <a href=\"https:\/\/en.wikipedia.org\/wiki\/Gongfu_tea\">\u0433\u0443\u043d\u0444\u0443 \u0447\u0430<\/a> i tradycyjnych ceremonii parzenia. Wykonana z naturalnego drewna, ozdobiona subtelnym wzorem inspirowanym bambusem i kwiatem lotosu, wprowadza do spotka\u0144 herbacianych atmosfer\u0119 harmonii i spokoju.<\/p>\n<h2>Dlaczego warto wybra\u0107 Chapan \u201eBambus i Lotos\u201d?<\/h2>\n<ul>\n<li class=\"translation-block\"><strong>\u041a\u043e\u043c\u043f\u0430\u043a\u0442\u043d\u0438\u0439 \u0440\u043e\u0437\u043c\u0456\u0440:<\/strong> 30\u00d720\u00d74 \u0441\u043c \u2013 \u043f\u043e\u043c\u0456\u0441\u0442\u0438\u0442\u044c\u0441\u044f \u043d\u0430\u0432\u0456\u0442\u044c \u0443 \u043d\u0435\u0432\u0435\u043b\u0438\u043a\u043e\u043c\u0443 \u043f\u0440\u043e\u0441\u0442\u043e\u0440\u0456.<\/li>\n<li class=\"translation-block\"><strong>\u041f\u0440\u0430\u043a\u0442\u0438\u0447\u043d\u0430 \u043a\u043e\u043d\u0441\u0442\u0440\u0443\u043a\u0446\u0456\u044f:<\/strong> \u043a\u043e\u0440\u043e\u0431\u0447\u0430\u0441\u0442\u0438\u0439 \u0444\u043e\u0440\u043c\u0430\u0442 \u0456\u0437 \u0432\u0456\u0434\u043a\u0438\u0434\u043d\u043e\u044e \u043a\u0440\u0438\u0448\u043a\u043e\u044e.<\/li>\n<li class=\"translation-block\"><strong>\u0421\u0438\u0441\u0442\u0435\u043c\u0430 \u0432\u0456\u0434\u0432\u0435\u0434\u0435\u043d\u043d\u044f \u0432\u043e\u0434\u0438:<\/strong> \u0432\u0431\u0443\u0434\u043e\u0432\u0430\u043d\u0438\u0439 \u0437\u043b\u0438\u0432 \u0456 \u0448\u043b\u0430\u043d\u0433 \u0443 \u043a\u043e\u043c\u043f\u043b\u0435\u043a\u0442\u0456.<\/li>\n<li class=\"translation-block\"><strong>\u0423\u043d\u0456\u0432\u0435\u0440\u0441\u0430\u043b\u044c\u043d\u0435 \u0437\u0430\u0441\u0442\u043e\u0441\u0443\u0432\u0430\u043d\u043d\u044f:<\/strong> \u0456\u0434\u0435\u0430\u043b\u044c\u043d\u0430 \u0434\u043b\u044f \u0434\u043e\u043c\u0430\u0448\u043d\u044c\u043e\u0433\u043e, \u043e\u0444\u0456\u0441\u043d\u043e\u0433\u043e \u0432\u0438\u043a\u043e\u0440\u0438\u0441\u0442\u0430\u043d\u043d\u044f \u0442\u0430 \u043f\u043e\u0434\u043e\u0440\u043e\u0436\u0435\u0439.<\/li>\n<\/ul>\n<h2>\u0417\u0430\u0441\u0442\u043e\u0441\u0443\u0432\u0430\u043d\u043d\u044f<\/h2>\n<p>Ten chapan \u015bwietnie sprawdzi si\u0119 podczas kameralnych spotka\u0144 w gronie 2\u20133 os\u00f3b, zar\u00f3wno przy codziennym parzeniu, jak i podczas uroczystych ceremonii. Dzi\u0119ki kompaktowym wymiarom i niskiej wadze mo\u017ce by\u0107 wygodnie transportowany i u\u017cywany w r\u00f3\u017cnych miejscach.<\/p>\n<p>\u0414\u043e\u0434\u0430\u0439\u0442\u0435 \u0442\u0440\u0456\u0448\u043a\u0438 \u0442\u0440\u0430\u0434\u0438\u0446\u0456\u0439 \u0442\u0430 \u0435\u043b\u0435\u0433\u0430\u043d\u0442\u043d\u043e\u0441\u0442\u0456 \u0434\u043e \u0441\u0432\u043e\u0433\u043e \u0447\u0430\u0439\u043d\u043e\u0433\u043e \u0440\u0438\u0442\u0443\u0430\u043b\u0443 \u2014 \u043e\u0431\u0435\u0440\u0456\u0442\u044c \u00ab\u0411\u0430\u043c\u0431\u0443\u043a \u0456 \u041b\u043e\u0442\u043e\u0441\u00bb \u0456 \u043d\u0430\u0441\u043e\u043b\u043e\u0434\u0436\u0443\u0439\u0442\u0435\u0441\u044f \u043a\u043e\u043c\u0444\u043e\u0440\u0442\u043e\u043c \u0442\u0430 \u043a\u0440\u0430\u0441\u043e\u044e \u0437\u0430\u0432\u0430\u0440\u044e\u0432\u0430\u043d\u043d\u044f \u0447\u0430\u044e \u0432 \u0441\u0442\u0438\u043b\u0456 \u0433\u0443\u043d\u0444\u0443 \u0447\u0430.<\/p>","protected":false},"excerpt":{"rendered":"<p>Kompaktowy drewniany chapan \u201eBambus i Lotos\u201d to doskona\u0142y wyb\u00f3r do ceremonii parzenia herbaty w ma\u0142ym gronie. Wykonany z wysokiej jako\u015bci drewna, posiada konstrukcj\u0119 skrzynkow\u0105 z otwieran\u0105 pokryw\u0105 oraz system odprowadzania wody z w\u0119\u017cykiem w zestawie. Idealna dla 2\u20133 os\u00f3b, \u015bwietnie sprawdzi si\u0119 w domu, biurze lub podczas podr\u00f3\u017cy.<\/p>\n<ul>\n<li class=\"translation-block\"><strong>\u041a\u043e\u043c\u043f\u0430\u043a\u0442\u043d\u0438\u0439 \u0440\u043e\u0437\u043c\u0456\u0440:<\/strong> 30\u00d720\u00d74 \u0441\u043c \u2013 \u043f\u043e\u043c\u0456\u0441\u0442\u0438\u0442\u044c\u0441\u044f \u043d\u0430\u0432\u0456\u0442\u044c \u0443 \u043d\u0435\u0432\u0435\u043b\u0438\u043a\u043e\u043c\u0443 \u043f\u0440\u043e\u0441\u0442\u043e\u0440\u0456.<\/li>\n<\/ul>","protected":false},"featured_media":14045,"comment_status":"open","ping_status":"closed","template":"","meta":[],"product_cat":[129,147,130],"product_tag":[],"class_list":{"0":"post-14044","1":"product","2":"type-product","3":"status-publish","4":"has-post-thumbnail","6":"product_cat-akcesoria","7":"product_cat-chapan","8":"product_cat-naczynia","10":"first","11":"instock","12":"shipping-taxable","13":"purchasable","14":"product-type-simple"},"aioseo_notices":[],"_links":{"self":[{"href":"https:\/\/teaeye.pl\/uk\/wp-json\/wp\/v2\/product\/14044","targetHints":{"allow":["GET"]}}],"collection":[{"href":"https:\/\/teaeye.pl\/uk\/wp-json\/wp\/v2\/product"}],"about":[{"href":"https:\/\/teaeye.pl\/uk\/wp-json\/wp\/v2\/types\/product"}],"replies":[{"embeddable":true,"href":"https:\/\/teaeye.pl\/uk\/wp-json\/wp\/v2\/comments?post=14044"}],"version-history":[{"count":5,"href":"https:\/\/teaeye.pl\/uk\/wp-json\/wp\/v2\/product\/14044\/revisions"}],"predecessor-version":[{"id":17077,"href":"https:\/\/teaeye.pl\/uk\/wp-json\/wp\/v2\/product\/14044\/revisions\/17077"}],"wp:featuredmedia":[{"embeddable":true,"href":"https:\/\/teaeye.pl\/uk\/wp-json\/wp\/v2\/media\/14045"}],"wp:attachment":[{"href":"https:\/\/teaeye.pl\/uk\/wp-json\/wp\/v2\/media?parent=14044"}],"wp:term":[{"taxonomy":"product_cat","embeddable":true,"href":"https:\/\/teaeye.pl\/uk\/wp-json\/wp\/v2\/product_cat?post=14044"},{"taxonomy":"product_tag","embeddable":true,"href":"https:\/\/teaeye.pl\/uk\/wp-json\/wp\/v2\/product_tag?post=14044"}],"curies":[{"name":"wp","href":"https:\/\/api.w.org\/{rel}","templated":true}]}}