{"id":14159,"date":"2025-08-23T09:01:29","date_gmt":"2025-08-23T09:01:29","guid":{"rendered":"https:\/\/teaeye.pl\/?post_type=product&#038;p=14159"},"modified":"2026-04-10T15:11:58","modified_gmt":"2026-04-10T15:11:58","slug":"mo-li-tie-guan-yin-jasminowy-oolong","status":"publish","type":"product","link":"https:\/\/teaeye.pl\/uk\/product\/mo-li-tie-guan-yin-jasminowy-oolong\/","title":{"rendered":"Mo Li Tie Guan Yin (Ja\u015bminowy oolong)"},"content":{"rendered":"<div class=\"product-description\">\n<h1>Mo Li Tie Guan Yin \u8309\u8389\u94c1\u89c2\u97f3 \u2013 Ja\u015bminowy Tie Guan Yin<\/h1>\n<p><strong>Mo Li Tie Guan Yin (\u8309\u8389\u94c1\u89c2\u97f3)<\/strong> to rzadki <a href=\"https:\/\/en.wikipedia.org\/wiki\/Oolong\" target=\"_blank\" rel=\"noopener\">\u0443\u043b\u0443\u043d <\/a>z prowincji <strong>Guangxi (Chiny)<\/strong>, stworzony wed\u0142ug tradycyjnej technologii aromatyzacji <a href=\"https:\/\/en.wikipedia.org\/wiki\/Jasmine_tea\" target=\"_blank\" rel=\"noopener\">herbat\u0105 ja\u015bminow\u0105<\/a>.<br \/>\nW przeciwie\u0144stwie do standardowych zielonych herbat ja\u015bminowych, tutaj wykorzystuje si\u0119 odmian\u0119 <a href=\"https:\/\/teaeye.pl\/uk\/product-category\/oolong\/jasny\/\" target=\"_blank\" rel=\"noopener\">Tie Guan Yin<\/a>, znan\u0105 ze swojego subtelnego, kwiatowo-\u015bmietankowego smaku.<\/p>\n<p>Proces aromatyzacji przeprowadzany jest tradycyjnie: \u015bwie\u017ce p\u0105ki ja\u015bminu wielokrotnie miesza si\u0119 z oolongiem, a nast\u0119pnie usuwa r\u0119cznie. Dzi\u0119ki temu li\u015bcie zachowuj\u0105 czysto\u015b\u0107, a aromat staje si\u0119 delikatny i trwa\u0142y, bez przesadnej intensywno\u015bci i nadmiernej s\u0142odyczy.<\/p>\n<h2>\u0410\u0440\u043e\u043c\u0430\u0442, \u0441\u043c\u0430\u043a \u0456 \u0434\u0456\u044f<\/h2>\n<p>\ud83d\udcae <strong>\u0410\u0440\u043e\u043c\u0430\u0442 \u0456 \u0441\u043c\u0430\u043a:<\/strong> s\u0142odkie nuty ja\u015bminu \ud83c\udf38, delikatna \u015bmietankowo\u015b\u0107 \ud83e\udd5b oraz owocowe akcenty \ud83c\udf51, kt\u00f3re d\u0142ugo utrzymuj\u0105 si\u0119 w ustach.<br \/>\n\ud83c\udf31 <strong>\u0414\u0456\u044f:<\/strong> herbata daje lekko\u015b\u0107 i ukojenie, odpr\u0119\u017ca po ci\u0119\u017ckim dniu, pomaga w medytacji i pracy tw\u00f3rczej.<\/p>\n<p>Ta herbata to prawdziwy skarb dla mi\u0142o\u015bnik\u00f3w ja\u015bminu i wielbicieli wyrafinowanych <a href=\"https:\/\/teaeye.pl\/uk\/product-category\/oolong\/\" target=\"_blank\" rel=\"noopener\">chi\u0144skich oolong\u00f3w<\/a>.<\/p>\n<\/div>","protected":false},"excerpt":{"rendered":"<div class=\"short-description\">\n<p><strong>Mo Li Tie Guan Yin (\u8309\u8389\u94c1\u89c2\u97f3)<\/strong> \u2013 wyj\u0105tkowy oolong z po\u0142udniowych Chin, naturalnie aromatyzowany \u015bwie\u017cymi kwiatami ja\u015bminu \ud83c\udf38 w prowincji Guangxi.<br \/>\nPodczas procesu produkcji p\u0142atki ja\u015bminu s\u0105 wielokrotnie mieszane z herbat\u0105 Tie Guan Yin, a nast\u0119pnie r\u0119cznie usuwane, dzi\u0119ki czemu li\u015bcie zachowuj\u0105 czysto\u015b\u0107 i bogaty aromat bez sztucznych dodatk\u00f3w.<br \/>\nHerbata zachwyca kwiatowym bukietem, s\u0142odycz\u0105, delikatn\u0105 \u015bmietankowo\u015bci\u0105 \ud83e\udd5b i owocowymi nutami \ud83c\udf51.<br \/>\nDoskona\u0142a dla os\u00f3b, kt\u00f3re szukaj\u0105 autentycznego smaku ja\u015bminu i najwy\u017cszej jako\u015bci oolonga bez chemii.<\/p>\n<\/div>","protected":false},"featured_media":14160,"comment_status":"open","ping_status":"closed","template":"","meta":[],"product_cat":[144,175,149,110,108],"product_tag":[],"class_list":{"0":"post-14159","1":"product","2":"type-product","3":"status-publish","4":"has-post-thumbnail","6":"product_cat-aromatyzowane","7":"product_cat-fujian","8":"product_cat-herbata","9":"product_cat-jasny","10":"product_cat-oolong","12":"first","13":"instock","14":"shipping-taxable","15":"purchasable","16":"product-type-variable"},"aioseo_notices":[],"_links":{"self":[{"href":"https:\/\/teaeye.pl\/uk\/wp-json\/wp\/v2\/product\/14159","targetHints":{"allow":["GET"]}}],"collection":[{"href":"https:\/\/teaeye.pl\/uk\/wp-json\/wp\/v2\/product"}],"about":[{"href":"https:\/\/teaeye.pl\/uk\/wp-json\/wp\/v2\/types\/product"}],"replies":[{"embeddable":true,"href":"https:\/\/teaeye.pl\/uk\/wp-json\/wp\/v2\/comments?post=14159"}],"version-history":[{"count":3,"href":"https:\/\/teaeye.pl\/uk\/wp-json\/wp\/v2\/product\/14159\/revisions"}],"predecessor-version":[{"id":18442,"href":"https:\/\/teaeye.pl\/uk\/wp-json\/wp\/v2\/product\/14159\/revisions\/18442"}],"wp:featuredmedia":[{"embeddable":true,"href":"https:\/\/teaeye.pl\/uk\/wp-json\/wp\/v2\/media\/14160"}],"wp:attachment":[{"href":"https:\/\/teaeye.pl\/uk\/wp-json\/wp\/v2\/media?parent=14159"}],"wp:term":[{"taxonomy":"product_cat","embeddable":true,"href":"https:\/\/teaeye.pl\/uk\/wp-json\/wp\/v2\/product_cat?post=14159"},{"taxonomy":"product_tag","embeddable":true,"href":"https:\/\/teaeye.pl\/uk\/wp-json\/wp\/v2\/product_tag?post=14159"}],"curies":[{"name":"wp","href":"https:\/\/api.w.org\/{rel}","templated":true}]}}