{"id":14261,"date":"2025-08-25T08:14:03","date_gmt":"2025-08-25T08:14:03","guid":{"rendered":"https:\/\/teaeye.pl\/?post_type=product&#038;p=14261"},"modified":"2025-08-25T15:46:41","modified_gmt":"2025-08-25T15:46:41","slug":"chahai-szklany-180-ml","status":"publish","type":"product","link":"https:\/\/teaeye.pl\/uk\/product\/chahai-szklany-180-ml\/","title":{"rendered":"\u0427\u0430\u0445\u0430\u0439 \u0441\u043a\u043b\u044f\u043d\u0438\u0439 180 \u043c\u043b"},"content":{"rendered":"<h1 data-start=\"506\" data-end=\"818\">\u0427\u0430\u0445\u0430\u0439 \u0441\u043a\u043b\u044f\u043d\u0438\u0439 180 \u043c\u043b \u2013 \u0432\u0430\u0436\u043a\u0438\u0439 \u0456 \u043c\u0456\u0446\u043d\u0438\u0439<\/h1>\n<p data-start=\"506\" data-end=\"818\">\u0427\u0430\u0445\u0430\u0439 (\u8336\u6d77), \u0432\u0456\u0434\u043e\u043c\u0438\u0439 \u0442\u0430\u043a\u043e\u0436 \u044f\u043a g\u014dng b\u0113i (\u516c\u676f) \u0430\u0431\u043e g\u014dng d\u00e0o b\u0113i (\u516c\u9053\u676f), \u0454 \u043d\u0435\u0432\u0456\u0434\u2019\u0454\u043c\u043d\u0438\u043c \u0435\u043b\u0435\u043c\u0435\u043d\u0442\u043e\u043c \u043a\u0438\u0442\u0430\u0439\u0441\u044c\u043a\u043e\u0457 \u0447\u0430\u0439\u043d\u043e\u0457 \u0446\u0435\u0440\u0435\u043c\u043e\u043d\u0456\u0457 \u0413\u0443\u043d\u0444\u0443 \u0427\u0430. \u0419\u043e\u0433\u043e \u043f\u0440\u0438\u0437\u043d\u0430\u0447\u0435\u043d\u043d\u044f \u2014 \u0437\u0456\u0431\u0440\u0430\u0442\u0438 \u043d\u0430\u0441\u0442\u0456\u0439 \u0456\u0437 \u0433\u0430\u0439\u0432\u0430\u043d\u044f \u0447\u0438 \u0447\u0430\u0439\u043d\u0438\u0447\u043a\u0430 \u0442\u0430 \u0440\u0456\u0432\u043d\u043e\u043c\u0456\u0440\u043d\u043e \u0440\u043e\u0437\u043b\u0438\u0442\u0438 \u0439\u043e\u0433\u043e \u043f\u043e \u0447\u0430\u0448\u043a\u0430\u0445. \u0417\u0430\u0432\u0434\u044f\u043a\u0438 \u0446\u044c\u043e\u043c\u0443 \u043a\u043e\u0436\u0435\u043d \u0443\u0447\u0430\u0441\u043d\u0438\u043a \u043e\u0442\u0440\u0438\u043c\u0443\u0454 \u043d\u0430\u0441\u0442\u0456\u0439 \u0437 \u043e\u0434\u043d\u0430\u043a\u043e\u0432\u0438\u043c \u0441\u043c\u0430\u043a\u043e\u043c \u0456 \u0442\u0435\u043c\u043f\u0435\u0440\u0430\u0442\u0443\u0440\u043e\u044e.<\/p>\n<p data-start=\"820\" data-end=\"1273\">\u0421\u043a\u043b\u044f\u043d\u0438\u0439 \u0447\u0430\u0445\u0430\u0439 \u043e\u0431\u2019\u0454\u043c\u043e\u043c 180 \u043c\u043b \u2014 \u0446\u0435 \u0432\u0430\u0436\u043a\u0438\u0439 \u0456 \u043c\u0456\u0446\u043d\u0438\u0439 \u0430\u043a\u0441\u0435\u0441\u0443\u0430\u0440, \u0447\u0443\u0434\u043e\u0432\u0438\u0439 \u044f\u043a \u0434\u043b\u044f \u0449\u043e\u0434\u0435\u043d\u043d\u043e\u0433\u043e \u0447\u0430\u044e\u0432\u0430\u043d\u043d\u044f, \u0442\u0430\u043a \u0456 \u0434\u043b\u044f \u0442\u0440\u0430\u0434\u0438\u0446\u0456\u0439\u043d\u0438\u0445 \u0447\u0430\u0439\u043d\u0438\u0445 \u0437\u0443\u0441\u0442\u0440\u0456\u0447\u0435\u0439. \u0422\u043e\u0432\u0441\u0442\u0435 \u0441\u043a\u043b\u043e, \u0441\u0442\u0456\u0439\u043a\u0435 \u0434\u043e \u043f\u0435\u0440\u0435\u043f\u0430\u0434\u0456\u0432 \u0442\u0435\u043c\u043f\u0435\u0440\u0430\u0442\u0443\u0440, \u0442\u0430 \u0444\u0430\u043a\u0442\u0443\u0440\u043d\u0430 \u043f\u043e\u0432\u0435\u0440\u0445\u043d\u044f \u0441\u0442\u0432\u043e\u0440\u044e\u044e\u0442\u044c \u0435\u0444\u0435\u043a\u0442 \u00ab\u043a\u0440\u0438\u0436\u0430\u043d\u043e\u0433\u043e \u0432\u0456\u0437\u0435\u0440\u0443\u043d\u043a\u0443\u00bb, \u0437\u0430\u0432\u0434\u044f\u043a\u0438 \u0447\u043e\u043c\u0443 \u0447\u0430\u0445\u0430\u0439 \u0432\u0438\u0433\u043b\u044f\u0434\u0430\u0454 \u043e\u0441\u043e\u0431\u043b\u0438\u0432\u043e \u0435\u043b\u0435\u0433\u0430\u043d\u0442\u043d\u043e \u043d\u0430 \u0447\u0430\u0439\u043d\u043e\u043c\u0443 \u0441\u0442\u043e\u043b\u0456. \u0415\u0440\u0433\u043e\u043d\u043e\u043c\u0456\u0447\u043d\u0438\u0439 \u043d\u043e\u0441\u0438\u043a \u0434\u043e\u0437\u0432\u043e\u043b\u044f\u0454 \u0442\u043e\u0447\u043d\u043e \u043d\u0430\u043b\u0438\u0432\u0430\u0442\u0438 \u043d\u0430\u0441\u0442\u0456\u0439 \u0431\u0435\u0437 \u043a\u0440\u0430\u043f\u0435\u043b\u044c, \u0430 \u0432\u0456\u0434\u043f\u043e\u0432\u0456\u0434\u043d\u0430 \u0432\u0430\u0433\u0430 \u0437\u0430\u0431\u0435\u0437\u043f\u0435\u0447\u0443\u0454 \u0441\u0442\u0456\u0439\u043a\u0456\u0441\u0442\u044c.<\/p>\n<p data-start=\"1275\" data-end=\"1404\">\u0426\u0435\u0439 \u0447\u0430\u0445\u0430\u0439 \u0443\u043d\u0456\u0432\u0435\u0440\u0441\u0430\u043b\u044c\u043d\u0438\u0439 \u2013 \u0447\u0443\u0434\u043e\u0432\u043e \u043f\u0456\u0434\u0445\u043e\u0434\u0438\u0442\u044c \u0434\u043b\u044f \u0437\u0430\u0432\u0430\u0440\u044e\u0432\u0430\u043d\u043d\u044f \u043f\u0443\u0435\u0440\u0456\u0432, \u0443\u043b\u0443\u043d\u0456\u0432, \u0437\u0435\u043b\u0435\u043d\u0438\u0445, \u0431\u0456\u043b\u0438\u0445 \u0442\u0430 \u0447\u0435\u0440\u0432\u043e\u043d\u0438\u0445 \u0447\u0430\u0457\u0432.<\/p>\n<p data-start=\"1406\" data-end=\"1599\">\u042f\u043a\u0449\u043e \u0442\u0438 \u0445\u043e\u0447\u0435\u0448 \u043a\u0443\u043f\u0438\u0442\u0438 \u0447\u0430\u0445\u0430\u0439 (g\u014dng b\u0113i, g\u014dng d\u00e0o b\u0113i) \u0443 \u041f\u043e\u043b\u044c\u0449\u0456, \u043d\u0430\u0448 \u043c\u0430\u0433\u0430\u0437\u0438\u043d \u043a\u0438\u0442\u0430\u0439\u0441\u044c\u043a\u043e\u0433\u043e \u0447\u0430\u044e TEA EYE \u0443 \u0412\u0430\u0440\u0448\u0430\u0432\u0456 \u043f\u0440\u043e\u043f\u043e\u043d\u0443\u0454 \u0440\u0435\u0442\u0435\u043b\u044c\u043d\u043e \u0432\u0456\u0434\u0456\u0431\u0440\u0430\u043d\u0456 \u0447\u0430\u0439\u043d\u0456 \u0430\u043a\u0441\u0435\u0441\u0443\u0430\u0440\u0438 \u0437 \u0434\u043e\u0441\u0442\u0430\u0432\u043a\u043e\u044e \u043f\u043e \u0432\u0441\u0456\u0439 \u043a\u0440\u0430\u0457\u043d\u0456.<\/p>\n<hr data-start=\"1601\" data-end=\"1604\" \/>\n<h2 data-start=\"1606\" data-end=\"1628\">\u041f\u0435\u0440\u0435\u0432\u0430\u0433\u0438 \u0442\u0430 \u043e\u0441\u043e\u0431\u043b\u0438\u0432\u043e\u0441\u0442\u0456 \ud83c\udf3f<\/h2>\n<ul data-start=\"1629\" data-end=\"1990\">\n<li data-start=\"1629\" data-end=\"1693\">\n<p data-start=\"1631\" data-end=\"1693\">\ud83d\udd39 \u041c\u0456\u0446\u043d\u0456\u0441\u0442\u044c \u2013 \u0442\u043e\u0432\u0441\u0442\u0435 \u0441\u043a\u043b\u043e, \u0441\u0442\u0456\u0439\u043a\u0435 \u0434\u043e \u043f\u0435\u0440\u0435\u043f\u0430\u0434\u0456\u0432 \u0442\u0435\u043c\u043f\u0435\u0440\u0430\u0442\u0443\u0440<\/p>\n<\/li>\n<li data-start=\"1694\" data-end=\"1765\">\n<p data-start=\"1696\" data-end=\"1765\">\ud83d\udd39 \u0412\u0430\u0433\u0430 \u0442\u0430 \u0441\u0442\u0430\u0431\u0456\u043b\u044c\u043d\u0456\u0441\u0442\u044c \u2013 \u0437\u0440\u0443\u0447\u043d\u043e \u0443 \u0432\u0438\u043a\u043e\u0440\u0438\u0441\u0442\u0430\u043d\u043d\u0456, \u043d\u0430\u0434\u0456\u0439\u043d\u043e \u043b\u0435\u0436\u0438\u0442\u044c \u0443 \u0440\u0443\u0446\u0456<\/p>\n<\/li>\n<li data-start=\"1766\" data-end=\"1845\">\n<p data-start=\"1768\" data-end=\"1845\">\ud83d\udd39 \u0424\u0430\u043a\u0442\u0443\u0440\u043d\u0430 \u043f\u043e\u0432\u0435\u0440\u0445\u043d\u044f \u2013 \u0435\u043b\u0435\u0433\u0430\u043d\u0442\u043d\u0438\u0439 \u0441\u0432\u0456\u0442\u043b\u043e\u0432\u0438\u0439 \u0435\u0444\u0435\u043a\u0442 \u043d\u0430 \u0447\u0430\u0439\u043d\u043e\u043c\u0443 \u0441\u0442\u043e\u043b\u0456<\/p>\n<\/li>\n<li data-start=\"1846\" data-end=\"1907\">\n<p data-start=\"1848\" data-end=\"1907\">\ud83d\udd39 \u0417\u0440\u0443\u0447\u043d\u0438\u0439 \u043d\u043e\u0441\u0438\u043a \u2013 \u0442\u043e\u0447\u043d\u0435 \u0439 \u043f\u043b\u0430\u0432\u043d\u0435 \u043d\u0430\u043b\u0438\u0432\u0430\u043d\u043d\u044f \u043d\u0430\u0441\u0442\u043e\u044e<\/p>\n<\/li>\n<li data-start=\"1908\" data-end=\"1990\">\n<p data-start=\"1910\" data-end=\"1990\">\ud83d\udd39 \u0423\u043d\u0456\u0432\u0435\u0440\u0441\u0430\u043b\u044c\u043d\u0456\u0441\u0442\u044c \u2013 \u043f\u0456\u0434\u0445\u043e\u0434\u0438\u0442\u044c \u044f\u043a \u0434\u043b\u044f \u0413\u0443\u043d\u0444\u0443 \u0427\u0430, \u0442\u0430\u043a \u0456 \u0434\u043b\u044f \u0449\u043e\u0434\u0435\u043d\u043d\u043e\u0433\u043e \u0447\u0430\u044e\u0432\u0430\u043d\u043d\u044f \u0440\u0456\u0437\u043d\u0438\u043c\u0438 \u0441\u043e\u0440\u0442\u0430\u043c\u0438 \u0447\u0430\u044e<\/p>\n<\/li>\n<\/ul>\n<hr data-start=\"1992\" data-end=\"1995\" \/>\n<h2 data-start=\"1997\" data-end=\"2038\">\u0420\u0435\u043a\u043e\u043c\u0435\u043d\u0434\u0430\u0446\u0456\u0457 \u0449\u043e\u0434\u043e \u0432\u0438\u043a\u043e\u0440\u0438\u0441\u0442\u0430\u043d\u043d\u044f \u2615<\/h2>\n<ul data-start=\"2039\" data-end=\"2317\">\n<li data-start=\"2039\" data-end=\"2132\">\n<p data-start=\"2041\" data-end=\"2132\">\u0412\u0438\u043a\u043e\u0440\u0438\u0441\u0442\u043e\u0432\u0443\u0439 \u0447\u0430\u0445\u0430\u0439 \u0434\u043b\u044f \u043f\u0435\u0440\u0435\u043b\u0438\u0432\u0430\u043d\u043d\u044f \u043d\u0430\u0441\u0442\u043e\u044e \u0437 \u0433\u0430\u0439\u0432\u0430\u043d\u044f \u0430\u0431\u043e \u0447\u0430\u0439\u043d\u0438\u0447\u043a\u0430, \u0449\u043e\u0431 \u0440\u043e\u0437\u043b\u0438\u0442\u0438 \u0439\u043e\u0433\u043e \u0440\u0456\u0432\u043d\u043e\u043c\u0456\u0440\u043d\u043e.<\/p>\n<\/li>\n<li data-start=\"2133\" data-end=\"2194\">\n<p data-start=\"2135\" data-end=\"2194\">\u041e\u0431\u2019\u0454\u043c 180 \u043c\u043b \u0456\u0434\u0435\u0430\u043b\u044c\u043d\u0438\u0439 \u0434\u043b\u044f 2\u20134 \u043e\u0441\u0456\u0431 \u0443 \u0441\u0442\u0438\u043b\u0456 \u0413\u0443\u043d\u0444\u0443 \u0427\u0430.<\/p>\n<\/li>\n<li data-start=\"2195\" data-end=\"2232\">\n<p data-start=\"2197\" data-end=\"2232\">\u041c\u043e\u0436\u043d\u0430 \u043c\u0438\u0442\u0438 \u0432\u0440\u0443\u0447\u043d\u0443 \u0430\u0431\u043e \u0432 \u043f\u043e\u0441\u0443\u0434\u043e\u043c\u0438\u0439\u043d\u0456\u0439 \u043c\u0430\u0448\u0438\u043d\u0456.<\/p>\n<\/li>\n<li data-start=\"2233\" data-end=\"2317\">\n<p data-start=\"2235\" data-end=\"2317\">\u041f\u0456\u0434\u0445\u043e\u0434\u0438\u0442\u044c \u044f\u043a \u0434\u043b\u044f \u0434\u043e\u043c\u0430\u0448\u043d\u044c\u043e\u0433\u043e \u0432\u0438\u043a\u043e\u0440\u0438\u0441\u0442\u0430\u043d\u043d\u044f, \u0442\u0430\u043a \u0456 \u0434\u043b\u044f \u0447\u0430\u0439\u043d\u0438\u0445 \u043a\u043b\u0443\u0431\u0456\u0432 \u0447\u0438 \u043c\u0430\u0439\u0441\u0442\u0435\u0440\u0435\u043d\u044c.<\/p>\n<\/li>\n<\/ul>","protected":false},"excerpt":{"rendered":"<p>\u0421\u043a\u043b\u044f\u043d\u0438\u0439 \u0447\u0430\u0445\u0430\u0439 (g\u014dng b\u0113i, g\u014dng d\u00e0o b\u0113i) \u043e\u0431\u2019\u0454\u043c\u043e\u043c 180 \u043c\u043b \u2014 \u0446\u0435 \u0432\u0430\u0436\u043a\u0438\u0439 \u0456 \u043c\u0456\u0446\u043d\u0438\u0439 \u0430\u043a\u0441\u0435\u0441\u0443\u0430\u0440 \u0434\u043b\u044f \u0437\u0430\u0432\u0430\u0440\u044e\u0432\u0430\u043d\u043d\u044f \u0447\u0430\u044e. \u0422\u043e\u0432\u0441\u0442\u0435 \u0441\u043a\u043b\u043e, \u0441\u0442\u0456\u0439\u043a\u0435 \u0434\u043e \u043f\u0435\u0440\u0435\u043f\u0430\u0434\u0456\u0432 \u0442\u0435\u043c\u043f\u0435\u0440\u0430\u0442\u0443\u0440, \u0456 \u0444\u0430\u043a\u0442\u0443\u0440\u043d\u0430 \u043f\u043e\u0432\u0435\u0440\u0445\u043d\u044f \u043d\u0430\u0434\u0430\u044e\u0442\u044c \u0439\u043e\u043c\u0443 \u0435\u043b\u0435\u0433\u0430\u043d\u0442\u043d\u043e\u0433\u043e \u0432\u0438\u0433\u043b\u044f\u0434\u0443. \u0427\u0430\u0445\u0430\u0439 \u0437\u0440\u0443\u0447\u043d\u043e \u043b\u0435\u0436\u0438\u0442\u044c \u0443 \u0440\u0443\u0446\u0456, \u0434\u043e\u0437\u0432\u043e\u043b\u044f\u0454 \u043f\u043b\u0430\u0432\u043d\u043e \u0442\u0430 \u0442\u043e\u0447\u043d\u043e \u043d\u0430\u043b\u0438\u0432\u0430\u0442\u0438 \u043d\u0430\u0441\u0442\u0456\u0439. \u0427\u0443\u0434\u043e\u0432\u043e \u043f\u0456\u0434\u0445\u043e\u0434\u0438\u0442\u044c \u044f\u043a \u0434\u043b\u044f \u0446\u0435\u0440\u0435\u043c\u043e\u043d\u0456\u0457 \u0413\u0443\u043d\u0444\u0443 \u0427\u0430, \u0442\u0430\u043a \u0456 \u0434\u043b\u044f \u0449\u043e\u0434\u0435\u043d\u043d\u043e\u0433\u043e \u0432\u0436\u0438\u0432\u0430\u043d\u043d\u044f \u043f\u0443\u0435\u0440\u0456\u0432, \u0443\u043b\u0443\u043d\u0456\u0432, \u0437\u0435\u043b\u0435\u043d\u0438\u0445, \u0431\u0456\u043b\u0438\u0445 \u0456 \u0447\u0435\u0440\u0432\u043e\u043d\u0438\u0445 \u0447\u0430\u0457\u0432.<\/p>","protected":false},"featured_media":14262,"comment_status":"open","ping_status":"closed","template":"","meta":[],"product_cat":[129,137,130],"product_tag":[],"class_list":{"0":"post-14261","1":"product","2":"type-product","3":"status-publish","4":"has-post-thumbnail","6":"product_cat-akcesoria","7":"product_cat-chahai","8":"product_cat-naczynia","10":"first","11":"outofstock","12":"shipping-taxable","13":"purchasable","14":"product-type-simple"},"aioseo_notices":[],"_links":{"self":[{"href":"https:\/\/teaeye.pl\/uk\/wp-json\/wp\/v2\/product\/14261","targetHints":{"allow":["GET"]}}],"collection":[{"href":"https:\/\/teaeye.pl\/uk\/wp-json\/wp\/v2\/product"}],"about":[{"href":"https:\/\/teaeye.pl\/uk\/wp-json\/wp\/v2\/types\/product"}],"replies":[{"embeddable":true,"href":"https:\/\/teaeye.pl\/uk\/wp-json\/wp\/v2\/comments?post=14261"}],"version-history":[{"count":1,"href":"https:\/\/teaeye.pl\/uk\/wp-json\/wp\/v2\/product\/14261\/revisions"}],"predecessor-version":[{"id":14263,"href":"https:\/\/teaeye.pl\/uk\/wp-json\/wp\/v2\/product\/14261\/revisions\/14263"}],"wp:featuredmedia":[{"embeddable":true,"href":"https:\/\/teaeye.pl\/uk\/wp-json\/wp\/v2\/media\/14262"}],"wp:attachment":[{"href":"https:\/\/teaeye.pl\/uk\/wp-json\/wp\/v2\/media?parent=14261"}],"wp:term":[{"taxonomy":"product_cat","embeddable":true,"href":"https:\/\/teaeye.pl\/uk\/wp-json\/wp\/v2\/product_cat?post=14261"},{"taxonomy":"product_tag","embeddable":true,"href":"https:\/\/teaeye.pl\/uk\/wp-json\/wp\/v2\/product_tag?post=14261"}],"curies":[{"name":"wp","href":"https:\/\/api.w.org\/{rel}","templated":true}]}}