{"id":14287,"date":"2025-08-28T14:13:53","date_gmt":"2025-08-28T14:13:53","guid":{"rendered":"https:\/\/teaeye.pl\/?post_type=product&#038;p=14287"},"modified":"2026-03-17T12:41:18","modified_gmt":"2026-03-17T12:41:18","slug":"gaiwan-ptaszki-200-ml","status":"publish","type":"product","link":"https:\/\/teaeye.pl\/uk\/product\/gaiwan-ptaszki-200-ml\/","title":{"rendered":"\u0413\u0430\u0439\u0432\u0430\u043d\u044c \u00ab\u041f\u0442\u0430\u0448\u043a\u0438\u00bb 200 \u043c\u043b"},"content":{"rendered":"<h1>\u0413\u0430\u0439\u0432\u0430\u043d\u044c \u00ab\u041f\u0442\u0430\u0448\u043a\u0438\u00bb 200 \u043c\u043b \u2014 \u0435\u043b\u0435\u0433\u0430\u043d\u0442\u043d\u0430 \u043f\u043e\u0440\u0446\u0435\u043b\u044f\u043d\u043e\u0432\u0430 \u0433\u0430\u0439\u0432\u0430\u043d\u044c \u0434\u043b\u044f \u0433\u0443\u043d\u0444\u0443 \u0447\u0430.<\/h1>\n<p><strong>\u0413\u0430\u0439\u0432\u0430\u043d\u044c \u00ab\u041f\u0442\u0430\u0448\u043a\u0438\u00bb<\/strong> \u0426\u0435 \u043a\u043b\u0430\u0441\u0438\u0447\u043d\u0430 \u043a\u0438\u0442\u0430\u0439\u0441\u044c\u043a\u0430 <a href=\"https:\/\/en.wikipedia.org\/wiki\/Gaiwan\" target=\"_blank\" rel=\"noopener\">\u0433\u0430\u0439\u0432\u0430\u043d\u044c<\/a> \u043e\u0431\u2019\u0454\u043c\u043e\u043c 200 \u043c\u043b, \u0441\u0442\u0432\u043e\u0440\u0435\u043d\u0430 \u0434\u043b\u044f \u043f\u043e\u0446\u0456\u043d\u043e\u0432\u0443\u0432\u0430\u0447\u0456\u0432 \u0442\u0440\u0430\u0434\u0438\u0446\u0456\u0439 \u0442\u0430 \u0447\u0438\u0441\u0442\u043e\u0433\u043e \u0441\u043c\u0430\u043a\u0443. \u041a\u043e\u043d\u0441\u0442\u0440\u0443\u043a\u0446\u0456\u044f \u0437 \u0442\u0440\u044c\u043e\u0445 \u0447\u0430\u0441\u0442\u0438\u043d \u2014 \u0447\u0430\u0448\u043a\u0438, \u043a\u0440\u0438\u0448\u043a\u0438 \u0442\u0430 \u0431\u043b\u044e\u0434\u0446\u044f \u2014 \u0437\u0430\u0431\u0435\u0437\u043f\u0435\u0447\u0443\u0454 \u0437\u0440\u0443\u0447\u043d\u0456\u0441\u0442\u044c \u0456 \u043f\u043e\u0432\u043d\u0438\u0439 \u043a\u043e\u043d\u0442\u0440\u043e\u043b\u044c \u043d\u0430\u0434 \u043f\u0440\u043e\u0446\u0435\u0441\u043e\u043c \u0437\u0430\u0432\u0430\u0440\u044e\u0432\u0430\u043d\u043d\u044f, \u0449\u043e \u043e\u0441\u043e\u0431\u043b\u0438\u0432\u043e \u0432\u0430\u0436\u043b\u0438\u0432\u043e \u0443 \u0441\u0442\u0438\u043b\u0456 <em>\u0433\u0443\u043d\u0444\u0443 \u0447\u0430<\/em>. \u041d\u0456\u0436\u043d\u0438\u0439 \u043c\u043e\u0442\u0438\u0432 \u0434\u0432\u043e\u0445 \u043f\u0442\u0430\u0448\u043e\u043a \u043d\u0430 \u0433\u0456\u043b\u0446\u0456 \u0443 \u0432\u0456\u0434\u0442\u0456\u043d\u043a\u0430\u0445 \u0431\u043b\u0430\u043a\u0438\u0442\u043d\u043e\u0433\u043e \u0442\u0430 \u0447\u0435\u0440\u0432\u043e\u043d\u043e\u0433\u043e \u043d\u0430\u0434\u0430\u0454 \u043f\u043e\u0441\u0443\u0434\u0438\u043d\u0456 \u0433\u0430\u0440\u043c\u043e\u043d\u0456\u0439\u043d\u043e\u0433\u043e \u0439 \u0432\u0438\u0448\u0443\u043a\u0430\u043d\u043e\u0433\u043e \u0445\u0430\u0440\u0430\u043a\u0442\u0435\u0440\u0443.<\/p>\n<p>\u041f\u043e\u0440\u0446\u0435\u043b\u044f\u043d\u0430 \u0432 \u0446\u0456\u0439 \u0433\u0430\u0439\u0432\u0430\u043d\u0456 \u0434\u043e\u0431\u0440\u0435 \u0443\u0442\u0440\u0438\u043c\u0443\u0454 \u0442\u0435\u043f\u043b\u043e \u0439 \u0434\u043e\u0437\u0432\u043e\u043b\u044f\u0454 \u0441\u043f\u043e\u0441\u0442\u0435\u0440\u0456\u0433\u0430\u0442\u0438 \u0437\u0430 \u0440\u043e\u0437\u043a\u0440\u0438\u0442\u0442\u044f\u043c \u0447\u0430\u0439\u043d\u043e\u0433\u043e \u043b\u0438\u0441\u0442\u044f. \u0424\u043e\u0440\u043c\u0430\u0442 200 \u043c\u043b \u0454 \u0443\u043d\u0456\u0432\u0435\u0440\u0441\u0430\u043b\u044c\u043d\u0438\u043c: \u0443 \u043d\u0456\u0439 \u043c\u043e\u0436\u043d\u0430 \u0437\u0430\u0432\u0430\u0440\u044e\u0432\u0430\u0442\u0438 \u0443\u043b\u0443\u043d\u0456, \u0431\u0456\u043b\u0456 \u0439 \u0437\u0435\u043b\u0435\u043d\u0456 \u0447\u0430\u0457, \u0430 \u0442\u0430\u043a\u043e\u0436 <strong>\u0448\u0443 \u043f\u0443\u0435\u0440\u0443<\/strong> i <strong>\u0433\u0430\u0431\u0430 \u0443\u043b\u0443\u043d<\/strong>, \u0437\u0430\u0432\u0430\u0440\u044e\u044e\u0447\u0438 \u0441\u0435\u0440\u0456\u044e \u043a\u043e\u0440\u043e\u0442\u043a\u0438\u0445 \u043d\u0430\u0441\u0442\u043e\u0457\u0432.<\/p>\n<p>\u0414\u043b\u044f \u043f\u043e\u0432\u043d\u043e\u0433\u043e \u043d\u0430\u0431\u043e\u0440\u0443 \u0432\u0430\u0440\u0442\u043e \u0434\u043e\u0434\u0430\u0442\u0438 <a href=\"https:\/\/teaeye.pl\/uk\/product-category\/akcesoria\/naczynia\/chahai\/\" target=\"_blank\" rel=\"noopener\">\u0447\u0430\u0445\u0430\u0439 (\u0433\u043b\u0435\u0447\u0438\u043a \u0434\u043b\u044f \u0437\u043b\u0438\u0432\u0430\u043d\u043d\u044f)<\/a>, \u044f\u043a\u0438\u0439 \u043f\u043e\u043b\u0435\u0433\u0448\u0443\u0454 \u0440\u043e\u0437\u043b\u0438\u0432 \u043d\u0430\u0441\u0442\u043e\u044e \u0432 \u043f\u0456\u0430\u043b\u0438. \u041f\u0435\u0440\u0435\u0433\u043b\u044f\u043d\u044c\u0442\u0435 \u0442\u0430\u043a\u043e\u0436 \u043d\u0430\u0448\u0443 \u043a\u043e\u043b\u0435\u043a\u0446\u0456\u044e <a href=\"https:\/\/teaeye.pl\/uk\/product-category\/%d0%bf%d1%83%d0%b5%d1%80\/shu-puer\/\" target=\"_blank\" rel=\"noopener\">\u0448\u0443 \u043f\u0443\u0435\u0440\u0456\u0432<\/a>, \u044f\u043a\u0456 \u043e\u0441\u043e\u0431\u043b\u0438\u0432\u043e \u0434\u043e\u0431\u0440\u0435 \u0440\u043e\u0437\u043a\u0440\u0438\u0432\u0430\u044e\u0442\u044c \u0441\u0432\u0456\u0439 \u0445\u0430\u0440\u0430\u043a\u0442\u0435\u0440 \u043f\u0456\u0434 \u0447\u0430\u0441 \u0437\u0430\u0432\u0430\u0440\u044e\u0432\u0430\u043d\u043d\u044f \u0432 \u0433\u0430\u0439\u0432\u0430\u043d\u0456.<\/p>\n<p><a href=\"https:\/\/teaeye.pl\/wp-content\/uploads\/2025\/08\/gaiwan-praczki1.jpg\"><img fetchpriority=\"high\" decoding=\"async\" class=\"alignnone wp-image-14288\" src=\"https:\/\/teaeye.pl\/wp-content\/uploads\/2025\/08\/gaiwan-praczki1-300x219.jpg\" alt=\"\u0413\u0430\u0439\u0432\u0430\u043d\u044c\" width=\"551\" height=\"402\" srcset=\"https:\/\/teaeye.pl\/wp-content\/uploads\/2025\/08\/gaiwan-praczki1-300x219.jpg 300w, https:\/\/teaeye.pl\/wp-content\/uploads\/2025\/08\/gaiwan-praczki1-1024x749.jpg 1024w, https:\/\/teaeye.pl\/wp-content\/uploads\/2025\/08\/gaiwan-praczki1-768x561.jpg 768w, https:\/\/teaeye.pl\/wp-content\/uploads\/2025\/08\/gaiwan-praczki1-1536x1123.jpg 1536w, https:\/\/teaeye.pl\/wp-content\/uploads\/2025\/08\/gaiwan-praczki1-16x12.jpg 16w, https:\/\/teaeye.pl\/wp-content\/uploads\/2025\/08\/gaiwan-praczki1-600x439.jpg 600w, https:\/\/teaeye.pl\/wp-content\/uploads\/2025\/08\/gaiwan-praczki1-850x621.jpg 850w, https:\/\/teaeye.pl\/wp-content\/uploads\/2025\/08\/gaiwan-praczki1.jpg 2048w\" sizes=\"(max-width: 551px) 100vw, 551px\" \/><\/a><\/p>\n<h2>\u0413\u0430\u0439\u0432\u0430\u043d\u044c \u00ab\u041f\u0442\u0430\u0448\u043a\u0438\u00bb 200 \u043c\u043b \u2014 \u043f\u0435\u0440\u0435\u0432\u0430\u0433\u0438 \u0442\u0430 \u043e\u0441\u043e\u0431\u043b\u0438\u0432\u043e\u0441\u0442\u0456<\/h2>\n<ul>\n<li><strong>\u041a\u043e\u043d\u0442\u0440\u043e\u043b\u044c \u0456 \u0447\u0438\u0441\u0442\u0438\u0439 \u0441\u043c\u0430\u043a:<\/strong> \u041a\u0440\u0438\u0448\u043a\u0430 \u0434\u043e\u0437\u0432\u043e\u043b\u044f\u0454 \u0440\u0435\u0433\u0443\u043b\u044e\u0432\u0430\u0442\u0438 \u0448\u0432\u0438\u0434\u043a\u0456\u0441\u0442\u044c \u043f\u0435\u0440\u0435\u043b\u0438\u0432\u0430\u043d\u043d\u044f, \u0430 \u0448\u0438\u0440\u043e\u043a\u0430 \u0447\u0430\u0448\u043a\u0430 \u0441\u043f\u0440\u0438\u044f\u0454 \u0440\u0456\u0432\u043d\u043e\u043c\u0456\u0440\u043d\u043e\u043c\u0443 \u0432\u0438\u0432\u0456\u043b\u044c\u043d\u0435\u043d\u043d\u044e \u0430\u0440\u043e\u043c\u0430\u0442\u0443.<\/li>\n<li><strong>\u0415\u0441\u0442\u0435\u0442\u0438\u043a\u0430 \u0456 \u0437\u0440\u0443\u0447\u043d\u0456\u0441\u0442\u044c:<\/strong> \u043d\u0456\u0436\u043d\u0438\u0439 \u0434\u0435\u043a\u043e\u0440 \u0456 \u0437\u0440\u0443\u0447\u043d\u0430 \u0444\u043e\u0440\u043c\u0430 \u0440\u043e\u0431\u043b\u044f\u0442\u044c \u043f\u0440\u043e\u0446\u0435\u0441 \u0437\u0430\u0432\u0430\u0440\u044e\u0432\u0430\u043d\u043d\u044f \u043f\u0440\u0438\u0454\u043c\u043d\u0438\u043c \u0456 \u043a\u043e\u043c\u0444\u043e\u0440\u0442\u043d\u0438\u043c.<\/li>\n<li><strong>\u0423\u043d\u0456\u0432\u0435\u0440\u0441\u0430\u043b\u044c\u043d\u0456\u0441\u0442\u044c:<\/strong> \u043f\u0456\u0434\u0445\u043e\u0434\u0438\u0442\u044c \u0434\u043b\u044f \u0443\u043b\u0443\u043d\u0456\u0432, \u0431\u0456\u043b\u0438\u0445 \u0442\u0430 \u0437\u0435\u043b\u0435\u043d\u0438\u0445 \u0447\u0430\u0457\u0432, <strong>\u0448\u0443 \u043f\u0443\u0435\u0440\u0443<\/strong> \u0442\u0430 <strong>\u0433\u0430\u0431\u0430<\/strong> (\u0433\u0430\u0431\u0430 \u0443\u043b\u0443\u043d) \u2014 \u0443 \u0441\u0442\u0438\u043b\u0456 \u0437\u0430\u0432\u0430\u0440\u044e\u0432\u0430\u043d\u043d\u044f <em>\u0433\u0443\u043d\u0444\u0443 \u0447\u0430<\/em>.<\/li>\n<li><strong>\u041e\u043f\u0442\u0438\u043c\u0430\u043b\u044c\u043d\u0438\u0439 \u043e\u0431\u2019\u0454\u043c:<\/strong> 200 \u043c\u043b \u2014 \u0456\u0434\u0435\u0430\u043b\u044c\u043d\u043e \u0434\u043b\u044f 2\u20134 \u043e\u0441\u0456\u0431 \u0442\u0430 \u0434\u043b\u044f \u0434\u0435\u0433\u0443\u0441\u0442\u0430\u0446\u0456\u0457 \u043a\u0456\u043b\u044c\u043a\u043e\u0445 \u043d\u0430\u0441\u0442\u043e\u0457\u0432 \u0437 \u043e\u0434\u043d\u0438\u0445 \u0456 \u0442\u0438\u0445 \u0441\u0430\u043c\u0438\u0445 \u043b\u0438\u0441\u0442\u043a\u0456\u0432.<\/li>\n<\/ul>\n<p><a href=\"https:\/\/teaeye.pl\/wp-content\/uploads\/2025\/08\/gaiwan-praczki2.jpg\"><img decoding=\"async\" class=\"alignnone wp-image-14289\" src=\"https:\/\/teaeye.pl\/wp-content\/uploads\/2025\/08\/gaiwan-praczki2-300x219.jpg\" alt=\"\u0433\u0430\u0439\u0432\u0430\u043d\u044c\" width=\"551\" height=\"402\" srcset=\"https:\/\/teaeye.pl\/wp-content\/uploads\/2025\/08\/gaiwan-praczki2-300x219.jpg 300w, https:\/\/teaeye.pl\/wp-content\/uploads\/2025\/08\/gaiwan-praczki2-1024x748.jpg 1024w, https:\/\/teaeye.pl\/wp-content\/uploads\/2025\/08\/gaiwan-praczki2-768x561.jpg 768w, https:\/\/teaeye.pl\/wp-content\/uploads\/2025\/08\/gaiwan-praczki2-1536x1122.jpg 1536w, https:\/\/teaeye.pl\/wp-content\/uploads\/2025\/08\/gaiwan-praczki2-16x12.jpg 16w, https:\/\/teaeye.pl\/wp-content\/uploads\/2025\/08\/gaiwan-praczki2-600x438.jpg 600w, https:\/\/teaeye.pl\/wp-content\/uploads\/2025\/08\/gaiwan-praczki2-850x621.jpg 850w, https:\/\/teaeye.pl\/wp-content\/uploads\/2025\/08\/gaiwan-praczki2.jpg 2048w\" sizes=\"(max-width: 551px) 100vw, 551px\" \/><\/a><\/p>\n<h3>\u042f\u043a \u0437\u0430\u0432\u0430\u0440\u044e\u0432\u0430\u0442\u0438 \u0447\u0430\u0439 \u0443 \u0433\u0430\u0439\u0432\u0430\u043d\u0456 \u00ab\u041f\u0442\u0430\u0448\u043a\u0438\u00bb<\/h3>\n<ol>\n<li>\u041f\u0440\u043e\u0433\u0440\u0456\u0439\u0442\u0435 \u0433\u0430\u0439\u0432\u0430\u043d\u044c \u0433\u0430\u0440\u044f\u0447\u043e\u044e \u0432\u043e\u0434\u043e\u044e \u0442\u0430 \u0437\u043b\u0438\u0439\u0442\u0435.<\/li>\n<li>\u041d\u0430\u0441\u0438\u043f\u0442\u0435 4\u20136 \u0433 \u0447\u0430\u044e \u043d\u0430 150\u2013200 \u043c\u043b \u0432\u043e\u0434\u0438 (\u043a\u043e\u0440\u0438\u0433\u0443\u0439\u0442\u0435 \u0437\u0430\u043b\u0435\u0436\u043d\u043e \u0432\u0456\u0434 \u0432\u0438\u0434\u0443 \u0447\u0430\u044e \u0442\u0430 \u0432\u043b\u0430\u0441\u043d\u0438\u0445 \u0443\u043f\u043e\u0434\u043e\u0431\u0430\u043d\u044c).<\/li>\n<li>\u0417\u0430\u043b\u0438\u0439\u0442\u0435 \u0432\u043e\u0434\u043e\u044e \u0432\u0456\u0434\u043f\u043e\u0432\u0456\u0434\u043d\u043e\u0457 \u0442\u0435\u043c\u043f\u0435\u0440\u0430\u0442\u0443\u0440\u0438: \u0437\u0435\u043b\u0435\u043d\u0438\u0439\/\u0431\u0456\u043b\u0438\u0439 \u0447\u0430\u0439 \u0437\u0430\u0432\u0430\u0440\u044e\u0439\u0442\u0435 \u043c\u2019\u044f\u043a\u0448\u0435, \u0443\u043b\u0443\u043d \u0442\u0430 \u043f\u0443\u0435\u0440 \u2014 \u0433\u0430\u0440\u044f\u0447\u0456\u0448\u043e\u044e \u0432\u043e\u0434\u043e\u044e. <strong>\u043f\u0443\u0435\u0440<\/strong> \u2014 gor\u0119tsz\u0105 wod\u0105.<\/li>\n<li>\u041f\u0435\u0440\u0448\u0438\u0439 \u00ab\u043f\u0440\u043e\u043c\u0438\u0432\u043d\u0438\u0439\u00bb \u043d\u0430\u0441\u0442\u0456\u0439 \u0437\u043b\u0438\u0439\u0442\u0435, \u0434\u0430\u043b\u0456 \u0437\u0430\u0432\u0430\u0440\u044e\u0439\u0442\u0435 \u043a\u043e\u0440\u043e\u0442\u043a\u0438\u043c\u0438 \u043f\u0440\u043e\u043b\u0438\u0432\u0430\u043c\u0438, \u043f\u043e\u0441\u0442\u0443\u043f\u043e\u0432\u043e \u0437\u0431\u0456\u043b\u044c\u0448\u0443\u044e\u0447\u0438 \u0447\u0430\u0441.<\/li>\n<li>\u041f\u0435\u0440\u0435\u043b\u0438\u0439\u0442\u0435 \u043d\u0430\u0441\u0442\u0456\u0439 \u0443 <a href=\"https:\/\/teaeye.pl\/uk\/product-category\/akcesoria\/naczynia\/chahai\/\" target=\"_blank\" rel=\"noopener\">\u0447\u0430\u0445\u0430\u0439<\/a>, \u0449\u043e\u0431 \u0432\u0438\u0440\u0456\u0432\u043d\u044f\u0442\u0438 \u0441\u043c\u0430\u043a \u0443 \u0432\u0441\u0456\u0445 \u043f\u0456\u0430\u043b\u0430\u0445.<\/li>\n<\/ol>\n<p>\u0428\u0443\u043a\u0430\u0454\u0442\u0435 \u043f\u043e\u0434\u0456\u0431\u043d\u0438\u0439 \u043f\u043e\u0441\u0443\u0434? \u041f\u0435\u0440\u0435\u0433\u043b\u044f\u043d\u044c\u0442\u0435 \u0432\u0441\u0456 <a href=\"https:\/\/teaeye.pl\/uk\/product-category\/akcesoria\/naczynia\/gaiwany\/\" target=\"_blank\" rel=\"noopener\">\u0433\u0430\u0439\u0432\u0430\u043d\u0456 \u0432 TEA EYE<\/a> \u2014 \u0437\u043d\u0430\u0439\u0434\u0435\u0442\u0435 \u0444\u043e\u0440\u043c\u0443 \u0442\u0430 \u043e\u0431\u2019\u0454\u043c, \u043f\u0456\u0434\u0456\u0431\u0440\u0430\u043d\u0456 \u043f\u0456\u0434 \u0440\u0456\u0437\u043d\u0456 \u0441\u043e\u0440\u0442\u0438, \u0437\u043e\u043a\u0440\u0435\u043c\u0430 <strong>\u0433\u0430\u0431\u0430<\/strong> \u0456 \u043a\u043b\u0430\u0441\u0438\u0447\u043d\u0438\u0445 \u0443\u043b\u0443\u043d\u0456\u0432 \u0437 \u0423\u0457. \u042f\u043a\u0449\u043e \u0432\u0438 \u0448\u0443\u043a\u0430\u0454\u0442\u0435 \u0432\u0438\u0441\u043e\u043a\u043e\u044f\u043a\u0456\u0441\u043d\u0456 \u0430\u043a\u0441\u0435\u0441\u0443\u0430\u0440\u0438 \u0434\u043b\u044f <strong>\u043a\u0438\u0442\u0430\u0439\u0441\u044c\u043a\u043e\u0433\u043e \u0447\u0430\u044e \u0443 \u0412\u0430\u0440\u0448\u0430\u0432\u0456<\/strong> \u0456 \u043f\u043e \u0432\u0441\u0456\u0439 <strong>\u041f\u043e\u043b\u044c\u0449\u0456<\/strong>, \u0433\u0430\u0439\u0432\u0430\u043d\u044c \u00ab\u041f\u0442\u0430\u0448\u043a\u0438\u00bb \u0431\u0443\u0434\u0435 \u043f\u0440\u0430\u043a\u0442\u0438\u0447\u043d\u0438\u043c \u0456 \u0435\u0441\u0442\u0435\u0442\u0438\u0447\u043d\u0438\u043c \u0432\u0438\u0431\u043e\u0440\u043e\u043c \u044f\u043a \u0434\u043b\u044f \u0449\u043e\u0434\u0435\u043d\u043d\u043e\u0433\u043e \u0437\u0430\u0432\u0430\u0440\u044e\u0432\u0430\u043d\u043d\u044f, \u0442\u0430\u043a \u0456 \u0434\u043b\u044f \u0447\u0430\u0439\u043d\u0438\u0445 \u0437\u0443\u0441\u0442\u0440\u0456\u0447\u0435\u0439.<\/p>","protected":false},"excerpt":{"rendered":"<p>\u041f\u043e\u0440\u0446\u0435\u043b\u044f\u043d\u043e\u0432\u0430 \u0433\u0430\u0439\u0432\u0430\u043d\u044c \u00ab\u041f\u0442\u0430\u0448\u043a\u0438\u00bb \u043e\u0431\u2019\u0454\u043c\u043e\u043c 200 \u043c\u043b \u2013 \u0446\u0435 \u0435\u043b\u0435\u0433\u0430\u043d\u0442\u043d\u0438\u0439 \u043f\u043e\u0441\u0443\u0434 \u0434\u043b\u044f \u0437\u0430\u0432\u0430\u0440\u044e\u0432\u0430\u043d\u043d\u044f \u0447\u0430\u044e \u0432 \u0441\u0442\u0438\u043b\u0456 \u0433\u0443\u043d\u0444\u0443 \u0447\u0430. \u041d\u0456\u0436\u043d\u0438\u0439 \u0432\u0456\u0437\u0435\u0440\u0443\u043d\u043e\u043a \u0456\u0437 \u0434\u0432\u043e\u043c\u0430 \u043f\u0442\u0430\u0448\u043a\u0430\u043c\u0438 \u0442\u0430 \u0437\u0440\u0443\u0447\u043d\u0430 \u0444\u043e\u0440\u043c\u0430 \u0434\u043e\u0437\u0432\u043e\u043b\u044f\u044e\u0442\u044c \u043f\u043e\u0432\u043d\u0456\u0441\u0442\u044e \u043a\u043e\u043d\u0442\u0440\u043e\u043b\u044e\u0432\u0430\u0442\u0438 \u043f\u0440\u043e\u0446\u0435\u0441 \u0437\u0430\u0432\u0430\u0440\u044e\u0432\u0430\u043d\u043d\u044f \u0439 \u043d\u0430\u0441\u043e\u043b\u043e\u0434\u0436\u0443\u0432\u0430\u0442\u0438\u0441\u044f \u0447\u0438\u0441\u0442\u0438\u043c \u0441\u043c\u0430\u043a\u043e\u043c \u043d\u0430\u0441\u0442\u043e\u044e. \u0406\u0434\u0435\u0430\u043b\u044c\u043d\u043e \u043f\u0456\u0434\u0445\u043e\u0434\u0438\u0442\u044c \u0434\u043b\u044f \u0443\u043b\u0443\u043d\u0456\u0432, \u0431\u0456\u043b\u0438\u0445 \u0456 \u0437\u0435\u043b\u0435\u043d\u0438\u0445 \u0447\u0430\u0457\u0432, \u0430 \u0442\u0430\u043a\u043e\u0436 \u0434\u043b\u044f \u0448\u0443 \u043f\u0443\u0435\u0440\u0443 \u0442\u0430 \u0433\u0430\u0431\u0430 \u0443\u043b\u0443\u043d\u0443. \u0427\u0443\u0434\u043e\u0432\u0438\u0439 \u0432\u0438\u0431\u0456\u0440 \u0434\u043b\u044f \u0434\u043e\u043c\u0430\u0448\u043d\u0456\u0445 \u0447\u0430\u0439\u043d\u0438\u0445 \u0440\u0438\u0442\u0443\u0430\u043b\u0456\u0432 \u0456 \u0437\u0443\u0441\u0442\u0440\u0456\u0447\u0435\u0439 \u0443 \u043a\u043e\u043b\u0456 2\u20134 \u043e\u0441\u0456\u0431.<\/p>","protected":false},"featured_media":14288,"comment_status":"open","ping_status":"closed","template":"","meta":[],"product_cat":[129,136,130],"product_tag":[],"class_list":{"0":"post-14287","1":"product","2":"type-product","3":"status-publish","4":"has-post-thumbnail","6":"product_cat-akcesoria","7":"product_cat-gaiwany","8":"product_cat-naczynia","10":"first","11":"outofstock","12":"shipping-taxable","13":"purchasable","14":"product-type-simple"},"aioseo_notices":[],"_links":{"self":[{"href":"https:\/\/teaeye.pl\/uk\/wp-json\/wp\/v2\/product\/14287","targetHints":{"allow":["GET"]}}],"collection":[{"href":"https:\/\/teaeye.pl\/uk\/wp-json\/wp\/v2\/product"}],"about":[{"href":"https:\/\/teaeye.pl\/uk\/wp-json\/wp\/v2\/types\/product"}],"replies":[{"embeddable":true,"href":"https:\/\/teaeye.pl\/uk\/wp-json\/wp\/v2\/comments?post=14287"}],"version-history":[{"count":4,"href":"https:\/\/teaeye.pl\/uk\/wp-json\/wp\/v2\/product\/14287\/revisions"}],"predecessor-version":[{"id":14992,"href":"https:\/\/teaeye.pl\/uk\/wp-json\/wp\/v2\/product\/14287\/revisions\/14992"}],"wp:featuredmedia":[{"embeddable":true,"href":"https:\/\/teaeye.pl\/uk\/wp-json\/wp\/v2\/media\/14288"}],"wp:attachment":[{"href":"https:\/\/teaeye.pl\/uk\/wp-json\/wp\/v2\/media?parent=14287"}],"wp:term":[{"taxonomy":"product_cat","embeddable":true,"href":"https:\/\/teaeye.pl\/uk\/wp-json\/wp\/v2\/product_cat?post=14287"},{"taxonomy":"product_tag","embeddable":true,"href":"https:\/\/teaeye.pl\/uk\/wp-json\/wp\/v2\/product_tag?post=14287"}],"curies":[{"name":"wp","href":"https:\/\/api.w.org\/{rel}","templated":true}]}}