{"id":14390,"date":"2025-09-06T18:53:07","date_gmt":"2025-09-06T18:53:07","guid":{"rendered":"https:\/\/teaeye.pl\/?post_type=product&#038;p=14390"},"modified":"2026-03-10T12:17:34","modified_gmt":"2026-03-10T12:17:34","slug":"czajnik-sliwka-120-ml-ceramika-jingdezhen","status":"publish","type":"product","link":"https:\/\/teaeye.pl\/uk\/product\/czajnik-sliwka-120-ml-ceramika-jingdezhen\/","title":{"rendered":"\u0427\u0430\u0439\u043d\u0438\u043a \u00ab\u0421\u043b\u0438\u0432\u0430\u00bb 120 \u043c\u043b, \u043a\u0435\u0440\u0430\u043c\u0456\u043a\u0430 \u0426\u0437\u0456\u043d\u044c\u0434\u0435\u0447\u0436\u0435\u043d\u044c"},"content":{"rendered":"<div class=\"product-description\">\n<h1>\u0427\u0430\u0439\u043d\u0438\u043a \u00ab\u0421\u043b\u0438\u0432\u0430\u00bb 120 \u043c\u043b \u2013 \u043a\u0435\u0440\u0430\u043c\u0456\u043a\u0430 \u0426\u0437\u0456\u043d\u044c\u0434\u0435\u0447\u0436\u0435\u043d\u044c<\/h1>\n<p><strong>Czajnik \u201e\u015aliwka\u201d<\/strong> \u0426\u0435 \u043f\u043e\u0454\u0434\u043d\u0430\u043d\u043d\u044f \u0442\u0440\u0430\u0434\u0438\u0446\u0456\u0439\u043d\u043e\u0457 \u0444\u043e\u0440\u043c\u0438 \u0442\u0430 \u0445\u0443\u0434\u043e\u0436\u043d\u044c\u043e\u0433\u043e \u043e\u0437\u0434\u043e\u0431\u043b\u0435\u043d\u043d\u044f. \u0417\u0430\u043e\u043a\u0440\u0443\u0433\u043b\u0435\u043d\u0456 \u043b\u0456\u043d\u0456\u0457 \u043a\u043e\u0440\u043f\u0443\u0441\u0443 \u0441\u0442\u0432\u043e\u0440\u044e\u044e\u0442\u044c \u0433\u0430\u0440\u043c\u043e\u043d\u0456\u0439\u043d\u0443 \u0444\u043e\u0440\u043c\u0443, \u0430 \u0433\u043b\u0430\u0437\u0443\u0440 \u0443 \u0432\u0456\u0434\u0442\u0456\u043d\u043a\u0430\u0445 \u043f\u0443\u0440\u043f\u0443\u0440\u043d\u043e\u0433\u043e \u0442\u0430 \u043b\u0430\u0432\u0430\u043d\u0434\u0438 \u0440\u043e\u0431\u0438\u0442\u044c \u043a\u043e\u0436\u0435\u043d \u0435\u043a\u0437\u0435\u043c\u043f\u043b\u044f\u0440 \u0443\u043d\u0456\u043a\u0430\u043b\u044c\u043d\u0438\u043c. \u0426\u0435 \u043f\u043e\u0441\u0443\u0434\u0438\u043d\u0430, \u044f\u043a\u0430 \u0432\u0440\u0430\u0436\u0430\u0454 \u043d\u0435 \u043b\u0438\u0448\u0435 \u0444\u0443\u043d\u043a\u0446\u0456\u043e\u043d\u0430\u043b\u044c\u043d\u0456\u0441\u0442\u044e, \u0430 \u0439 \u0432\u0438\u043d\u044f\u0442\u043a\u043e\u0432\u043e\u044e \u0435\u0441\u0442\u0435\u0442\u0438\u043a\u043e\u044e.<\/p>\n<p><a href=\"https:\/\/teaeye.pl\/wp-content\/uploads\/2025\/09\/chajnik-sliwka-120ml-1.jpg\"><img fetchpriority=\"high\" decoding=\"async\" class=\"alignnone  wp-image-14391\" src=\"https:\/\/teaeye.pl\/wp-content\/uploads\/2025\/09\/chajnik-sliwka-120ml-1-300x219.jpg\" alt=\"Czajnik \u201e\u015aliwka\u201d 120 ml\" width=\"527\" height=\"385\" srcset=\"https:\/\/teaeye.pl\/wp-content\/uploads\/2025\/09\/chajnik-sliwka-120ml-1-300x219.jpg 300w, https:\/\/teaeye.pl\/wp-content\/uploads\/2025\/09\/chajnik-sliwka-120ml-1-1024x749.jpg 1024w, https:\/\/teaeye.pl\/wp-content\/uploads\/2025\/09\/chajnik-sliwka-120ml-1-768x562.jpg 768w, https:\/\/teaeye.pl\/wp-content\/uploads\/2025\/09\/chajnik-sliwka-120ml-1-1536x1123.jpg 1536w, https:\/\/teaeye.pl\/wp-content\/uploads\/2025\/09\/chajnik-sliwka-120ml-1-16x12.jpg 16w, https:\/\/teaeye.pl\/wp-content\/uploads\/2025\/09\/chajnik-sliwka-120ml-1-600x439.jpg 600w, https:\/\/teaeye.pl\/wp-content\/uploads\/2025\/09\/chajnik-sliwka-120ml-1-850x622.jpg 850w, https:\/\/teaeye.pl\/wp-content\/uploads\/2025\/09\/chajnik-sliwka-120ml-1.jpg 1802w\" sizes=\"(max-width: 527px) 100vw, 527px\" \/><\/a><\/p>\n<h2>\u041a\u0435\u0440\u0430\u043c\u0456\u043a\u0430 \u0426\u0437\u0456\u043d\u044c\u0434\u0435\u0447\u0436\u0435\u043d\u044c \u0442\u0430 \u0443\u043d\u0456\u043a\u0430\u043b\u044c\u043d\u0430 \u0433\u043b\u0430\u0437\u0443\u0440<\/h2>\n<p>\u0427\u0430\u0439\u043d\u0438\u043a \u0431\u0443\u0432 \u0432\u0438\u0433\u043e\u0442\u043e\u0432\u043b\u0435\u043d\u0438\u0439 \u0432\u0440\u0443\u0447\u043d\u0443 \u0432 <a href=\"https:\/\/en.wikipedia.org\/wiki\/Jingdezhen_porcelain\" target=\"_blank\" rel=\"noopener\">\u0426\u0437\u0456\u043d\u044c\u0434\u0435\u0447\u0436\u0435\u043d\u0456<\/a> \u2014 \u0441\u0432\u0456\u0442\u043e\u0432\u0456\u0439 \u0441\u0442\u043e\u043b\u0438\u0446\u0456 \u043a\u0438\u0442\u0430\u0439\u0441\u044c\u043a\u043e\u0457 \u043a\u0435\u0440\u0430\u043c\u0456\u043a\u0438. \u0417\u0430\u0441\u0442\u043e\u0441\u043e\u0432\u0430\u043d\u0430 \u0442\u0435\u0445\u043d\u0456\u043a\u0430 \u0433\u043b\u0430\u0437\u0443\u0440\u0443\u0432\u0430\u043d\u043d\u044f \u0441\u0442\u0432\u043e\u0440\u044e\u0454 \u0436\u0438\u0432\u043e\u043f\u0438\u0441\u043d\u0438\u0439 \u0435\u0444\u0435\u043a\u0442: \u043d\u0430\u0441\u0438\u0447\u0435\u043d\u0456 \u0432\u0456\u0434\u0442\u0456\u043d\u043a\u0438 \u043f\u0443\u0440\u043f\u0443\u0440\u043d\u043e\u0433\u043e \u043f\u043b\u0430\u0432\u043d\u043e \u043f\u0435\u0440\u0435\u0445\u043e\u0434\u044f\u0442\u044c \u0443 \u043d\u0456\u0436\u043d\u0456 \u0432\u0456\u0434\u0442\u0456\u043d\u043a\u0438 \u043b\u0430\u0432\u0430\u043d\u0434\u0438, \u0449\u043e \u043d\u0430\u0434\u0430\u0454 \u043f\u043e\u0432\u0435\u0440\u0445\u043d\u0456 \u0433\u043b\u0438\u0431\u0438\u043d\u0438 \u0442\u0430 \u0431\u043b\u0430\u0433\u043e\u0440\u043e\u0434\u043d\u043e\u0433\u043e \u0445\u0430\u0440\u0430\u043a\u0442\u0435\u0440\u0443. \u041a\u043e\u0436\u0435\u043d \u0447\u0430\u0439\u043d\u0438\u043a \u0454 \u0443\u043d\u0456\u043a\u0430\u043b\u044c\u043d\u0438\u043c \u0432\u0438\u0442\u0432\u043e\u0440\u043e\u043c \u043a\u0435\u0440\u0430\u043c\u0456\u0447\u043d\u043e\u0433\u043e \u0440\u0435\u043c\u0435\u0441\u043b\u0430, \u0441\u0442\u0432\u043e\u0440\u0435\u043d\u0438\u043c \u0432 \u0440\u0435\u0437\u0443\u043b\u044c\u0442\u0430\u0442\u0456 \u0432\u0438\u0441\u043e\u043a\u043e\u0442\u0435\u043c\u043f\u0435\u0440\u0430\u0442\u0443\u0440\u043d\u043e\u0433\u043e \u0432\u0438\u043f\u0430\u043b\u0443.<\/p>\n<p><a href=\"https:\/\/teaeye.pl\/wp-content\/uploads\/2025\/09\/chajnik-sliwka-120ml-2.jpg\"><img decoding=\"async\" class=\"alignnone  wp-image-14392\" src=\"https:\/\/teaeye.pl\/wp-content\/uploads\/2025\/09\/chajnik-sliwka-120ml-2-300x219.jpg\" alt=\"Czajnik \u201e\u015aliwka\u201d 120 ml\" width=\"532\" height=\"389\" srcset=\"https:\/\/teaeye.pl\/wp-content\/uploads\/2025\/09\/chajnik-sliwka-120ml-2-300x219.jpg 300w, https:\/\/teaeye.pl\/wp-content\/uploads\/2025\/09\/chajnik-sliwka-120ml-2-1024x748.jpg 1024w, https:\/\/teaeye.pl\/wp-content\/uploads\/2025\/09\/chajnik-sliwka-120ml-2-768x561.jpg 768w, https:\/\/teaeye.pl\/wp-content\/uploads\/2025\/09\/chajnik-sliwka-120ml-2-1536x1122.jpg 1536w, https:\/\/teaeye.pl\/wp-content\/uploads\/2025\/09\/chajnik-sliwka-120ml-2-16x12.jpg 16w, https:\/\/teaeye.pl\/wp-content\/uploads\/2025\/09\/chajnik-sliwka-120ml-2-600x438.jpg 600w, https:\/\/teaeye.pl\/wp-content\/uploads\/2025\/09\/chajnik-sliwka-120ml-2-850x621.jpg 850w, https:\/\/teaeye.pl\/wp-content\/uploads\/2025\/09\/chajnik-sliwka-120ml-2.jpg 1867w\" sizes=\"(max-width: 532px) 100vw, 532px\" \/><\/a><\/p>\n<h2>\u041f\u0440\u0430\u043a\u0442\u0438\u0447\u043d\u0435 \u0437\u0430\u0441\u0442\u043e\u0441\u0443\u0432\u0430\u043d\u043d\u044f<\/h2>\n<p>\u041a\u043e\u043c\u043f\u0430\u043a\u0442\u043d\u0438\u0439 \u043e\u0431\u2019\u0454\u043c <strong>120 \u043c\u043b<\/strong> \u0437\u0430\u0432\u0434\u044f\u043a\u0438 \u0447\u043e\u043c\u0443 \u0447\u0430\u0439\u043d\u0438\u043a \u0447\u0443\u0434\u043e\u0432\u043e \u043f\u0456\u0434\u0445\u043e\u0434\u0438\u0442\u044c \u0434\u043b\u044f <a href=\"https:\/\/teaeye.pl\/uk\/product-category\/akcesoria\/naczynia\/zestawy-do-parzenia\/\">\u0433\u0443\u043d\u0444\u0443 \u0447\u0430<\/a> \u2014 \u0442\u0440\u0430\u0434\u0438\u0446\u0456\u0439\u043d\u043e\u0433\u043e \u0441\u0442\u0438\u043b\u044e \u0437\u0430\u0432\u0430\u0440\u044e\u0432\u0430\u043d\u043d\u044f \u0447\u0430\u044e \u0437 \u043a\u043e\u0440\u043e\u0442\u043a\u0438\u043c\u0438 \u043d\u0430\u0441\u0442\u043e\u044e\u0432\u0430\u043d\u043d\u044f\u043c\u0438. \u041d\u0435\u0439\u0442\u0440\u0430\u043b\u044c\u043d\u0430 \u043a\u0435\u0440\u0430\u043c\u0456\u043a\u0430 \u043d\u0435 \u0432\u043f\u043b\u0438\u0432\u0430\u0454 \u043d\u0430 \u0441\u043c\u0430\u043a \u043d\u0430\u043f\u043e\u044e, \u0437\u0430\u0432\u0434\u044f\u043a\u0438 \u0447\u043e\u043c\u0443 \u00ab\u0421\u043b\u0438\u0432\u0430\u00bb \u043f\u0456\u0434\u0456\u0439\u0434\u0435 \u0434\u043b\u044f \u0431\u0430\u0433\u0430\u0442\u044c\u043e\u0445 \u0441\u043e\u0440\u0442\u0456\u0432: <a href=\"https:\/\/teaeye.pl\/uk\/product-category\/oolong\/\">\u043e\u043e\u043b\u043e\u043d\u0433\u0456\u0432<\/a>, <a href=\"https:\/\/teaeye.pl\/uk\/product-category\/czerwona-herbata\/\">\u0447\u0435\u0440\u0432\u043e\u043d\u0438\u0445 \u0447\u0430\u0457\u0432<\/a> \u0442\u0430 <a href=\"https:\/\/teaeye.pl\/uk\/product-category\/%d0%bf%d1%83%d0%b5%d1%80\/sheng-puer\/\">\u0448\u0435\u043d \u043f\u0443\u0435\u0440\u0456\u0432<\/a>. To idealny wyb\u00f3r dla os\u00f3b, kt\u00f3re chc\u0105 kupi\u0107 czajnik Jingdezhen w Polsce w <b>\u0432 \u043a\u0440\u0430\u043c\u043d\u0438\u0446\u0456 \u043a\u0438\u0442\u0430\u0439\u0441\u044c\u043a\u043e\u0433\u043e \u0447\u0430\u044e.<\/b>.<\/p>\n<p><a href=\"https:\/\/teaeye.pl\/wp-content\/uploads\/2025\/09\/chajnik-sliwka-120ml-4.jpg\"><img decoding=\"async\" class=\"alignnone  wp-image-14394\" src=\"https:\/\/teaeye.pl\/wp-content\/uploads\/2025\/09\/chajnik-sliwka-120ml-4-300x219.jpg\" alt=\"Czajnik \u201e\u015aliwka\u201d 120 ml\" width=\"547\" height=\"399\" srcset=\"https:\/\/teaeye.pl\/wp-content\/uploads\/2025\/09\/chajnik-sliwka-120ml-4-300x219.jpg 300w, https:\/\/teaeye.pl\/wp-content\/uploads\/2025\/09\/chajnik-sliwka-120ml-4-1024x749.jpg 1024w, https:\/\/teaeye.pl\/wp-content\/uploads\/2025\/09\/chajnik-sliwka-120ml-4-768x562.jpg 768w, https:\/\/teaeye.pl\/wp-content\/uploads\/2025\/09\/chajnik-sliwka-120ml-4-1536x1123.jpg 1536w, https:\/\/teaeye.pl\/wp-content\/uploads\/2025\/09\/chajnik-sliwka-120ml-4-16x12.jpg 16w, https:\/\/teaeye.pl\/wp-content\/uploads\/2025\/09\/chajnik-sliwka-120ml-4-600x439.jpg 600w, https:\/\/teaeye.pl\/wp-content\/uploads\/2025\/09\/chajnik-sliwka-120ml-4-850x622.jpg 850w, https:\/\/teaeye.pl\/wp-content\/uploads\/2025\/09\/chajnik-sliwka-120ml-4.jpg 1797w\" sizes=\"(max-width: 547px) 100vw, 547px\" \/><\/a><\/p>\n<h2>\u0427\u043e\u043c\u0443 \u0432\u0430\u0440\u0442\u043e \u043a\u0443\u043f\u0438\u0442\u0438 \u0447\u0430\u0439\u043d\u0438\u043a \u00ab\u0421\u043b\u0438\u0432\u0430\u00bb?<\/h2>\n<ul>\n<li>\u0420\u0443\u0447\u043d\u0430 \u0440\u043e\u0431\u043e\u0442\u0430 \u0437 \u0430\u0432\u0442\u0435\u043d\u0442\u0438\u0447\u043d\u043e\u0457 \u043a\u0435\u0440\u0430\u043c\u0456\u043a\u0438 \u0426\u0437\u0456\u043d\u044c\u0434\u0435\u0447\u0436\u0435\u043d\u044c.<\/li>\n<li>\u0423\u043d\u0456\u043a\u0430\u043b\u044c\u043d\u0430 \u043f\u0443\u0440\u043f\u0443\u0440\u043e\u0432\u043e-\u043b\u0430\u0432\u0430\u043d\u0434\u043e\u0432\u0430 \u0433\u043b\u0430\u0437\u0443\u0440 \u2013 \u043a\u043e\u0436\u0435\u043d \u0435\u043a\u0437\u0435\u043c\u043f\u043b\u044f\u0440 \u043d\u0435\u043f\u043e\u0432\u0442\u043e\u0440\u043d\u0438\u0439.<\/li>\n<li>\u041e\u0431\u2019\u0454\u043c 120 \u043c\u043b \u2013 \u0456\u0434\u0435\u0430\u043b\u044c\u043d\u0438\u0439 \u0434\u043b\u044f \u0446\u0435\u0440\u0435\u043c\u043e\u043d\u0456\u0457 \u0433\u0443\u043d\u0444\u0443-\u0447\u0430.<\/li>\n<li>\u0427\u0443\u0434\u043e\u0432\u0438\u0439 \u0432\u0438\u0431\u0456\u0440 \u0434\u043b\u044f \u043a\u043e\u043b\u0435\u043a\u0446\u0456\u043e\u043d\u0435\u0440\u0456\u0432 \u0442\u0430 \u043f\u043e\u0446\u0456\u043d\u043e\u0432\u0443\u0432\u0430\u0447\u0456\u0432 \u043a\u0438\u0442\u0430\u0439\u0441\u044c\u043a\u043e\u0457 \u0447\u0430\u0439\u043d\u043e\u0457 \u043a\u0443\u043b\u044c\u0442\u0443\u0440\u0438.<\/li>\n<\/ul>\n<p><a href=\"https:\/\/teaeye.pl\/wp-content\/uploads\/2025\/09\/chajnik-sliwka-120ml-5.jpg\"><img loading=\"lazy\" decoding=\"async\" class=\"alignnone  wp-image-14395\" src=\"https:\/\/teaeye.pl\/wp-content\/uploads\/2025\/09\/chajnik-sliwka-120ml-5-300x219.jpg\" alt=\"Czajnik \u201e\u015aliwka\u201d 120 ml\" width=\"588\" height=\"429\" srcset=\"https:\/\/teaeye.pl\/wp-content\/uploads\/2025\/09\/chajnik-sliwka-120ml-5-300x219.jpg 300w, https:\/\/teaeye.pl\/wp-content\/uploads\/2025\/09\/chajnik-sliwka-120ml-5-1024x748.jpg 1024w, https:\/\/teaeye.pl\/wp-content\/uploads\/2025\/09\/chajnik-sliwka-120ml-5-768x561.jpg 768w, https:\/\/teaeye.pl\/wp-content\/uploads\/2025\/09\/chajnik-sliwka-120ml-5-1536x1122.jpg 1536w, https:\/\/teaeye.pl\/wp-content\/uploads\/2025\/09\/chajnik-sliwka-120ml-5-16x12.jpg 16w, https:\/\/teaeye.pl\/wp-content\/uploads\/2025\/09\/chajnik-sliwka-120ml-5-600x438.jpg 600w, https:\/\/teaeye.pl\/wp-content\/uploads\/2025\/09\/chajnik-sliwka-120ml-5-850x621.jpg 850w, https:\/\/teaeye.pl\/wp-content\/uploads\/2025\/09\/chajnik-sliwka-120ml-5.jpg 1712w\" sizes=\"(max-width: 588px) 100vw, 588px\" \/><\/a><\/p>\n<p>\u0427\u0430\u0439\u043d\u0438\u043a \u00ab\u0421\u043b\u0438\u0432\u0430\u00bb \u2014 \u0446\u0435 \u0435\u043b\u0435\u0433\u0430\u043d\u0442\u043d\u0430 \u0442\u0430 \u0444\u0443\u043d\u043a\u0446\u0456\u043e\u043d\u0430\u043b\u044c\u043d\u0430 \u043f\u043e\u0441\u0443\u0434\u0438\u043d\u0430, \u044f\u043a\u0430 \u043f\u0440\u0438\u043d\u0435\u0441\u0435 \u0432 \u0442\u0432\u043e\u044e \u0449\u043e\u0434\u0435\u043d\u043d\u0443 \u043f\u0440\u0430\u043a\u0442\u0438\u043a\u0443 \u0433\u0443\u043d\u0444\u0443-\u0447\u0430 \u043a\u0440\u0430\u0441\u0443 \u043a\u0435\u0440\u0430\u043c\u0456\u043a\u0438 \u0426\u0437\u0456\u043d\u044c\u0434\u0435\u0447\u0436\u0435\u043d\u044c. \u041a\u0443\u043f\u0443\u044e\u0447\u0438 \u0439\u043e\u0433\u043e \u0432 \u043d\u0430\u0448\u043e\u043c\u0443 \u043c\u0430\u0433\u0430\u0437\u0438\u043d\u0456, \u0442\u0438 \u043e\u0431\u0438\u0440\u0430\u0454\u0448 \u0430\u0432\u0442\u0435\u043d\u0442\u0438\u0447\u043d\u0456\u0441\u0442\u044c, \u044f\u043a\u0456\u0441\u0442\u044c \u0456 \u0448\u043c\u0430\u0442\u043e\u0447\u043e\u043a \u043a\u0438\u0442\u0430\u0439\u0441\u044c\u043a\u043e\u0457 \u0442\u0440\u0430\u0434\u0438\u0446\u0456\u0457.<\/p>\n<\/div>","protected":false},"excerpt":{"rendered":"<p>\u0427\u0430\u0439\u043d\u0438\u043a \u00ab\u0421\u043b\u0438\u0432\u0430\u00bb 120 \u043c\u043b \u0431\u0443\u0432 \u0432\u0438\u0433\u043e\u0442\u043e\u0432\u043b\u0435\u043d\u0438\u0439 \u0443 \u0426\u0437\u0456\u043d\u044c\u0434\u0435\u0447\u0436\u0435\u043d\u0456 \u2013 \u0441\u0442\u043e\u043b\u0438\u0446\u0456 \u043a\u0438\u0442\u0430\u0439\u0441\u044c\u043a\u043e\u0457 \u043a\u0435\u0440\u0430\u043c\u0456\u043a\u0438. \u0419\u043e\u0433\u043e \u043f\u043e\u0432\u0435\u0440\u0445\u043d\u044f \u043f\u043e\u043a\u0440\u0438\u0442\u0430 \u0433\u043b\u0430\u0437\u0443\u0440\u2019\u044e \u0437 \u043f\u043b\u0430\u0432\u043d\u0438\u043c\u0438 \u043f\u0435\u0440\u0435\u0445\u043e\u0434\u0430\u043c\u0438 \u043a\u043e\u043b\u044c\u043e\u0440\u0456\u0432 \u0432\u0456\u0434 \u043f\u0443\u0440\u043f\u0443\u0440\u043d\u043e\u0433\u043e \u0434\u043e \u043b\u0430\u0432\u0430\u043d\u0434\u043e\u0432\u043e\u0433\u043e. \u041a\u043e\u043c\u043f\u0430\u043a\u0442\u043d\u0438\u0439 \u043e\u0431\u2019\u0454\u043c \u0440\u043e\u0431\u0438\u0442\u044c \u0447\u0430\u0439\u043d\u0438\u043a \u0456\u0434\u0435\u0430\u043b\u044c\u043d\u0438\u043c \u0434\u043b\u044f \u0442\u0440\u0430\u0434\u0438\u0446\u0456\u0439\u043d\u043e\u0433\u043e \u0433\u0443\u043d\u0444\u0443-\u0447\u0430.<\/p>","protected":false},"featured_media":14391,"comment_status":"open","ping_status":"closed","template":"","meta":[],"product_cat":[129,135,130],"product_tag":[],"class_list":{"0":"post-14390","1":"product","2":"type-product","3":"status-publish","4":"has-post-thumbnail","6":"product_cat-akcesoria","7":"product_cat-czajniki","8":"product_cat-naczynia","10":"first","11":"outofstock","12":"shipping-taxable","13":"purchasable","14":"product-type-simple"},"aioseo_notices":[],"_links":{"self":[{"href":"https:\/\/teaeye.pl\/uk\/wp-json\/wp\/v2\/product\/14390","targetHints":{"allow":["GET"]}}],"collection":[{"href":"https:\/\/teaeye.pl\/uk\/wp-json\/wp\/v2\/product"}],"about":[{"href":"https:\/\/teaeye.pl\/uk\/wp-json\/wp\/v2\/types\/product"}],"replies":[{"embeddable":true,"href":"https:\/\/teaeye.pl\/uk\/wp-json\/wp\/v2\/comments?post=14390"}],"version-history":[{"count":6,"href":"https:\/\/teaeye.pl\/uk\/wp-json\/wp\/v2\/product\/14390\/revisions"}],"predecessor-version":[{"id":14700,"href":"https:\/\/teaeye.pl\/uk\/wp-json\/wp\/v2\/product\/14390\/revisions\/14700"}],"wp:featuredmedia":[{"embeddable":true,"href":"https:\/\/teaeye.pl\/uk\/wp-json\/wp\/v2\/media\/14391"}],"wp:attachment":[{"href":"https:\/\/teaeye.pl\/uk\/wp-json\/wp\/v2\/media?parent=14390"}],"wp:term":[{"taxonomy":"product_cat","embeddable":true,"href":"https:\/\/teaeye.pl\/uk\/wp-json\/wp\/v2\/product_cat?post=14390"},{"taxonomy":"product_tag","embeddable":true,"href":"https:\/\/teaeye.pl\/uk\/wp-json\/wp\/v2\/product_tag?post=14390"}],"curies":[{"name":"wp","href":"https:\/\/api.w.org\/{rel}","templated":true}]}}