{"id":14582,"date":"2025-09-12T20:14:16","date_gmt":"2025-09-12T20:14:16","guid":{"rendered":"https:\/\/teaeye.pl\/?post_type=product&#038;p=14582"},"modified":"2025-11-25T15:11:06","modified_gmt":"2025-11-25T15:11:06","slug":"sheng-pu-erh-xiaguan-guan-yun-mei-wang-2012-125-g","status":"publish","type":"product","link":"https:\/\/teaeye.pl\/uk\/product\/sheng-pu-erh-xiaguan-guan-yun-mei-wang-2012-125-g\/","title":{"rendered":"Sheng Pu-Erh &#8211; Xiaguan \u201eGuan Yun Mei Wang\u201d 2012, 125 g"},"content":{"rendered":"<h1>Sheng Pu-Erh Xiaguan \u201eGuan Yun Mei Wang\u201d 2012 \u2013 dojrza\u0142y pu-erh FT dla Tajwanu, 125 g<\/h1>\n<p><strong>Sheng Pu-Erh Xiaguan \u201eGuan Yun Mei Wang\u201d 2012<\/strong> to wyj\u0105tkowy <a href=\"https:\/\/teaeye.pl\/uk\/product-category\/%d0%bf%d1%83%d0%b5%d1%80\/sheng-puer\/\">\u0448\u0435\u043d \u043f\u0443\u0435\u0440<\/a> przygotowany przez znan\u0105 fabryk\u0119 Xiaguan z wysokiej jako\u015bci surowca wiosennego zbioru 2012 roku. Oznaczenie FT (<em>For Taiwan<\/em>) wskazuje, \u017ce receptura i styl tej herbaty zosta\u0142y opracowane specjalnie z my\u015bl\u0105 o wymagaj\u0105cym rynku tajwa\u0144skim. Herbata zosta\u0142a sprasowana w form\u0119 niewielkiego kr\u0105\u017cka o wadze 125 g \u2013 rzadko spotykanej, przypominaj\u0105cej stylem tzw. \u201e\u017celazne ciasta\u201d. To propozycja o charakterze dojrza\u0142ym, bogatym i harmonijnym, idealna do spokojnych sesji degustacyjnych.<\/p>\n<p><a href=\"https:\/\/teaeye.pl\/wp-content\/uploads\/2025\/09\/Guan-Yun-Mei-Wang-1.jpg\"><img fetchpriority=\"high\" decoding=\"async\" class=\"alignnone  wp-image-14583\" src=\"https:\/\/teaeye.pl\/wp-content\/uploads\/2025\/09\/Guan-Yun-Mei-Wang-1-300x219.jpg\" alt=\"\" width=\"505\" height=\"369\" srcset=\"https:\/\/teaeye.pl\/wp-content\/uploads\/2025\/09\/Guan-Yun-Mei-Wang-1-300x219.jpg 300w, https:\/\/teaeye.pl\/wp-content\/uploads\/2025\/09\/Guan-Yun-Mei-Wang-1-1024x748.jpg 1024w, https:\/\/teaeye.pl\/wp-content\/uploads\/2025\/09\/Guan-Yun-Mei-Wang-1-768x561.jpg 768w, https:\/\/teaeye.pl\/wp-content\/uploads\/2025\/09\/Guan-Yun-Mei-Wang-1-16x12.jpg 16w, https:\/\/teaeye.pl\/wp-content\/uploads\/2025\/09\/Guan-Yun-Mei-Wang-1-600x438.jpg 600w, https:\/\/teaeye.pl\/wp-content\/uploads\/2025\/09\/Guan-Yun-Mei-Wang-1-850x621.jpg 850w, https:\/\/teaeye.pl\/wp-content\/uploads\/2025\/09\/Guan-Yun-Mei-Wang-1.jpg 1170w\" sizes=\"(max-width: 505px) 100vw, 505px\" \/><\/a><\/p>\n<h2>Smak i aromat Dzia\u0142anie Sheng Pu-Erh Guan Yun Mei Wang 2012<\/h2>\n<p>Sucha herbata pachnie intensywnie: wyczuwalne s\u0105 nuty przypraw, kwiat\u00f3w \ud83c\udf38, drewna \ud83c\udf33, suszonych owoc\u00f3w i delikatny akcent dymno-deg\u00adtowy. Napar ma bursztynowo-z\u0142oty kolor i g\u0119st\u0105, nasycon\u0105 struktur\u0119. W smaku pojawia si\u0119 wielowarstwowy bukiet \u2013 od przypraw i suszonych owoc\u00f3w \ud83c\udf47 po nuty \u017cywic, zi\u00f3\u0142 i kwiat\u00f3w. Ca\u0142o\u015b\u0107 uzupe\u0142nia subtelna owocowa s\u0142odycz i delikatna cierpko\u015b\u0107, nadaj\u0105ca mu g\u0142\u0119bi. Posmak jest d\u0142ugi, otulaj\u0105cy i harmonijny, z przyjemnym rozwojem kolejnych akcent\u00f3w przy ka\u017cdym parzeniu.<\/p>\n<p><a href=\"https:\/\/teaeye.pl\/wp-content\/uploads\/2025\/09\/Guan-Yun-Mei-Wang-3.jpg\"><img decoding=\"async\" class=\"alignnone  wp-image-14585\" src=\"https:\/\/teaeye.pl\/wp-content\/uploads\/2025\/09\/Guan-Yun-Mei-Wang-3-300x219.jpg\" alt=\"\" width=\"535\" height=\"391\" srcset=\"https:\/\/teaeye.pl\/wp-content\/uploads\/2025\/09\/Guan-Yun-Mei-Wang-3-300x219.jpg 300w, https:\/\/teaeye.pl\/wp-content\/uploads\/2025\/09\/Guan-Yun-Mei-Wang-3-1024x748.jpg 1024w, https:\/\/teaeye.pl\/wp-content\/uploads\/2025\/09\/Guan-Yun-Mei-Wang-3-768x561.jpg 768w, https:\/\/teaeye.pl\/wp-content\/uploads\/2025\/09\/Guan-Yun-Mei-Wang-3-16x12.jpg 16w, https:\/\/teaeye.pl\/wp-content\/uploads\/2025\/09\/Guan-Yun-Mei-Wang-3-600x438.jpg 600w, https:\/\/teaeye.pl\/wp-content\/uploads\/2025\/09\/Guan-Yun-Mei-Wang-3-850x621.jpg 850w, https:\/\/teaeye.pl\/wp-content\/uploads\/2025\/09\/Guan-Yun-Mei-Wang-3.jpg 1170w\" sizes=\"(max-width: 535px) 100vw, 535px\" \/><\/a><\/p>\n<h2>Dzia\u0142anie Sheng Pu-Erh Guan Yun Mei Wang 2012<\/h2>\n<p>Herbata dzia\u0142a cent\u00adruj\u0105co i uspokajaj\u0105co, jednocze\u015bnie od\u015bwie\u017ca percepcj\u0119 i \u0142agodzi zm\u0119czenie. Dodaje lekko\u015bci, r\u00f3wnowagi i harmonii, sprawiaj\u0105c, \u017ce doskonale nadaje si\u0119 do codziennego picia w spokojnych momentach dnia. Jej zbalansowany charakter sprawia, \u017ce jest to propozycja zar\u00f3wno dla koneser\u00f3w poszukuj\u0105cych g\u0142\u0119bi, jak i dla os\u00f3b, kt\u00f3re dopiero zaczynaj\u0105 przygod\u0119 z dojrza\u0142ymi sheng pu-erhami. To herbata stworzona do delektowania si\u0119 bez po\u015bpiechu, najlepiej w formie <a href=\"https:\/\/en.wikipedia.org\/wiki\/Gongfu_tea\">\u0413\u0443\u043d \u0424\u0443 \u0427\u0430<\/a>.<\/p>\n<p><a href=\"https:\/\/teaeye.pl\/wp-content\/uploads\/2025\/09\/Guan-Yun-Mei-Wang-2.jpg\"><img decoding=\"async\" class=\"alignnone  wp-image-14584\" src=\"https:\/\/teaeye.pl\/wp-content\/uploads\/2025\/09\/Guan-Yun-Mei-Wang-2-300x219.jpg\" alt=\"\" width=\"548\" height=\"400\" srcset=\"https:\/\/teaeye.pl\/wp-content\/uploads\/2025\/09\/Guan-Yun-Mei-Wang-2-300x219.jpg 300w, https:\/\/teaeye.pl\/wp-content\/uploads\/2025\/09\/Guan-Yun-Mei-Wang-2-1024x748.jpg 1024w, https:\/\/teaeye.pl\/wp-content\/uploads\/2025\/09\/Guan-Yun-Mei-Wang-2-768x561.jpg 768w, https:\/\/teaeye.pl\/wp-content\/uploads\/2025\/09\/Guan-Yun-Mei-Wang-2-16x12.jpg 16w, https:\/\/teaeye.pl\/wp-content\/uploads\/2025\/09\/Guan-Yun-Mei-Wang-2-600x438.jpg 600w, https:\/\/teaeye.pl\/wp-content\/uploads\/2025\/09\/Guan-Yun-Mei-Wang-2-850x621.jpg 850w, https:\/\/teaeye.pl\/wp-content\/uploads\/2025\/09\/Guan-Yun-Mei-Wang-2.jpg 1170w\" sizes=\"(max-width: 548px) 100vw, 548px\" \/><\/a><\/p>\n<h3>\u0420\u0435\u043a\u043e\u043c\u0435\u043d\u0434\u0443\u0454\u043c\u043e<\/h3>\n<p>\u0412\u0430\u0440\u0442\u043e \u043f\u043e\u0440\u0456\u0432\u043d\u044f\u0442\u0438 \u0446\u044c\u043e\u0433\u043e \u0448\u0435\u043d\u0430 \u0437 \u0456\u043d\u0448\u0438\u043c\u0438 \u043f\u0440\u043e\u043f\u043e\u0437\u0438\u0446\u0456\u044f\u043c\u0438 \u0432\u0456\u0434 \u0421\u044f\u0433\u0443\u043d, \u043d\u0430\u043f\u0440\u0438\u043a\u043b\u0430\u0434. <a href=\"https:\/\/teaeye.pl\/uk\/%d0%bf%d1%80%d0%be%d0%b4%d1%83%d0%ba%d1%82\/sheng-pu-erh-xiaguan-jia-ji-2017-100g\/\">\u0426\u0437\u044f \u0426\u0437\u0456 2017<\/a>, a tak\u017ce z kolekcjonerskim <a href=\"https:\/\/teaeye.pl\/uk\/%d0%bf%d1%80%d0%be%d0%b4%d1%83%d0%ba%d1%82\/sheng-pu-erh-fan-cha-cnnp-1998-100g\/\">\u0424\u0430\u043d \u0427\u0430 CNNP 1998<\/a>. Dzi\u0119ki temu jeszcze lepiej poznasz r\u00f3\u017cnorodno\u015b\u0107 styl\u00f3w i tradycji w \u015bwiecie pu-erh.<\/p>","protected":false},"excerpt":{"rendered":"<p>Sheng Pu-Erh Xiaguan \u201eGuan Yun Mei Wang\u201d 2012 to dojrza\u0142y sheng w postaci niewielkiego kr\u0105\u017cka o wadze 125 g, przygotowany specjalnie dla rynku tajwa\u0144skiego (oznaczenie FT \u2013 For Taiwan). Herbata ma intensywny aromat z nutami przypraw, kwiat\u00f3w, drewna i suszonych owoc\u00f3w, a jej napar wyr\u00f3\u017cnia si\u0119 bogatym, wielowarstwowym smakiem z d\u0142ugim, harmonijnym posmakiem. To sheng, kt\u00f3ry orze\u017awia, usuwa zm\u0119czenie i wprowadza w stan r\u00f3wnowagi \u2013 doskona\u0142y zar\u00f3wno do codziennych sesji, jak i do spokojnych chwil w stylu gong fu cha.<\/p>","protected":false},"featured_media":14583,"comment_status":"open","ping_status":"closed","template":"","meta":[],"product_cat":[149,97,106],"product_tag":[],"class_list":{"0":"post-14582","1":"product","2":"type-product","3":"status-publish","4":"has-post-thumbnail","6":"product_cat-herbata","7":"product_cat-pu-erh","8":"product_cat-sheng-puer","10":"first","11":"outofstock","12":"shipping-taxable","13":"purchasable","14":"product-type-variable"},"aioseo_notices":[],"_links":{"self":[{"href":"https:\/\/teaeye.pl\/uk\/wp-json\/wp\/v2\/product\/14582","targetHints":{"allow":["GET"]}}],"collection":[{"href":"https:\/\/teaeye.pl\/uk\/wp-json\/wp\/v2\/product"}],"about":[{"href":"https:\/\/teaeye.pl\/uk\/wp-json\/wp\/v2\/types\/product"}],"replies":[{"embeddable":true,"href":"https:\/\/teaeye.pl\/uk\/wp-json\/wp\/v2\/comments?post=14582"}],"version-history":[{"count":1,"href":"https:\/\/teaeye.pl\/uk\/wp-json\/wp\/v2\/product\/14582\/revisions"}],"predecessor-version":[{"id":14590,"href":"https:\/\/teaeye.pl\/uk\/wp-json\/wp\/v2\/product\/14582\/revisions\/14590"}],"wp:featuredmedia":[{"embeddable":true,"href":"https:\/\/teaeye.pl\/uk\/wp-json\/wp\/v2\/media\/14583"}],"wp:attachment":[{"href":"https:\/\/teaeye.pl\/uk\/wp-json\/wp\/v2\/media?parent=14582"}],"wp:term":[{"taxonomy":"product_cat","embeddable":true,"href":"https:\/\/teaeye.pl\/uk\/wp-json\/wp\/v2\/product_cat?post=14582"},{"taxonomy":"product_tag","embeddable":true,"href":"https:\/\/teaeye.pl\/uk\/wp-json\/wp\/v2\/product_tag?post=14582"}],"curies":[{"name":"wp","href":"https:\/\/api.w.org\/{rel}","templated":true}]}}