{"id":15061,"date":"2025-10-10T11:23:22","date_gmt":"2025-10-10T11:23:22","guid":{"rendered":"https:\/\/teaeye.pl\/?post_type=product&#038;p=15061"},"modified":"2026-03-19T23:30:55","modified_gmt":"2026-03-19T23:30:55","slug":"figurka-do-herbaty-pantera","status":"publish","type":"product","link":"https:\/\/teaeye.pl\/uk\/product\/figurka-do-herbaty-pantera\/","title":{"rendered":"\u0427\u0430\u0439\u043d\u0430 \u0444\u0456\u0433\u0443\u0440\u043a\u0430 \u00ab\u041f\u0430\u043d\u0442\u0435\u0440\u0430\u00bb"},"content":{"rendered":"<h1>Figurka do herbaty Pantera \u2013 efektowna ozdoba zmieniaj\u0105ca kolor<\/h1>\n<p>Figurka do herbaty Pantera to wyj\u0105tkowy element wyposa\u017cenia dla mi\u0142o\u015bnik\u00f3w ceremonii herbacianej. Jej dynamiczna, drapie\u017cna forma przyci\u0105ga wzrok i dodaje charakteru ka\u017cdej sesji parzenia herbaty.<\/p>\n<p>Najwi\u0119ksz\u0105 atrakcj\u0105 tej figurki jest efekt wizualny \u2013 pod wp\u0142ywem gor\u0105cej wody <strong>zmienia kolor<\/strong>, co sprawia, \u017ce ka\u017cda sesja herbaciana staje si\u0119 bardziej interaktywna i ciekawa.<\/p>\n<p><a href=\"https:\/\/teaeye.pl\/wp-content\/uploads\/2025\/10\/figurka-do-herbaty-pantera2.jpg\"><img fetchpriority=\"high\" decoding=\"async\" class=\"alignnone  wp-image-18249\" src=\"https:\/\/teaeye.pl\/wp-content\/uploads\/2025\/10\/figurka-do-herbaty-pantera2-300x219.jpg\" alt=\"\u0427\u0430\u0439\u043d\u0430 \u0444\u0456\u0433\u0443\u0440\u043a\u0430 \u00ab\u041f\u0430\u043d\u0442\u0435\u0440\u0430\u00bb\" width=\"552\" height=\"403\" srcset=\"https:\/\/teaeye.pl\/wp-content\/uploads\/2025\/10\/figurka-do-herbaty-pantera2-300x219.jpg 300w, https:\/\/teaeye.pl\/wp-content\/uploads\/2025\/10\/figurka-do-herbaty-pantera2-1024x748.jpg 1024w, https:\/\/teaeye.pl\/wp-content\/uploads\/2025\/10\/figurka-do-herbaty-pantera2-768x561.jpg 768w, https:\/\/teaeye.pl\/wp-content\/uploads\/2025\/10\/figurka-do-herbaty-pantera2-1536x1122.jpg 1536w, https:\/\/teaeye.pl\/wp-content\/uploads\/2025\/10\/figurka-do-herbaty-pantera2-16x12.jpg 16w, https:\/\/teaeye.pl\/wp-content\/uploads\/2025\/10\/figurka-do-herbaty-pantera2-600x438.jpg 600w, https:\/\/teaeye.pl\/wp-content\/uploads\/2025\/10\/figurka-do-herbaty-pantera2-850x621.jpg 850w, https:\/\/teaeye.pl\/wp-content\/uploads\/2025\/10\/figurka-do-herbaty-pantera2.jpg 1867w\" sizes=\"(max-width: 552px) 100vw, 552px\" \/><\/a><\/p>\n<h2>Figurka do herbaty Pantera \u2013 funkcja i zastosowanie<\/h2>\n<p>Figurki herbaciane s\u0105 tradycyjnie u\u017cywane podczas parzenia herbaty metod\u0105 <a href=\"https:\/\/en.wikipedia.org\/wiki\/Gongfu_tea\" target=\"_blank\" rel=\"noopener noreferrer\">\u0433\u0443\u043d\u0444\u0443 \u0447\u0430<\/a>. Polewa si\u0119 je wod\u0105 lub pierwszym naparem, co symbolicznie \u201eo\u017cywia\u201d figurk\u0119 i buduje atmosfer\u0119 rytua\u0142u.<\/p>\n<p>Pantera wyr\u00f3\u017cnia si\u0119 nie tylko wygl\u0105dem, ale tak\u017ce funkcj\u0105 \u2013 reaguje na temperatur\u0119, zmieniaj\u0105c kolor pod wp\u0142ywem wrz\u0105tku. To nowoczesne podej\u015bcie do tradycyjnej figurki herbacianej.<\/p>\n<p>\u041f\u0435\u0440\u0435\u0433\u043b\u044f\u043d\u044c\u0442\u0435 \u0442\u0430\u043a\u043e\u0436 \u0456\u043d\u0448\u0456 <a href=\"https:\/\/teaeye.pl\/uk\/product-category\/akcesoria\/figurki\/\">figurki do herbaty<\/a> dost\u0119pne w Tea Eye.<\/p>\n<h2>Design i wra\u017cenia<\/h2>\n<p>Smuk\u0142a sylwetka pantery symbolizuje si\u0142\u0119, czujno\u015b\u0107 i elegancj\u0119. Detale wykonania oraz po\u0142ysk powierzchni nadaj\u0105 jej nowoczesny, lekko luksusowy charakter.<\/p>\n<p>To idealny dodatek dla os\u00f3b, kt\u00f3re chc\u0105 wyr\u00f3\u017cni\u0107 swoj\u0105 przestrze\u0144 do picia herbaty i nada\u0107 jej indywidualny styl. Figurka \u015bwietnie sprawdzi si\u0119 tak\u017ce jako oryginalny prezent dla mi\u0142o\u015bnik\u00f3w herbaty.<\/p>\n<p>Figurka do herbaty Pantera to po\u0142\u0105czenie tradycji i nowoczesno\u015bci \u2013 klasycznej funkcji i efektu wizualnego, kt\u00f3ry naprawd\u0119 robi wra\u017cenie.<\/p>","protected":false},"excerpt":{"rendered":"<p>Figurka do herbaty Pantera to wyj\u0105tkowa ozdoba do ceremonii herbacianej, kt\u00f3ra <strong data-start=\"398\" data-end=\"435\">zmienia kolor pod wp\u0142ywem wrz\u0105tku<\/strong>. Dynamiczna forma i efektowny wygl\u0105d sprawiaj\u0105, \u017ce przyci\u0105ga uwag\u0119 i o\u017cywia ka\u017cd\u0105 sesj\u0119 gongfu cha. Idealna dla os\u00f3b, kt\u00f3re chc\u0105 doda\u0107 charakteru swojemu rytua\u0142owi picia herbaty.<\/p>","protected":false},"featured_media":18248,"comment_status":"open","ping_status":"closed","template":"","meta":[],"product_cat":[129,132],"product_tag":[],"class_list":{"0":"post-15061","1":"product","2":"type-product","3":"status-publish","4":"has-post-thumbnail","6":"product_cat-akcesoria","7":"product_cat-figurki","9":"first","10":"instock","11":"shipping-taxable","12":"purchasable","13":"product-type-simple"},"aioseo_notices":[],"_links":{"self":[{"href":"https:\/\/teaeye.pl\/uk\/wp-json\/wp\/v2\/product\/15061","targetHints":{"allow":["GET"]}}],"collection":[{"href":"https:\/\/teaeye.pl\/uk\/wp-json\/wp\/v2\/product"}],"about":[{"href":"https:\/\/teaeye.pl\/uk\/wp-json\/wp\/v2\/types\/product"}],"replies":[{"embeddable":true,"href":"https:\/\/teaeye.pl\/uk\/wp-json\/wp\/v2\/comments?post=15061"}],"version-history":[{"count":4,"href":"https:\/\/teaeye.pl\/uk\/wp-json\/wp\/v2\/product\/15061\/revisions"}],"predecessor-version":[{"id":18251,"href":"https:\/\/teaeye.pl\/uk\/wp-json\/wp\/v2\/product\/15061\/revisions\/18251"}],"wp:featuredmedia":[{"embeddable":true,"href":"https:\/\/teaeye.pl\/uk\/wp-json\/wp\/v2\/media\/18248"}],"wp:attachment":[{"href":"https:\/\/teaeye.pl\/uk\/wp-json\/wp\/v2\/media?parent=15061"}],"wp:term":[{"taxonomy":"product_cat","embeddable":true,"href":"https:\/\/teaeye.pl\/uk\/wp-json\/wp\/v2\/product_cat?post=15061"},{"taxonomy":"product_tag","embeddable":true,"href":"https:\/\/teaeye.pl\/uk\/wp-json\/wp\/v2\/product_tag?post=15061"}],"curies":[{"name":"wp","href":"https:\/\/api.w.org\/{rel}","templated":true}]}}