{"id":15175,"date":"2025-10-16T13:42:23","date_gmt":"2025-10-16T13:42:23","guid":{"rendered":"https:\/\/teaeye.pl\/?post_type=product&#038;p=15175"},"modified":"2026-02-02T09:10:22","modified_gmt":"2026-02-02T09:10:22","slug":"chapan-temple","status":"publish","type":"product","link":"https:\/\/teaeye.pl\/uk\/product\/chapan-temple\/","title":{"rendered":"\u0427\u0430\u0431\u0430\u043d\u044c \u00ab\u0425\u0440\u0430\u043c\u00bb"},"content":{"rendered":"<h1>\u0427\u0430\u0431\u0430\u043d\u044c \u00ab\u0425\u0440\u0430\u043c\u00bb 49,5\u00d734\u00d76,5 \u2013 \u0432\u0435\u043b\u0438\u043a\u0430 \u0431\u0430\u043c\u0431\u0443\u043a\u043e\u0432\u0430 \u043f\u0456\u0434\u0441\u0442\u0430\u0432\u043a\u0430 \u0434\u043b\u044f \u0433\u0443\u043d\u0444\u0443-\u0447\u0430<\/h1>\n<p><strong>\u0427\u0430\u0431\u0430\u043d\u044c \u00ab\u0425\u0440\u0430\u043c\u00bb<\/strong> to solidna podstawka do parzenia herbaty. Wykonana jest z bambusa i ma wyjmowan\u0105 plastikow\u0105 tac\u0119. Du\u017ce wymiary daj\u0105 wygod\u0119 podczas ceremonii gongfu cha. To praktyczne akcesorium do codziennego u\u017cytku w domu i w herbaciarni.<\/p>\n<p><a href=\"https:\/\/teaeye.pl\/wp-content\/uploads\/2025\/10\/Czaban-\u201eTemple-1.jpg\"><img fetchpriority=\"high\" decoding=\"async\" class=\"alignnone wp-image-15176\" src=\"https:\/\/teaeye.pl\/wp-content\/uploads\/2025\/10\/Czaban-\u201eTemple-1-300x219.jpg\" alt=\"\u0427\u0430\u0431\u0430\u043d\u044c \" width=\"551\" height=\"402\" srcset=\"https:\/\/teaeye.pl\/wp-content\/uploads\/2025\/10\/Czaban-\u201eTemple-1-300x219.jpg 300w, https:\/\/teaeye.pl\/wp-content\/uploads\/2025\/10\/Czaban-\u201eTemple-1-1024x748.jpg 1024w, https:\/\/teaeye.pl\/wp-content\/uploads\/2025\/10\/Czaban-\u201eTemple-1-768x561.jpg 768w, https:\/\/teaeye.pl\/wp-content\/uploads\/2025\/10\/Czaban-\u201eTemple-1-1536x1122.jpg 1536w, https:\/\/teaeye.pl\/wp-content\/uploads\/2025\/10\/Czaban-\u201eTemple-1-16x12.jpg 16w, https:\/\/teaeye.pl\/wp-content\/uploads\/2025\/10\/Czaban-\u201eTemple-1-600x438.jpg 600w, https:\/\/teaeye.pl\/wp-content\/uploads\/2025\/10\/Czaban-\u201eTemple-1-850x621.jpg 850w, https:\/\/teaeye.pl\/wp-content\/uploads\/2025\/10\/Czaban-\u201eTemple-1.jpg 2048w\" sizes=\"(max-width: 551px) 100vw, 551px\" \/><\/a><\/p>\n<h2>\u041c\u0430\u0442\u0435\u0440\u0456\u0430\u043b \u0456 \u0432\u0438\u043a\u043e\u043d\u0430\u043d\u043d\u044f<\/h2>\n<p>\u0412\u0435\u0440\u0445\u043d\u044f \u0447\u0430\u0441\u0442\u0438\u043d\u0430 \u0432\u0438\u0433\u043e\u0442\u043e\u0432\u043b\u0435\u043d\u0430 \u0437 \u043d\u0430\u0442\u0443\u0440\u0430\u043b\u044c\u043d\u043e\u0433\u043e \u0431\u0430\u043c\u0431\u0443\u043a\u0430. \u041f\u0440\u043e\u0440\u0456\u0437\u0438 \u0432 \u043a\u0440\u0438\u0448\u0446\u0456 \u0434\u043e\u0437\u0432\u043e\u043b\u044f\u044e\u0442\u044c \u0432\u043e\u0434\u0456 \u0441\u0442\u0456\u043a\u0430\u0442\u0438 \u0434\u043e \u043f\u043b\u0430\u0441\u0442\u0438\u043a\u043e\u0432\u043e\u0433\u043e \u043f\u0456\u0434\u0434\u043e\u043d\u0430. \u0411\u0430\u043c\u0431\u0443\u043a \u043c\u0430\u0454 \u0442\u0435\u043c\u043d\u0438\u0439 \u043a\u043e\u043b\u0456\u0440 \u0456 \u0432\u0438\u0440\u0430\u0437\u043d\u0443 \u0444\u0430\u043a\u0442\u0443\u0440\u0443, \u0449\u043e \u043f\u0456\u0434\u043a\u0440\u0435\u0441\u043b\u044e\u0454 \u0435\u043b\u0435\u0433\u0430\u043d\u0442\u043d\u0456\u0441\u0442\u044c. \u041f\u0456\u0434\u0434\u043e\u043d \u0437\u043d\u0438\u0437\u0443 \u043b\u0435\u0433\u043a\u0438\u0439 \u0456 \u0437\u0440\u0443\u0447\u043d\u0438\u0439 \u0443 \u0432\u0438\u0439\u043c\u0430\u043d\u043d\u0456. \u0417\u0430\u0432\u0434\u044f\u043a\u0438 \u0446\u044c\u043e\u043c\u0443 \u043e\u0447\u0438\u0449\u0435\u043d\u043d\u044f \u0437\u0430\u0439\u043c\u0430\u0454 \u043d\u0435\u0431\u0430\u0433\u0430\u0442\u043e \u0447\u0430\u0441\u0443.<\/p>\n<p>\u041f\u043e\u0454\u0434\u043d\u0430\u043d\u043d\u044f \u0431\u0430\u043c\u0431\u0443\u043a\u0430 \u0442\u0430 \u043f\u043b\u0430\u0441\u0442\u0438\u043a\u0443 \u0440\u043e\u0431\u0438\u0442\u044c \u0430\u043a\u0441\u0435\u0441\u0443\u0430\u0440 \u043c\u0456\u0446\u043d\u0438\u043c \u0456 \u0437\u0440\u0443\u0447\u043d\u0438\u043c \u0443 \u0432\u0438\u043a\u043e\u0440\u0438\u0441\u0442\u0430\u043d\u043d\u0456. \u0411\u0430\u043c\u0431\u0443\u043a \u043d\u0430\u0434\u0430\u0454 \u0435\u0441\u0442\u0435\u0442\u0438\u0447\u043d\u043e\u0433\u043e \u0432\u0438\u0433\u043b\u044f\u0434\u0443, \u0430 \u043f\u043b\u0430\u0441\u0442\u0438\u043a\u043e\u0432\u0438\u0439 \u043f\u0456\u0434\u0434\u043e\u043d \u043f\u0456\u0434\u0432\u0438\u0449\u0443\u0454 \u0444\u0443\u043d\u043a\u0446\u0456\u043e\u043d\u0430\u043b\u044c\u043d\u0456\u0441\u0442\u044c. \u0422\u0430\u043a\u0435 \u0440\u0456\u0448\u0435\u043d\u043d\u044f \u0434\u043e\u0431\u0440\u0435 \u043f\u0456\u0434\u0445\u043e\u0434\u0438\u0442\u044c \u044f\u043a \u0434\u043b\u044f \u0449\u043e\u0434\u0435\u043d\u043d\u043e\u0433\u043e \u0437\u0430\u0432\u0430\u0440\u044e\u0432\u0430\u043d\u043d\u044f, \u0442\u0430\u043a \u0456 \u0434\u043b\u044f \u0442\u0440\u0438\u0432\u0430\u043b\u0438\u0445 \u0447\u0430\u0439\u043d\u0438\u0445 \u0441\u0435\u0441\u0456\u0439.<\/p>\n<p><a href=\"https:\/\/teaeye.pl\/wp-content\/uploads\/2025\/10\/Czaban-\u201eTemple-3.jpg\"><img decoding=\"async\" class=\"alignnone wp-image-15178\" src=\"https:\/\/teaeye.pl\/wp-content\/uploads\/2025\/10\/Czaban-\u201eTemple-3-300x219.jpg\" alt=\"\u0427\u0430\u0431\u0430\u043d\u044c\" width=\"551\" height=\"402\" srcset=\"https:\/\/teaeye.pl\/wp-content\/uploads\/2025\/10\/Czaban-\u201eTemple-3-300x219.jpg 300w, https:\/\/teaeye.pl\/wp-content\/uploads\/2025\/10\/Czaban-\u201eTemple-3-1024x749.jpg 1024w, https:\/\/teaeye.pl\/wp-content\/uploads\/2025\/10\/Czaban-\u201eTemple-3-768x561.jpg 768w, https:\/\/teaeye.pl\/wp-content\/uploads\/2025\/10\/Czaban-\u201eTemple-3-1536x1123.jpg 1536w, https:\/\/teaeye.pl\/wp-content\/uploads\/2025\/10\/Czaban-\u201eTemple-3-16x12.jpg 16w, https:\/\/teaeye.pl\/wp-content\/uploads\/2025\/10\/Czaban-\u201eTemple-3-600x439.jpg 600w, https:\/\/teaeye.pl\/wp-content\/uploads\/2025\/10\/Czaban-\u201eTemple-3-850x621.jpg 850w, https:\/\/teaeye.pl\/wp-content\/uploads\/2025\/10\/Czaban-\u201eTemple-3.jpg 2048w\" sizes=\"(max-width: 551px) 100vw, 551px\" \/><\/a><\/p>\n<h3>\u0427\u043e\u043c\u0443 \u0432\u0430\u0440\u0442\u043e \u043e\u0431\u0440\u0430\u0442\u0438 \u0447\u0430\u0431\u0430\u043d\u044c \u00ab\u0425\u0440\u0430\u043c\u00bb?<\/h3>\n<p>\u0420\u043e\u0437\u043c\u0456\u0440\u0438 49,5 \u00d7 34 \u00d7 6,5 \u0441\u043c \u043f\u0440\u043e\u043f\u043e\u043d\u0443\u044e\u0442\u044c \u0431\u0430\u0433\u0430\u0442\u043e \u043c\u0456\u0441\u0446\u044f. \u041c\u043e\u0436\u043d\u0430 \u0440\u043e\u0437\u0442\u0430\u0448\u0443\u0432\u0430\u0442\u0438 \u0447\u0430\u0439\u043d\u0438\u043a, <a href=\"https:\/\/teaeye.pl\/uk\/product-category\/akcesoria\/naczynia\/gaiwany\/\">\u0433\u0430\u0439\u0432\u0430\u043d\u044c<\/a>\u0447\u0430\u0440\u043a\u0438 \u0442\u0430 \u0456\u043d\u0448\u0456 \u0430\u043a\u0441\u0435\u0441\u0443\u0430\u0440\u0438. \u0412\u0435\u043b\u0438\u043a\u0430 \u043f\u043e\u0432\u0435\u0440\u0445\u043d\u044f \u0434\u0430\u0454 \u0437\u043c\u043e\u0433\u0443 \u0437\u0440\u0443\u0447\u043d\u043e \u0433\u043e\u0442\u0443\u0432\u0430\u0442\u0438 \u0447\u0430\u0439. \u0426\u0435 \u0445\u043e\u0440\u043e\u0448\u0438\u0439 \u0432\u0438\u0431\u0456\u0440 \u0434\u043b\u044f \u0434\u043e\u043c\u0443, \u043e\u0444\u0456\u0441\u0443 \u0430\u0431\u043e \u0447\u0430\u0439\u043d\u043e\u0457. \u0427\u0443\u0434\u043e\u0432\u043e \u043f\u0456\u0434\u0445\u043e\u0434\u0438\u0442\u044c \u0434\u043b\u044f \u0437\u0430\u0432\u0430\u0440\u044e\u0432\u0430\u043d\u043d\u044f <a href=\"https:\/\/teaeye.pl\/uk\/product-category\/%d0%bf%d1%83%d0%b5%d1%80\/shu-puer\/\">\u0448\u0443 \u043f\u0443\u0435\u0440\u0443<\/a>\u0420\u043e\u0437\u043c\u0456\u0440\u0438 49,5 \u00d7 34 \u00d7 6,5 \u0441\u043c \u043f\u0440\u043e\u043f\u043e\u043d\u0443\u044e\u0442\u044c \u0431\u0430\u0433\u0430\u0442\u043e \u043c\u0456\u0441\u0446\u044f. \u041c\u043e\u0436\u043d\u0430 \u0440\u043e\u0437\u0442\u0430\u0448\u0443\u0432\u0430\u0442\u0438 \u0447\u0430\u0439\u043d\u0438\u043a, \u0447\u0430\u0440\u043a\u0438 \u0442\u0430 \u0456\u043d\u0448\u0456 \u0430\u043a\u0441\u0435\u0441\u0443\u0430\u0440\u0438. \u0412\u0435\u043b\u0438\u043a\u0430 \u043f\u043e\u0432\u0435\u0440\u0445\u043d\u044f \u0434\u0430\u0454 \u0437\u043c\u043e\u0433\u0443 \u0437\u0440\u0443\u0447\u043d\u043e \u0433\u043e\u0442\u0443\u0432\u0430\u0442\u0438 \u0447\u0430\u0439. \u0426\u0435 \u0445\u043e\u0440\u043e\u0448\u0438\u0439 \u0432\u0438\u0431\u0456\u0440 \u0434\u043b\u044f \u0434\u043e\u043c\u0443, \u043e\u0444\u0456\u0441\u0443 \u0430\u0431\u043e \u0447\u0430\u0439\u043d\u043e\u0457. \u0427\u0443\u0434\u043e\u0432\u043e \u043f\u0456\u0434\u0445\u043e\u0434\u0438\u0442\u044c \u0434\u043b\u044f \u0437\u0430\u0432\u0430\u0440\u044e\u0432\u0430\u043d\u043d\u044f \u043f\u0443\u0435\u0440\u0443, \u0443\u043b\u0443\u043d\u0456\u0432 \u0442\u0430 \u0456\u043d\u0448\u0438\u0445 \u043a\u0438\u0442\u0430\u0439\u0441\u044c\u043a\u0438\u0445 \u0447\u0430\u0457\u0432.<\/p>\n<p>Chapan \u201eTemple\u201d jest praktyczny tak\u017ce w ma\u0142ych przestrzeniach. Pozwala utrzyma\u0107 porz\u0105dek podczas parzenia i chroni blat przed wod\u0105. Dzi\u0119ki temu ka\u017cde spotkanie przy herbacie przebiega wygodniej i w bardziej estetyczny spos\u00f3b.<\/p>\n<h3>\u0417\u043d\u0430\u0447\u0435\u043d\u043d\u044f \u0432 \u0442\u0440\u0430\u0434\u0438\u0446\u0456\u0457 \u0433\u0443\u043d\u0444\u0443-\u0447\u0430<\/h3>\n<p>\u0423 \u043a\u0438\u0442\u0430\u0439\u0441\u044c\u043a\u0456\u0439 \u043a\u0443\u043b\u044c\u0442\u0443\u0440\u0456 \u0447\u0430\u0439 \u2014 \u0446\u0435 \u0447\u0430\u0441\u0442\u0438\u043d\u0430 \u0442\u0440\u0430\u0434\u0438\u0446\u0456\u0457 \u0442\u0430 \u043f\u043e\u0432\u0441\u044f\u043a\u0434\u0435\u043d\u043d\u043e\u0433\u043e \u0436\u0438\u0442\u0442\u044f. <a href=\"https:\/\/en.wikipedia.org\/wiki\/Gongfu_tea\" target=\"_blank\" rel=\"noopener\">\u0413\u0443\u043d\u0444\u0443 \u0447\u0430<\/a> \u043f\u043e\u0442\u0440\u0435\u0431\u0443\u0454 \u043f\u043e\u0440\u044f\u0434\u043a\u0443 \u0439 \u0435\u0441\u0442\u0435\u0442\u0438\u043a\u0438. \u0427\u0430\u0431\u0430\u043d\u044c \u0434\u043e\u0437\u0432\u043e\u043b\u044f\u0454 \u0437\u0431\u0435\u0440\u0456\u0433\u0430\u0442\u0438 \u0447\u0438\u0441\u0442\u043e\u0442\u0443 \u0442\u0430 \u0437\u0440\u0443\u0447\u043d\u0456\u0441\u0442\u044c. \u0426\u0435 \u0432\u0430\u0436\u043b\u0438\u0432\u0438\u0439 \u0435\u043b\u0435\u043c\u0435\u043d\u0442 \u043d\u0430\u0431\u043e\u0440\u0443 \u0434\u043b\u044f \u0437\u0430\u0432\u0430\u0440\u044e\u0432\u0430\u043d\u043d\u044f, \u044f\u043a\u0438\u0439 \u043f\u0456\u0434\u043a\u0440\u0435\u0441\u043b\u044e\u0454 \u0445\u0430\u0440\u0430\u043a\u0442\u0435\u0440 \u0447\u0430\u0439\u043d\u0438\u0445 \u0437\u0443\u0441\u0442\u0440\u0456\u0447\u0435\u0439.<\/p>\n<p>\u0428\u0443\u043a\u0430\u0454\u0442\u0435 \u043f\u043e\u0434\u0456\u0431\u043d\u0456 \u0430\u043a\u0441\u0435\u0441\u0443\u0430\u0440\u0438? \u041f\u0435\u0440\u0435\u0433\u043b\u044f\u043d\u044c\u0442\u0435 \u0432\u0441\u0456 <a href=\"https:\/\/teaeye.pl\/uk\/product-category\/akcesoria\/naczynia\/chapan\/\">\u0427\u0430\u0431\u0430\u043d\u044c<\/a> \u0443 TEA EYE.<\/p>\n<p>\u0427\u0430\u0431\u0430\u043d\u044c \u00ab\u0425\u0440\u0430\u043c\u00bb \u2014 \u0446\u0435 \u043d\u0435 \u043b\u0438\u0448\u0435 \u043f\u0440\u0430\u043a\u0442\u0438\u0447\u043d\u0438\u0439 \u0430\u043a\u0441\u0435\u0441\u0443\u0430\u0440, \u0430 \u0439 \u0435\u043b\u0435\u043c\u0435\u043d\u0442, \u044f\u043a\u0438\u0439 \u043f\u0456\u0434\u043a\u0440\u0435\u0441\u043b\u044e\u0454 \u0430\u0442\u043c\u043e\u0441\u0444\u0435\u0440\u0443 \u0437\u0443\u0441\u0442\u0440\u0456\u0447\u0435\u0439 \u0437\u0430 \u0447\u0430\u0454\u043c. \u042f\u043a\u0449\u043e \u0432\u0438 \u0445\u043e\u0447\u0435\u0442\u0435 \u043a\u0443\u043f\u0438\u0442\u0438 <strong>\u0430\u043a\u0441\u0435\u0441\u0443\u0430\u0440\u0438 \u0434\u043b\u044f \u0447\u0430\u0439\u043d\u0438\u0445 \u0446\u0435\u0440\u0435\u043c\u043e\u043d\u0456\u0439 \u0443 \u0412\u0430\u0440\u0448\u0430\u0432\u0456<\/strong> \u0430\u0431\u043e <strong>\u043f\u043e\u0441\u0443\u0434 \u0434\u043b\u044f \u0433\u0443\u043d\u0444\u0443-\u0447\u0430 \u0432 \u041f\u043e\u043b\u044c\u0449\u0456<\/strong>\u0437\u0430\u0432\u0456\u0442\u0430\u0439\u0442\u0435 \u0434\u043e \u043d\u0430\u0448\u043e\u0433\u043e \u043c\u0430\u0433\u0430\u0437\u0438\u043d\u0443 TEA EYE \u0430\u0431\u043e \u043e\u0444\u043e\u0440\u043c\u0456\u0442\u044c \u0437\u0430\u043c\u043e\u0432\u043b\u0435\u043d\u043d\u044f \u043e\u043d\u043b\u0430\u0439\u043d. \u0417\u0430\u0432\u0434\u044f\u043a\u0438 \u0432\u0435\u043b\u0438\u043a\u0438\u043c \u0440\u043e\u0437\u043c\u0456\u0440\u0430\u043c \u0456 \u043d\u0430\u0434\u0456\u0439\u043d\u043e\u043c\u0443 \u0432\u0438\u043a\u043e\u043d\u0430\u043d\u043d\u044e \u0447\u0430\u0431\u0430\u043d\u044c \u00ab\u0425\u0440\u0430\u043c\u00bb \u0442\u0430\u043a\u043e\u0436 \u043f\u0456\u0434\u0456\u0439\u0434\u0435 \u044f\u043a <strong>\u0441\u0442\u043e\u043b\u0438\u043a \u0434\u043b\u044f \u0447\u0430\u0439\u043d\u0438\u0445 \u0446\u0435\u0440\u0435\u043c\u043e\u043d\u0456\u0439<\/strong>\u043f\u043e\u0454\u0434\u043d\u0443\u044e\u0447\u0438 \u0435\u0441\u0442\u0435\u0442\u0438\u043a\u0443 \u0437 \u0444\u0443\u043d\u043a\u0446\u0456\u043e\u043d\u0430\u043b\u044c\u043d\u0456\u0441\u0442\u044e.<\/p>","protected":false},"excerpt":{"rendered":"<p>\u0427\u0430\u0431\u0430\u043d\u044c \u00ab\u0425\u0440\u0430\u043c\u00bb (49,5 \u00d7 34 \u00d7 6,5 \u0441\u043c) \u2014 \u043c\u0430\u0441\u0438\u0432\u043d\u0430 \u043f\u0456\u0434\u0441\u0442\u0430\u0432\u043a\u0430 \u0437 \u043d\u0430\u0442\u0443\u0440\u0430\u043b\u044c\u043d\u043e\u0433\u043e \u0431\u0430\u043c\u0431\u0443\u043a\u0430 \u0437 \u043f\u043b\u0430\u0441\u0442\u0438\u043a\u043e\u0432\u0438\u043c \u043f\u0456\u0434\u0434\u043e\u043d\u043e\u043c. \u041c\u0456\u0446\u043d\u0430, \u0435\u043b\u0435\u0433\u0430\u043d\u0442\u043d\u0430 \u0439 \u043f\u0440\u0430\u043a\u0442\u0438\u0447\u043d\u0430, \u0456\u0434\u0435\u0430\u043b\u044c\u043d\u043e \u043f\u0456\u0434\u0445\u043e\u0434\u0438\u0442\u044c \u0434\u043b\u044f \u0446\u0435\u0440\u0435\u043c\u043e\u043d\u0456\u0457 \u0433\u0443\u043d\u0444\u0443-\u0447\u0430.<\/p>","protected":false},"featured_media":15176,"comment_status":"open","ping_status":"closed","template":"","meta":[],"product_cat":[129,147,130],"product_tag":[],"class_list":{"0":"post-15175","1":"product","2":"type-product","3":"status-publish","4":"has-post-thumbnail","6":"product_cat-akcesoria","7":"product_cat-chapan","8":"product_cat-naczynia","10":"first","11":"outofstock","12":"shipping-taxable","13":"purchasable","14":"product-type-simple"},"aioseo_notices":[],"_links":{"self":[{"href":"https:\/\/teaeye.pl\/uk\/wp-json\/wp\/v2\/product\/15175","targetHints":{"allow":["GET"]}}],"collection":[{"href":"https:\/\/teaeye.pl\/uk\/wp-json\/wp\/v2\/product"}],"about":[{"href":"https:\/\/teaeye.pl\/uk\/wp-json\/wp\/v2\/types\/product"}],"replies":[{"embeddable":true,"href":"https:\/\/teaeye.pl\/uk\/wp-json\/wp\/v2\/comments?post=15175"}],"version-history":[{"count":5,"href":"https:\/\/teaeye.pl\/uk\/wp-json\/wp\/v2\/product\/15175\/revisions"}],"predecessor-version":[{"id":15185,"href":"https:\/\/teaeye.pl\/uk\/wp-json\/wp\/v2\/product\/15175\/revisions\/15185"}],"wp:featuredmedia":[{"embeddable":true,"href":"https:\/\/teaeye.pl\/uk\/wp-json\/wp\/v2\/media\/15176"}],"wp:attachment":[{"href":"https:\/\/teaeye.pl\/uk\/wp-json\/wp\/v2\/media?parent=15175"}],"wp:term":[{"taxonomy":"product_cat","embeddable":true,"href":"https:\/\/teaeye.pl\/uk\/wp-json\/wp\/v2\/product_cat?post=15175"},{"taxonomy":"product_tag","embeddable":true,"href":"https:\/\/teaeye.pl\/uk\/wp-json\/wp\/v2\/product_tag?post=15175"}],"curies":[{"name":"wp","href":"https:\/\/api.w.org\/{rel}","templated":true}]}}