{"id":15200,"date":"2025-10-16T16:01:31","date_gmt":"2025-10-16T16:01:31","guid":{"rendered":"https:\/\/teaeye.pl\/?post_type=product&#038;p=15200"},"modified":"2026-02-23T12:56:13","modified_gmt":"2026-02-23T12:56:13","slug":"czarka-ivory-50-ml","status":"publish","type":"product","link":"https:\/\/teaeye.pl\/uk\/product\/czarka-ivory-50-ml\/","title":{"rendered":"\u041f\u0456\u0430\u043b\u0430 \u00abIvory\u00bb 50 \u043c\u043b"},"content":{"rendered":"<h1>\u041f\u0456\u0430\u043b\u0430 \u00abIvory\u00bb 50 \u043c\u043b \u2013 \u0435\u043b\u0435\u0433\u0430\u043d\u0442\u043d\u0430 \u043f\u043e\u0440\u0446\u0435\u043b\u044f\u043d\u0430 \u0434\u043b\u044f \u0433\u0443\u043d\u0444\u0443 \u0447\u0430<\/h1>\n<p>\u041f\u0456\u0430\u043b\u0430 \u00abIvory\u00bb 50 \u043c\u043b \u2014 \u043a\u043b\u0430\u0441\u0438\u0447\u043d\u0430 \u043f\u043e\u0440\u0446\u0435\u043b\u044f\u043d\u043e\u0432\u0430 \u043f\u043e\u0441\u0443\u0434\u0438\u043d\u0430, \u044f\u043a\u0430 \u043f\u043e\u0454\u0434\u043d\u0443\u0454 \u0435\u0441\u0442\u0435\u0442\u0438\u043a\u0443, \u0444\u0443\u043d\u043a\u0446\u0456\u043e\u043d\u0430\u043b\u044c\u043d\u0456\u0441\u0442\u044c \u0442\u0430 \u0433\u0430\u0440\u043c\u043e\u043d\u0456\u044e. \u041f\u043e\u0440\u0446\u0435\u043b\u044f\u043d\u0430 \u043f\u0440\u043e\u0442\u044f\u0433\u043e\u043c \u0441\u0442\u043e\u043b\u0456\u0442\u044c \u0446\u0456\u043d\u0443\u0454\u0442\u044c\u0441\u044f \u0432 \u043a\u0438\u0442\u0430\u0439\u0441\u044c\u043a\u0456\u0439 \u0447\u0430\u0439\u043d\u0456\u0439 \u043a\u0443\u043b\u044c\u0442\u0443\u0440\u0456 \u0437\u0430 \u0441\u0432\u043e\u044e \u043d\u0435\u0439\u0442\u0440\u0430\u043b\u044c\u043d\u0456\u0441\u0442\u044c \u2014 \u0432\u043e\u043d\u0430 \u043d\u0435 \u0432\u0431\u0438\u0440\u0430\u0454 \u0430\u0440\u043e\u043c\u0430\u0442\u0438 \u0442\u0430 \u0435\u0444\u0456\u0440\u043d\u0456 \u043e\u043b\u0456\u0457, \u0437\u0430\u0432\u0434\u044f\u043a\u0438 \u0447\u043e\u043c\u0443 \u043a\u043e\u0436\u0435\u043d \u0447\u0430\u0439 \u0437\u0431\u0435\u0440\u0456\u0433\u0430\u0454 \u0441\u0432\u0456\u0439 \u0447\u0438\u0441\u0442\u0438\u0439 \u0441\u043c\u0430\u043a. \u041d\u0430 \u0432\u0456\u0434\u043c\u0456\u043d\u0443 \u0432\u0456\u0434 \u043f\u0456\u0430\u043b \u0456\u0437 \u0433\u043b\u0438\u043d\u0438, \u043f\u043e\u0440\u0446\u0435\u043b\u044f\u043d\u0430 \u043d\u0435 \u00ab\u043f\u0430\u043c\u2019\u044f\u0442\u0430\u0454\u00bb \u043f\u043e\u043f\u0435\u0440\u0435\u0434\u043d\u0456 \u043d\u0430\u0441\u0442\u043e\u0457, \u0442\u043e\u043c\u0443 \u0432 \u043d\u0456\u0439 \u043c\u043e\u0436\u043d\u0430 \u0431\u0435\u0437 \u043f\u043e\u0431\u043e\u044e\u0432\u0430\u043d\u044c \u0437\u0430\u0432\u0430\u0440\u044e\u0432\u0430\u0442\u0438 \u0440\u0456\u0437\u043d\u0456 \u0432\u0438\u0434\u0438 \u0447\u0430\u044e \u2014 \u0432\u0456\u0434 \u0441\u0432\u0456\u0436\u0438\u0445 \u0437\u0435\u043b\u0435\u043d\u0438\u0445 \u0442\u0430 \u0431\u0456\u043b\u0438\u0445 \u0434\u043e \u043c\u0456\u0446\u043d\u0456\u0448\u0438\u0445 \u0443\u043b\u0443\u043d\u0456\u0432 \u0456 \u043f\u0443\u0435\u0440\u0456\u0432.<\/p>\n<p><a href=\"https:\/\/teaeye.pl\/wp-content\/uploads\/2025\/10\/czarka-ivory-2.jpg\"><img fetchpriority=\"high\" decoding=\"async\" class=\"alignnone wp-image-15202\" src=\"https:\/\/teaeye.pl\/wp-content\/uploads\/2025\/10\/czarka-ivory-2-300x219.jpg\" alt=\"\u041f\u0456\u0430\u043b\u0430 \u00abIvory\u00bb\" width=\"549\" height=\"401\" srcset=\"https:\/\/teaeye.pl\/wp-content\/uploads\/2025\/10\/czarka-ivory-2-300x219.jpg 300w, https:\/\/teaeye.pl\/wp-content\/uploads\/2025\/10\/czarka-ivory-2-1024x748.jpg 1024w, https:\/\/teaeye.pl\/wp-content\/uploads\/2025\/10\/czarka-ivory-2-768x561.jpg 768w, https:\/\/teaeye.pl\/wp-content\/uploads\/2025\/10\/czarka-ivory-2-1536x1122.jpg 1536w, https:\/\/teaeye.pl\/wp-content\/uploads\/2025\/10\/czarka-ivory-2-16x12.jpg 16w, https:\/\/teaeye.pl\/wp-content\/uploads\/2025\/10\/czarka-ivory-2-600x438.jpg 600w, https:\/\/teaeye.pl\/wp-content\/uploads\/2025\/10\/czarka-ivory-2-850x621.jpg 850w, https:\/\/teaeye.pl\/wp-content\/uploads\/2025\/10\/czarka-ivory-2.jpg 1756w\" sizes=\"(max-width: 549px) 100vw, 549px\" \/><\/a><\/p>\n<h2>\u041d\u0435\u0439\u0442\u0440\u0430\u043b\u044c\u043d\u0456\u0441\u0442\u044c \u0442\u0430 \u0435\u043b\u0435\u0433\u0430\u043d\u0442\u043d\u0456\u0441\u0442\u044c \u043f\u043e\u0440\u0446\u0435\u043b\u044f\u043d\u0438<\/h2>\n<p class=\"translation-block\">\u041f\u043e\u0440\u0446\u0435\u043b\u044f\u043d\u0430, \u0437 \u044f\u043a\u043e\u0457 \u0432\u0438\u0433\u043e\u0442\u043e\u0432\u043b\u0435\u043d\u0430 \u043f\u0456\u0430\u043b\u0430 \u00abIvory\u00bb, \u043f\u0456\u0434\u043a\u0440\u0435\u0441\u043b\u044e\u0454 \u0430\u0432\u0442\u0435\u043d\u0442\u0438\u0447\u043d\u0438\u0439 \u0445\u0430\u0440\u0430\u043a\u0442\u0435\u0440 \u0447\u0430\u044e. \u0421\u0432\u0456\u0442\u043b\u0438\u0439 \u043a\u043e\u043b\u0456\u0440 \u043f\u043e\u0441\u0443\u0434\u0438\u043d\u0438 \u0434\u043e\u0437\u0432\u043e\u043b\u044f\u0454 \u0441\u043f\u043e\u0441\u0442\u0435\u0440\u0456\u0433\u0430\u0442\u0438 \u043f\u0440\u043e\u0437\u043e\u0440\u0456\u0441\u0442\u044c \u043d\u0430\u0441\u0442\u043e\u044e \u0442\u0430 \u0439\u043e\u0433\u043e \u043d\u0456\u0436\u043d\u0456 \u0432\u0456\u0434\u0442\u0456\u043d\u043a\u0438 \u2014 \u0432\u0456\u0434 \u0441\u0432\u0456\u0442\u043b\u043e\u0457 \u0437\u0435\u043b\u0435\u043d\u0456, \u0447\u0435\u0440\u0435\u0437 \u0437\u043e\u043b\u043e\u0442\u0438\u0441\u0442\u0456 \u0442\u043e\u043d\u0438, \u0434\u043e \u0433\u043b\u0438\u0431\u043e\u043a\u043e\u0433\u043e \u0447\u0435\u0440\u0432\u043e\u043d\u043e\u0433\u043e \u043f\u0443\u0435\u0440\u0456\u0432. \u0426\u0435 \u0440\u043e\u0431\u0438\u0442\u044c \u0434\u0435\u0433\u0443\u0441\u0442\u0430\u0446\u0456\u044e \u0431\u0456\u043b\u044c\u0448 \u0443\u0441\u0432\u0456\u0434\u043e\u043c\u043b\u0435\u043d\u043e\u044e \u0456 \u043f\u043e\u0432\u043d\u0456\u0441\u0442\u044e \u043f\u0435\u0440\u0435\u0434\u0430\u0454 \u043a\u0443\u043b\u044c\u0442\u0443\u0440\u0443 <a href=\"https:\/\/en.wikipedia.org\/wiki\/Gongfu_tea_ceremony\" target=\"_blank\" rel=\"noopener\">\u0433\u0443\u043d\u0444\u0443 \u0447\u0430<\/a>. \u0424\u043e\u0440\u043c\u0430 \u043f\u0456\u0430\u043b\u0438 \u0437\u0430\u0431\u0435\u0437\u043f\u0435\u0447\u0443\u0454 \u0437\u0440\u0443\u0447\u043d\u0435 \u0442\u0440\u0438\u043c\u0430\u043d\u043d\u044f \u0442\u0430 \u0434\u043e\u0437\u0432\u043e\u043b\u044f\u0454 \u0437\u043e\u0441\u0435\u0440\u0435\u0434\u0438\u0442\u0438\u0441\u044f \u043d\u0430 \u043a\u043e\u0436\u043d\u043e\u043c\u0443 \u043a\u043e\u0432\u0442\u043a\u0443, \u0440\u043e\u0431\u043b\u044f\u0447\u0438 \u0447\u0430\u044e\u0432\u0430\u043d\u043d\u044f \u0441\u043f\u043e\u043a\u0456\u0439\u043d\u0438\u043c \u0456 \u0443\u0441\u0432\u0456\u0434\u043e\u043c\u043b\u0435\u043d\u0438\u043c \u0440\u0438\u0442\u0443\u0430\u043b\u043e\u043c.<\/p>\n<h2>\u041f\u0456\u0430\u043b\u0430 \u00abIvory\u00bb \u2014 \u043c\u0430\u043b\u0438\u0439 \u043e\u0431\u2019\u0454\u043c, \u0432\u0435\u043b\u0438\u043a\u0435 \u0437\u043d\u0430\u0447\u0435\u043d\u043d\u044f<\/h2>\n<p>\u0425\u043e\u0447\u0430 50 \u043c\u043b \u0437\u0434\u0430\u0454\u0442\u044c\u0441\u044f \u043d\u0435\u0432\u0435\u043b\u0438\u043a\u0438\u043c \u043e\u0431\u2019\u0454\u043c\u043e\u043c, \u0441\u0430\u043c\u0435 \u0442\u0430\u043a\u0438\u0439 \u0440\u043e\u0437\u043c\u0456\u0440 \u0442\u0438\u043f\u043e\u0432\u0438\u0439 \u0434\u043b\u044f \u043a\u0438\u0442\u0430\u0439\u0441\u044c\u043a\u043e\u0457 \u0442\u0440\u0430\u0434\u0438\u0446\u0456\u0457 \u0437\u0430\u0432\u0430\u0440\u044e\u0432\u0430\u043d\u043d\u044f \u0447\u0430\u044e. \u041c\u0430\u043b\u0435\u043d\u044c\u043a\u0456 \u043f\u0456\u0430\u043b\u0438 \u0434\u043e\u0437\u0432\u043e\u043b\u044f\u044e\u0442\u044c \u0431\u0430\u0433\u0430\u0442\u043e\u0440\u0430\u0437\u043e\u0432\u043e \u043f\u043e\u0432\u0442\u043e\u0440\u044e\u0432\u0430\u0442\u0438 \u0437\u0430\u0432\u0430\u0440\u044e\u0432\u0430\u043d\u043d\u044f, \u0432\u0456\u0434\u043a\u0440\u0438\u0432\u0430\u044e\u0447\u0438 \u043d\u043e\u0432\u0456 \u0448\u0430\u0440\u0438 \u0441\u043c\u0430\u043a\u0443 \u0442\u0430 \u0430\u0440\u043e\u043c\u0430\u0442\u0443 \u043e\u0434\u043d\u043e\u0433\u043e \u0439 \u0442\u043e\u0433\u043e \u0441\u0430\u043c\u043e\u0433\u043e \u043d\u0430\u043f\u043e\u044e. \u0423 \u0433\u0443\u043d\u0444\u0443 \u0447\u0430 \u0432\u0430\u0436\u043b\u0438\u0432\u0430 \u043d\u0435 \u043a\u0456\u043b\u044c\u043a\u0456\u0441\u0442\u044c, \u0430 \u0456\u043d\u0442\u0435\u043d\u0441\u0438\u0432\u043d\u0456\u0441\u0442\u044c \u0456 \u0433\u043b\u0438\u0431\u0438\u043d\u0430 \u0434\u043e\u0441\u0432\u0456\u0434\u0443. \u041f\u0456\u0430\u043b\u0430 \u00abIvory\u00bb \u0456\u0434\u0435\u0430\u043b\u044c\u043d\u043e \u0432\u043f\u0438\u0441\u0443\u0454\u0442\u044c\u0441\u044f \u0432 \u0446\u044e \u0444\u0456\u043b\u043e\u0441\u043e\u0444\u0456\u044e, \u043f\u0440\u043e\u043f\u043e\u043d\u0443\u044e\u0447\u0438 \u0431\u0430\u043b\u0430\u043d\u0441 \u043c\u0456\u0436 \u043f\u0440\u0430\u043a\u0442\u0438\u0447\u043d\u0456\u0441\u0442\u044e \u0442\u0430 \u0441\u0438\u043c\u0432\u043e\u043b\u0456\u0447\u043d\u0438\u043c \u0437\u043d\u0430\u0447\u0435\u043d\u043d\u044f\u043c \u043f\u043e\u0441\u0443\u0434\u0438\u043d\u0438.<\/p>\n<p><a href=\"https:\/\/teaeye.pl\/wp-content\/uploads\/2025\/10\/czarka-ivory-1.jpg\"><img decoding=\"async\" class=\"alignnone wp-image-15201\" src=\"https:\/\/teaeye.pl\/wp-content\/uploads\/2025\/10\/czarka-ivory-1-300x219.jpg\" alt=\"\u041f\u0456\u0430\u043b\u0430 \u00abIvory\u00bb\" width=\"551\" height=\"402\" srcset=\"https:\/\/teaeye.pl\/wp-content\/uploads\/2025\/10\/czarka-ivory-1-300x219.jpg 300w, https:\/\/teaeye.pl\/wp-content\/uploads\/2025\/10\/czarka-ivory-1-1024x749.jpg 1024w, https:\/\/teaeye.pl\/wp-content\/uploads\/2025\/10\/czarka-ivory-1-768x561.jpg 768w, https:\/\/teaeye.pl\/wp-content\/uploads\/2025\/10\/czarka-ivory-1-16x12.jpg 16w, https:\/\/teaeye.pl\/wp-content\/uploads\/2025\/10\/czarka-ivory-1-600x439.jpg 600w, https:\/\/teaeye.pl\/wp-content\/uploads\/2025\/10\/czarka-ivory-1-850x621.jpg 850w, https:\/\/teaeye.pl\/wp-content\/uploads\/2025\/10\/czarka-ivory-1.jpg 1532w\" sizes=\"(max-width: 551px) 100vw, 551px\" \/><\/a><\/p>\n<h2>\u041d\u0430\u0431\u0456\u0440 \u00abIvory\u00bb \u2014 \u0433\u0430\u0440\u043c\u043e\u043d\u0456\u044f \u0443 \u0434\u0435\u0442\u0430\u043b\u044f\u0445<\/h2>\n<p class=\"translation-block\">\u0426\u044f \u043f\u0456\u0430\u043b\u0430 \u0454 \u0447\u0430\u0441\u0442\u0438\u043d\u043e\u044e \u0431\u0456\u043b\u044c\u0448\u043e\u0433\u043e \u043f\u043e\u0440\u0446\u0435\u043b\u044f\u043d\u043e\u0432\u043e\u0433\u043e \u043d\u0430\u0431\u043e\u0440\u0443, \u0434\u043e \u044f\u043a\u043e\u0433\u043e \u0442\u0430\u043a\u043e\u0436 \u0432\u0445\u043e\u0434\u044f\u0442\u044c <a href=\"https:\/\/teaeye.pl\/uk\/%d0%bf%d1%80%d0%be%d0%b4%d1%83%d0%ba%d1%82\/czajnik-ivory-150-ml\/\" target=\"_blank\" rel=\"noopener\">\u0447\u0430\u0439\u043d\u0438\u043a \u00abIvory\u00bb 150 \u043c\u043b<\/a> \u0442\u0430 \u0447\u0430\u0445\u0430\u0439. \u0420\u0430\u0437\u043e\u043c \u0432\u043e\u043d\u0438 \u0443\u0442\u0432\u043e\u0440\u044e\u044e\u0442\u044c \u0446\u0456\u043b\u0456\u0441\u043d\u0438\u0439 \u043a\u043e\u043c\u043f\u043b\u0435\u043a\u0442 \u0430\u043a\u0441\u0435\u0441\u0443\u0430\u0440\u0456\u0432 \u0434\u043b\u044f \u0447\u0430\u0439\u043d\u0438\u0445 \u0446\u0435\u0440\u0435\u043c\u043e\u043d\u0456\u0439, \u044f\u043a\u0438\u0439 \u043f\u0456\u0434\u0456\u0439\u0434\u0435 \u044f\u043a \u0434\u043b\u044f \u0434\u043e\u043c\u0443, \u0442\u0430\u043a \u0456 \u0434\u043b\u044f \u043f\u0440\u043e\u0444\u0435\u0441\u0456\u0439\u043d\u043e\u0457 \u0447\u0430\u0439\u043d\u043e\u0457. \u041c\u0456\u043d\u0456\u043c\u0430\u043b\u0456\u0441\u0442\u0438\u0447\u043d\u0430 \u0435\u0441\u0442\u0435\u0442\u0438\u043a\u0430 \u043d\u0430\u0431\u043e\u0440\u0443 \u043f\u0430\u0441\u0443\u0454 \u0434\u043e \u0431\u0443\u0434\u044c-\u044f\u043a\u043e\u0433\u043e \u0456\u043d\u0442\u0435\u0440\u2019\u0454\u0440\u0443 \u0442\u0430 \u043f\u0456\u0434\u043a\u0440\u0435\u0441\u043b\u044e\u0454 \u043a\u0440\u0430\u0441\u0443 \u0437\u0430\u0432\u0430\u0440\u044e\u0432\u0430\u043d\u043e\u0433\u043e \u043d\u0430\u0441\u0442\u043e\u044e. \u0426\u0435 \u0432\u0456\u0434\u043c\u0456\u043d\u043d\u0430 \u043f\u0440\u043e\u043f\u043e\u0437\u0438\u0446\u0456\u044f \u0434\u043b\u044f \u0442\u0438\u0445, \u0445\u0442\u043e \u0445\u043e\u0447\u0435 \u043f\u0440\u0438\u0434\u0431\u0430\u0442\u0438 \u0430\u043a\u0441\u0435\u0441\u0443\u0430\u0440\u0438 \u0434\u043b\u044f \u0447\u0430\u0439\u043d\u0438\u0445 \u0446\u0435\u0440\u0435\u043c\u043e\u043d\u0456\u0439 \u0443 \u0412\u0430\u0440\u0448\u0430\u0432\u0456 \u0442\u0430 \u043f\u043e \u0432\u0441\u0456\u0439 \u041f\u043e\u043b\u044c\u0449\u0456.<\/p>\n<p>\u0417\u0430\u0432\u0434\u044f\u043a\u0438 \u0441\u0432\u043e\u0457\u0439 \u043c\u0456\u0446\u043d\u043e\u0441\u0442\u0456, \u0441\u0442\u0456\u0439\u043a\u043e\u0441\u0442\u0456 \u0434\u043e \u0437\u0430\u0431\u0440\u0443\u0434\u043d\u0435\u043d\u044c \u0456 \u043b\u0435\u0433\u043a\u043e\u0441\u0442\u0456 \u0432 \u043e\u0447\u0438\u0449\u0435\u043d\u043d\u0456, \u043f\u0456\u0430\u043b\u0430 \u00abIvory\u00bb \u043c\u043e\u0436\u0435 \u0441\u0442\u0430\u0442\u0438 \u043f\u043e\u0441\u0442\u0456\u0439\u043d\u0438\u043c \u0435\u043b\u0435\u043c\u0435\u043d\u0442\u043e\u043c \u0449\u043e\u0434\u0435\u043d\u043d\u0438\u0445 \u0440\u0438\u0442\u0443\u0430\u043b\u0456\u0432. \u0426\u0435 \u043f\u043e\u0441\u0443\u0434\u0438\u043d\u0430 \u043d\u0435 \u043b\u0438\u0448\u0435 \u043f\u0440\u0430\u043a\u0442\u0438\u0447\u043d\u0430, \u0430 \u0439 \u043f\u0440\u0438\u043d\u043e\u0441\u0438\u0442\u044c \u0441\u043f\u043e\u043a\u0456\u0439 \u0442\u0430 \u0435\u043b\u0435\u0433\u0430\u043d\u0442\u043d\u0456\u0441\u0442\u044c \u0443 \u043c\u043e\u043c\u0435\u043d\u0442 \u0447\u0430\u044e\u0432\u0430\u043d\u043d\u044f. \u041e\u0431\u0438\u0440\u0430\u044e\u0447\u0438 \u043f\u043e\u0440\u0446\u0435\u043b\u044f\u043d\u043e\u0432\u0443 \u043f\u0456\u0430\u043b\u0443, \u0432\u0438 \u043e\u0442\u0440\u0438\u043c\u0443\u0454\u0442\u0435 \u0430\u043a\u0441\u0435\u0441\u0443\u0430\u0440, \u044f\u043a\u0438\u0439 \u0441\u043b\u0443\u0436\u0438\u0442\u0438\u043c\u0435 \u0432\u0430\u043c \u0431\u0430\u0433\u0430\u0442\u043e \u0440\u043e\u043a\u0456\u0432 \u0456 \u0434\u043e\u0437\u0432\u043e\u043b\u0438\u0442\u044c \u043f\u043e\u0432\u043d\u0456\u0441\u0442\u044e \u043e\u0446\u0456\u043d\u0438\u0442\u0438 \u0431\u0430\u0433\u0430\u0442\u0441\u0442\u0432\u043e \u0441\u043c\u0430\u043a\u0456\u0432 \u043a\u0438\u0442\u0430\u0439\u0441\u044c\u043a\u043e\u0433\u043e \u0447\u0430\u044e.<\/p>","protected":false},"excerpt":{"rendered":"<p>Czarka \u201eIvory\u201d 50 ml wykonana z wysokiej jako\u015bci porcelany. Neutralny materia\u0142 nie ch\u0142onie aromat\u00f3w, dzi\u0119ki czemu mo\u017cna w niej degustowa\u0107 ka\u017cdy rodzaj herbaty \u2013 od delikatnych zielonych po intensywne puery. Pojemno\u015b\u0107 ok. 50 ml sprawia, \u017ce czarka doskonale pasuje do gongfu cha i codziennych spotka\u0144 przy herbacie.<\/p>","protected":false},"featured_media":15201,"comment_status":"open","ping_status":"closed","template":"","meta":[],"product_cat":[129,138,130],"product_tag":[],"class_list":{"0":"post-15200","1":"product","2":"type-product","3":"status-publish","4":"has-post-thumbnail","6":"product_cat-akcesoria","7":"product_cat-czarki","8":"product_cat-naczynia","10":"first","11":"instock","12":"shipping-taxable","13":"purchasable","14":"product-type-simple"},"aioseo_notices":[],"_links":{"self":[{"href":"https:\/\/teaeye.pl\/uk\/wp-json\/wp\/v2\/product\/15200","targetHints":{"allow":["GET"]}}],"collection":[{"href":"https:\/\/teaeye.pl\/uk\/wp-json\/wp\/v2\/product"}],"about":[{"href":"https:\/\/teaeye.pl\/uk\/wp-json\/wp\/v2\/types\/product"}],"replies":[{"embeddable":true,"href":"https:\/\/teaeye.pl\/uk\/wp-json\/wp\/v2\/comments?post=15200"}],"version-history":[{"count":1,"href":"https:\/\/teaeye.pl\/uk\/wp-json\/wp\/v2\/product\/15200\/revisions"}],"predecessor-version":[{"id":15203,"href":"https:\/\/teaeye.pl\/uk\/wp-json\/wp\/v2\/product\/15200\/revisions\/15203"}],"wp:featuredmedia":[{"embeddable":true,"href":"https:\/\/teaeye.pl\/uk\/wp-json\/wp\/v2\/media\/15201"}],"wp:attachment":[{"href":"https:\/\/teaeye.pl\/uk\/wp-json\/wp\/v2\/media?parent=15200"}],"wp:term":[{"taxonomy":"product_cat","embeddable":true,"href":"https:\/\/teaeye.pl\/uk\/wp-json\/wp\/v2\/product_cat?post=15200"},{"taxonomy":"product_tag","embeddable":true,"href":"https:\/\/teaeye.pl\/uk\/wp-json\/wp\/v2\/product_tag?post=15200"}],"curies":[{"name":"wp","href":"https:\/\/api.w.org\/{rel}","templated":true}]}}