{"id":15451,"date":"2025-10-26T15:40:56","date_gmt":"2025-10-26T15:40:56","guid":{"rendered":"https:\/\/teaeye.pl\/?post_type=product&#038;p=15451"},"modified":"2025-12-27T14:14:37","modified_gmt":"2025-12-27T14:14:37","slug":"gaiwan-shan-ye-130-ml","status":"publish","type":"product","link":"https:\/\/teaeye.pl\/uk\/product\/gaiwan-shan-ye-130-ml\/","title":{"rendered":"Gaiwan &#8222;Shan Ye&#8221; 200 ml"},"content":{"rendered":"<h1>Gaiwan \u201eShan Ye\u201d 200 ml \u2013 tradycyjne naczynie do parzenia herbaty<\/h1>\n<p><strong>Gaiwan \u201eShan Ye\u201d<\/strong> to eleganckie naczynie porcelanowe w kolorze czerni, ozdobione subtelnym wzorem g\u00f3r na pokrywce. Jest to klasyczne wyposa\u017cenie ka\u017cdej ceremonii gongfu cha, kt\u00f3re pozwala wydoby\u0107 pe\u0142ni\u0119 smaku i aromatu z wysokiej jako\u015bci herbaty. Dzi\u0119ki pojemno\u015bci 200 ml sprawdza si\u0119 zar\u00f3wno podczas samotnych degustacji, jak i w ma\u0142ych spotkaniach herbacianych. To naczynie jest praktyczne, trwa\u0142e i jednocze\u015bnie niezwykle estetyczne, dlatego z \u0142atwo\u015bci\u0105 wpisze si\u0119 w ka\u017cd\u0105 kolekcj\u0119 mi\u0142o\u015bnika herbaty.<\/p>\n<p><a href=\"https:\/\/teaeye.pl\/wp-content\/uploads\/2025\/10\/IMG_7860.jpg\"><img fetchpriority=\"high\" decoding=\"async\" class=\"alignnone  wp-image-16941\" src=\"https:\/\/teaeye.pl\/wp-content\/uploads\/2025\/10\/IMG_7860-300x219.jpg\" alt=\"Gaiwan &quot;Shan Ri&quot; 130 ml 2\" width=\"551\" height=\"402\" srcset=\"https:\/\/teaeye.pl\/wp-content\/uploads\/2025\/10\/IMG_7860-300x219.jpg 300w, https:\/\/teaeye.pl\/wp-content\/uploads\/2025\/10\/IMG_7860-1024x748.jpg 1024w, https:\/\/teaeye.pl\/wp-content\/uploads\/2025\/10\/IMG_7860-768x561.jpg 768w, https:\/\/teaeye.pl\/wp-content\/uploads\/2025\/10\/IMG_7860-1536x1122.jpg 1536w, https:\/\/teaeye.pl\/wp-content\/uploads\/2025\/10\/IMG_7860-16x12.jpg 16w, https:\/\/teaeye.pl\/wp-content\/uploads\/2025\/10\/IMG_7860-600x438.jpg 600w, https:\/\/teaeye.pl\/wp-content\/uploads\/2025\/10\/IMG_7860-850x621.jpg 850w, https:\/\/teaeye.pl\/wp-content\/uploads\/2025\/10\/IMG_7860.jpg 2024w\" sizes=\"(max-width: 551px) 100vw, 551px\" \/><\/a><\/p>\n<h2>\u0424\u0443\u043d\u043a\u0446\u0456\u043e\u043d\u0430\u043b\u044c\u043d\u0456\u0441\u0442\u044c \u0456 \u043f\u0440\u0430\u043a\u0442\u0438\u0447\u043d\u0435 \u0437\u0430\u0441\u0442\u043e\u0441\u0443\u0432\u0430\u043d\u043d\u044f<\/h2>\n<p class=\"translation-block\">\u041f\u043e\u0440\u0446\u0435\u043b\u044f\u043d\u043e\u0432\u0430 <em>\u0433\u0430\u0439\u0432\u0430\u043d\u044c<\/em> \u0431\u0443\u043b\u0430 \u0441\u043f\u0440\u043e\u0454\u043a\u0442\u043e\u0432\u0430\u043d\u0430 \u0442\u0430\u043a, \u0449\u043e\u0431 \u043f\u043e\u0454\u0434\u043d\u0443\u0432\u0430\u0442\u0438 \u0437\u0440\u0443\u0447\u043d\u0456\u0441\u0442\u044c \u0456\u0437 \u0442\u0440\u0430\u0434\u0438\u0446\u0456\u0454\u044e. \u041a\u0440\u0438\u0448\u043a\u0430 \u043c\u0430\u0454 \u0437\u0440\u0443\u0447\u043d\u0443 \u0440\u0443\u0447\u043a\u0443, \u044f\u043a\u0430 \u043f\u043e\u043b\u0435\u0433\u0448\u0443\u0454 \u043a\u043e\u043d\u0442\u0440\u043e\u043b\u044c \u043d\u0430\u0434 \u043f\u0440\u043e\u0446\u0435\u0441\u043e\u043c \u0437\u0430\u0432\u0430\u0440\u044e\u0432\u0430\u043d\u043d\u044f \u0442\u0430 \u0437\u0430\u0445\u0438\u0449\u0430\u0454 \u043f\u0430\u043b\u044c\u0446\u0456 \u0432\u0456\u0434 \u0433\u0430\u0440\u044f\u0447\u043e\u0433\u043e. \u0417\u0430\u0432\u0434\u044f\u043a\u0438 \u0446\u044c\u043e\u043c\u0443 \u043f\u043e\u0441\u0443\u0434\u0438\u043d\u0430 \u043a\u043e\u043c\u0444\u043e\u0440\u0442\u043d\u0430 \u0443 \u0432\u0438\u043a\u043e\u0440\u0438\u0441\u0442\u0430\u043d\u043d\u0456 \u043d\u0430\u0432\u0456\u0442\u044c \u0434\u043b\u044f \u043f\u043e\u0447\u0430\u0442\u043a\u0456\u0432\u0446\u0456\u0432. \u0413\u0430\u0439\u0432\u0430\u043d\u044c \u00ab\u0428\u0430\u043d\u044c \u0404\u00bb \u0434\u043e\u0431\u0440\u0435 \u043f\u0456\u0434\u0445\u043e\u0434\u0438\u0442\u044c \u0434\u043b\u044f \u0437\u0430\u0432\u0430\u0440\u044e\u0432\u0430\u043d\u043d\u044f <a href=\"https:\/\/teaeye.pl\/uk\/product-category\/%d0%bf%d1%83%d0%b5%d1%80\/shu-puer\/\" target=\"_self\">\u0448\u0443 \u043f\u0443\u0435\u0440\u0443<\/a>, <a href=\"https:\/\/teaeye.pl\/uk\/product-category\/%d0%bf%d1%83%d0%b5%d1%80\/sheng-puer\/\" target=\"_self\">\u0448\u0435\u043d \u043f\u0443\u0435\u0440\u0443<\/a>, <a href=\"https:\/\/teaeye.pl\/uk\/product-category\/oolong\/jasny\/\" target=\"_self\">\u0443\u043b\u0443\u043d\u0456\u0432<\/a>, \u0430 \u0442\u0430\u043a\u043e\u0436 <a href=\"https:\/\/teaeye.pl\/uk\/product-category\/zielona-herbata\/\" target=\"_self\">\u0437\u0435\u043b\u0435\u043d\u0438\u0445 \u0447\u0430\u0457\u0432<\/a>. \u041f\u043e\u0440\u0446\u0435\u043b\u044f\u043d\u0430 \u043d\u0435 \u0432\u043f\u043b\u0438\u0432\u0430\u0454 \u043d\u0430 \u0441\u043c\u0430\u043a \u043d\u0430\u0441\u0442\u043e\u044e, \u0442\u043e\u043c\u0443 \u0432\u0441\u0456 \u0430\u0440\u043e\u043c\u0430\u0442\u0438\u0447\u043d\u0456 \u043d\u044e\u0430\u043d\u0441\u0438 \u0437\u0430\u043b\u0438\u0448\u0430\u044e\u0442\u044c\u0441\u044f \u0432\u0456\u0434\u0447\u0443\u0442\u043d\u0438\u043c\u0438 \u0442\u0430 \u0447\u0438\u0441\u0442\u0438\u043c\u0438.<\/p>\n<p>\u0426\u044f \u043f\u043e\u0441\u0443\u0434\u0438\u043d\u0430 \u0434\u0430\u0454 \u043f\u043e\u0432\u043d\u0438\u0439 \u043a\u043e\u043d\u0442\u0440\u043e\u043b\u044c \u043d\u0430\u0434 \u0447\u0430\u0441\u043e\u043c \u0456 \u0442\u0435\u043c\u043f\u0435\u0440\u0430\u0442\u0443\u0440\u043e\u044e, \u0449\u043e \u043c\u0430\u0454 \u0432\u0435\u043b\u0438\u043a\u0435 \u0437\u043d\u0430\u0447\u0435\u043d\u043d\u044f \u0443 \u0432\u0438\u043f\u0430\u0434\u043a\u0443 \u0447\u0430\u044e \u043f\u0440\u0435\u043c\u0456\u0443\u043c-\u043a\u043b\u0430\u0441\u0443. \u0423 \u043f\u043e\u0440\u0456\u0432\u043d\u044f\u043d\u043d\u0456 \u0437 \u043a\u043b\u0430\u0441\u0438\u0447\u043d\u0438\u043c \u0447\u0430\u0439\u043d\u0438\u043a\u043e\u043c \u0433\u0430\u0439\u0432\u0430\u043d\u044c \u0434\u043e\u0437\u0432\u043e\u043b\u044f\u0454 \u0448\u0432\u0438\u0434\u0448\u0435 \u0435\u043a\u0441\u043f\u0435\u0440\u0438\u043c\u0435\u043d\u0442\u0443\u0432\u0430\u0442\u0438 \u0437 \u0442\u0440\u0438\u0432\u0430\u043b\u0456\u0441\u0442\u044e \u043d\u0430\u0441\u0442\u043e\u044e\u0432\u0430\u043d\u043d\u044f \u0442\u0430 \u043a\u0456\u043b\u044c\u043a\u0456\u0441\u0442\u044e \u043b\u0438\u0441\u0442\u044f. \u0426\u0435 \u043d\u0435\u0437\u0430\u043c\u0456\u043d\u043d\u0438\u0439 \u0456\u043d\u0441\u0442\u0440\u0443\u043c\u0435\u043d\u0442 \u0434\u043b\u044f \u0442\u0438\u0445, \u0445\u0442\u043e \u0445\u043e\u0447\u0435 \u043f\u043e\u0433\u043b\u0438\u0431\u0438\u0442\u0438 \u0441\u0432\u043e\u0457 \u0437\u043d\u0430\u043d\u043d\u044f \u043f\u0440\u043e \u0447\u0430\u0439\u043d\u0443 \u043a\u0443\u043b\u044c\u0442\u0443\u0440\u0443 \u0442\u0430 \u043a\u0440\u0430\u0449\u0435 \u043f\u0456\u0437\u043d\u0430\u0442\u0438 \u0445\u0430\u0440\u0430\u043a\u0442\u0435\u0440 \u0440\u0456\u0437\u043d\u0438\u0445 \u0441\u043e\u0440\u0442\u0456\u0432.<\/p>\n<p><a href=\"https:\/\/teaeye.pl\/wp-content\/uploads\/2025\/10\/IMG_7861.jpg\"><img decoding=\"async\" class=\"alignnone  wp-image-16942\" src=\"https:\/\/teaeye.pl\/wp-content\/uploads\/2025\/10\/IMG_7861-300x219.jpg\" alt=\"Gaiwan &quot;Shan Ri&quot; 130 ml 2\" width=\"551\" height=\"402\" srcset=\"https:\/\/teaeye.pl\/wp-content\/uploads\/2025\/10\/IMG_7861-300x219.jpg 300w, https:\/\/teaeye.pl\/wp-content\/uploads\/2025\/10\/IMG_7861-1024x748.jpg 1024w, https:\/\/teaeye.pl\/wp-content\/uploads\/2025\/10\/IMG_7861-768x561.jpg 768w, https:\/\/teaeye.pl\/wp-content\/uploads\/2025\/10\/IMG_7861-1536x1123.jpg 1536w, https:\/\/teaeye.pl\/wp-content\/uploads\/2025\/10\/IMG_7861-16x12.jpg 16w, https:\/\/teaeye.pl\/wp-content\/uploads\/2025\/10\/IMG_7861-600x438.jpg 600w, https:\/\/teaeye.pl\/wp-content\/uploads\/2025\/10\/IMG_7861-850x621.jpg 850w, https:\/\/teaeye.pl\/wp-content\/uploads\/2025\/10\/IMG_7861.jpg 2047w\" sizes=\"(max-width: 551px) 100vw, 551px\" \/><\/a><\/p>\n<h2>\u0415\u043b\u0435\u0433\u0430\u043d\u0442\u043d\u0456\u0441\u0442\u044c \u0456 \u0437\u043d\u0430\u0447\u0435\u043d\u043d\u044f \u0432 \u043a\u0443\u043b\u044c\u0442\u0443\u0440\u0456<\/h2>\n<p>\u00abShan Ye\u00bb \u0443 \u0434\u043e\u0441\u043b\u0456\u0432\u043d\u043e\u043c\u0443 \u043f\u0435\u0440\u0435\u043a\u043b\u0430\u0434\u0456 \u043e\u0437\u043d\u0430\u0447\u0430\u0454 \u00ab\u0433\u0456\u0440\u0441\u044c\u043a\u0438\u0439 \u043b\u0438\u0441\u0442\u00bb. \u0414\u0435\u043a\u043e\u0440 \u043d\u0430 \u043a\u0440\u0438\u0448\u0446\u0456 \u0437\u043e\u0431\u0440\u0430\u0436\u0443\u0454 \u0433\u0456\u0440\u0441\u044c\u043a\u0438\u0439 \u0445\u0440\u0435\u0431\u0435\u0442 \u0442\u0430 \u0441\u0438\u043c\u0432\u043e\u043b\u0456\u0447\u043d\u0438\u0445 \u043f\u0442\u0430\u0445\u0456\u0432, \u0449\u043e \u043d\u0430\u0434\u0430\u0454 \u043f\u043e\u0441\u0443\u0434\u0438\u043d\u0456 \u043b\u0435\u0433\u043a\u043e\u0441\u0442\u0456 \u0439 \u043f\u043e\u0435\u0442\u0438\u0447\u043d\u043e\u0433\u043e \u0445\u0430\u0440\u0430\u043a\u0442\u0435\u0440\u0443. \u0427\u043e\u0440\u043d\u0435 \u043c\u0430\u0442\u043e\u0432\u0435 \u043f\u043e\u043a\u0440\u0438\u0442\u0442\u044f \u043a\u043e\u043d\u0442\u0440\u0430\u0441\u0442\u0443\u0454 \u0437\u0456 \u0441\u0432\u0456\u0442\u043b\u0438\u043c \u0432\u043d\u0443\u0442\u0440\u0456\u0448\u043d\u0456\u043c \u043e\u0437\u0434\u043e\u0431\u043b\u0435\u043d\u043d\u044f\u043c, \u0437\u0430\u0432\u0434\u044f\u043a\u0438 \u0447\u043e\u043c\u0443 \u043d\u0430\u0441\u0442\u0456\u0439 \u0433\u0430\u0440\u043d\u043e \u0432\u0438\u0433\u043b\u044f\u0434\u0430\u0454 \u043f\u0456\u0434 \u0447\u0430\u0441 \u043f\u043e\u0434\u0430\u0432\u0430\u043d\u043d\u044f. \u0415\u0441\u0442\u0435\u0442\u0438\u043a\u0430 \u0446\u0456\u0454\u0457 \u043f\u043e\u0441\u0443\u0434\u0438\u043d\u0438 \u043c\u0430\u0454 \u0432\u0435\u043b\u0438\u043a\u0435 \u0437\u043d\u0430\u0447\u0435\u043d\u043d\u044f \u2014 \u0446\u0435\u0440\u0435\u043c\u043e\u043d\u0456\u044f \u0447\u0430\u044e\u0432\u0430\u043d\u043d\u044f \u0441\u0442\u0430\u0454 \u0437 \u043d\u0435\u044e \u0449\u0435 \u0431\u0456\u043b\u044c\u0448 \u043e\u0441\u043e\u0431\u043b\u0438\u0432\u043e\u044e. \u0423 \u043a\u0438\u0442\u0430\u0439\u0441\u044c\u043a\u0456\u0439 \u043a\u0443\u043b\u044c\u0442\u0443\u0440\u0456 \u043f\u0456\u0430\u043b\u0430 \u0437 \u043a\u0440\u0438\u0448\u043a\u043e\u044e \u0441\u0438\u043c\u0432\u043e\u043b\u0456\u0437\u0443\u0454 \u043f\u0440\u043e\u0441\u0442\u043e\u0442\u0443 \u0442\u0430 \u0433\u0430\u0440\u043c\u043e\u043d\u0456\u044e. \u0412\u0438\u043a\u043e\u0440\u0438\u0441\u0442\u0430\u043d\u043d\u044f \u0442\u0430\u043a\u043e\u0433\u043e \u043f\u043e\u0441\u0443\u0434\u0443 \u0441\u0442\u0432\u043e\u0440\u044e\u0454 \u0430\u0442\u043c\u043e\u0441\u0444\u0435\u0440\u0443 \u0441\u043f\u043e\u043a\u043e\u044e \u0439 \u0437\u043e\u0441\u0435\u0440\u0435\u0434\u0436\u0435\u043d\u043e\u0441\u0442\u0456, \u0441\u043f\u0440\u0438\u044f\u044e\u0447\u0438 \u0432\u0456\u0434\u043f\u043e\u0447\u0438\u043d\u043a\u0443.<\/p>\n<p>Gaiwan Shan Ye jest nie tylko naczyniem do parzenia, ale tak\u017ce elementem, kt\u00f3ry podkre\u015bla rytua\u0142 i daje mo\u017cliwo\u015b\u0107 prze\u017cycia chwili w zgodzie z wielowiekow\u0105 tradycj\u0105. Jego design czyni go tak\u017ce idealnym prezentem dla ka\u017cdego, kto ceni kultur\u0119 Dalekiego Wschodu i lubi estetyczne, a zarazem funkcjonalne przedmioty codziennego u\u017cytku.<\/p>\n<h2>\u042f\u043a \u0434\u043e\u0433\u043b\u044f\u0434\u0430\u0442\u0438 \u0437\u0430 \u043f\u043e\u0440\u0446\u0435\u043b\u044f\u043d\u043e\u0432\u0438\u043c \u0433\u0430\u0439\u0432\u0430\u043d\u0435\u043c?<\/h2>\n<p>\u0429\u043e\u0431 \u043f\u043e\u0441\u0443\u0434 \u0441\u043b\u0443\u0436\u0438\u0432 \u0431\u0430\u0433\u0430\u0442\u043e \u0440\u043e\u043a\u0456\u0432, \u0432\u0430\u0440\u0442\u043e \u043f\u0430\u043c\u2019\u044f\u0442\u0430\u0442\u0438 \u043f\u0440\u043e \u043d\u0430\u043b\u0435\u0436\u043d\u0438\u0439 \u0434\u043e\u0433\u043b\u044f\u0434. \u041d\u0430\u0439\u043a\u0440\u0430\u0449\u0435 \u043f\u0440\u043e\u043c\u0438\u0432\u0430\u0442\u0438 \u0439\u043e\u0433\u043e \u0447\u0438\u0441\u0442\u043e\u044e \u0432\u043e\u0434\u043e\u044e \u043f\u0456\u0441\u043b\u044f \u043a\u043e\u0436\u043d\u043e\u0433\u043e \u0432\u0438\u043a\u043e\u0440\u0438\u0441\u0442\u0430\u043d\u043d\u044f \u0442\u0430 \u0443\u043d\u0438\u043a\u0430\u0442\u0438 \u0441\u0438\u043b\u044c\u043d\u0438\u0445 \u043c\u0438\u0439\u043d\u0438\u0445 \u0437\u0430\u0441\u043e\u0431\u0456\u0432. \u041f\u043e\u0440\u0446\u0435\u043b\u044f\u043d\u0430 \u0441\u0442\u0456\u0439\u043a\u0430 \u0434\u043e \u0437\u0430\u0431\u0430\u0440\u0432\u043b\u0435\u043d\u044c \u0456 \u043b\u0435\u0433\u043a\u0430 \u0432 \u043e\u0447\u0438\u0449\u0435\u043d\u043d\u0456, \u0437\u0430\u0432\u0434\u044f\u043a\u0438 \u0447\u043e\u043c\u0443 \u0433\u0430\u0439\u0432\u0430\u043d \u0437\u0431\u0435\u0440\u0456\u0433\u0430\u0454 \u0435\u043b\u0435\u0433\u0430\u043d\u0442\u043d\u0438\u0439 \u0432\u0438\u0433\u043b\u044f\u0434 \u043d\u0430\u0432\u0456\u0442\u044c \u043f\u0440\u0438 \u0447\u0430\u0441\u0442\u043e\u043c\u0443 \u043a\u043e\u0440\u0438\u0441\u0442\u0443\u0432\u0430\u043d\u043d\u0456. \u0422\u043e\u043c\u0443 \u0432\u0456\u043d \u043f\u0456\u0434\u0445\u043e\u0434\u0438\u0442\u044c \u044f\u043a \u0434\u043b\u044f \u0434\u043e\u043c\u0430\u0448\u043d\u0456\u0445 \u0447\u0430\u0439\u043d\u0438\u0445 \u0440\u0438\u0442\u0443\u0430\u043b\u0456\u0432, \u0442\u0430\u043a \u0456 \u0434\u043b\u044f \u043f\u0440\u043e\u0444\u0435\u0441\u0456\u0439\u043d\u0438\u0445 \u0447\u0430\u0439\u043d\u0438\u0445 \u0437\u0430\u043a\u043b\u0430\u0434\u0456\u0432.<\/p>\n<p>\u0420\u0435\u0433\u0443\u043b\u044f\u0440\u043d\u0435 \u043a\u043e\u0440\u0438\u0441\u0442\u0443\u0432\u0430\u043d\u043d\u044f \u0433\u0430\u0439\u0432\u0430\u043d\u0435\u043c \u0440\u043e\u0437\u0432\u0438\u0432\u0430\u0454 \u0447\u0443\u0442\u043b\u0438\u0432\u0456\u0441\u0442\u044c \u0434\u043e \u0441\u043c\u0430\u043a\u0443 \u0439 \u0430\u0440\u043e\u043c\u0430\u0442\u0443, \u0434\u043e\u0437\u0432\u043e\u043b\u044f\u0454 \u0432\u0456\u0434\u043a\u0440\u0438\u0432\u0430\u0442\u0438 \u043d\u044e\u0430\u043d\u0441\u0438 \u0440\u0456\u0437\u043d\u0438\u0445 \u0447\u0430\u0457\u0432 \u0456 \u043f\u043e\u0433\u043b\u0438\u0431\u043b\u044e\u0454 \u0434\u043e\u0441\u0432\u0456\u0434 \u0433\u0443\u043d\u0444\u0443 \u0447\u0430. \u0426\u0435\u0439 \u043f\u043e\u0441\u0443\u0434 \u043c\u043e\u0436\u0435 \u0441\u0442\u0430\u0442\u0438 \u0449\u043e\u0434\u0435\u043d\u043d\u0438\u043c \u0441\u0443\u043f\u0443\u0442\u043d\u0438\u043a\u043e\u043c \u0437\u0430 \u0447\u0430\u0448\u043a\u043e\u044e \u0447\u0430\u044e, \u0430 \u0432\u043e\u0434\u043d\u043e\u0447\u0430\u0441 \u2014 \u043e\u0441\u043e\u0431\u043b\u0438\u0432\u0438\u043c \u0434\u0435\u043a\u043e\u0440\u0430\u0442\u0438\u0432\u043d\u0438\u043c \u0435\u043b\u0435\u043c\u0435\u043d\u0442\u043e\u043c.<\/p>\n<p>\u0411\u0456\u043b\u044c\u0448\u0435 \u043f\u0440\u043e \u0456\u0441\u0442\u043e\u0440\u0456\u044e \u0442\u0430 \u0437\u043d\u0430\u0447\u0435\u043d\u043d\u044f \u0446\u044c\u043e\u0433\u043e \u043f\u043e\u0441\u0443\u0434\u0443 \u043c\u043e\u0436\u043d\u0430 \u043f\u0440\u043e\u0447\u0438\u0442\u0430\u0442\u0438 <a href=\"https:\/\/pl.wikipedia.org\/wiki\/Gaiwan\" target=\"_blank\" rel=\"noopener\">na Wikipedii<\/a>.<\/p>","protected":false},"excerpt":{"rendered":"<p>Gaiwan \u201eShan Ye\u201d 200 ml to porcelanowe naczynie o g\u0142\u0119bokim, czarnym wyko\u0144czeniu i delikatnym zdobieniu g\u00f3rskim na pokrywce. Wyposa\u017cony w klasyczn\u0105 pokrywk\u0119 z wygodnym uchwytem, jest praktyczny i komfortowy w u\u017cyciu. Doskonale sprawdza si\u0119 podczas gongfu cha i pasuje do parzenia r\u00f3\u017cnych rodzaj\u00f3w herbat: od pu-erh, przez oolongi, a\u017c po herbaty zielone.<\/p>","protected":false},"featured_media":16941,"comment_status":"open","ping_status":"closed","template":"","meta":[],"product_cat":[129,136,130],"product_tag":[],"class_list":{"0":"post-15451","1":"product","2":"type-product","3":"status-publish","4":"has-post-thumbnail","6":"product_cat-akcesoria","7":"product_cat-gaiwany","8":"product_cat-naczynia","10":"first","11":"outofstock","12":"shipping-taxable","13":"purchasable","14":"product-type-simple"},"aioseo_notices":[],"_links":{"self":[{"href":"https:\/\/teaeye.pl\/uk\/wp-json\/wp\/v2\/product\/15451","targetHints":{"allow":["GET"]}}],"collection":[{"href":"https:\/\/teaeye.pl\/uk\/wp-json\/wp\/v2\/product"}],"about":[{"href":"https:\/\/teaeye.pl\/uk\/wp-json\/wp\/v2\/types\/product"}],"replies":[{"embeddable":true,"href":"https:\/\/teaeye.pl\/uk\/wp-json\/wp\/v2\/comments?post=15451"}],"version-history":[{"count":3,"href":"https:\/\/teaeye.pl\/uk\/wp-json\/wp\/v2\/product\/15451\/revisions"}],"predecessor-version":[{"id":16944,"href":"https:\/\/teaeye.pl\/uk\/wp-json\/wp\/v2\/product\/15451\/revisions\/16944"}],"wp:featuredmedia":[{"embeddable":true,"href":"https:\/\/teaeye.pl\/uk\/wp-json\/wp\/v2\/media\/16941"}],"wp:attachment":[{"href":"https:\/\/teaeye.pl\/uk\/wp-json\/wp\/v2\/media?parent=15451"}],"wp:term":[{"taxonomy":"product_cat","embeddable":true,"href":"https:\/\/teaeye.pl\/uk\/wp-json\/wp\/v2\/product_cat?post=15451"},{"taxonomy":"product_tag","embeddable":true,"href":"https:\/\/teaeye.pl\/uk\/wp-json\/wp\/v2\/product_tag?post=15451"}],"curies":[{"name":"wp","href":"https:\/\/api.w.org\/{rel}","templated":true}]}}