{"id":16791,"date":"2025-12-17T23:05:25","date_gmt":"2025-12-17T23:05:25","guid":{"rendered":"https:\/\/teaeye.pl\/?post_type=product&#038;p=16791"},"modified":"2026-01-28T10:40:06","modified_gmt":"2026-01-28T10:40:06","slug":"zestaw-do-herbaty-wu-wei-160-ml","status":"publish","type":"product","link":"https:\/\/teaeye.pl\/uk\/product\/zestaw-do-herbaty-wu-wei-160-ml\/","title":{"rendered":"Zestaw do herbaty \u201eWu Wei\u201d 160 ml"},"content":{"rendered":"<h1>Zestaw do herbaty \u201eWu Wei\u201d 160 ml \u2013 funkcjonalny komplet do gongfu cha<\/h1>\n<p>Zestaw do herbaty \u201eWu Wei\u201d zosta\u0142 zaprojektowany z my\u015bl\u0105 o wygodnym parzeniu herbaty w stylu gongfu cha. W sk\u0142ad kompletu wchodzi gaiwan o pojemno\u015bci 140 ml, chahai 160 ml oraz dwie czarki po 35 ml. Po\u0142\u0105czenie szk\u0142a i ceramiki pozwala obserwowa\u0107 kolor naparu. Jednocze\u015bnie pomaga utrzyma\u0107 stabiln\u0105 temperatur\u0119 podczas parzenia, co jest wa\u017cne przy precyzyjnych metodach zaparzania.<\/p>\n<p><a href=\"https:\/\/teaeye.pl\/wp-content\/uploads\/2025\/12\/Zestaw-do-herbaty-\u201eWu-Wei-160-ml-2.jpg\"><img fetchpriority=\"high\" decoding=\"async\" class=\"alignnone  wp-image-16794\" src=\"https:\/\/teaeye.pl\/wp-content\/uploads\/2025\/12\/Zestaw-do-herbaty-\u201eWu-Wei-160-ml-2-300x219.jpg\" alt=\"Zestaw do herbaty \u201eWu Wei\u201d 160 ml\" width=\"549\" height=\"401\" srcset=\"https:\/\/teaeye.pl\/wp-content\/uploads\/2025\/12\/Zestaw-do-herbaty-\u201eWu-Wei-160-ml-2-300x219.jpg 300w, https:\/\/teaeye.pl\/wp-content\/uploads\/2025\/12\/Zestaw-do-herbaty-\u201eWu-Wei-160-ml-2-1024x748.jpg 1024w, https:\/\/teaeye.pl\/wp-content\/uploads\/2025\/12\/Zestaw-do-herbaty-\u201eWu-Wei-160-ml-2-768x561.jpg 768w, https:\/\/teaeye.pl\/wp-content\/uploads\/2025\/12\/Zestaw-do-herbaty-\u201eWu-Wei-160-ml-2-1536x1123.jpg 1536w, https:\/\/teaeye.pl\/wp-content\/uploads\/2025\/12\/Zestaw-do-herbaty-\u201eWu-Wei-160-ml-2-16x12.jpg 16w, https:\/\/teaeye.pl\/wp-content\/uploads\/2025\/12\/Zestaw-do-herbaty-\u201eWu-Wei-160-ml-2-600x439.jpg 600w, https:\/\/teaeye.pl\/wp-content\/uploads\/2025\/12\/Zestaw-do-herbaty-\u201eWu-Wei-160-ml-2-850x621.jpg 850w, https:\/\/teaeye.pl\/wp-content\/uploads\/2025\/12\/Zestaw-do-herbaty-\u201eWu-Wei-160-ml-2.jpg 1806w\" sizes=\"(max-width: 549px) 100vw, 549px\" \/><\/a><\/p>\n<h2>\u0427\u0430\u0439\u043d\u0438\u0439 \u043d\u0430\u0431\u0456\u0440 \u2014 \u043c\u0430\u0442\u0435\u0440\u0456\u0430\u043b \u0456 \u0432\u043b\u0430\u0441\u0442\u0438\u0432\u043e\u0441\u0442\u0456<\/h2>\n<p>Szklane elementy zestawu s\u0105 neutralne smakowo i nie poch\u0142aniaj\u0105 aromat\u00f3w. Dzi\u0119ki temu herbata zachowuje sw\u00f3j naturalny charakter. Ceramiczna gaiwan oraz pokrywka r\u00f3wnomiernie oddaj\u0105 ciep\u0142o. Dlatego zestaw dobrze sprawdza si\u0119 przy parzeniu herbat takich jak oolongi czy pu-erhy. Pokrywka posiada otwory do zlewania naparu bez zmiany jej po\u0142o\u017cenia. Ponadto zwi\u0119ksza to kontrol\u0119 nad parzeniem i poprawia komfort u\u017cytkowania.<\/p>\n<p><a href=\"https:\/\/teaeye.pl\/wp-content\/uploads\/2025\/12\/Zestaw-do-herbaty-\u201eWu-Wei-160-ml-1.jpg\"><img decoding=\"async\" class=\"alignnone  wp-image-16793\" src=\"https:\/\/teaeye.pl\/wp-content\/uploads\/2025\/12\/Zestaw-do-herbaty-\u201eWu-Wei-160-ml-1-300x219.jpg\" alt=\"Zestaw do herbaty \u201eWu Wei\u201d 160 ml\" width=\"551\" height=\"402\" srcset=\"https:\/\/teaeye.pl\/wp-content\/uploads\/2025\/12\/Zestaw-do-herbaty-\u201eWu-Wei-160-ml-1-300x219.jpg 300w, https:\/\/teaeye.pl\/wp-content\/uploads\/2025\/12\/Zestaw-do-herbaty-\u201eWu-Wei-160-ml-1-1024x748.jpg 1024w, https:\/\/teaeye.pl\/wp-content\/uploads\/2025\/12\/Zestaw-do-herbaty-\u201eWu-Wei-160-ml-1-768x561.jpg 768w, https:\/\/teaeye.pl\/wp-content\/uploads\/2025\/12\/Zestaw-do-herbaty-\u201eWu-Wei-160-ml-1-1536x1122.jpg 1536w, https:\/\/teaeye.pl\/wp-content\/uploads\/2025\/12\/Zestaw-do-herbaty-\u201eWu-Wei-160-ml-1-16x12.jpg 16w, https:\/\/teaeye.pl\/wp-content\/uploads\/2025\/12\/Zestaw-do-herbaty-\u201eWu-Wei-160-ml-1-600x438.jpg 600w, https:\/\/teaeye.pl\/wp-content\/uploads\/2025\/12\/Zestaw-do-herbaty-\u201eWu-Wei-160-ml-1-850x621.jpg 850w, https:\/\/teaeye.pl\/wp-content\/uploads\/2025\/12\/Zestaw-do-herbaty-\u201eWu-Wei-160-ml-1.jpg 1901w\" sizes=\"(max-width: 551px) 100vw, 551px\" \/><\/a><\/p>\n<h2>\u0417\u0430\u0441\u0442\u043e\u0441\u0443\u0432\u0430\u043d\u043d\u044f \u0456 \u0441\u0442\u0438\u043b\u044c<\/h2>\n<p>Zestaw do herbaty \u201eWu Wei\u201d nadaje si\u0119 do klasycznego parzenia gongfu cha. Jednocze\u015bnie mo\u017cna go u\u017cywa\u0107 na co dzie\u0144, tak\u017ce poza domem. Dzi\u0119ki kompaktowym rozmiarom oraz do\u0142\u0105czonemu etui zestaw \u0142atwo zabra\u0107 w podr\u00f3\u017c. Ma\u0142e czarki pomagaj\u0105 skupi\u0107 si\u0119 na aromacie i smaku naparu. Je\u015bli chcesz kupi\u0107 Zestaw do herbaty \u201eWu Wei\u201d 160 ml w Warszawie, sprawd\u017a ofert\u0119 sklepu z herbat\u0105 chi\u0144sk\u0105 w Polsce TEA EYE. Zestaw pasuje do kategorii <a href=\"https:\/\/teaeye.pl\/uk\/product-category\/akcesoria\/naczynia\/\">\u0447\u0430\u0439\u043d\u0456 \u0430\u043a\u0441\u0435\u0441\u0443\u0430\u0440\u0438<\/a> oraz herbat z dzia\u0142u <a href=\"https:\/\/teaeye.pl\/uk\/product-category\/%d0%bf%d1%83%d0%b5%d1%80\/shu-puer\/\">\u043f\u0443\u0435\u0440<\/a>. Wi\u0119cej o stylu gongfu cha przeczytasz na <a href=\"https:\/\/pl.wikipedia.org\/wiki\/Gongfu_cha\" target=\"_blank\" rel=\"noopener\">\u0412\u0456\u043a\u0456\u043f\u0435\u0434\u0456\u0457<\/a>.<\/p>","protected":false},"excerpt":{"rendered":"<p>Zestaw do herbaty \u201eWu Wei\u201d to po\u0142\u0105czenie prostoty, funkcjonalno\u015bci i estetyki gongfu cha. Przezroczyste szk\u0142o podkre\u015bla kolor naparu, a ceramika pomaga utrzyma\u0107 stabiln\u0105 temperatur\u0119 parzenia. Pokrywka z otworami umo\u017cliwia wygodne zlewanie herbaty jednym ruchem. Dzi\u0119ki do\u0142\u0105czonemu etui zestaw sprawdzi si\u0119 tak\u017ce w podr\u00f3\u017cy. To uniwersalne rozwi\u0105zanie do codziennego parzenia herbaty.<\/p>","protected":false},"featured_media":16797,"comment_status":"open","ping_status":"closed","template":"","meta":[],"product_cat":[129,130,141],"product_tag":[],"class_list":{"0":"post-16791","1":"product","2":"type-product","3":"status-publish","4":"has-post-thumbnail","6":"product_cat-akcesoria","7":"product_cat-naczynia","8":"product_cat-zestawy-do-parzenia","10":"first","11":"outofstock","12":"shipping-taxable","13":"purchasable","14":"product-type-simple"},"aioseo_notices":[],"_links":{"self":[{"href":"https:\/\/teaeye.pl\/uk\/wp-json\/wp\/v2\/product\/16791","targetHints":{"allow":["GET"]}}],"collection":[{"href":"https:\/\/teaeye.pl\/uk\/wp-json\/wp\/v2\/product"}],"about":[{"href":"https:\/\/teaeye.pl\/uk\/wp-json\/wp\/v2\/types\/product"}],"replies":[{"embeddable":true,"href":"https:\/\/teaeye.pl\/uk\/wp-json\/wp\/v2\/comments?post=16791"}],"version-history":[{"count":1,"href":"https:\/\/teaeye.pl\/uk\/wp-json\/wp\/v2\/product\/16791\/revisions"}],"predecessor-version":[{"id":16798,"href":"https:\/\/teaeye.pl\/uk\/wp-json\/wp\/v2\/product\/16791\/revisions\/16798"}],"wp:featuredmedia":[{"embeddable":true,"href":"https:\/\/teaeye.pl\/uk\/wp-json\/wp\/v2\/media\/16797"}],"wp:attachment":[{"href":"https:\/\/teaeye.pl\/uk\/wp-json\/wp\/v2\/media?parent=16791"}],"wp:term":[{"taxonomy":"product_cat","embeddable":true,"href":"https:\/\/teaeye.pl\/uk\/wp-json\/wp\/v2\/product_cat?post=16791"},{"taxonomy":"product_tag","embeddable":true,"href":"https:\/\/teaeye.pl\/uk\/wp-json\/wp\/v2\/product_tag?post=16791"}],"curies":[{"name":"wp","href":"https:\/\/api.w.org\/{rel}","templated":true}]}}