{"id":16971,"date":"2025-12-26T22:41:29","date_gmt":"2025-12-26T22:41:29","guid":{"rendered":"https:\/\/teaeye.pl\/?post_type=product&#038;p=16971"},"modified":"2026-01-29T12:16:27","modified_gmt":"2026-01-29T12:16:27","slug":"gaiwan-you-dao-120-ml","status":"publish","type":"product","link":"https:\/\/teaeye.pl\/uk\/product\/gaiwan-you-dao-120-ml\/","title":{"rendered":"Gaiwan \u201eYou Dao\u201d 120 ml"},"content":{"rendered":"<h1>Gaiwan \u201eYou Dao\u201d 120 ml \u2013 porcelanowy gaiwan do gongfu cha<\/h1>\n<p>Gaiwan You Dao to klasyczny porcelanowy gaiwan o niewielkiej pojemno\u015bci 120 ml, zaprojektowany z my\u015bl\u0105 o precyzyjnym i uwa\u017cnym parzeniu herbaty. Delikatna, jasna glazura w po\u0142\u0105czeniu z motywem ryb widocznym wewn\u0105trz naczynia tworzy spokojn\u0105, harmonijn\u0105 kompozycj\u0119. Taki detal ods\u0142ania si\u0119 dopiero podczas parzenia, czyni\u0105c ka\u017cdy napar cz\u0119\u015bci\u0105 ma\u0142ego rytua\u0142u.<\/p>\n<p><a href=\"https:\/\/teaeye.pl\/wp-content\/uploads\/2025\/12\/IMG_7896.jpg\"><img fetchpriority=\"high\" decoding=\"async\" class=\"alignnone  wp-image-16974\" src=\"https:\/\/teaeye.pl\/wp-content\/uploads\/2025\/12\/IMG_7896-300x219.jpg\" alt=\"gaiwan You Dao 120 ml\" width=\"552\" height=\"403\" srcset=\"https:\/\/teaeye.pl\/wp-content\/uploads\/2025\/12\/IMG_7896-300x219.jpg 300w, https:\/\/teaeye.pl\/wp-content\/uploads\/2025\/12\/IMG_7896-1024x748.jpg 1024w, https:\/\/teaeye.pl\/wp-content\/uploads\/2025\/12\/IMG_7896-768x561.jpg 768w, https:\/\/teaeye.pl\/wp-content\/uploads\/2025\/12\/IMG_7896-16x12.jpg 16w, https:\/\/teaeye.pl\/wp-content\/uploads\/2025\/12\/IMG_7896-600x438.jpg 600w, https:\/\/teaeye.pl\/wp-content\/uploads\/2025\/12\/IMG_7896-850x621.jpg 850w, https:\/\/teaeye.pl\/wp-content\/uploads\/2025\/12\/IMG_7896.jpg 1391w\" sizes=\"(max-width: 552px) 100vw, 552px\" \/><\/a><\/p>\n<h2>Materia\u0142 i w\u0142a\u015bciwo\u015bci &#8211; Gaiwan \u201eYou Dao\u201d<\/h2>\n<p>Gaiwan wykonany jest z porcelany, kt\u00f3ra nie poch\u0142ania aromat\u00f3w i nie wp\u0142ywa na smak herbaty. Dzi\u0119ki temu pozwala wiernie odda\u0107 profil naparu, jego struktur\u0119 oraz aromaty. Jasne wn\u0119trze u\u0142atwia obserwacj\u0119 koloru naparu i kontrol\u0119 stopnia ekstrakcji, co jest szczeg\u00f3lnie wa\u017cne w metodzie gongfu cha.<\/p>\n<p>Porcelana szybko reaguje na temperatur\u0119 wody, daj\u0105c dobr\u0105 kontrol\u0119 nad czasem i intensywno\u015bci\u0105 parzenia. Klasyczna forma gaiwanu umo\u017cliwia wygodne oddzielanie li\u015bci od naparu bez u\u017cycia dodatkowych filtr\u00f3w.<\/p>\n<p><a href=\"https:\/\/teaeye.pl\/wp-content\/uploads\/2025\/12\/IMG_7894.jpg\"><img decoding=\"async\" class=\"alignnone  wp-image-16973\" src=\"https:\/\/teaeye.pl\/wp-content\/uploads\/2025\/12\/IMG_7894-300x219.jpg\" alt=\"gaiwan You Dao 120 ml\" width=\"551\" height=\"402\" srcset=\"https:\/\/teaeye.pl\/wp-content\/uploads\/2025\/12\/IMG_7894-300x219.jpg 300w, https:\/\/teaeye.pl\/wp-content\/uploads\/2025\/12\/IMG_7894-1024x748.jpg 1024w, https:\/\/teaeye.pl\/wp-content\/uploads\/2025\/12\/IMG_7894-768x561.jpg 768w, https:\/\/teaeye.pl\/wp-content\/uploads\/2025\/12\/IMG_7894-1536x1122.jpg 1536w, https:\/\/teaeye.pl\/wp-content\/uploads\/2025\/12\/IMG_7894-16x12.jpg 16w, https:\/\/teaeye.pl\/wp-content\/uploads\/2025\/12\/IMG_7894-600x438.jpg 600w, https:\/\/teaeye.pl\/wp-content\/uploads\/2025\/12\/IMG_7894-850x621.jpg 850w, https:\/\/teaeye.pl\/wp-content\/uploads\/2025\/12\/IMG_7894.jpg 1726w\" sizes=\"(max-width: 551px) 100vw, 551px\" \/><\/a><\/p>\n<h2>\u0417\u0430\u0441\u0442\u043e\u0441\u0443\u0432\u0430\u043d\u043d\u044f \u0456 \u0441\u0442\u0438\u043b\u044c \u0437\u0430\u0432\u0430\u0440\u044e\u0432\u0430\u043d\u043d\u044f<\/h2>\n<p>Gaiwan You Dao najlepiej sprawdzi si\u0119 przy parzeniu oolong\u00f3w, herbat zielonych, bia\u0142ych oraz delikatnych sheng pu-erh. Niewielka pojemno\u015b\u0107 sprzyja kr\u00f3tkim, powtarzalnym zalaniom i dok\u0142adnej kontroli smaku. To idealne naczynie do spokojnych, indywidualnych sesji herbacianych.<\/p>\n<p>Je\u015bli chcesz <strong>kupi\u0107 gaiwan You Dao 120 ml w Warszawie<\/strong>, odwied\u017a TEA EYE \u2014 <strong>sklep z herbat\u0105 chi\u0144sk\u0105 w Polsce<\/strong>, oferuj\u0105cy starannie dobran\u0105 ceramik\u0119 herbacian\u0105. W ofercie znajdziesz tak\u017ce herbaty z kategorii <a href=\"https:\/\/teaeye.pl\/uk\/product-category\/oolong\/jasny\/\">\u0443\u043b\u0443\u043d<\/a> \u0442\u0430 <a href=\"https:\/\/teaeye.pl\/uk\/product-category\/biala-herbata\/\">herbata bia\u0142a<\/a>. Wi\u0119cej o tradycyjnej formie gaiwanu przeczytasz na <a href=\"https:\/\/pl.wikipedia.org\/wiki\/Gaiwan\" target=\"_blank\" rel=\"noopener\">\u0412\u0456\u043a\u0456\u043f\u0435\u0434\u0456\u0457<\/a>.<\/p>","protected":false},"excerpt":{"rendered":"<p>Gaiwan You Dao to niewielki, porcelanowy gaiwan stworzony do precyzyjnego parzenia herbaty. Subtelna kolorystyka i motyw ryb widoczny wewn\u0105trz naczynia nadaj\u0105 mu spokojny, symboliczny charakter. Pojemno\u015b\u0107 120 ml idealnie sprawdzi si\u0119 w klasycznym gongfu cha. Porcelana nie wp\u0142ywa na smak naparu i pozwala w pe\u0142ni kontrolowa\u0107 proces parzenia. To doskona\u0142y wyb\u00f3r do uwa\u017cnych, kameralnych sesji herbacianych.<\/p>","protected":false},"featured_media":16972,"comment_status":"open","ping_status":"closed","template":"","meta":[],"product_cat":[129,136,130],"product_tag":[],"class_list":{"0":"post-16971","1":"product","2":"type-product","3":"status-publish","4":"has-post-thumbnail","6":"product_cat-akcesoria","7":"product_cat-gaiwany","8":"product_cat-naczynia","10":"first","11":"outofstock","12":"shipping-taxable","13":"purchasable","14":"product-type-simple"},"aioseo_notices":[],"_links":{"self":[{"href":"https:\/\/teaeye.pl\/uk\/wp-json\/wp\/v2\/product\/16971","targetHints":{"allow":["GET"]}}],"collection":[{"href":"https:\/\/teaeye.pl\/uk\/wp-json\/wp\/v2\/product"}],"about":[{"href":"https:\/\/teaeye.pl\/uk\/wp-json\/wp\/v2\/types\/product"}],"replies":[{"embeddable":true,"href":"https:\/\/teaeye.pl\/uk\/wp-json\/wp\/v2\/comments?post=16971"}],"version-history":[{"count":1,"href":"https:\/\/teaeye.pl\/uk\/wp-json\/wp\/v2\/product\/16971\/revisions"}],"predecessor-version":[{"id":16975,"href":"https:\/\/teaeye.pl\/uk\/wp-json\/wp\/v2\/product\/16971\/revisions\/16975"}],"wp:featuredmedia":[{"embeddable":true,"href":"https:\/\/teaeye.pl\/uk\/wp-json\/wp\/v2\/media\/16972"}],"wp:attachment":[{"href":"https:\/\/teaeye.pl\/uk\/wp-json\/wp\/v2\/media?parent=16971"}],"wp:term":[{"taxonomy":"product_cat","embeddable":true,"href":"https:\/\/teaeye.pl\/uk\/wp-json\/wp\/v2\/product_cat?post=16971"},{"taxonomy":"product_tag","embeddable":true,"href":"https:\/\/teaeye.pl\/uk\/wp-json\/wp\/v2\/product_tag?post=16971"}],"curies":[{"name":"wp","href":"https:\/\/api.w.org\/{rel}","templated":true}]}}