{"id":17137,"date":"2026-01-04T20:34:33","date_gmt":"2026-01-04T20:34:33","guid":{"rendered":"https:\/\/teaeye.pl\/?post_type=product&#038;p=17137"},"modified":"2026-03-27T14:26:11","modified_gmt":"2026-03-27T14:26:11","slug":"gong-mei-2017-357-g","status":"publish","type":"product","link":"https:\/\/teaeye.pl\/uk\/product\/gong-mei-2017-357-g\/","title":{"rendered":"\u0413\u0443\u043d \u041c\u0435\u0439 2017, 357 \u0433"},"content":{"rendered":"<h1>\u0490\u0443\u043d \u041c\u0435\u0439 2017 \u2014 \u0432\u0438\u0442\u0440\u0438\u043c\u0430\u043d\u0438\u0439 \u0431\u0456\u043b\u0438\u0439 \u0447\u0430\u0439 \u0437 \u0424\u0443\u0434\u0456\u043d\u0430<\/h1>\n<p>\u0490\u0443\u043d \u041c\u0435\u0439 2017 \u2014 \u0446\u0435 \u0432\u0438\u0442\u0440\u0438\u043c\u0430\u043d\u0438\u0439 \u0431\u0456\u043b\u0438\u0439 \u0447\u0430\u0439, \u0449\u043e \u043f\u043e\u0445\u043e\u0434\u0438\u0442\u044c \u0437 \u043f\u043e\u0432\u0456\u0442\u0443 \u0424\u0443\u0434\u0456\u043d \u0443 \u043f\u0440\u043e\u0432\u0456\u043d\u0446\u0456\u0457 \u0424\u0443\u0446\u0437\u044f\u043d\u044c \u2014 \u0456\u0441\u0442\u043e\u0440\u0438\u0447\u043d\u043e\u0457 \u043a\u043e\u043b\u0438\u0441\u043a\u0438 \u0431\u0456\u043b\u0438\u0445 \u0447\u0430\u0457\u0432. \u0419\u043e\u0433\u043e \u0431\u0443\u043b\u043e \u0432\u0438\u0433\u043e\u0442\u043e\u0432\u043b\u0435\u043d\u043e \u043d\u0430 \u043d\u0435\u0432\u0435\u043b\u0438\u043a\u0456\u0439 \u0444\u0430\u0431\u0440\u0438\u0446\u0456 \u0437 \u0432\u0435\u0441\u043d\u044f\u043d\u043e\u0457 \u0441\u0438\u0440\u043e\u0432\u0438\u043d\u0438 \u0432\u0440\u043e\u0436\u0430\u044e 2017 \u0440\u043e\u043a\u0443. \u0417\u0430 \u0440\u043e\u043a\u0438 \u0432\u0438\u0442\u0440\u0438\u043c\u043a\u0438 \u0447\u0430\u0439 \u043f\u043e\u043c\u0456\u0442\u043d\u043e \u043e\u043a\u0440\u0443\u0433\u043b\u0438\u0432\u0441\u044f, \u043d\u0430\u0431\u0443\u0432\u0448\u0438 \u0437\u0440\u0456\u043b\u043e\u0441\u0442\u0456, \u0433\u0430\u0440\u043c\u043e\u043d\u0456\u0457 \u0442\u0430 \u0448\u043b\u044f\u0445\u0435\u0442\u043d\u043e\u0433\u043e \u0445\u0430\u0440\u0430\u043a\u0442\u0435\u0440\u0443. \u0426\u0435 \u043a\u043b\u0430\u0441\u0438\u0447\u043d\u0438\u0439 \u043f\u0440\u0438\u043a\u043b\u0430\u0434 \u0432\u0438\u0442\u0440\u0438\u043c\u0430\u043d\u043e\u0433\u043e \u0490\u0443\u043d \u041c\u0435\u0439, \u044f\u043a\u0438\u0439 \u043f\u043e\u0432\u043d\u0456\u0441\u0442\u044e \u0440\u043e\u0437\u043a\u0440\u0438\u0432\u0430\u0454 \u0441\u0432\u0456\u0439 \u043f\u043e\u0442\u0435\u043d\u0446\u0456\u0430\u043b \u0437 \u043f\u043b\u0438\u043d\u043e\u043c \u0447\u0430\u0441\u0443.<\/p>\n<p>\u0427\u0430\u0439 \u0441\u043f\u0440\u0435\u0441\u043e\u0432\u0430\u043d\u0438\u0439 \u0443 \u0434\u0435\u0449\u043e \u043d\u0435\u0442\u0438\u043f\u043e\u0432\u0438\u0439, \u0430\u043b\u0435 \u0435\u0441\u0442\u0435\u0442\u0438\u0447\u043d\u0438\u0439 \u0431\u043b\u043e\u043a \u0432\u0430\u0433\u043e\u044e 357 \u0433. \u0421\u0438\u0440\u043e\u0432\u0438\u043d\u0430 \u043e\u0434\u043d\u043e\u0440\u0456\u0434\u043d\u0430 \u0442\u0430 \u0432\u0438\u0441\u043e\u043a\u043e\u0457 \u044f\u043a\u043e\u0441\u0442\u0456: \u0432\u0435\u043b\u0438\u043a\u0456 \u043b\u0438\u0441\u0442\u043a\u0438, \u043f\u043e\u043c\u0456\u0440\u043d\u0430 \u043a\u0456\u043b\u044c\u043a\u0456\u0441\u0442\u044c \u0431\u0440\u0443\u043d\u044c\u043e\u043a \u0456 \u0447\u0435\u0440\u0435\u0448\u043a\u0456\u0432, \u0445\u0430\u0440\u0430\u043a\u0442\u0435\u0440\u043d\u0438\u0445 \u0434\u043b\u044f \u0446\u044c\u043e\u0433\u043e \u0441\u043e\u0440\u0442\u0443. \u041f\u0440\u0435\u0441\u0443\u0432\u0430\u043d\u043d\u044f \u043f\u043e\u043c\u0456\u0440\u043d\u043e \u043c\u2019\u044f\u043a\u0435, \u0437\u0430\u0432\u0434\u044f\u043a\u0438 \u0447\u043e\u043c\u0443 \u0447\u0430\u0439 \u043b\u0435\u0433\u043a\u043e \u0440\u043e\u0437\u0448\u0430\u0440\u043e\u0432\u0443\u0454\u0442\u044c\u0441\u044f \u0437\u0430 \u0434\u043e\u043f\u043e\u043c\u043e\u0433\u043e\u044e \u043d\u043e\u0436\u0430 \u0430\u0431\u043e \u0448\u0438\u043b\u0430. \u041d\u0430 \u0437\u043b\u0430\u043c\u0456 \u043b\u0438\u0441\u0442\u044f \u0447\u0438\u0441\u0442\u0435 \u0439 \u0440\u0456\u0432\u043d\u0435.<\/p>\n<p><a href=\"https:\/\/teaeye.pl\/wp-content\/uploads\/2026\/01\/Gong-Mei-Biala-herbata-2.jpg\"><img fetchpriority=\"high\" decoding=\"async\" class=\"alignnone  wp-image-17140\" src=\"https:\/\/teaeye.pl\/wp-content\/uploads\/2026\/01\/Gong-Mei-Biala-herbata-2-300x219.jpg\" alt=\"\u0413\u0443\u043d \u041c\u0435\u0439 2017, 357 \u0433\" width=\"551\" height=\"402\" srcset=\"https:\/\/teaeye.pl\/wp-content\/uploads\/2026\/01\/Gong-Mei-Biala-herbata-2-300x219.jpg 300w, https:\/\/teaeye.pl\/wp-content\/uploads\/2026\/01\/Gong-Mei-Biala-herbata-2-1024x748.jpg 1024w, https:\/\/teaeye.pl\/wp-content\/uploads\/2026\/01\/Gong-Mei-Biala-herbata-2-768x561.jpg 768w, https:\/\/teaeye.pl\/wp-content\/uploads\/2026\/01\/Gong-Mei-Biala-herbata-2-16x12.jpg 16w, https:\/\/teaeye.pl\/wp-content\/uploads\/2026\/01\/Gong-Mei-Biala-herbata-2-600x438.jpg 600w, https:\/\/teaeye.pl\/wp-content\/uploads\/2026\/01\/Gong-Mei-Biala-herbata-2-850x621.jpg 850w, https:\/\/teaeye.pl\/wp-content\/uploads\/2026\/01\/Gong-Mei-Biala-herbata-2.jpg 1170w\" sizes=\"(max-width: 551px) 100vw, 551px\" \/><\/a><\/p>\n<h2>\u0421\u043c\u0430\u043a \u0456 \u0430\u0440\u043e\u043c\u0430\u0442 \u0431\u0456\u043b\u043e\u0433\u043e \u0447\u0430\u044e \u0490\u0443\u043d \u041c\u0435\u0439<\/h2>\n<p>\u0421\u0443\u0445\u0438\u0439 \u043b\u0438\u0441\u0442 \u043c\u0430\u0454 \u043d\u0456\u0436\u043d\u0438\u0439, \u0430\u043b\u0435 \u0432\u0438\u0440\u0430\u0437\u043d\u0438\u0439 \u0430\u0440\u043e\u043c\u0430\u0442. \u0423 \u043d\u044c\u043e\u043c\u0443 \u0437\u2019\u044f\u0432\u043b\u044f\u044e\u0442\u044c\u0441\u044f \u043d\u043e\u0442\u0438 \u044f\u0433\u0456\u0434, \u043b\u0456\u043a\u0430\u0440\u0441\u044c\u043a\u0438\u0445 \u0442\u0440\u0430\u0432 \u0456 \u043b\u0435\u0433\u043a\u043e\u0457 \u043f\u0440\u044f\u043d\u043e\u0441\u0442\u0456, \u0434\u043e\u043f\u043e\u0432\u043d\u0435\u043d\u0456 \u0442\u043e\u043d\u043a\u0438\u043c\u0438 \u043a\u0432\u0456\u0442\u043a\u043e\u0432\u0438\u043c\u0438 \u0430\u043a\u0446\u0435\u043d\u0442\u0430\u043c\u0438. \u041f\u0456\u0441\u043b\u044f \u0437\u0430\u0432\u0430\u0440\u044e\u0432\u0430\u043d\u043d\u044f \u0431\u0443\u043a\u0435\u0442 \u0441\u0442\u0430\u0454 \u0442\u0435\u043f\u043b\u0438\u043c \u0456 \u0441\u043a\u043b\u0430\u0434\u043d\u0438\u043c. \u0412\u0456\u0434\u0447\u0443\u0432\u0430\u044e\u0442\u044c\u0441\u044f \u0442\u043e\u043d\u0438 \u043b\u0456\u0441\u043e\u0432\u0438\u0445 \u0444\u0440\u0443\u043a\u0442\u0456\u0432, \u043c\u0435\u0434\u0443, \u0446\u0438\u0442\u0440\u0443\u0441\u0456\u0432 \u0456 \u0442\u0440\u0430\u0432.<\/p>\n<p>Smak naparu jest czysty, mi\u0119kki i zaokr\u0105glony, z naturaln\u0105 s\u0142odycz\u0105 i dobr\u0105 g\u0142\u0119bi\u0105. Posmak pozostaje d\u0142ugi, \u015bwie\u017cy i przyjemny. Dzia\u0142anie herbaty jest \u0142agodne i harmonizuj\u0105ce. Dojrzewaj\u0105cy Gong Mei delikatnie rozgrzewa, od\u015bwie\u017ca i pomaga wyciszy\u0107 percepcj\u0119, daj\u0105c poczucie r\u00f3wnowagi i lekko\u015bci.<\/p>\n<p><a href=\"https:\/\/teaeye.pl\/wp-content\/uploads\/2026\/01\/Gong-Mei-Biala-herbata-3.jpg\"><img decoding=\"async\" class=\"alignnone  wp-image-17139\" src=\"https:\/\/teaeye.pl\/wp-content\/uploads\/2026\/01\/Gong-Mei-Biala-herbata-3-300x219.jpg\" alt=\"\u0413\u0443\u043d \u041c\u0435\u0439 2017, 357 \u0433\" width=\"551\" height=\"402\" srcset=\"https:\/\/teaeye.pl\/wp-content\/uploads\/2026\/01\/Gong-Mei-Biala-herbata-3-300x219.jpg 300w, https:\/\/teaeye.pl\/wp-content\/uploads\/2026\/01\/Gong-Mei-Biala-herbata-3-1024x748.jpg 1024w, https:\/\/teaeye.pl\/wp-content\/uploads\/2026\/01\/Gong-Mei-Biala-herbata-3-768x561.jpg 768w, https:\/\/teaeye.pl\/wp-content\/uploads\/2026\/01\/Gong-Mei-Biala-herbata-3-16x12.jpg 16w, https:\/\/teaeye.pl\/wp-content\/uploads\/2026\/01\/Gong-Mei-Biala-herbata-3-600x438.jpg 600w, https:\/\/teaeye.pl\/wp-content\/uploads\/2026\/01\/Gong-Mei-Biala-herbata-3-850x621.jpg 850w, https:\/\/teaeye.pl\/wp-content\/uploads\/2026\/01\/Gong-Mei-Biala-herbata-3.jpg 1170w\" sizes=\"(max-width: 551px) 100vw, 551px\" \/><\/a><\/p>\n<h2>\u042f\u043a \u0437\u0430\u0432\u0430\u0440\u044e\u0432\u0430\u0442\u0438 \u0456 \u0437\u0431\u0435\u0440\u0456\u0433\u0430\u0442\u0438<\/h2>\n<ul>\n<li>\u041d\u0430\u0441\u0442\u043e\u044e\u0432\u0430\u043d\u043d\u044f\u043c: 5 \u0433 \u043d\u0430 500 \u043c\u043b, 4\u20136 \u0445\u0432, 90\u201395 \u00b0C.<\/li>\n<li>\u0413\u0443\u043d\u0444\u0443 \u0447\u0430: 7 \u0433 \u043d\u0430 120\u2013150 \u043c\u043b, 15\u201325 \u0441, 6\u20138 \u043f\u0440\u043e\u043b\u0438\u0432\u0456\u0432.<\/li>\n<\/ul>\n<p>\u0427\u0430\u0439 \u0441\u043b\u0456\u0434 \u0437\u0431\u0435\u0440\u0456\u0433\u0430\u0442\u0438 \u0432 \u0441\u0443\u0445\u043e\u043c\u0443, \u0434\u043e\u0431\u0440\u0435 \u043f\u0440\u043e\u0432\u0456\u0442\u0440\u044e\u0432\u0430\u043d\u043e\u043c\u0443 \u043c\u0456\u0441\u0446\u0456, \u043f\u043e\u0434\u0430\u043b\u0456 \u0432\u0456\u0434 \u0441\u0432\u0456\u0442\u043b\u0430 \u0442\u0430 \u0456\u043d\u0442\u0435\u043d\u0441\u0438\u0432\u043d\u0438\u0445 \u0437\u0430\u043f\u0430\u0445\u0456\u0432. \u0490\u0443\u043d \u041c\u0435\u0439 \u0434\u0443\u0436\u0435 \u0434\u043e\u0431\u0440\u0435 \u0440\u0435\u0430\u0433\u0443\u0454 \u043d\u0430 \u043f\u043e\u0434\u0430\u043b\u044c\u0448\u0435 \u0434\u043e\u0437\u0440\u0456\u0432\u0430\u043d\u043d\u044f \u0439 \u0437 \u0447\u0430\u0441\u043e\u043c \u0441\u0442\u0430\u0454 \u0449\u0435 \u043c\u2019\u044f\u043a\u0448\u0438\u043c \u0456 \u0441\u043a\u043b\u0430\u0434\u043d\u0456\u0448\u0438\u043c.<\/p>\n<p class=\"translation-block\">\u0423 TEA EYE \u0442\u0438 \u043c\u043e\u0436\u0435\u0448 <strong>\u043a\u0443\u043f\u0438\u0442\u0438 \u0490\u0443\u043d \u041c\u0435\u0439 2017 \u0443 \u0412\u0430\u0440\u0448\u0430\u0432\u0456<\/strong> \u0437 \u043d\u0430\u0434\u0456\u0439\u043d\u043e\u0433\u043e \u0434\u0436\u0435\u0440\u0435\u043b\u0430. \u042f\u043a <strong>\u043c\u0430\u0433\u0430\u0437\u0438\u043d \u043a\u0438\u0442\u0430\u0439\u0441\u044c\u043a\u043e\u0433\u043e \u0447\u0430\u044e \u0432 \u041f\u043e\u043b\u044c\u0449\u0456<\/strong> \u043c\u0438 \u043f\u0440\u043e\u043f\u043e\u043d\u0443\u0454\u043c\u043e \u0437\u0440\u0443\u0447\u043d\u0443 \u043f\u043e\u043a\u0443\u043f\u043a\u0443 \u043e\u043d\u043b\u0430\u0439\u043d. \u0422\u0430\u043a\u043e\u0436 \u043f\u0435\u0440\u0435\u0433\u043b\u044f\u043d\u044c \u0456\u043d\u0448\u0456 \u0447\u0430\u0457 \u0432 \u043a\u0430\u0442\u0435\u0433\u043e\u0440\u0456\u0457 <a href=\"https:\/\/teaeye.pl\/uk\/product-category\/biala-herbata\/\" target=\"_self\">\u0431\u0456\u043b\u0438\u0439 \u0447\u0430\u0439<\/a> \u0442\u0430 \u0430\u0441\u043e\u0440\u0442\u0438\u043c\u0435\u043d\u0442 \u0432\u0438\u0442\u0440\u0438\u043c\u0430\u043d\u0438\u0445 \u0447\u0430\u0457\u0432 \u0443 \u0440\u043e\u0437\u0434\u0456\u043b\u0456 <a href=\"https:\/\/teaeye.pl\/uk\/product-category\/lao-cha-dojrzewajaca\/\" target=\"_self\">\u043b\u0430\u043e \u0447\u0430<\/a>. \u0411\u0456\u043b\u044c\u0448\u0435 \u0456\u043d\u0444\u043e\u0440\u043c\u0430\u0446\u0456\u0457 \u043f\u0440\u043e \u0431\u0456\u043b\u0438\u0439 \u0447\u0430\u0439 \u0442\u0438 \u0437\u043d\u0430\u0439\u0434\u0435\u0448 \u043d\u0430 <a href=\"https:\/\/pl.wikipedia.org\/wiki\/Biaa_herbata\" target=\"_self\">\u0412\u0456\u043a\u0456\u043f\u0435\u0434\u0456\u0457<\/a>.<\/p>","protected":false},"excerpt":{"rendered":"<p>\u0490\u0443\u043d \u041c\u0435\u0439 2017 \u2014 \u0446\u0435 \u0432\u0438\u0442\u0440\u0438\u043c\u0430\u043d\u0438\u0439 \u0431\u0456\u043b\u0438\u0439 \u0447\u0430\u0439 \u0437 \u0424\u0443\u0434\u0456\u043d\u0430, \u044f\u043a\u0438\u0439 \u0437 \u0440\u043e\u043a\u0430\u043c\u0438 \u043d\u0430\u0431\u0443\u0432 \u0433\u043b\u0438\u0431\u0438\u043d\u0438 \u0442\u0430 \u0433\u0430\u0440\u043c\u043e\u043d\u0456\u0457. \u041d\u0430\u0441\u0442\u0456\u0439 \u043c\u2019\u044f\u043a\u0438\u0439, \u0447\u0438\u0441\u0442\u0438\u0439 \u0456 \u043f\u0440\u0438\u0440\u043e\u0434\u043d\u043e \u0441\u043e\u043b\u043e\u0434\u043a\u0443\u0432\u0430\u0442\u0438\u0439. \u0412 \u0430\u0440\u043e\u043c\u0430\u0442\u0456 \u0437\u2019\u044f\u0432\u043b\u044f\u044e\u0442\u044c\u0441\u044f \u043d\u043e\u0442\u0438 \u044f\u0433\u0456\u0434, \u0442\u0440\u0430\u0432, \u043c\u0435\u0434\u0443 \u0442\u0430 \u0446\u0438\u0442\u0440\u0443\u0441\u0456\u0432. \u0421\u043c\u0430\u043a \u043e\u043a\u0440\u0443\u0433\u043b\u0438\u0439 \u0456 \u0435\u043b\u0435\u0433\u0430\u043d\u0442\u043d\u0438\u0439, \u0456\u0437 \u0434\u043e\u0432\u0433\u0438\u043c, \u043e\u0441\u0432\u0456\u0436\u0430\u044e\u0447\u0438\u043c \u0444\u0456\u043d\u0456\u0448\u0435\u043c. \u0426\u0435 \u0447\u0430\u0439 \u0434\u043b\u044f \u0441\u043f\u043e\u043a\u0456\u0439\u043d\u0438\u0445 \u0441\u0435\u0441\u0456\u0439, \u043e\u0441\u043e\u0431\u043b\u0438\u0432\u0438\u0445 \u043d\u0430\u0433\u043e\u0434 \u0456 \u043c\u043e\u043c\u0435\u043d\u0442\u0456\u0432 \u0437\u043e\u0441\u0435\u0440\u0435\u0434\u0436\u0435\u043d\u043d\u044f.<\/p>","protected":false},"featured_media":17138,"comment_status":"open","ping_status":"closed","template":"","meta":[],"product_cat":[118,149],"product_tag":[],"class_list":{"0":"post-17137","1":"product","2":"type-product","3":"status-publish","4":"has-post-thumbnail","6":"product_cat-biala-herbata","7":"product_cat-herbata","9":"first","10":"instock","11":"shipping-taxable","12":"purchasable","13":"product-type-variable"},"aioseo_notices":[],"_links":{"self":[{"href":"https:\/\/teaeye.pl\/uk\/wp-json\/wp\/v2\/product\/17137","targetHints":{"allow":["GET"]}}],"collection":[{"href":"https:\/\/teaeye.pl\/uk\/wp-json\/wp\/v2\/product"}],"about":[{"href":"https:\/\/teaeye.pl\/uk\/wp-json\/wp\/v2\/types\/product"}],"replies":[{"embeddable":true,"href":"https:\/\/teaeye.pl\/uk\/wp-json\/wp\/v2\/comments?post=17137"}],"version-history":[{"count":1,"href":"https:\/\/teaeye.pl\/uk\/wp-json\/wp\/v2\/product\/17137\/revisions"}],"predecessor-version":[{"id":17145,"href":"https:\/\/teaeye.pl\/uk\/wp-json\/wp\/v2\/product\/17137\/revisions\/17145"}],"wp:featuredmedia":[{"embeddable":true,"href":"https:\/\/teaeye.pl\/uk\/wp-json\/wp\/v2\/media\/17138"}],"wp:attachment":[{"href":"https:\/\/teaeye.pl\/uk\/wp-json\/wp\/v2\/media?parent=17137"}],"wp:term":[{"taxonomy":"product_cat","embeddable":true,"href":"https:\/\/teaeye.pl\/uk\/wp-json\/wp\/v2\/product_cat?post=17137"},{"taxonomy":"product_tag","embeddable":true,"href":"https:\/\/teaeye.pl\/uk\/wp-json\/wp\/v2\/product_tag?post=17137"}],"curies":[{"name":"wp","href":"https:\/\/api.w.org\/{rel}","templated":true}]}}