{"id":18040,"date":"2026-03-02T00:40:11","date_gmt":"2026-03-02T00:40:11","guid":{"rendered":"https:\/\/teaeye.pl\/?post_type=product&#038;p=18040"},"modified":"2026-03-10T17:48:21","modified_gmt":"2026-03-10T17:48:21","slug":"zestaw-do-herbaty-mgliste-gory","status":"publish","type":"product","link":"https:\/\/teaeye.pl\/uk\/product\/zestaw-do-herbaty-mgliste-gory\/","title":{"rendered":"\u041d\u0430\u0431\u0456\u0440 \u0434\u043b\u044f \u0447\u0430\u044e \u00ab\u0422\u0443\u043c\u0430\u043d\u043d\u0456 \u0413\u043e\u0440\u0438\u00bb"},"content":{"rendered":"<h1>\u041d\u0430\u0431\u0456\u0440 \u0434\u043b\u044f \u0447\u0430\u044e \u00ab\u0422\u0443\u043c\u0430\u043d\u043d\u0456 \u0413\u043e\u0440\u0438\u00bb \u2014 \u0434\u043e\u0440\u043e\u0436\u043d\u0456\u0439 \u043d\u0430\u0431\u0456\u0440 \u0434\u043b\u044f \u0433\u0443\u043d\u0444\u0443 \u0447\u0430 \u0437 \u0447\u0430\u0439\u043d\u0438\u043a\u043e\u043c 200 ml<\/h1>\n<p>\u041d\u0430\u0431\u0456\u0440 \u0434\u043b\u044f \u0447\u0430\u044e \u00ab\u0422\u0443\u043c\u0430\u043d\u043d\u0456 \u0413\u043e\u0440\u0438\u00bb \u2014 \u0446\u0435 \u0435\u043b\u0435\u0433\u0430\u043d\u0442\u043d\u0438\u0439 \u043a\u043e\u043c\u043f\u043b\u0435\u043a\u0442, \u043d\u0430\u0442\u0445\u043d\u0435\u043d\u043d\u0438\u0439 \u0441\u043f\u043e\u043a\u043e\u0454\u043c \u0433\u0456\u0440, \u043e\u0433\u043e\u0440\u043d\u0443\u0442\u0438\u0445 \u0442\u0443\u043c\u0430\u043d\u043e\u043c. \u041c\u0456\u043d\u0456\u043c\u0430\u043b\u0456\u0441\u0442\u0438\u0447\u043d\u0430 \u0444\u043e\u0440\u043c\u0430, \u0434\u0435\u043b\u0456\u043a\u0430\u0442\u043d\u0438\u0439 \u0440\u0435\u043b\u044c\u0454\u0444 \u043f\u0435\u0439\u0437\u0430\u0436\u0443 \u0442\u0430 \u0441\u0442\u0440\u0438\u043c\u0430\u043d\u0430 \u043a\u043e\u043b\u044c\u043e\u0440\u043e\u0432\u0430 \u0433\u0430\u043c\u0430 \u0441\u0442\u0432\u043e\u0440\u044e\u044e\u0442\u044c \u0433\u0430\u0440\u043c\u043e\u043d\u0456\u0439\u043d\u0438\u0439 \u043f\u0440\u043e\u0441\u0442\u0456\u0440 \u0434\u043b\u044f \u0437\u0430\u0432\u0430\u0440\u044e\u0432\u0430\u043d\u043d\u044f \u0447\u0430\u044e \u043c\u0435\u0442\u043e\u0434\u043e\u043c \u0433\u0443\u043d\u0444\u0443 \u0447\u0430. \u0426\u0435 \u043f\u0440\u043e\u043f\u043e\u0437\u0438\u0446\u0456\u044f \u0434\u043b\u044f \u0442\u0438\u0445, \u0445\u0442\u043e \u0446\u0456\u043d\u0443\u0454 \u0435\u0441\u0442\u0435\u0442\u0438\u043a\u0443, \u0444\u0443\u043d\u043a\u0446\u0456\u043e\u043d\u0430\u043b\u044c\u043d\u0456\u0441\u0442\u044c \u0456 \u0443\u0441\u0432\u0456\u0434\u043e\u043c\u043b\u0435\u043d\u0438\u0439 \u0440\u0438\u0442\u0443\u0430\u043b \u043f\u0438\u0442\u0442\u044f \u043a\u0438\u0442\u0430\u0439\u0441\u044c\u043a\u043e\u0433\u043e \u0447\u0430\u044e.<\/p>\n<p>Nazwa \u201eMgliste G\u00f3ry\u201d nawi\u0105zuje do klasycznego malarstwa chi\u0144skiego, gdzie mg\u0142a symbolizuje cisz\u0119, g\u0142\u0119bi\u0119 i kontemplacj\u0119. Ten zestaw do herbaty pozwala przenie\u015b\u0107 t\u0119 atmosfer\u0119 do codziennego rytua\u0142u \u2013 zar\u00f3wno w domu, jak i w podr\u00f3\u017cy.<\/p>\n<p><a href=\"https:\/\/teaeye.pl\/wp-content\/uploads\/2026\/03\/IMG_0305.jpg\"><img fetchpriority=\"high\" decoding=\"async\" class=\"alignnone  wp-image-18042\" src=\"https:\/\/teaeye.pl\/wp-content\/uploads\/2026\/03\/IMG_0305-300x219.jpg\" alt=\"\u041d\u0430\u0431\u0456\u0440 \u0434\u043b\u044f \u0447\u0430\u044e \u00ab\u0422\u0443\u043c\u0430\u043d\u043d\u0456 \u0413\u043e\u0440\u0438\u00bb\" width=\"551\" height=\"402\" srcset=\"https:\/\/teaeye.pl\/wp-content\/uploads\/2026\/03\/IMG_0305-300x219.jpg 300w, https:\/\/teaeye.pl\/wp-content\/uploads\/2026\/03\/IMG_0305-1024x748.jpg 1024w, https:\/\/teaeye.pl\/wp-content\/uploads\/2026\/03\/IMG_0305-768x561.jpg 768w, https:\/\/teaeye.pl\/wp-content\/uploads\/2026\/03\/IMG_0305-1536x1122.jpg 1536w, https:\/\/teaeye.pl\/wp-content\/uploads\/2026\/03\/IMG_0305-16x12.jpg 16w, https:\/\/teaeye.pl\/wp-content\/uploads\/2026\/03\/IMG_0305-600x438.jpg 600w, https:\/\/teaeye.pl\/wp-content\/uploads\/2026\/03\/IMG_0305-850x621.jpg 850w, https:\/\/teaeye.pl\/wp-content\/uploads\/2026\/03\/IMG_0305.jpg 2048w\" sizes=\"(max-width: 551px) 100vw, 551px\" \/><\/a><\/p>\n<h2>\u041d\u0430\u0431\u0456\u0440 \u0434\u043b\u044f \u0447\u0430\u044e \u00ab\u0422\u0443\u043c\u0430\u043d\u043d\u0456 \u0413\u043e\u0440\u0438\u00bb \u2014 \u0449\u043e \u0432\u0445\u043e\u0434\u0438\u0442\u044c \u0434\u043e \u043a\u043e\u043c\u043f\u043b\u0435\u043a\u0442\u0443?<\/h2>\n<ul>\n<li>\u0427\u0430\u0439\u043d\u0438\u043a \u043e\u0431\u2019\u0454\u043c\u043e\u043c 200 ml<\/li>\n<li>3 \u043f\u0456\u0430\u043b\u0438 \u043f\u043e 40 ml<\/li>\n<li>1 \u043f\u0456\u0430\u043b\u0430 90 ml<\/li>\n<li>\u0416\u043e\u0440\u0441\u0442\u043a\u0438\u0439 \u0442\u0440\u0430\u043d\u0441\u043f\u043e\u0440\u0442\u043d\u0438\u0439 \u0444\u0443\u0442\u043b\u044f\u0440 \u043d\u0430 \u0431\u043b\u0438\u0441\u043a\u0430\u0432\u0446\u0456<\/li>\n<\/ul>\n<p>\u0427\u0430\u0439\u043d\u0438\u043a \u043e\u0431\u2019\u0454\u043c\u043e\u043c 200 ml \u2014 \u0456\u0434\u0435\u0430\u043b\u044c\u043d\u0438\u0439 \u0440\u043e\u0437\u043c\u0456\u0440 \u0434\u043b\u044f \u0437\u0430\u0432\u0430\u0440\u044e\u0432\u0430\u043d\u043d\u044f \u0447\u0430\u044e \u043c\u0435\u0442\u043e\u0434\u043e\u043c \u0433\u0443\u043d\u0444\u0443 \u0447\u0430. \u0412\u0456\u043d \u0434\u043e\u0437\u0432\u043e\u043b\u044f\u0454 \u0433\u043e\u0442\u0443\u0432\u0430\u0442\u0438 \u043a\u043e\u0440\u043e\u0442\u043a\u0456, \u0431\u0430\u0433\u0430\u0442\u043e\u0440\u0430\u0437\u043e\u0432\u0456 \u043d\u0430\u0441\u0442\u043e\u0457, \u0437\u0430\u0432\u0434\u044f\u043a\u0438 \u044f\u043a\u0438\u043c \u043b\u0438\u0441\u0442\u044f \u043f\u043e\u0441\u0442\u0443\u043f\u043e\u0432\u043e \u0440\u043e\u0437\u043a\u0440\u0438\u0432\u0430\u0454 \u043f\u043e\u0432\u043d\u043e\u0442\u0443 \u0430\u0440\u043e\u043c\u0430\u0442\u0443 \u0442\u0430 \u0441\u043c\u0430\u043a\u0443. \u0422\u0440\u0438 \u043c\u0435\u043d\u0448\u0456 \u043f\u0456\u0430\u043b\u0438 (40 ml) \u0447\u0443\u0434\u043e\u0432\u043e \u043f\u0456\u0434\u0445\u043e\u0434\u044f\u0442\u044c \u0434\u043b\u044f \u0434\u0435\u0433\u0443\u0441\u0442\u0430\u0446\u0456\u0457 \u0432 \u043a\u043e\u043b\u0456 \u0431\u043b\u0438\u0437\u044c\u043a\u0438\u0445, \u0430 \u0431\u0456\u043b\u044c\u0448\u0430 \u043f\u0456\u0430\u043b\u0430 (90 ml) \u0434\u0430\u0454 \u0437\u043c\u043e\u0433\u0443 \u0441\u043f\u043e\u043a\u0456\u0439\u043d\u043e \u0442\u0430 \u0434\u043e\u0432\u0448\u0435 \u043d\u0430\u0441\u043e\u043b\u043e\u0434\u0436\u0443\u0432\u0430\u0442\u0438\u0441\u044f \u043d\u0430\u0441\u0442\u043e\u0454\u043c.<\/p>\n<p><a href=\"https:\/\/teaeye.pl\/wp-content\/uploads\/2026\/03\/IMG_0309.jpg\"><img decoding=\"async\" class=\"alignnone  wp-image-18043\" src=\"https:\/\/teaeye.pl\/wp-content\/uploads\/2026\/03\/IMG_0309-300x219.jpg\" alt=\"\u041d\u0430\u0431\u0456\u0440 \u0434\u043b\u044f \u0447\u0430\u044e \u00ab\u0422\u0443\u043c\u0430\u043d\u043d\u0456 \u0413\u043e\u0440\u0438\u00bb\" width=\"551\" height=\"402\" srcset=\"https:\/\/teaeye.pl\/wp-content\/uploads\/2026\/03\/IMG_0309-300x219.jpg 300w, https:\/\/teaeye.pl\/wp-content\/uploads\/2026\/03\/IMG_0309-1024x748.jpg 1024w, https:\/\/teaeye.pl\/wp-content\/uploads\/2026\/03\/IMG_0309-768x561.jpg 768w, https:\/\/teaeye.pl\/wp-content\/uploads\/2026\/03\/IMG_0309-1536x1122.jpg 1536w, https:\/\/teaeye.pl\/wp-content\/uploads\/2026\/03\/IMG_0309-16x12.jpg 16w, https:\/\/teaeye.pl\/wp-content\/uploads\/2026\/03\/IMG_0309-600x438.jpg 600w, https:\/\/teaeye.pl\/wp-content\/uploads\/2026\/03\/IMG_0309-850x621.jpg 850w, https:\/\/teaeye.pl\/wp-content\/uploads\/2026\/03\/IMG_0309.jpg 1901w\" sizes=\"(max-width: 551px) 100vw, 551px\" \/><\/a><\/p>\n<h2>Idealny zestaw podr\u00f3\u017cny do herbaty<\/h2>\n<p>Dzi\u0119ki kompaktowemu etui zestaw \u015bwietnie sprawdzi si\u0119 jako <strong>zestaw podr\u00f3\u017cny do herbaty<\/strong>. Twarda konstrukcja chroni naczynia przed uszkodzeniem, a przemy\u015blane wn\u0119trze stabilizuje ka\u017cdy element podczas transportu. Mo\u017cesz zabra\u0107 go do pracy, w plener, na wyjazd lub spotkanie z przyjaci\u00f3\u0142mi.<\/p>\n<p>To rozwi\u0105zanie szczeg\u00f3lnie doceni\u0105 osoby praktykuj\u0105ce gongfu cha poza domem oraz mi\u0142o\u015bnicy chi\u0144skiej herbaty, kt\u00f3rzy chc\u0105 mie\u0107 sw\u00f3j rytua\u0142 zawsze pod r\u0119k\u0105.<\/p>\n<h2>Zestaw do gongfu cha \u2013 tradycja w nowoczesnej formie<\/h2>\n<p>Gongfu cha to tradycyjna chi\u0144ska metoda parzenia herbaty oparta na precyzji, uwa\u017cno\u015bci i kr\u00f3tkich naparach. Dzi\u0119ki odpowiedniej pojemno\u015bci czajnika i ma\u0142ym czarkom mo\u017cliwe jest wydobycie wielu warstw smaku \u2013 od pierwszego, intensywnego naparu po delikatne, subtelne zako\u0144czenie sesji.<\/p>\n<p>Zestaw \u201eMgliste G\u00f3ry\u201d doskonale sprawdzi si\u0119 do parzenia <a href=\"https:\/\/teaeye.pl\/uk\/product-category\/oolong\/jasny\/\">\u0443\u043b\u0443\u043d\u0456\u0432<\/a>, <a href=\"https:\/\/teaeye.pl\/uk\/product-category\/zielona-herbata\/\">\u0437\u0435\u043b\u0435\u043d\u0438\u0445 \u0447\u0430\u0457\u0432<\/a>, a tak\u017ce wybranych <a href=\"https:\/\/teaeye.pl\/uk\/product-category\/%d0%bf%d1%83%d0%b5%d1%80\/shu-puer\/\">\u0448\u0443 \u043f\u0443\u0435\u0440\u0443<\/a>. Neutralna estetyka naczy\u0144 pozwala w pe\u0142ni skupi\u0107 si\u0119 na aromacie i strukturze naparu.<\/p>\n<p>Je\u015bli interesuje Ci\u0119 chi\u0144ska herbata w Warszawie lub szukasz eleganckiego zestawu na prezent dla mi\u0142o\u015bnika herbaty, \u201eMgliste G\u00f3ry\u201d to uniwersalny i stylowy wyb\u00f3r. Wi\u0119cej o tradycji parzenia przeczytasz tutaj: <a href=\"https:\/\/en.wikipedia.org\/wiki\/Gongfu_tea\">Gongfu tea<\/a>.<\/p>\n<p>Zestaw do herbaty \u201eMgliste G\u00f3ry\u201d to nie tylko naczynia \u2013 to przestrze\u0144 do zatrzymania si\u0119 na chwil\u0119, do rozmowy i do \u015bwiadomego smakowania herbaty. Inspiracja natur\u0105, funkcjonalno\u015b\u0107 i mobilno\u015b\u0107 tworz\u0105 komplet, kt\u00f3ry b\u0119dzie towarzyszy\u0142 Ci przez lata.<\/p>","protected":false},"excerpt":{"rendered":"<p>\u041d\u0430\u0431\u0456\u0440 \u0434\u043b\u044f \u0447\u0430\u044e \u00ab\u0422\u0443\u043c\u0430\u043d\u043d\u0456 \u0413\u043e\u0440\u0438\u00bb \u2014 \u0446\u0435 \u0435\u043b\u0435\u0433\u0430\u043d\u0442\u043d\u0438\u0439 \u043a\u043e\u043c\u043f\u043b\u0435\u043a\u0442, \u043d\u0430\u0442\u0445\u043d\u0435\u043d\u043d\u0438\u0439 \u0441\u043f\u043e\u043a\u0456\u0439\u043d\u0438\u043c \u043f\u0435\u0439\u0437\u0430\u0436\u0435\u043c \u0433\u0456\u0440, \u043e\u0433\u043e\u0440\u043d\u0443\u0442\u0438\u0445 \u0442\u0443\u043c\u0430\u043d\u043e\u043c. \u0414\u043e \u0441\u043a\u043b\u0430\u0434\u0443 \u0432\u0445\u043e\u0434\u0438\u0442\u044c <strong>\u0447\u0430\u0439\u043d\u0438\u043a 200 ml, \u043f\u0456\u0430\u043b\u0438 40 ml \u0456 90 ml<\/strong> \u0430 \u0442\u0430\u043a\u043e\u0436 \u043f\u0440\u0430\u043a\u0442\u0438\u0447\u043d\u0438\u0439 \u0442\u0440\u0430\u043d\u0441\u043f\u043e\u0440\u0442\u043d\u0438\u0439 \u0444\u0443\u0442\u043b\u044f\u0440. \u041c\u0456\u043d\u0456\u043c\u0430\u043b\u0456\u0441\u0442\u0438\u0447\u043d\u0438\u0439 \u0434\u0438\u0437\u0430\u0439\u043d \u0456 \u0434\u0435\u043b\u0456\u043a\u0430\u0442\u043d\u0438\u0439 \u0440\u0435\u043b\u044c\u0454\u0444 \u0433\u0456\u0440 \u0441\u0442\u0432\u043e\u0440\u044e\u044e\u0442\u044c \u0433\u0430\u0440\u043c\u043e\u043d\u0456\u0439\u043d\u0438\u0439 \u043f\u0440\u043e\u0441\u0442\u0456\u0440 \u0434\u043b\u044f \u0446\u0435\u0440\u0435\u043c\u043e\u043d\u0456\u0457 \u0433\u0443\u043d\u0444\u0443 \u0447\u0430. \u0406\u0434\u0435\u0430\u043b\u044c\u043d\u0438\u0439 \u0434\u043e\u0440\u043e\u0436\u043d\u0456\u0439 \u043d\u0430\u0431\u0456\u0440 \u0434\u043b\u044f \u043f\u043e\u0446\u0456\u043d\u043e\u0432\u0443\u0432\u0430\u0447\u0456\u0432 \u043a\u0438\u0442\u0430\u0439\u0441\u044c\u043a\u043e\u0433\u043e \u0447\u0430\u044e.<\/p>","protected":false},"featured_media":18041,"comment_status":"open","ping_status":"closed","template":"","meta":[],"product_cat":[129,130,141],"product_tag":[],"class_list":{"0":"post-18040","1":"product","2":"type-product","3":"status-publish","4":"has-post-thumbnail","6":"product_cat-akcesoria","7":"product_cat-naczynia","8":"product_cat-zestawy-do-parzenia","10":"first","11":"outofstock","12":"shipping-taxable","13":"purchasable","14":"product-type-simple"},"aioseo_notices":[],"_links":{"self":[{"href":"https:\/\/teaeye.pl\/uk\/wp-json\/wp\/v2\/product\/18040","targetHints":{"allow":["GET"]}}],"collection":[{"href":"https:\/\/teaeye.pl\/uk\/wp-json\/wp\/v2\/product"}],"about":[{"href":"https:\/\/teaeye.pl\/uk\/wp-json\/wp\/v2\/types\/product"}],"replies":[{"embeddable":true,"href":"https:\/\/teaeye.pl\/uk\/wp-json\/wp\/v2\/comments?post=18040"}],"version-history":[{"count":1,"href":"https:\/\/teaeye.pl\/uk\/wp-json\/wp\/v2\/product\/18040\/revisions"}],"predecessor-version":[{"id":18044,"href":"https:\/\/teaeye.pl\/uk\/wp-json\/wp\/v2\/product\/18040\/revisions\/18044"}],"wp:featuredmedia":[{"embeddable":true,"href":"https:\/\/teaeye.pl\/uk\/wp-json\/wp\/v2\/media\/18041"}],"wp:attachment":[{"href":"https:\/\/teaeye.pl\/uk\/wp-json\/wp\/v2\/media?parent=18040"}],"wp:term":[{"taxonomy":"product_cat","embeddable":true,"href":"https:\/\/teaeye.pl\/uk\/wp-json\/wp\/v2\/product_cat?post=18040"},{"taxonomy":"product_tag","embeddable":true,"href":"https:\/\/teaeye.pl\/uk\/wp-json\/wp\/v2\/product_tag?post=18040"}],"curies":[{"name":"wp","href":"https:\/\/api.w.org\/{rel}","templated":true}]}}