{"id":18520,"date":"2026-03-31T21:46:31","date_gmt":"2026-03-31T21:46:31","guid":{"rendered":"https:\/\/teaeye.pl\/?post_type=product&#038;p=18520"},"modified":"2026-03-31T21:46:32","modified_gmt":"2026-03-31T21:46:32","slug":"chahai-gorska-swiatynia-325-ml","status":"publish","type":"product","link":"https:\/\/teaeye.pl\/uk\/product\/chahai-gorska-swiatynia-325-ml\/","title":{"rendered":"\u0427\u0430\u0445\u0430\u0439 \u00ab\u0413\u0456\u0440\u0441\u044c\u043a\u0438\u0439 \u0425\u0440\u0430\u043c\u00bb 325 \u043c\u043b"},"content":{"rendered":"<h1>\u0427\u0430\u0445\u0430\u0439 \u00ab\u0413\u0456\u0440\u0441\u044c\u043a\u0438\u0439 \u0425\u0440\u0430\u043c\u00bb 325 \u043c\u043b \u0437 \u0456\u0441\u0438\u043d\u0441\u044c\u043a\u043e\u0457 \u0433\u043b\u0438\u043d\u0438 \u2014 \u0434\u0437\u0431\u0430\u043d\u043e\u043a \u0434\u043b\u044f \u0433\u0443\u043d\u0444\u0443 \u0447\u0430<\/h1>\n<p>\u0427\u0430\u0445\u0430\u0439 \u00ab\u0413\u0456\u0440\u0441\u044c\u043a\u0438\u0439 \u0425\u0440\u0430\u043c\u00bb \u0443 \u0446\u0456\u0439 \u0432\u0435\u0440\u0441\u0456\u0457 \u0432\u0440\u0430\u0436\u0430\u0454 \u0433\u043b\u0438\u0431\u043e\u043a\u0438\u043c, \u0437\u0430\u0442\u0435\u043c\u043d\u0435\u043d\u0438\u043c \u043f\u043e\u043a\u0440\u0438\u0442\u0442\u044f\u043c, \u044f\u043a\u0435 \u043d\u0430\u0434\u0430\u0454 \u0439\u043e\u043c\u0443 \u0431\u0456\u043b\u044c\u0448 \u0432\u0438\u0448\u0443\u043a\u0430\u043d\u043e\u0433\u043e \u0439 \u00ab\u0437\u0440\u0456\u043b\u043e\u0433\u043e\u00bb \u0445\u0430\u0440\u0430\u043a\u0442\u0435\u0440\u0443. \u0412\u0438\u0433\u043e\u0442\u043e\u0432\u043b\u0435\u043d\u0438\u0439 \u0437 \u0456\u0441\u0438\u043d\u0441\u044c\u043a\u043e\u0457 \u0433\u043b\u0438\u043d\u0438 \u0442\u0430 \u043f\u043e\u043a\u0440\u0438\u0442\u0438\u0439 \u0434\u0435\u043a\u043e\u0440\u0430\u0442\u0438\u0432\u043d\u0438\u043c \u0448\u0430\u0440\u043e\u043c, \u0432\u0456\u043d \u043f\u043e\u0454\u0434\u043d\u0443\u0454 \u0442\u0440\u0430\u0434\u0438\u0446\u0456\u0439\u043d\u0435 \u0440\u0435\u043c\u0435\u0441\u043b\u043e \u0437 \u0441\u0443\u0447\u0430\u0441\u043d\u043e\u044e \u0435\u0441\u0442\u0435\u0442\u0438\u043a\u043e\u044e. \u0422\u043e\u043d\u043a\u043e \u0432\u043f\u0438\u0441\u0430\u043d\u0438\u0439 \u043f\u0435\u0439\u0437\u0430\u0436 \u0433\u0456\u0440 \u0456 \u0445\u0440\u0430\u043c\u0443 \u043d\u0430\u0433\u0430\u0434\u0443\u0454 \u043a\u043b\u0430\u0441\u0438\u0447\u043d\u0438\u0439 \u043a\u0438\u0442\u0430\u0439\u0441\u044c\u043a\u0438\u0439 \u0436\u0438\u0432\u043e\u043f\u0438\u0441 \u0442\u0443\u0448\u0448\u044e, \u0441\u0442\u0432\u043e\u0440\u044e\u044e\u0447\u0438 \u0430\u0442\u043c\u043e\u0441\u0444\u0435\u0440\u0443 \u0441\u043f\u043e\u043a\u043e\u044e \u0442\u0430 \u0437\u043e\u0441\u0435\u0440\u0435\u0434\u0436\u0435\u043d\u043e\u0441\u0442\u0456.<\/p>\n<p class=\"translation-block\">\u0422\u0430\u043a\u043e\u0436 \u0432\u0456\u0434\u043e\u043c\u0438\u0439 \u044f\u043a \u00ab\u0447\u0430\u0439\u043d\u0438\u043a \u0441\u043f\u0440\u0430\u0432\u0435\u0434\u043b\u0438\u0432\u043e\u0441\u0442\u0456\u00bb, \u0432\u0456\u043d \u0454 \u043d\u0435\u0432\u0456\u0434\u2019\u0454\u043c\u043d\u043e\u044e \u0447\u0430\u0441\u0442\u0438\u043d\u043e\u044e <a href=\"https:\/\/en.wikipedia.org\/wiki\/Gongfu_tea\" target=\"_blank\" rel=\"noopener noreferrer\">\u0433\u0443\u043d\u0444\u0443 \u0447\u0430<\/a>. \u0414\u043e\u0437\u0432\u043e\u043b\u044f\u0454 \u0437\u0456\u0431\u0440\u0430\u0442\u0438 \u043d\u0430\u0441\u0442\u0456\u0439 \u0437 \u0433\u0430\u0439\u0432\u0430\u043d\u0456 \u0430\u0431\u043e \u0447\u0430\u0439\u043d\u0438\u043a\u0430 \u0442\u0430 \u0440\u0456\u0432\u043d\u043e\u043c\u0456\u0440\u043d\u043e \u0440\u043e\u0437\u043b\u0438\u0442\u0438 \u0439\u043e\u0433\u043e \u043f\u043e \u043f\u0456\u0430\u043b\u0430\u0445, \u0437\u0430\u0432\u0434\u044f\u043a\u0438 \u0447\u043e\u043c\u0443 \u043a\u043e\u0436\u043d\u0430 \u043f\u043e\u0440\u0446\u0456\u044f \u043c\u0430\u0454 \u043e\u0434\u043d\u0430\u043a\u043e\u0432\u0438\u0439 \u0441\u043c\u0430\u043a\u043e\u0432\u0438\u0439 \u043f\u0440\u043e\u0444\u0456\u043b\u044c. \u0422\u0430\u043a\u043e\u0436 \u043f\u0435\u0440\u0435\u0433\u043b\u044f\u043d\u044c\u0442\u0435 \u043d\u0430\u0448\u0456 <a href=\"https:\/\/teaeye.pl\/uk\/product-category\/akcesoria\/naczynia\/chahai\/\" target=\"_self\">\u0447\u0430\u0445\u0430\u0457<\/a> \u0442\u0430 <a href=\"https:\/\/teaeye.pl\/uk\/product-category\/akcesoria\/naczynia\/gaiwany\/\" target=\"_self\">\u0433\u0430\u0439\u0432\u0430\u043d\u0456<\/a>, \u0449\u043e\u0431 \u0441\u0442\u0432\u043e\u0440\u0438\u0442\u0438 \u043f\u043e\u0432\u043d\u0438\u0439 \u043d\u0430\u0431\u0456\u0440.<\/p>\n<p><a href=\"https:\/\/teaeye.pl\/wp-content\/uploads\/2026\/03\/IMG_1810.jpg\"><img fetchpriority=\"high\" decoding=\"async\" class=\"alignnone  wp-image-18521\" src=\"https:\/\/teaeye.pl\/wp-content\/uploads\/2026\/03\/IMG_1810-300x219.jpg\" alt=\"\u0427\u0430\u0445\u0430\u0439 \u00ab\u0413\u0456\u0440\u0441\u044c\u043a\u0438\u0439 \u0425\u0440\u0430\u043c\u00bb 325 \u043c\u043b\" width=\"551\" height=\"402\" srcset=\"https:\/\/teaeye.pl\/wp-content\/uploads\/2026\/03\/IMG_1810-300x219.jpg 300w, https:\/\/teaeye.pl\/wp-content\/uploads\/2026\/03\/IMG_1810-1024x748.jpg 1024w, https:\/\/teaeye.pl\/wp-content\/uploads\/2026\/03\/IMG_1810-768x561.jpg 768w, https:\/\/teaeye.pl\/wp-content\/uploads\/2026\/03\/IMG_1810-1536x1122.jpg 1536w, https:\/\/teaeye.pl\/wp-content\/uploads\/2026\/03\/IMG_1810-2048x1497.jpg 2048w, https:\/\/teaeye.pl\/wp-content\/uploads\/2026\/03\/IMG_1810-16x12.jpg 16w, https:\/\/teaeye.pl\/wp-content\/uploads\/2026\/03\/IMG_1810-600x438.jpg 600w, https:\/\/teaeye.pl\/wp-content\/uploads\/2026\/03\/IMG_1810-850x621.jpg 850w\" sizes=\"(max-width: 551px) 100vw, 551px\" \/><\/a><\/p>\n<h2>\u0427\u0430\u0445\u0430\u0439 \u0437 \u0456\u0441\u0438\u043d\u0441\u044c\u043a\u043e\u0457 \u0433\u043b\u0438\u043d\u0438 \u2014 \u0445\u0430\u0440\u0430\u043a\u0442\u0435\u0440 \u0456 \u0433\u043b\u0438\u0431\u0438\u043d\u0430<\/h2>\n<p>\u0406\u0441\u0438\u043d\u0441\u044c\u043a\u0456 \u0433\u043b\u0438\u043d\u0438 \u0432\u0436\u0435 \u0431\u0430\u0433\u0430\u0442\u043e \u0440\u043e\u043a\u0456\u0432 \u0446\u0456\u043d\u0443\u044e\u0442\u044c\u0441\u044f \u043f\u043e\u0446\u0456\u043d\u043e\u0432\u0443\u0432\u0430\u0447\u0430\u043c\u0438 \u0447\u0430\u044e \u0437\u0430 \u0441\u0432\u043e\u0457 \u0432\u043b\u0430\u0441\u0442\u0438\u0432\u043e\u0441\u0442\u0456 \u0442\u0430 \u0437\u0432\u2019\u044f\u0437\u043e\u043a \u0456\u0437 \u0442\u0440\u0430\u0434\u0438\u0446\u0456\u0454\u044e. \u0423 \u0446\u0456\u0439 \u043c\u043e\u0434\u0435\u043b\u0456 \u043c\u0430\u0442\u0435\u0440\u0456\u0430\u043b \u043e\u0431\u0440\u043e\u0431\u043b\u0435\u043d\u0438\u0439 \u0442\u0430\u043a\u0438\u043c \u0447\u0438\u043d\u043e\u043c, \u0449\u043e \u043f\u043e\u0432\u0435\u0440\u0445\u043d\u044f \u043d\u0430\u0431\u0443\u0432\u0430\u0454 \u0435\u0444\u0435\u043a\u0442\u0443 \u043f\u0440\u0438\u0440\u043e\u0434\u043d\u043e\u0433\u043e \u0441\u0442\u0430\u0440\u0456\u043d\u043d\u044f \u0456 \u0433\u043b\u0438\u0431\u0438\u043d\u0438. \u0417\u0430\u0432\u0434\u044f\u043a\u0438 \u0446\u044c\u043e\u043c\u0443 \u0447\u0430\u0445\u0430\u0439 \u0432\u0438\u0433\u043b\u044f\u0434\u0430\u0454 \u044f\u043a \u043f\u043e\u0441\u0443\u0434 \u0437 \u0456\u0441\u0442\u043e\u0440\u0456\u0454\u044e \u2014 \u0441\u043f\u043e\u043a\u0456\u0439\u043d\u0438\u0439, \u0437\u0431\u0430\u043b\u0430\u043d\u0441\u043e\u0432\u0430\u043d\u0438\u0439 \u0456 \u043f\u043e\u0437\u0430\u0447\u0430\u0441\u043e\u0432\u0438\u0439.<\/p>\n<p>Jednocze\u015bnie zastosowanie warstwy dekoracyjnej sprawia, \u017ce dzbanek pozostaje uniwersalny \u2013 nie absorbuje aromat\u00f3w i mo\u017ce by\u0107 u\u017cywany do r\u00f3\u017cnych rodzaj\u00f3w herbat.<\/p>\n<h2>\u0424\u0443\u043d\u043a\u0446\u0456\u043e\u043d\u0430\u043b\u044c\u043d\u0456\u0441\u0442\u044c \u0443 \u0449\u043e\u0434\u0435\u043d\u043d\u043e\u043c\u0443 \u0437\u0430\u0432\u0430\u0440\u044e\u0432\u0430\u043d\u043d\u0456 \u0447\u0430\u044e<\/h2>\n<p>\u041e\u0431\u2019\u0454\u043c 325 \u043c\u043b \u0440\u043e\u0431\u0438\u0442\u044c \u0447\u0430\u0445\u0430\u0439 \u0447\u0443\u0434\u043e\u0432\u0438\u043c \u044f\u043a \u0434\u043b\u044f \u0456\u043d\u0434\u0438\u0432\u0456\u0434\u0443\u0430\u043b\u044c\u043d\u0438\u0445 \u0441\u0435\u0441\u0456\u0439, \u0442\u0430\u043a \u0456 \u0434\u043b\u044f \u0437\u0443\u0441\u0442\u0440\u0456\u0447\u0435\u0439 \u0437\u0430 \u0447\u0430\u0454\u043c. \u0428\u0438\u0440\u043e\u043a\u0438\u0439 \u043d\u043e\u0441\u0438\u043a \u0437\u0430\u0431\u0435\u0437\u043f\u0435\u0447\u0443\u0454 \u043f\u043b\u0430\u0432\u043d\u0435 \u043d\u0430\u043b\u0438\u0432\u0430\u043d\u043d\u044f, \u0430 \u0435\u0440\u0433\u043e\u043d\u043e\u043c\u0456\u0447\u043d\u0430 \u0440\u0443\u0447\u043a\u0430 \u0434\u0430\u0454 \u043d\u0430\u0434\u0456\u0439\u043d\u0438\u0439 \u0445\u0432\u0430\u0442.<\/p>\n<p>\u0426\u0435\u0439 \u043f\u043e\u0441\u0443\u0434 \u0447\u0443\u0434\u043e\u0432\u043e \u043f\u043e\u0454\u0434\u043d\u0443\u0454\u0442\u044c\u0441\u044f \u0437 \u0443\u043b\u0443\u043d\u0430\u043c\u0438, \u0447\u0435\u0440\u0432\u043e\u043d\u0438\u043c\u0438 \u0447\u0430\u044f\u043c\u0438 \u0442\u0430 \u043f\u0443\u0435\u0440\u043e\u043c, \u0434\u0435 \u043a\u043e\u043d\u0442\u0440\u043e\u043b\u044c \u043d\u0430\u0441\u0442\u043e\u044e \u043c\u0430\u0454 \u043a\u043b\u044e\u0447\u043e\u0432\u0435 \u0437\u043d\u0430\u0447\u0435\u043d\u043d\u044f. \u042f\u043a\u0449\u043e \u0432\u0438 \u0445\u043e\u0447\u0435\u0442\u0435 \u043a\u0443\u043f\u0438\u0442\u0438 \u0447\u0430\u0445\u0430\u0439 \u0437 \u0456\u0441\u0438\u043d\u0441\u044c\u043a\u043e\u0457 \u0433\u043b\u0438\u043d\u0438 \u0443 \u0412\u0430\u0440\u0448\u0430\u0432\u0456 \u0430\u0431\u043e \u0432 \u041f\u043e\u043b\u044c\u0449\u0456, \u043c\u0430\u0433\u0430\u0437\u0438\u043d \u043a\u0438\u0442\u0430\u0439\u0441\u044c\u043a\u043e\u0433\u043e \u0447\u0430\u044e TEA EYE \u043f\u0440\u043e\u043f\u043e\u043d\u0443\u0454 \u0440\u0435\u0442\u0435\u043b\u044c\u043d\u043e \u043f\u0456\u0434\u0456\u0431\u0440\u0430\u043d\u0456 \u0430\u043a\u0441\u0435\u0441\u0443\u0430\u0440\u0438 \u044f\u043a \u0434\u043b\u044f \u043f\u043e\u0447\u0430\u0442\u043a\u0456\u0432\u0446\u0456\u0432, \u0442\u0430\u043a \u0456 \u0434\u043b\u044f \u0434\u043e\u0441\u0432\u0456\u0434\u0447\u0435\u043d\u0438\u0445 \u043f\u043e\u0446\u0456\u043d\u043e\u0432\u0443\u0432\u0430\u0447\u0456\u0432.<\/p>\n<p>\u0427\u0430\u0445\u0430\u0439 \u00ab\u0413\u0456\u0440\u0441\u044c\u043a\u0438\u0439 \u0425\u0440\u0430\u043c\u00bb 325 \u043c\u043b \u2014 \u0446\u0435 \u0432\u0438\u0431\u0456\u0440 \u0434\u043b\u044f \u0442\u0438\u0445, \u0445\u0442\u043e \u0446\u0456\u043d\u0443\u0454 \u043d\u0435 \u043b\u0438\u0448\u0435 \u0444\u0443\u043d\u043a\u0446\u0456\u043e\u043d\u0430\u043b\u044c\u043d\u0456\u0441\u0442\u044c, \u0430 \u0439 \u0430\u0442\u043c\u043e\u0441\u0444\u0435\u0440\u0443 \u0442\u0430 \u0435\u0441\u0442\u0435\u0442\u0438\u043a\u0443 \u2014 \u043f\u043e\u0441\u0443\u0434, \u044f\u043a\u0438\u0439 \u0441\u0442\u0432\u043e\u0440\u044e\u0454 \u043d\u0430\u0441\u0442\u0440\u0456\u0439 \u043a\u043e\u0436\u043d\u043e\u0457 \u0447\u0430\u0439\u043d\u043e\u0457 \u0441\u0435\u0441\u0456\u0457.<\/p>","protected":false},"excerpt":{"rendered":"<p>\u0427\u0430\u0445\u0430\u0439 \u00ab\u0413\u0456\u0440\u0441\u044c\u043a\u0438\u0439 \u0425\u0440\u0430\u043c\u00bb 325 \u043c\u043b, \u0432\u0438\u0433\u043e\u0442\u043e\u0432\u043b\u0435\u043d\u0438\u0439 \u0437 \u0456\u0441\u0438\u043d\u0441\u044c\u043a\u043e\u0457 \u0433\u043b\u0438\u043d\u0438, \u0432\u0438\u0440\u0456\u0437\u043d\u044f\u0454\u0442\u044c\u0441\u044f \u0433\u043b\u0438\u0431\u043e\u043a\u0438\u043c \u0442\u0435\u043c\u043d\u0438\u043c \u043f\u043e\u043a\u0440\u0438\u0442\u0442\u044f\u043c \u0456 \u0442\u043e\u043d\u043a\u0438\u043c \u0433\u0456\u0440\u0441\u044c\u043a\u0438\u043c \u043f\u0435\u0439\u0437\u0430\u0436\u0435\u043c. \u0427\u0430\u0445\u0430\u0439 \u043f\u043e\u0454\u0434\u043d\u0443\u0454 \u0442\u0440\u0430\u0434\u0438\u0446\u0456\u0439\u043d\u0438\u0439 \u0445\u0430\u0440\u0430\u043a\u0442\u0435\u0440 \u0456\u0437 \u0441\u0443\u0447\u0430\u0441\u043d\u043e\u044e \u0444\u0443\u043d\u043a\u0446\u0456\u043e\u043d\u0430\u043b\u044c\u043d\u0456\u0441\u0442\u044e, \u0437\u0430\u0431\u0435\u0437\u043f\u0435\u0447\u0443\u044e\u0447\u0438 \u0440\u0456\u0432\u043d\u043e\u043c\u0456\u0440\u043d\u0435 \u0440\u043e\u0437\u043b\u0438\u0432\u0430\u043d\u043d\u044f \u043d\u0430\u0441\u0442\u043e\u044e. \u0406\u0434\u0435\u0430\u043b\u044c\u043d\u0438\u0439 \u0432\u0438\u0431\u0456\u0440 \u0434\u043b\u044f \u043f\u043e\u0446\u0456\u043d\u043e\u0432\u0443\u0432\u0430\u0447\u0456\u0432 \u0433\u0443\u043d\u0444\u0443 \u0447\u0430 \u0442\u0430 \u0435\u0441\u0442\u0435\u0442\u0438\u043a\u0438, \u043d\u0430\u0442\u0445\u043d\u0435\u043d\u043d\u043e\u0457 \u043f\u0440\u0438\u0440\u043e\u0434\u043e\u044e.<\/p>","protected":false},"featured_media":18523,"comment_status":"open","ping_status":"closed","template":"","meta":[],"product_cat":[129,137,130],"product_tag":[],"class_list":{"0":"post-18520","1":"product","2":"type-product","3":"status-publish","4":"has-post-thumbnail","6":"product_cat-akcesoria","7":"product_cat-chahai","8":"product_cat-naczynia","10":"first","11":"instock","12":"shipping-taxable","13":"purchasable","14":"product-type-simple"},"aioseo_notices":[],"_links":{"self":[{"href":"https:\/\/teaeye.pl\/uk\/wp-json\/wp\/v2\/product\/18520","targetHints":{"allow":["GET"]}}],"collection":[{"href":"https:\/\/teaeye.pl\/uk\/wp-json\/wp\/v2\/product"}],"about":[{"href":"https:\/\/teaeye.pl\/uk\/wp-json\/wp\/v2\/types\/product"}],"replies":[{"embeddable":true,"href":"https:\/\/teaeye.pl\/uk\/wp-json\/wp\/v2\/comments?post=18520"}],"version-history":[{"count":1,"href":"https:\/\/teaeye.pl\/uk\/wp-json\/wp\/v2\/product\/18520\/revisions"}],"predecessor-version":[{"id":18525,"href":"https:\/\/teaeye.pl\/uk\/wp-json\/wp\/v2\/product\/18520\/revisions\/18525"}],"wp:featuredmedia":[{"embeddable":true,"href":"https:\/\/teaeye.pl\/uk\/wp-json\/wp\/v2\/media\/18523"}],"wp:attachment":[{"href":"https:\/\/teaeye.pl\/uk\/wp-json\/wp\/v2\/media?parent=18520"}],"wp:term":[{"taxonomy":"product_cat","embeddable":true,"href":"https:\/\/teaeye.pl\/uk\/wp-json\/wp\/v2\/product_cat?post=18520"},{"taxonomy":"product_tag","embeddable":true,"href":"https:\/\/teaeye.pl\/uk\/wp-json\/wp\/v2\/product_tag?post=18520"}],"curies":[{"name":"wp","href":"https:\/\/api.w.org\/{rel}","templated":true}]}}