{"id":18727,"date":"2026-04-16T23:00:16","date_gmt":"2026-04-16T23:00:16","guid":{"rendered":"https:\/\/teaeye.pl\/?post_type=product&#038;p=18727"},"modified":"2026-04-16T23:00:16","modified_gmt":"2026-04-16T23:00:16","slug":"czarka-gleboka-woda-50-ml","status":"publish","type":"product","link":"https:\/\/teaeye.pl\/uk\/product\/czarka-gleboka-woda-50-ml\/","title":{"rendered":"Czarka \u201eG\u0142\u0119boka woda\u201d 50 ml"},"content":{"rendered":"<h1>Czarka \u201eG\u0142\u0119boka woda\u201d 50 ml \u2013 ceramiczna pi\u0142a do gongfu cha<\/h1>\n<p>Czarka \u201eG\u0142\u0119boka woda\u201d o pojemno\u015bci 50 ml to wyj\u0105tkowa ceramiczna pi\u0142a inspirowana spokojem i g\u0142\u0119bi\u0105 natury. Jej kolorystyka \u2013 przej\u015bcia mi\u0119dzy ciemnym granatem, turkusem i czerni\u0105 \u2013 przypomina tafl\u0119 wody, kt\u00f3ra zmienia si\u0119 wraz ze \u015bwiat\u0142em.<\/p>\n<p>To naczynie stworzone do uwa\u017cnego picia herbaty. Ma\u0142a obj\u0119to\u015b\u0107 pozwala skupi\u0107 si\u0119 na ka\u017cdym \u0142yku, doceni\u0107 aromat i subtelne niuanse naparu.<\/p>\n<p><a href=\"https:\/\/teaeye.pl\/wp-content\/uploads\/2026\/04\/IMG_2174.jpg\"><img fetchpriority=\"high\" decoding=\"async\" class=\"alignnone  wp-image-18729\" src=\"https:\/\/teaeye.pl\/wp-content\/uploads\/2026\/04\/IMG_2174-300x219.jpg\" alt=\"Czarka \u201eG\u0142\u0119boka woda\u201d 50 ml\" width=\"553\" height=\"404\" srcset=\"https:\/\/teaeye.pl\/wp-content\/uploads\/2026\/04\/IMG_2174-300x219.jpg 300w, https:\/\/teaeye.pl\/wp-content\/uploads\/2026\/04\/IMG_2174-1024x748.jpg 1024w, https:\/\/teaeye.pl\/wp-content\/uploads\/2026\/04\/IMG_2174-768x561.jpg 768w, https:\/\/teaeye.pl\/wp-content\/uploads\/2026\/04\/IMG_2174-1536x1123.jpg 1536w, https:\/\/teaeye.pl\/wp-content\/uploads\/2026\/04\/IMG_2174-2048x1497.jpg 2048w, https:\/\/teaeye.pl\/wp-content\/uploads\/2026\/04\/IMG_2174-16x12.jpg 16w, https:\/\/teaeye.pl\/wp-content\/uploads\/2026\/04\/IMG_2174-600x439.jpg 600w, https:\/\/teaeye.pl\/wp-content\/uploads\/2026\/04\/IMG_2174-850x621.jpg 850w\" sizes=\"(max-width: 553px) 100vw, 553px\" \/><\/a><\/p>\n<h2>Estetyka i koncentracja<\/h2>\n<p>Forma czarki sprzyja komfortowemu trzymaniu w d\u0142oniach, a delikatnie rozszerzaj\u0105cy si\u0119 rant podkre\u015bla aromat herbaty. To idealny wyb\u00f3r do codziennych sesji gongfu cha oraz chwil wyciszenia.<\/p>\n<p>Ka\u017cda czarka posiada unikalny rysunek szkliwa, dzi\u0119ki czemu nie ma dw\u00f3ch identycznych egzemplarzy \u2013 ka\u017cda jest ma\u0142ym dzie\u0142em rzemios\u0142a.<\/p>\n<h2>Ceramiczna czarka do herbaty \u2013 praktyczno\u015b\u0107 i styl<\/h2>\n<p>Ceramika dobrze utrzymuje temperatur\u0119 naparu, co pozwala d\u0142u\u017cej cieszy\u0107 si\u0119 ciep\u0142em herbaty. Jednocze\u015bnie materia\u0142 jest przyjemny w dotyku i naturalnie wpisuje si\u0119 w klimat tradycyjnych ceremonii herbacianych.<\/p>\n<p>Je\u015bli chcesz kupi\u0107 czarki do herbaty w Warszawie, sprawd\u017a ofert\u0119 naszego sklepu z chi\u0144sk\u0105 herbat\u0105 w Polsce. Zobacz tak\u017ce <a href=\"https:\/\/teaeye.pl\/uk\/product-category\/akcesoria\/naczynia\/czarki\/\">pi\u0142y<\/a> \u0442\u0430 <a href=\"https:\/\/teaeye.pl\/uk\/product-category\/akcesoria\/naczynia\/zestawy-do-parzenia\/\">\u043d\u0430\u0431\u043e\u0440\u0438 \u0434\u043b\u044f \u0437\u0430\u0432\u0430\u0440\u044e\u0432\u0430\u043d\u043d\u044f<\/a>. Wi\u0119cej o stylu parzenia przeczytasz tutaj: <a href=\"https:\/\/en.wikipedia.org\/wiki\/Gongfu_tea\" target=\"_blank\" rel=\"noopener\">gongfu tea<\/a>.<\/p>","protected":false},"excerpt":{"rendered":"<p data-start=\"249\" data-end=\"396\">Czarka \u201eG\u0142\u0119boka woda\u201d 50 ml to niewielka ceramiczna pi\u0142a, kt\u00f3ra przyci\u0105ga spojrzenie swoj\u0105 g\u0142\u0119bok\u0105, przechodz\u0105c\u0105 kolorystyk\u0105 przypominaj\u0105c\u0105 wod\u0119.<\/p>\n<p data-start=\"398\" data-end=\"550\">Idealna do gongfu cha \u2013 pozwala skupi\u0107 si\u0119 na smaku, aromacie i chwili. Ka\u017cda sesja herbaciana z t\u0105 czark\u0105 nabiera spokojnego, medytacyjnego charakteru.<\/p>","protected":false},"featured_media":18728,"comment_status":"open","ping_status":"closed","template":"","meta":[],"product_cat":[129,138,130],"product_tag":[],"class_list":{"0":"post-18727","1":"product","2":"type-product","3":"status-publish","4":"has-post-thumbnail","6":"product_cat-akcesoria","7":"product_cat-czarki","8":"product_cat-naczynia","10":"first","11":"instock","12":"shipping-taxable","13":"purchasable","14":"product-type-simple"},"aioseo_notices":[],"_links":{"self":[{"href":"https:\/\/teaeye.pl\/uk\/wp-json\/wp\/v2\/product\/18727","targetHints":{"allow":["GET"]}}],"collection":[{"href":"https:\/\/teaeye.pl\/uk\/wp-json\/wp\/v2\/product"}],"about":[{"href":"https:\/\/teaeye.pl\/uk\/wp-json\/wp\/v2\/types\/product"}],"replies":[{"embeddable":true,"href":"https:\/\/teaeye.pl\/uk\/wp-json\/wp\/v2\/comments?post=18727"}],"version-history":[{"count":1,"href":"https:\/\/teaeye.pl\/uk\/wp-json\/wp\/v2\/product\/18727\/revisions"}],"predecessor-version":[{"id":18730,"href":"https:\/\/teaeye.pl\/uk\/wp-json\/wp\/v2\/product\/18727\/revisions\/18730"}],"wp:featuredmedia":[{"embeddable":true,"href":"https:\/\/teaeye.pl\/uk\/wp-json\/wp\/v2\/media\/18728"}],"wp:attachment":[{"href":"https:\/\/teaeye.pl\/uk\/wp-json\/wp\/v2\/media?parent=18727"}],"wp:term":[{"taxonomy":"product_cat","embeddable":true,"href":"https:\/\/teaeye.pl\/uk\/wp-json\/wp\/v2\/product_cat?post=18727"},{"taxonomy":"product_tag","embeddable":true,"href":"https:\/\/teaeye.pl\/uk\/wp-json\/wp\/v2\/product_tag?post=18727"}],"curies":[{"name":"wp","href":"https:\/\/api.w.org\/{rel}","templated":true}]}}