{"id":7999,"date":"2024-06-30T07:25:03","date_gmt":"2024-06-30T07:25:03","guid":{"rendered":"https:\/\/teaeye.pl\/?post_type=product&#038;p=7999"},"modified":"2025-09-16T15:51:44","modified_gmt":"2025-09-16T15:51:44","slug":"gong-mei","status":"publish","type":"product","link":"https:\/\/teaeye.pl\/uk\/product\/gong-mei\/","title":{"rendered":"Gong Mei"},"content":{"rendered":"<p>\u201cGong Mei\u201d ma \u015bwie\u017cy, kwiatowy aromat z lekkimi nutami owocowymi. Smak jest mi\u0119kki, s\u0142odki, z lekkimi nutami miodu i d\u0142ugim, delikatnym posmakiem.<\/p>\n<p>Do parzenia nale\u017cy u\u017cywa\u0107 gor\u0105cej wody 80\u00b0C. Proporcja wynosi 5-6 gram\u00f3w na 200 mililitr\u00f3w wody. Pierwsze parzenie trwa 20 sekund, po czym czas parzenia mo\u017cna stopniowo wyd\u0142u\u017ca\u0107 do 2-3 minut. Mo\u017cna parzy\u0107 5-6 razy.<\/p>","protected":false},"excerpt":{"rendered":"<p>Gong Mei to bia\u0142a chi\u0144ska herbata, kt\u00f3ra stanowi nieco wy\u017csz\u0105 jako\u015b\u0107 znanej herbaty Shou Mei. Charakteryzuje si\u0119 \u015bwie\u017cym, kwiatowym aromatem z delikatnymi owocowymi nutami, co tworzy og\u00f3lne wra\u017cenie lekko\u015bci i wyszukania.<\/p>\n<p>Smak herbaty jest mi\u0119kki i s\u0142odki, z subtelnymi akcentami miodu, co nadaje jej wyj\u0105tkowego uroku. D\u0142ugie i delikatne posmak pozostawia przyjemne wra\u017cenie, zach\u0119caj\u0105c do ponownego delektowania si\u0119 ni\u0105.<\/p>\n<p><strong>\u0414\u0456\u044f: <\/strong>Gong Mei nie tylko cieszy swoim smakiem, ale r\u00f3wnie\u017c ma korzystny wp\u0142yw na organizm. Herbata ma dzia\u0142anie uspokajaj\u0105ce i relaksuj\u0105ce, co pomaga zredukowa\u0107 napi\u0119cie i stres po d\u0142ugim dniu. Jednocze\u015bnie delikatnie podnosi og\u00f3lny tonus organizmu, dodaj\u0105c si\u0142 i energii.<\/p>\n<p>Ta herbata idealnie nadaje si\u0119 na poranne parzenie, gdy potrzebujesz rozpocz\u0105\u0107 dzie\u0144 z werw\u0105, lub na wieczorn\u0105 chwil\u0119 relaksu, aby stworzy\u0107 atmosfer\u0119 spokoju i przytulno\u015bci. Delektuj si\u0119 Gong Mei, pozwalaj\u0105c jej aromatom i smakom otuli\u0107 ci\u0119 ciep\u0142em i harmoni\u0105.<\/p>","protected":false},"featured_media":10183,"comment_status":"open","ping_status":"closed","template":"","meta":[],"product_cat":[118,145],"product_tag":[],"class_list":{"0":"post-7999","1":"product","2":"type-product","3":"status-publish","4":"has-post-thumbnail","6":"product_cat-biala-herbata","7":"product_cat-znizki","9":"first","10":"outofstock","11":"sale","12":"shipping-taxable","13":"purchasable","14":"product-type-variable","15":"has-default-attributes"},"aioseo_notices":[],"_links":{"self":[{"href":"https:\/\/teaeye.pl\/uk\/wp-json\/wp\/v2\/product\/7999","targetHints":{"allow":["GET"]}}],"collection":[{"href":"https:\/\/teaeye.pl\/uk\/wp-json\/wp\/v2\/product"}],"about":[{"href":"https:\/\/teaeye.pl\/uk\/wp-json\/wp\/v2\/types\/product"}],"replies":[{"embeddable":true,"href":"https:\/\/teaeye.pl\/uk\/wp-json\/wp\/v2\/comments?post=7999"}],"version-history":[{"count":3,"href":"https:\/\/teaeye.pl\/uk\/wp-json\/wp\/v2\/product\/7999\/revisions"}],"predecessor-version":[{"id":10189,"href":"https:\/\/teaeye.pl\/uk\/wp-json\/wp\/v2\/product\/7999\/revisions\/10189"}],"wp:featuredmedia":[{"embeddable":true,"href":"https:\/\/teaeye.pl\/uk\/wp-json\/wp\/v2\/media\/10183"}],"wp:attachment":[{"href":"https:\/\/teaeye.pl\/uk\/wp-json\/wp\/v2\/media?parent=7999"}],"wp:term":[{"taxonomy":"product_cat","embeddable":true,"href":"https:\/\/teaeye.pl\/uk\/wp-json\/wp\/v2\/product_cat?post=7999"},{"taxonomy":"product_tag","embeddable":true,"href":"https:\/\/teaeye.pl\/uk\/wp-json\/wp\/v2\/product_tag?post=7999"}],"curies":[{"name":"wp","href":"https:\/\/api.w.org\/{rel}","templated":true}]}}